{"id":3227,"date":"2025-11-03T09:21:41","date_gmt":"2025-11-03T09:21:41","guid":{"rendered":"https:\/\/mountlaser.com\/?post_type=product&#038;p=3227"},"modified":"2025-11-28T03:00:58","modified_gmt":"2025-11-28T03:00:58","slug":"pfa1-series-aluminum-tripod","status":"publish","type":"product","link":"https:\/\/mountlaser.com\/vi\/san-pham\/pfa1-series-aluminum-tripod\/","title":{"rendered":"Ch\u00e2n m\u00e1y \u1ea3nh b\u1eb1ng nh\u00f4m d\u00f2ng PFA1"},"content":{"rendered":"<p><a href=\"https:\/\/mountlaser.com\/vi\/\"><strong>Ch\u00e2n m\u00e1y \u1ea3nh b\u1eb1ng nh\u00f4m d\u00f2ng PFA1<\/strong><\/a>, \u0110\u00e2y l\u00e0 n\u1ec1n t\u1ea3ng v\u1eefng ch\u1eafc v\u00e0 \u0111\u00e1ng tin c\u1eady cho c\u00e1c d\u1ee5ng c\u1ee5 \u0111o \u0111\u1ea1c ch\u00ednh x\u00e1c c\u1ee7a b\u1ea1n. \u0110\u01b0\u1ee3c thi\u1ebft k\u1ebf d\u00e0nh cho c\u00e1c chuy\u00ean gia \u0111\u00f2i h\u1ecfi s\u1ef1 ho\u00e0n h\u1ea3o, ch\u00e2n m\u00e1y nh\u00f4m \u1ed1ng v\u00e0ng ki\u1ec3u Sok n\u00e0y c\u00f3 hai lo\u1ea1i \u0111\u1ea7u \u0111a n\u0103ng\u2014\u0111\u1ea7u ph\u1eb3ng v\u00e0 \u0111\u1ea7u v\u00f2m\u2014\u0111\u1ec3 \u0111\u1ea3m b\u1ea3o kh\u1ea3 n\u0103ng t\u01b0\u01a1ng th\u00edch v\u00e0 thi\u1ebft l\u1eadp t\u1ed1i \u01b0u cho nhi\u1ec1u \u1ee9ng d\u1ee5ng kh\u00e1c nhau.<\/p>\n<p><img fetchpriority=\"high\" decoding=\"async\" class=\"aligncenter wp-image-3234\" src=\"https:\/\/mountlaser.com\/wp-content\/uploads\/2025\/11\/PFA1-FCT7.webp\" alt=\"Sok Style Golden Tube Aluminum Tripod\" width=\"500\" height=\"500\" srcset=\"https:\/\/mountlaser.com\/wp-content\/uploads\/2025\/11\/PFA1-FCT7.webp 1000w, https:\/\/mountlaser.com\/wp-content\/uploads\/2025\/11\/PFA1-FCT7-300x300.webp 300w, https:\/\/mountlaser.com\/wp-content\/uploads\/2025\/11\/PFA1-FCT7-400x400.webp 400w, https:\/\/mountlaser.com\/wp-content\/uploads\/2025\/11\/PFA1-FCT7-800x800.webp 800w, https:\/\/mountlaser.com\/wp-content\/uploads\/2025\/11\/PFA1-FCT7-600x600.webp 600w, https:\/\/mountlaser.com\/wp-content\/uploads\/2025\/11\/PFA1-FCT7-150x150.webp 150w, https:\/\/mountlaser.com\/wp-content\/uploads\/2025\/11\/PFA1-FCT7-768x768.webp 768w, https:\/\/mountlaser.com\/wp-content\/uploads\/2025\/11\/PFA1-FCT7-12x12.webp 12w\" sizes=\"(max-width: 500px) 100vw, 500px\" \/><\/p>\n<p>\u0110i\u1ec3m n\u1ed5i b\u1eadt c\u1ee7a n\u00f3 l\u00e0 c\u1ea5u tr\u00fac ch\u00e2n vu\u00f4ng, mang l\u1ea1i s\u1ef1 \u1ed5n \u0111\u1ecbnh v\u00e0 ch\u1eafc ch\u1eafn h\u01a1n tr\u00ean m\u1ecdi \u0111\u1ecba h\u00ecnh. \u0110\u01b0\u1ee3c ch\u1ebf t\u1ea1o v\u1edbi thi\u1ebft k\u1ebf ch\u1eafc ch\u1eafn t\u1eeb h\u1ee3p kim nh\u00f4m cao c\u1ea5p, ch\u00e2n \u0111\u1ebf ba ch\u00e2n m\u1edf r\u1ed9ng b\u1eb1ng nh\u00f4m PFA1 n\u00e0y c\u00f3 th\u1ec3 ch\u1ecbu \u0111\u01b0\u1ee3c m\u1ecdi \u0111i\u1ec1u ki\u1ec7n kh\u1eafc nghi\u1ec7t ngo\u00e0i tr\u1eddi \u0111\u1ed3ng th\u1eddi c\u00f3 kh\u1ea3 n\u0103ng ch\u1ed1ng va \u0111\u1eadp tuy\u1ec7t v\u1eddi. Bu l\u00f4ng kh\u1edbp n\u1ed1i b\u1eb1ng \u0111\u1ed3ng thau 5\/8\u2033-11 t\u00edch h\u1ee3p gi\u00fap n\u00f3 t\u01b0\u01a1ng th\u00edch v\u1edbi nhi\u1ec1u lo\u1ea1i d\u1ee5ng c\u1ee5, bao g\u1ed3m c\u1ea3 m\u00e1y to\u00e0n \u0111\u1ea1c. \u0110\u1ed1i v\u1edbi c\u00e1c chuy\u00ean gia \u0111ang t\u00ecm ki\u1ebfm s\u1ef1 k\u1ebft h\u1ee3p ho\u00e0n h\u1ea3o gi\u1eefa \u0111\u1ed9 b\u1ec1n truy\u1ec1n th\u1ed1ng v\u00e0 hi\u1ec7u su\u1ea5t hi\u1ec7n \u0111\u1ea1i, \u0111\u00e2y l\u00e0 l\u1ef1a ch\u1ecdn l\u00fd t\u01b0\u1edfng. <a href=\"https:\/\/mountlaser.com\/vi\/products\/\"><strong>Ch\u00e2n m\u00e1y \u1ea3nh Sok Style Golden Tube b\u1eb1ng nh\u00f4m<\/strong><\/a> \u0110\u00e2y l\u00e0 s\u1ef1 l\u1ef1a ch\u1ecdn t\u1ed1i \u01b0u.<\/p>\n<p>H\u00e3y tin t\u01b0\u1edfng v\u00e0o ch\u00e2n \u0111\u1ebf m\u1edf r\u1ed9ng b\u1eb1ng nh\u00f4m PFA1 \u0111\u1ec3 c\u00f3 \u0111\u01b0\u1ee3c s\u1ef1 h\u1ed7 tr\u1ee3 v\u1eefng ch\u1eafc trong m\u1ecdi nhi\u1ec7m v\u1ee5 kh\u1ea3o s\u00e1t c\u1ee7a b\u1ea1n.<\/p>\n<p>&nbsp;<\/p>\n<p><strong>Th\u00f4ng s\u1ed1 k\u1ef9 thu\u1eadt ch\u00e2n m\u00e1y nh\u00f4m d\u00f2ng PFA1<\/strong><\/p>\n<table style=\"border-collapse: collapse; width: 622.52pt;\" border=\"0\" width=\"830\" cellspacing=\"0\" cellpadding=\"0\">\n<tbody>\n<tr style=\"height: 14.25pt;\">\n<td class=\"et2\" style=\"height: 14.25pt; width: 94.50pt;\" width=\"126\" height=\"19\">CON S\u1ed0<\/td>\n<td class=\"et2\" style=\"width: 97.50pt;\" width=\"130\">CH\u00c2N<\/td>\n<td class=\"et2\" style=\"width: 90.75pt;\" width=\"121\">C\u00c1I \u0110\u1ea6U<\/td>\n<td class=\"et2\" style=\"width: 100.50pt;\" width=\"134\">LO\u1ea0I KH\u00d3A<\/td>\n<td class=\"et2\" style=\"width: 99.00pt;\" width=\"132\">PH\u1ea6N C\u1ee8NG<\/td>\n<td class=\"et2\" style=\"width: 86.25pt;\" width=\"115\">S\u1ef0 M\u1ede R\u1ed8NG<\/td>\n<td class=\"et2\" style=\"width: 54.00pt;\" width=\"72\">T\u00e2y B\u1eafc<\/td>\n<\/tr>\n<tr style=\"height: 14.25pt;\">\n<td class=\"et2\" style=\"height: 14.25pt;\" height=\"19\">PFA1- FCT<\/td>\n<td class=\"et2\">Nh\u00f4m<\/td>\n<td class=\"et2\">M\u1eb7t ph\u1eb3ng 160mm<\/td>\n<td class=\"et2\">K\u1eb9p xo\u1eafn<\/td>\n<td class=\"et2\">X\u00e1m<\/td>\n<td class=\"et2\">165cm<\/td>\n<td class=\"et2\">3,4 kg<\/td>\n<\/tr>\n<tr style=\"height: 14.25pt;\">\n<td class=\"et2\" style=\"height: 14.25pt;\" height=\"19\">PFA1- DCT<\/td>\n<td class=\"et2\">Nh\u00f4m<\/td>\n<td class=\"et2\">M\u00e1i v\u00f2m 160mm<\/td>\n<td class=\"et2\">K\u1eb9p xo\u1eafn<\/td>\n<td class=\"et2\">X\u00e1m<\/td>\n<td class=\"et2\">165cm<\/td>\n<td class=\"et2\">3,4 kg<\/td>\n<\/tr>\n<\/tbody>\n<\/table>","protected":false},"excerpt":{"rendered":"<ul>\n<li>Cung c\u1ea5p m\u1ed9t n\u1ec1n t\u1ea3ng \u1ed5n \u0111\u1ecbnh v\u00e0 v\u1eefng ch\u1eafc cho c\u00e1c d\u1ee5ng c\u1ee5 \u0111o \u0111\u1ea1c nh\u01b0 m\u00e1y to\u00e0n \u0111\u1ea1c \u0111i\u1ec7n t\u1eed nh\u1edd c\u1ea5u tr\u00fac ch\u00e2n vu\u00f4ng.<\/li>\n<li>Nh\u1edd c\u1ea5u t\u1ea1o t\u1eeb h\u1ee3p kim nh\u00f4m ch\u1ecbu l\u1ef1c cao, s\u1ea3n ph\u1ea9m mang l\u1ea1i kh\u1ea3 n\u0103ng ch\u1ed1ng va \u0111\u1eadp v\u00e0 \u0111\u1ed9 b\u1ec1n v\u01b0\u1ee3t tr\u1ed9i trong \u0111i\u1ec1u ki\u1ec7n kh\u1eafc nghi\u1ec7t ngo\u00e0i tr\u1eddi.<\/li>\n<li>\u0110\u1ec3 \u0111\u1ea3m b\u1ea3o kh\u1ea3 n\u0103ng t\u01b0\u01a1ng th\u00edch r\u1ed9ng r\u00e3i v\u1edbi nhi\u1ec1u lo\u1ea1i thi\u1ebft b\u1ecb kh\u00e1c nhau th\u00f4ng qua bu l\u00f4ng c\u00e0ng b\u1eb1ng \u0111\u1ed3ng thau ti\u00eau chu\u1ea9n 5\/8\u2033-11.<\/li>\n<\/ul>","protected":false},"featured_media":3230,"comment_status":"open","ping_status":"closed","template":"","meta":[],"product_brand":[],"product_cat":[91,111],"product_tag":[],"class_list":{"0":"post-3227","1":"product","2":"type-product","3":"status-publish","4":"has-post-thumbnail","6":"product_cat-bipod-tripod","7":"product_cat-aluminum-surveying-tripod","9":"first","10":"instock","11":"shipping-taxable","12":"product-type-simple"},"_links":{"self":[{"href":"https:\/\/mountlaser.com\/vi\/wp-json\/wp\/v2\/product\/3227","targetHints":{"allow":["GET"]}}],"collection":[{"href":"https:\/\/mountlaser.com\/vi\/wp-json\/wp\/v2\/product"}],"about":[{"href":"https:\/\/mountlaser.com\/vi\/wp-json\/wp\/v2\/types\/product"}],"replies":[{"embeddable":true,"href":"https:\/\/mountlaser.com\/vi\/wp-json\/wp\/v2\/comments?post=3227"}],"wp:featuredmedia":[{"embeddable":true,"href":"https:\/\/mountlaser.com\/vi\/wp-json\/wp\/v2\/media\/3230"}],"wp:attachment":[{"href":"https:\/\/mountlaser.com\/vi\/wp-json\/wp\/v2\/media?parent=3227"}],"wp:term":[{"taxonomy":"product_brand","embeddable":true,"href":"https:\/\/mountlaser.com\/vi\/wp-json\/wp\/v2\/product_brand?post=3227"},{"taxonomy":"product_cat","embeddable":true,"href":"https:\/\/mountlaser.com\/vi\/wp-json\/wp\/v2\/product_cat?post=3227"},{"taxonomy":"product_tag","embeddable":true,"href":"https:\/\/mountlaser.com\/vi\/wp-json\/wp\/v2\/product_tag?post=3227"}],"curies":[{"name":"trang web","href":"https:\/\/api.w.org\/{rel}","templated":true}]}}