{"id":3218,"date":"2025-11-03T09:09:42","date_gmt":"2025-11-03T09:09:42","guid":{"rendered":"https:\/\/mountlaser.com\/?post_type=product&#038;p=3218"},"modified":"2025-11-28T03:04:21","modified_gmt":"2025-11-28T03:04:21","slug":"premium-t-series-heavy-duty-aluminum-tripod","status":"publish","type":"product","link":"https:\/\/mountlaser.com\/vi\/san-pham\/premium-t-series-heavy-duty-aluminum-tripod\/","title":{"rendered":"Ch\u00e2n m\u00e1y \u1ea3nh cao c\u1ea5p d\u00f2ng T Series b\u1eb1ng nh\u00f4m ch\u1ecbu l\u1ef1c cao."},"content":{"rendered":"<p>D\u00f2ng T cao c\u1ea5p <a href=\"https:\/\/mountlaser.com\/vi\/\"><strong>Ch\u00e2n m\u00e1y \u1ea3nh STA30 b\u1eb1ng nh\u00f4m ch\u1ecbu l\u1ef1c cao<\/strong><\/a>, \u0110\u00e2y l\u00e0 ch\u00e2n m\u00e1y \u0111o \u0111\u1ea1c b\u1eb1ng nh\u00f4m cao c\u1ea5p, ch\u1ecbu t\u1ea3i n\u1eb7ng, \u0111\u01b0\u1ee3c ch\u1ebf t\u1ea1o \u0111\u1ec3 \u0111\u1ea1t \u0111\u1ed9 ch\u00ednh x\u00e1c v\u00e0 \u0111\u1ed9 b\u1ec1n cao. Ch\u00e2n m\u00e1y \u0111o \u0111\u1ea1c b\u1eb1ng nh\u00f4m ch\u1eafc ch\u1eafn n\u00e0y c\u00f3 ba lo\u1ea1i \u0111\u1ea7u \u2013 \u0111\u1ea7u ph\u1eb3ng, \u0111\u1ea7u v\u00f2m v\u00e0 \u0111\u1ea7u tr\u00f2n l\u1edbn \u2013 \u0111\u1ec3 ph\u00f9 h\u1ee3p ho\u00e0n h\u1ea3o v\u1edbi thi\u1ebft b\u1ecb c\u1ee7a b\u1ea1n, l\u00fd t\u01b0\u1edfng \u0111\u1ec3 s\u1eed d\u1ee5ng v\u1edbi m\u00e1y to\u00e0n \u0111\u1ea1c \u0111i\u1ec7n t\u1eed.<\/p>\n<p>\u0110\u01b0\u1ee3c thi\u1ebft k\u1ebf v\u1edbi ki\u1ec3u ch\u00e2n \u0111\u1ebf \u0111\u1ed9c \u0111\u00e1o v\u00e0 c\u1ea5u tr\u00fac ch\u00e2n vu\u00f4ng v\u1ee9c, s\u1ea3n ph\u1ea9m mang l\u1ea1i s\u1ef1 \u1ed5n \u0111\u1ecbnh v\u01b0\u1ee3t tr\u1ed9i tr\u00ean m\u1ecdi \u0111\u1ecba h\u00ecnh. C\u01a1 ch\u1ebf kh\u00f3a nhanh ti\u00ean ti\u1ebfn gi\u00fap gi\u1ea3m thi\u1ec3u l\u1ef1c t\u00e1c \u0111\u1ed9ng khi v\u1eadn h\u00e0nh v\u00e0 \u0111\u1ea3m b\u1ea3o \u0111\u1ed9 b\u1ec1n l\u00e2u d\u00e0i. \u0110\u01b0\u1ee3c ch\u1ebf t\u1ea1o t\u1eeb h\u1ee3p kim nh\u00f4m c\u01b0\u1eddng \u0111\u1ed9 cao, ch\u00e2n \u0111\u1ebf \u0111o \u0111\u1ea1c b\u1eb1ng nh\u00f4m ch\u1ecbu l\u1ef1c cao n\u00e0y c\u00f3 kh\u1ea3 n\u0103ng ch\u1ed1ng va \u0111\u1eadp tuy\u1ec7t v\u1eddi.<\/p>\n<p><img fetchpriority=\"high\" decoding=\"async\" class=\"aligncenter wp-image-3221\" src=\"https:\/\/mountlaser.com\/wp-content\/uploads\/2025\/11\/STA30-DCD2.webp\" alt=\"Square Leg Surveying Aluminum Tripod\" width=\"500\" height=\"500\" srcset=\"https:\/\/mountlaser.com\/wp-content\/uploads\/2025\/11\/STA30-DCD2.webp 1000w, https:\/\/mountlaser.com\/wp-content\/uploads\/2025\/11\/STA30-DCD2-300x300.webp 300w, https:\/\/mountlaser.com\/wp-content\/uploads\/2025\/11\/STA30-DCD2-400x400.webp 400w, https:\/\/mountlaser.com\/wp-content\/uploads\/2025\/11\/STA30-DCD2-800x800.webp 800w, https:\/\/mountlaser.com\/wp-content\/uploads\/2025\/11\/STA30-DCD2-600x600.webp 600w, https:\/\/mountlaser.com\/wp-content\/uploads\/2025\/11\/STA30-DCD2-150x150.webp 150w, https:\/\/mountlaser.com\/wp-content\/uploads\/2025\/11\/STA30-DCD2-768x768.webp 768w, https:\/\/mountlaser.com\/wp-content\/uploads\/2025\/11\/STA30-DCD2-12x12.webp 12w\" sizes=\"(max-width: 500px) 100vw, 500px\" \/><br \/>\nS\u1ea3n ph\u1ea9m \u0111\u01b0\u1ee3c trang b\u1ecb c\u01a1 ch\u1ebf t\u1ef1 kh\u00f3a ti\u00eau chu\u1ea9n \u0111\u1ec3 d\u1ec5 d\u00e0ng mang theo v\u00e0 bu l\u00f4ng c\u00e0ng b\u1eb1ng \u0111\u1ed3ng thau 5\/8\u2033-11 cho kh\u1ea3 n\u0103ng t\u01b0\u01a1ng th\u00edch ph\u1ed5 qu\u00e1t. L\u00e0 m\u1ed9t s\u1ea3n ph\u1ea9m \u0111a n\u0103ng <a href=\"https:\/\/mountlaser.com\/vi\/about-us\/\"><strong>Ch\u00e2n \u0111\u1ebf ba ch\u00e2n b\u1eb1ng nh\u00f4m d\u00f9ng trong kh\u1ea3o s\u00e1t.<\/strong><\/a>, Ngo\u00e0i ra, ch\u00fang t\u00f4i c\u0169ng cung c\u1ea5p c\u00e1c m\u00e0u s\u1eafc v\u00e0 chi\u1ec1u cao t\u00f9y ch\u1ec9nh theo y\u00eau c\u1ea7u \u0111\u1ec3 \u0111\u00e1p \u1ee9ng c\u00e1c y\u00eau c\u1ea7u c\u1ee5 th\u1ec3 c\u1ee7a d\u1ef1 \u00e1n c\u1ee7a b\u1ea1n.<\/p>\n<p>&nbsp;<\/p>\n<p><strong>Th\u00f4ng s\u1ed1 k\u1ef9 thu\u1eadt c\u1ee7a ch\u00e2n m\u00e1y \u1ea3nh nh\u00f4m cao c\u1ea5p T Series STA30 ch\u1ecbu l\u1ef1c cao.<\/strong><\/p>\n<table style=\"border-collapse: collapse; width: 622.52pt;\" border=\"0\" width=\"830\" cellspacing=\"0\" cellpadding=\"0\">\n<tbody>\n<tr style=\"height: 14.25pt;\">\n<td class=\"et2\" style=\"height: 14.25pt; width: 94.50pt;\" width=\"126\" height=\"19\">CON S\u1ed0<\/td>\n<td class=\"et2\" style=\"width: 97.50pt;\" width=\"130\">CH\u00c2N<\/td>\n<td class=\"et2\" style=\"width: 90.75pt;\" width=\"121\">C\u00c1I \u0110\u1ea6U<\/td>\n<td class=\"et2\" style=\"width: 100.50pt;\" width=\"134\">LO\u1ea0I KH\u00d3A<\/td>\n<td class=\"et2\" style=\"width: 99.00pt;\" width=\"132\">PH\u1ea6N C\u1ee8NG<\/td>\n<td class=\"et2\" style=\"width: 86.25pt;\" width=\"115\">S\u1ef0 M\u1ede R\u1ed8NG<\/td>\n<td class=\"et2\" style=\"width: 54.00pt;\" width=\"72\">T\u00e2y B\u1eafc<\/td>\n<\/tr>\n<tr style=\"height: 14.25pt;\">\n<td class=\"et2\" style=\"height: 14.25pt;\" height=\"19\">STA30-FCTSYL<\/td>\n<td class=\"et2\">Nh\u00f4m<\/td>\n<td class=\"et2\">M\u1eb7t ph\u1eb3ng 160mm<\/td>\n<td class=\"et2\">K\u1eb9p xo\u1eafn<\/td>\n<td class=\"et2\">M\u00e0u v\u00e0ng<\/td>\n<td class=\"et2\">174cm<\/td>\n<td class=\"et2\">4,5kg<\/td>\n<\/tr>\n<tr style=\"height: 14.25pt;\">\n<td class=\"et2\" style=\"height: 14.25pt;\" height=\"19\">STA30-FCDSYL<\/td>\n<td class=\"et2\">Nh\u00f4m<\/td>\n<td class=\"et2\">M\u1eb7t ph\u1eb3ng 160mm<\/td>\n<td class=\"et2\">K\u1eb9p \u0111\u00f4i<\/td>\n<td class=\"et2\">M\u00e0u v\u00e0ng<\/td>\n<td class=\"et2\">168cm<\/td>\n<td class=\"et2\">5,1kg<\/td>\n<\/tr>\n<\/tbody>\n<\/table>","protected":false},"excerpt":{"rendered":"<ul>\n<li>\u0110\u1ea3m b\u1ea3o thi\u1ebft l\u1eadp nhanh ch\u00f3ng, an to\u00e0n v\u00e0 \u0111i\u1ec1u ch\u1ec9nh \u0111\u1ed9 cao d\u1ec5 d\u00e0ng nh\u1edd c\u01a1 ch\u1ebf kh\u00f3a nhanh ti\u00ean ti\u1ebfn.<\/li>\n<li>Nh\u1edd c\u1ea5u t\u1ea1o b\u1eb1ng h\u1ee3p kim nh\u00f4m ch\u1eafc ch\u1eafn, s\u1ea3n ph\u1ea9m c\u00f3 kh\u1ea3 n\u0103ng ch\u1ecbu \u0111\u01b0\u1ee3c c\u00e1c \u0111i\u1ec1u ki\u1ec7n kh\u1eafc nghi\u1ec7t ngo\u00e0i tr\u1eddi.<\/li>\n<li>Cung c\u1ea5p kh\u1ea3 n\u0103ng t\u01b0\u01a1ng th\u00edch r\u1ed9ng r\u00e3i v\u1edbi nhi\u1ec1u lo\u1ea1i d\u1ee5ng c\u1ee5 nh\u1edd s\u1eed d\u1ee5ng bu l\u00f4ng c\u00e0ng b\u1eb1ng \u0111\u1ed3ng thau ti\u00eau chu\u1ea9n 5\/8\u2033-11.<\/li>\n<\/ul>","protected":false},"featured_media":3219,"comment_status":"open","ping_status":"closed","template":"","meta":[],"product_brand":[],"product_cat":[91,111],"product_tag":[],"class_list":{"0":"post-3218","1":"product","2":"type-product","3":"status-publish","4":"has-post-thumbnail","6":"product_cat-bipod-tripod","7":"product_cat-aluminum-surveying-tripod","9":"first","10":"instock","11":"shipping-taxable","12":"product-type-simple"},"_links":{"self":[{"href":"https:\/\/mountlaser.com\/vi\/wp-json\/wp\/v2\/product\/3218","targetHints":{"allow":["GET"]}}],"collection":[{"href":"https:\/\/mountlaser.com\/vi\/wp-json\/wp\/v2\/product"}],"about":[{"href":"https:\/\/mountlaser.com\/vi\/wp-json\/wp\/v2\/types\/product"}],"replies":[{"embeddable":true,"href":"https:\/\/mountlaser.com\/vi\/wp-json\/wp\/v2\/comments?post=3218"}],"wp:featuredmedia":[{"embeddable":true,"href":"https:\/\/mountlaser.com\/vi\/wp-json\/wp\/v2\/media\/3219"}],"wp:attachment":[{"href":"https:\/\/mountlaser.com\/vi\/wp-json\/wp\/v2\/media?parent=3218"}],"wp:term":[{"taxonomy":"product_brand","embeddable":true,"href":"https:\/\/mountlaser.com\/vi\/wp-json\/wp\/v2\/product_brand?post=3218"},{"taxonomy":"product_cat","embeddable":true,"href":"https:\/\/mountlaser.com\/vi\/wp-json\/wp\/v2\/product_cat?post=3218"},{"taxonomy":"product_tag","embeddable":true,"href":"https:\/\/mountlaser.com\/vi\/wp-json\/wp\/v2\/product_tag?post=3218"}],"curies":[{"name":"trang web","href":"https:\/\/api.w.org\/{rel}","templated":true}]}}