{"id":3216,"date":"2025-11-03T08:57:28","date_gmt":"2025-11-03T08:57:28","guid":{"rendered":"https:\/\/mountlaser.com\/?post_type=product&#038;p=3216"},"modified":"2025-11-28T03:05:22","modified_gmt":"2025-11-28T03:05:22","slug":"standard-j-series-sja30-heavy-duty-aluminum-tripod","status":"publish","type":"product","link":"https:\/\/mountlaser.com\/vi\/san-pham\/standard-j-series-sja30-heavy-duty-aluminum-tripod\/","title":{"rendered":"Ch\u00e2n m\u00e1y \u1ea3nh nh\u00f4m ch\u1ecbu l\u1ef1c cao Standard J Series SJA30"},"content":{"rendered":"<p>Mount Laser \u2014 m\u1ed9t trong nh\u1eefng th\u01b0\u01a1ng hi\u1ec7u \u0111\u00e1ng tin c\u1eady nh\u1ea5t<a href=\"https:\/\/mountlaser.com\/vi\/\"><strong> Nh\u00e0 cung c\u1ea5p ch\u00e2n m\u00e1y nh\u00f4m SJA30<\/strong><\/a>\u2014 gi\u1edbi thi\u1ec7u d\u00f2ng s\u1ea3n ph\u1ea9m Standard J Series SJA30, ch\u00e2n \u0111\u1ebf ba ch\u00e2n b\u1eb1ng nh\u00f4m ch\u1ecbu l\u1ef1c cao d\u00e0nh cho c\u00e1c \u0111\u1ed9i thi c\u00f4ng kh\u00f4ng ch\u1ea5p nh\u1eadn s\u1ef1 th\u1ecfa hi\u1ec7p.<\/p>\n<p><img fetchpriority=\"high\" decoding=\"async\" class=\"aligncenter wp-image-3217\" src=\"https:\/\/mountlaser.com\/wp-content\/uploads\/2025\/11\/\u672a\u6807\u9898-1.webp\" alt=\"Aluminum Heavy Duty Contractor Tripod\" width=\"500\" height=\"500\" srcset=\"https:\/\/mountlaser.com\/wp-content\/uploads\/2025\/11\/\u672a\u6807\u9898-1.webp 800w, https:\/\/mountlaser.com\/wp-content\/uploads\/2025\/11\/\u672a\u6807\u9898-1-300x300.webp 300w, https:\/\/mountlaser.com\/wp-content\/uploads\/2025\/11\/\u672a\u6807\u9898-1-400x400.webp 400w, https:\/\/mountlaser.com\/wp-content\/uploads\/2025\/11\/\u672a\u6807\u9898-1-600x600.webp 600w, https:\/\/mountlaser.com\/wp-content\/uploads\/2025\/11\/\u672a\u6807\u9898-1-150x150.webp 150w, https:\/\/mountlaser.com\/wp-content\/uploads\/2025\/11\/\u672a\u6807\u9898-1-768x768.webp 768w, https:\/\/mountlaser.com\/wp-content\/uploads\/2025\/11\/\u672a\u6807\u9898-1-12x12.webp 12w\" sizes=\"(max-width: 500px) 100vw, 500px\" \/><br \/>\nC\u1ea5u h\u00ecnh \u0111\u1ea7u ph\u1eb3ng k\u1ebft h\u1ee3p ho\u00e0n h\u1ea3o v\u1edbi b\u1ea5t k\u1ef3 m\u00e1y to\u00e0n \u0111\u1ea1c n\u00e0o, trong khi h\u00ecnh d\u1ea1ng ch\u00e2n vu\u00f4ng mang l\u1ea1i \u0111i\u1ec1u n\u00e0y. <a href=\"https:\/\/mountlaser.com\/vi\/products\/\"><strong>Ch\u00e2n \u0111\u1ebf ba ch\u00e2n b\u1eb1ng nh\u00f4m ch\u1ecbu l\u1ef1c cao d\u00e0nh cho nh\u00e0 th\u1ea7u<\/strong> <\/a>\u0110\u1ed9 c\u1ee9ng xo\u1eafn v\u01b0\u1ee3t tr\u1ed9i tr\u00ean \u0111\u1ecba h\u00ecnh \u0111\u00e1 g\u1ed3 gh\u1ec1 ho\u1eb7c b\u00e3i \u0111\u1ea5t tr\u1ed1ng l\u1ed9ng gi\u00f3. \u0110\u01b0\u1ee3c \u0111\u00fac t\u1eeb h\u1ee3p kim nh\u00f4m cao c\u1ea5p, SJA30 ch\u1ecbu \u0111\u01b0\u1ee3c va \u0111\u1eadp v\u00e0 rung \u0111\u1ed9ng r\u1ea5t t\u1ed1t, v\u00e0 bu l\u00f4ng c\u00e0ng b\u1eb1ng \u0111\u1ed3ng thau 5\/8\u2033-11 l\u1eafp th\u1eb3ng v\u00e0o nh\u1ea1c c\u1ee5 c\u1ee7a b\u1ea1n m\u00e0 kh\u00f4ng c\u1ea7n b\u1ed9 chuy\u1ec3n \u0111\u1ed5i.<br \/>\nKhi c\u00e1c nh\u00e0 cung c\u1ea5p ch\u00e2n m\u00e1y nh\u00f4m SJA30 n\u00f3i \u0111\u1ebfn &quot;si\u00eau b\u1ec1n&quot;, h\u1ecd mu\u1ed1n n\u00f3i \u0111\u1ebfn SJA30: m\u1ed9t lo\u1ea1i ch\u00e2n m\u00e1y \u0111\u01b0\u1ee3c thi\u1ebft k\u1ebf \u0111\u1ec3 ch\u1ecbu \u0111\u01b0\u1ee3c nhi\u1ec1u n\u0103m s\u1eed d\u1ee5ng h\u00e0ng ng\u00e0y trong \u0111i\u1ec1u ki\u1ec7n kh\u1eafc nghi\u1ec7t c\u1ee7a c\u00e1c nh\u00e0 th\u1ea7u.<\/p>\n<p><strong>Th\u00f4ng s\u1ed1 k\u1ef9 thu\u1eadt ch\u00e2n m\u00e1y nh\u00f4m ch\u1ecbu l\u1ef1c ti\u00eau chu\u1ea9n d\u00f2ng J SJA30:<\/strong><\/p>\n<table style=\"border-collapse: collapse; width: 622.52pt;\" border=\"0\" width=\"830\" cellspacing=\"0\" cellpadding=\"0\">\n<tbody>\n<tr style=\"height: 14.25pt;\">\n<td class=\"et2\" style=\"height: 14.25pt; width: 94.50pt;\" width=\"126\" height=\"19\">CON S\u1ed0<\/td>\n<td class=\"et2\" style=\"width: 97.50pt;\" width=\"130\">CH\u00c2N<\/td>\n<td class=\"et2\" style=\"width: 90.75pt;\" width=\"121\">C\u00c1I \u0110\u1ea6U<\/td>\n<td class=\"et2\" style=\"width: 100.50pt;\" width=\"134\">LO\u1ea0I KH\u00d3A<\/td>\n<td class=\"et2\" style=\"width: 99.00pt;\" width=\"132\">PH\u1ea6N C\u1ee8NG<\/td>\n<td class=\"et2\" style=\"width: 86.25pt;\" width=\"115\">S\u1ef0 M\u1ede R\u1ed8NG<\/td>\n<td class=\"et2\" style=\"width: 54.00pt;\" width=\"72\">T\u00e2y B\u1eafc<\/td>\n<\/tr>\n<tr style=\"height: 14.25pt;\">\n<td class=\"et2\" style=\"height: 14.25pt;\" height=\"19\">SJA30-FCDOR<\/td>\n<td class=\"et2\">Nh\u00f4m<\/td>\n<td class=\"et2\">M\u1eb7t ph\u1eb3ng 160mm<\/td>\n<td class=\"et2\">K\u1eb9p \u0111\u00f4i<\/td>\n<td class=\"et2\">Qu\u1ea3 cam<\/td>\n<td class=\"et2\">161cm<\/td>\n<td class=\"et2\">4,5kg<\/td>\n<\/tr>\n<\/tbody>\n<\/table>","protected":false},"excerpt":{"rendered":"<ul>\n<li>Ch\u00e2n \u0111\u1ebf vu\u00f4ng v\u1ee9c kh\u00f3a ch\u1eafc ch\u1eafn, lo\u1ea1i b\u1ecf hi\u1ec7n t\u01b0\u1ee3ng xoay v\u00e0 rung l\u1eafc ngay c\u1ea3 khi \u1ed1ng ng\u1eafm 30x \u0111\u01b0\u1ee3c \u0111i\u1ec1u ch\u1ec9nh \u0111\u1ebfn \u0111\u1ed9 ph\u00f3ng \u0111\u1ea1i t\u1ed1i \u0111a.<\/li>\n<li>\u0110\u1ea7u ph\u1eb3ng r\u1ed9ng gi\u00fap ph\u00e2n b\u1ed5 tr\u1ecdng l\u01b0\u1ee3ng d\u1ee5ng c\u1ee5 \u0111\u1ec1u, trong khi c\u00e1c k\u1eb9p c\u1ee1 l\u1edbn \u0111i\u1ec1u ch\u1ec9nh d\u1ec5 d\u00e0ng ch\u1ec9 trong v\u00e0i gi\u00e2y ngay c\u1ea3 khi \u0111eo g\u0103ng tay.<\/li>\n<\/ul>","protected":false},"featured_media":3217,"comment_status":"open","ping_status":"closed","template":"","meta":[],"product_brand":[],"product_cat":[91,111],"product_tag":[],"class_list":{"0":"post-3216","1":"product","2":"type-product","3":"status-publish","4":"has-post-thumbnail","6":"product_cat-bipod-tripod","7":"product_cat-aluminum-surveying-tripod","9":"first","10":"instock","11":"shipping-taxable","12":"product-type-simple"},"_links":{"self":[{"href":"https:\/\/mountlaser.com\/vi\/wp-json\/wp\/v2\/product\/3216","targetHints":{"allow":["GET"]}}],"collection":[{"href":"https:\/\/mountlaser.com\/vi\/wp-json\/wp\/v2\/product"}],"about":[{"href":"https:\/\/mountlaser.com\/vi\/wp-json\/wp\/v2\/types\/product"}],"replies":[{"embeddable":true,"href":"https:\/\/mountlaser.com\/vi\/wp-json\/wp\/v2\/comments?post=3216"}],"wp:featuredmedia":[{"embeddable":true,"href":"https:\/\/mountlaser.com\/vi\/wp-json\/wp\/v2\/media\/3217"}],"wp:attachment":[{"href":"https:\/\/mountlaser.com\/vi\/wp-json\/wp\/v2\/media?parent=3216"}],"wp:term":[{"taxonomy":"product_brand","embeddable":true,"href":"https:\/\/mountlaser.com\/vi\/wp-json\/wp\/v2\/product_brand?post=3216"},{"taxonomy":"product_cat","embeddable":true,"href":"https:\/\/mountlaser.com\/vi\/wp-json\/wp\/v2\/product_cat?post=3216"},{"taxonomy":"product_tag","embeddable":true,"href":"https:\/\/mountlaser.com\/vi\/wp-json\/wp\/v2\/product_tag?post=3216"}],"curies":[{"name":"trang web","href":"https:\/\/api.w.org\/{rel}","templated":true}]}}