{"id":3205,"date":"2025-11-03T09:10:57","date_gmt":"2025-11-03T09:10:57","guid":{"rendered":"https:\/\/mountlaser.com\/?post_type=product&#038;p=3205"},"modified":"2025-11-28T03:02:14","modified_gmt":"2025-11-28T03:02:14","slug":"mp108-mini-prism","status":"publish","type":"product","link":"https:\/\/mountlaser.com\/vi\/san-pham\/mp108-mini-prism\/","title":{"rendered":"L\u0103ng k\u00ednh mini MP108"},"content":{"rendered":"<p>L\u0103ng k\u00ednh mini MP108 \u2013 L\u0103ng k\u00ednh gi\u00e1m s\u00e1t \u0111\u1ed9 ch\u00ednh x\u00e1c cao cho c\u00e1c \u1ee9ng d\u1ee5ng t\u1ea7m ng\u1eafn<\/p>\n<p>C\u00e1i <a href=\"https:\/\/mountlaser.com\/vi\/about-us\/\"><strong>L\u0103ng k\u00ednh mini MP108<\/strong><\/a> \u0110\u00e2y l\u00e0 m\u1ed9t l\u0103ng k\u00ednh gi\u00e1m s\u00e1t \u0111\u1ed9 ch\u00ednh x\u00e1c cao \u0111\u01b0\u1ee3c thi\u1ebft k\u1ebf \u0111\u1ec3 \u0111o l\u01b0\u1eddng ch\u00ednh x\u00e1c trong c\u00e1c m\u00f4i tr\u01b0\u1eddng kh\u1eafc nghi\u1ec7t nh\u01b0 c\u1ea7u, \u0111\u01b0\u1eddng h\u1ea7m, \u0111\u01b0\u1eddng s\u1eaft v\u00e0 t\u00e0u \u0111i\u1ec7n ng\u1ea7m. \u0110\u01b0\u1ee3c ch\u1ebf t\u1ea1o \u0111\u1ec3 gi\u00e1m s\u00e1t t\u1ea7m ng\u1eafn, thi\u1ebft b\u1ecb n\u00e0y... <a href=\"https:\/\/mountlaser.com\/vi\/products\/\"><strong>L\u0103ng k\u00ednh gi\u00e1m s\u00e1t \u0111\u1ed9 ch\u00ednh x\u00e1c cao<\/strong><\/a> S\u1ea3n ph\u1ea9m c\u00f3 \u0111\u1ed9 b\u1ec1n v\u01b0\u1ee3t tr\u1ed9i v\u00e0 hi\u1ec7u su\u1ea5t \u1ed5n \u0111\u1ecbnh trong \u0111i\u1ec1u ki\u1ec7n kh\u1eafc nghi\u1ec7t.<\/p>\n<p>C\u00f3 hai k\u00edch th\u01b0\u1edbc l\u0103ng k\u00ednh \u2013 MP108A (\u00d825,4 mm) v\u00e0 MP108B (\u00d838,1 mm) \u2013 l\u0103ng k\u00ednh mini MP108 c\u00f3 l\u0103ng k\u00ednh \u0111\u01b0\u1ee3c gia c\u00f4ng ch\u00ednh x\u00e1c, \u0111\u01b0\u1ee3c ni\u00eam phong k\u00edn trong v\u1ecf kim lo\u1ea1i ch\u1ed1ng s\u1ed1c v\u00e0 ch\u1ed1ng th\u1ea5m n\u01b0\u1edbc \u0111\u1ec3 \u0111\u1ea3m b\u1ea3o \u0111\u1ed9 \u1ed5n \u0111\u1ecbnh l\u00e2u d\u00e0i v\u00e0 b\u1ea3o v\u1ec7 kh\u1ecfi c\u00e1c t\u00e1c \u0111\u1ed9ng c\u1ee7a m\u00f4i tr\u01b0\u1eddng.<\/p>\n<p><img fetchpriority=\"high\" decoding=\"async\" class=\"aligncenter wp-image-3214\" src=\"https:\/\/mountlaser.com\/wp-content\/uploads\/2025\/11\/5-1MP1089.webp\" alt=\"MP108 mini prism\" width=\"500\" height=\"500\" srcset=\"https:\/\/mountlaser.com\/wp-content\/uploads\/2025\/11\/5-1MP1089.webp 1000w, https:\/\/mountlaser.com\/wp-content\/uploads\/2025\/11\/5-1MP1089-300x300.webp 300w, https:\/\/mountlaser.com\/wp-content\/uploads\/2025\/11\/5-1MP1089-400x400.webp 400w, https:\/\/mountlaser.com\/wp-content\/uploads\/2025\/11\/5-1MP1089-800x800.webp 800w, https:\/\/mountlaser.com\/wp-content\/uploads\/2025\/11\/5-1MP1089-600x600.webp 600w, https:\/\/mountlaser.com\/wp-content\/uploads\/2025\/11\/5-1MP1089-150x150.webp 150w, https:\/\/mountlaser.com\/wp-content\/uploads\/2025\/11\/5-1MP1089-768x768.webp 768w, https:\/\/mountlaser.com\/wp-content\/uploads\/2025\/11\/5-1MP1089-12x12.webp 12w\" sizes=\"(max-width: 500px) 100vw, 500px\" \/><\/p>\n<p>Ng\u01b0\u1eddi d\u00f9ng c\u00f3 th\u1ec3 l\u1ef1a ch\u1ecdn t\u1eeb c\u00e1c t\u00f9y ch\u1ecdn \u0111\u1ed9 ch\u00ednh x\u00e1c c\u00f3 th\u1ec3 t\u00f9y ch\u1ec9nh (2\u2033, 3\u20134\u2033 ho\u1eb7c 5\u20138\u2033) v\u00e0 c\u00e1c l\u1ef1a ch\u1ecdn l\u1edbp ph\u1ee7 (\u0111\u1ed3ng ho\u1eb7c b\u1ea1c) \u0111\u1ec3 \u0111\u1ea1t \u0111\u01b0\u1ee3c \u0111\u1ed9 ph\u1ea3n x\u1ea1 t\u1ed1i \u01b0u v\u00e0 \u0111\u1ed9 ch\u00ednh x\u00e1c \u0111o l\u01b0\u1eddng. V\u1edbi \u0111\u1ed9 ch\u00ednh x\u00e1c xoay 360\u00b0 l\u00e0 \u00b10,2 mm, thi\u1ebft b\u1ecb n\u00e0y <a href=\"https:\/\/mountlaser.com\/vi\/contact-us\/\">L\u0103ng k\u00ednh gi\u00e1m s\u00e1t \u0111\u1ed9 ch\u00ednh x\u00e1c cao<\/a> \u0110\u1ea3m b\u1ea3o cung c\u1ea5p c\u00e1c s\u1ed1 li\u1ec7u \u0111o ch\u00ednh x\u00e1c t\u1eeb m\u1ecdi h\u01b0\u1edbng, bi\u1ebfn n\u00f3 th\u00e0nh gi\u1ea3i ph\u00e1p \u0111\u00e1ng tin c\u1eady cho vi\u1ec7c gi\u00e1m s\u00e1t c\u01a1 s\u1edf h\u1ea1 t\u1ea7ng v\u00e0 c\u00f4ng nghi\u1ec7p quan tr\u1ecdng.<\/p>","protected":false},"excerpt":{"rendered":"<ul>\n<li>Cung c\u1ea5p kh\u1ea3 n\u0103ng gi\u00e1m s\u00e1t \u0111\u1ed9 ch\u00ednh x\u00e1c cao cho c\u00e1c \u1ee9ng d\u1ee5ng c\u01a1 s\u1edf h\u1ea1 t\u1ea7ng v\u00e0 c\u00f4ng nghi\u1ec7p.<\/li>\n<li>V\u1ecf kim lo\u1ea1i k\u00edn ho\u00e0n to\u00e0n \u0111\u1ea3m b\u1ea3o kh\u1ea3 n\u0103ng ch\u1ed1ng th\u1ea5m n\u01b0\u1edbc v\u00e0 ch\u1ed1ng s\u1ed1c.<\/li>\n<li>\u0110\u1ed9 ch\u00ednh x\u00e1c c\u1ee7a l\u0103ng k\u00ednh c\u00f3 th\u1ec3 t\u00f9y ch\u1ec9nh (t\u1eeb 2\u2033 \u0111\u1ebfn 8\u2033) ph\u00f9 h\u1ee3p v\u1edbi nhi\u1ec1u nhu c\u1ea7u d\u1ef1 \u00e1n kh\u00e1c nhau.<\/li>\n<li>L\u1edbp ph\u1ee7 \u0111\u1ed3ng ho\u1eb7c b\u1ea1c gi\u00fap t\u0103ng c\u01b0\u1eddng \u0111\u1ed9 ph\u1ea3n x\u1ea1 v\u00e0 c\u01b0\u1eddng \u0111\u1ed9 t\u00edn hi\u1ec7u.<\/li>\n<li>\u0110\u1ed9 ch\u00ednh x\u00e1c xoay gi\u00fap cho k\u1ebft qu\u1ea3 \u0111o nh\u1ea5t qu\u00e1n t\u1eeb m\u1ecdi g\u00f3c \u0111\u1ed9.<\/li>\n<\/ul>","protected":false},"featured_media":3206,"comment_status":"open","ping_status":"closed","template":"","meta":[],"product_brand":[],"product_cat":[72,112],"product_tag":[],"class_list":{"0":"post-3205","1":"product","2":"type-product","3":"status-publish","4":"has-post-thumbnail","6":"product_cat-reflective-target-prism","7":"product_cat-monitoring-prism","9":"first","10":"instock","11":"shipping-taxable","12":"product-type-simple"},"_links":{"self":[{"href":"https:\/\/mountlaser.com\/vi\/wp-json\/wp\/v2\/product\/3205","targetHints":{"allow":["GET"]}}],"collection":[{"href":"https:\/\/mountlaser.com\/vi\/wp-json\/wp\/v2\/product"}],"about":[{"href":"https:\/\/mountlaser.com\/vi\/wp-json\/wp\/v2\/types\/product"}],"replies":[{"embeddable":true,"href":"https:\/\/mountlaser.com\/vi\/wp-json\/wp\/v2\/comments?post=3205"}],"wp:featuredmedia":[{"embeddable":true,"href":"https:\/\/mountlaser.com\/vi\/wp-json\/wp\/v2\/media\/3206"}],"wp:attachment":[{"href":"https:\/\/mountlaser.com\/vi\/wp-json\/wp\/v2\/media?parent=3205"}],"wp:term":[{"taxonomy":"product_brand","embeddable":true,"href":"https:\/\/mountlaser.com\/vi\/wp-json\/wp\/v2\/product_brand?post=3205"},{"taxonomy":"product_cat","embeddable":true,"href":"https:\/\/mountlaser.com\/vi\/wp-json\/wp\/v2\/product_cat?post=3205"},{"taxonomy":"product_tag","embeddable":true,"href":"https:\/\/mountlaser.com\/vi\/wp-json\/wp\/v2\/product_tag?post=3205"}],"curies":[{"name":"trang web","href":"https:\/\/api.w.org\/{rel}","templated":true}]}}