{"id":3187,"date":"2025-11-03T08:34:14","date_gmt":"2025-11-03T08:34:14","guid":{"rendered":"https:\/\/mountlaser.com\/?post_type=product&#038;p=3187"},"modified":"2025-11-28T03:06:41","modified_gmt":"2025-11-28T03:06:41","slug":"premium-t-series-rta20-medium-duty-aluminum-tripod","status":"publish","type":"product","link":"https:\/\/mountlaser.com\/vi\/san-pham\/premium-t-series-rta20-medium-duty-aluminum-tripod\/","title":{"rendered":"Ch\u00e2n m\u00e1y \u1ea3nh nh\u00f4m cao c\u1ea5p T Series RTA20 ch\u1ecbu t\u1ea3i trung b\u00ecnh"},"content":{"rendered":"<p>Ch\u00e2n m\u00e1y \u1ea3nh nh\u00f4m cao c\u1ea5p T Series RTA20 ch\u1ecbu t\u1ea3i trung b\u00ecnh, <a href=\"https:\/\/mountlaser.com\/vi\/\"><strong>Ch\u00e2n \u0111\u1ebf ba ch\u00e2n b\u1eb1ng nh\u00f4m tr\u00f2n d\u00f9ng cho kh\u1ea3o s\u00e1t<\/strong><\/a> \u0110\u00f3 l\u00e0 th\u01b0\u01a1ng hi\u1ec7u m\u00e0 c\u00e1c \u0111\u1ed9i thi c\u00f4ng hi\u1ec7n tr\u01b0\u1eddng tin t\u01b0\u1edfng khi t\u1eebng milimet \u0111\u1ec1u quan tr\u1ecdng.<\/p>\n<p>C\u00f3 c\u00e1c t\u00f9y ch\u1ecdn \u0111\u1ea7u ph\u1eb3ng, \u0111\u1ea7u tr\u00f2n ho\u1eb7c \u0111\u1ea7u to,<a href=\"https:\/\/mountlaser.com\/vi\/products\/\"><strong> Ch\u00e2n m\u00e1y \u0111o \u0111\u1ea1c RTA20 c\u1ee1 trung b\u1eb1ng nh\u00f4m<\/strong> <\/a>S\u1ea3n ph\u1ea9m k\u1ebft h\u1ee3p ch\u00e2n \u0111\u1ebf b\u1eb1ng h\u1ee3p kim nh\u00f4m ch\u1eafc ch\u1eafn v\u1edbi thi\u1ebft k\u1ebf \u0111\u1ebf \u0111\u1ed9c \u0111\u00e1o gi\u00fap b\u00e1m ch\u1eafc v\u00e0o m\u1ecdi \u0111\u1ecba h\u00ecnh.<\/p>\n<p><img fetchpriority=\"high\" decoding=\"async\" class=\"aligncenter wp-image-3202\" src=\"https:\/\/mountlaser.com\/wp-content\/uploads\/2025\/11\/RTA20-DCD7.webp\" alt=\"Round Leg Surveying Aluminum Tripod\" width=\"500\" height=\"500\" srcset=\"https:\/\/mountlaser.com\/wp-content\/uploads\/2025\/11\/RTA20-DCD7.webp 1000w, https:\/\/mountlaser.com\/wp-content\/uploads\/2025\/11\/RTA20-DCD7-300x300.webp 300w, https:\/\/mountlaser.com\/wp-content\/uploads\/2025\/11\/RTA20-DCD7-400x400.webp 400w, https:\/\/mountlaser.com\/wp-content\/uploads\/2025\/11\/RTA20-DCD7-800x800.webp 800w, https:\/\/mountlaser.com\/wp-content\/uploads\/2025\/11\/RTA20-DCD7-600x600.webp 600w, https:\/\/mountlaser.com\/wp-content\/uploads\/2025\/11\/RTA20-DCD7-150x150.webp 150w, https:\/\/mountlaser.com\/wp-content\/uploads\/2025\/11\/RTA20-DCD7-768x768.webp 768w, https:\/\/mountlaser.com\/wp-content\/uploads\/2025\/11\/RTA20-DCD7-12x12.webp 12w\" sizes=\"(max-width: 500px) 100vw, 500px\" \/><\/p>\n<p>Bu l\u00f4ng c\u00e0ng ch\u1eef U b\u1eb1ng \u0111\u1ed3ng thau 5\/8\u2033-11 \u0111\u1ea3m b\u1ea3o kh\u1ea3 n\u0103ng t\u01b0\u01a1ng th\u00edch v\u1edbi m\u1ecdi lo\u1ea1i thi\u1ebft b\u1ecb, trong khi c\u01a1 ch\u1ebf kh\u00f3a nhanh ti\u00ean ti\u1ebfn tr\u00ean Ch\u00e2n \u0111\u1ebf ba ch\u00e2n b\u1eb1ng nh\u00f4m tr\u00f2n n\u00e0y gi\u00fap gi\u1ea3m \u0111\u00e1ng k\u1ec3 th\u1eddi gian thi\u1ebft l\u1eadp v\u00e0 s\u1ef1 m\u1ec7t m\u1ecfi cho ng\u01b0\u1eddi s\u1eed d\u1ee5ng. C\u1ea7n m\u00e0u s\u1eafc ho\u1eb7c chi\u1ec1u cao t\u00f9y ch\u1ec9nh? Ch\u00fang t\u00f4i s\u1ea3n xu\u1ea5t theo y\u00eau c\u1ea7u. <a href=\"https:\/\/mountlaser.com\/vi\/contact-us\/\">Ch\u00e2n m\u00e1y \u0111o \u0111\u1ea1c RTA20 c\u1ee1 trung b\u1eb1ng nh\u00f4m<\/a> theo th\u00f4ng s\u1ed1 k\u1ef9 thu\u1eadt c\u1ee7a b\u1ea1n v\u00e0 h\u1ec7 th\u1ed1ng t\u1ef1 kh\u00f3a t\u00edch h\u1ee3p (S) cho ph\u00e9p b\u1ea1n mang ch\u00e2n m\u00e1y m\u00e0 kh\u00f4ng c\u1ea7n d\u00e2y \u0111eo v\u00ec c\u00e1c ch\u00e2n m\u00e1y s\u1ebd b\u1ecb l\u1ecfng v\u00e0 \u0111ung \u0111\u01b0a trong gi\u00f3.<\/p>","protected":false},"excerpt":{"rendered":"<ul>\n<li>Ch\u00e2n \u0111\u1ebf RTA20 d\u00f2ng T cao c\u1ea5p mang l\u1ea1i s\u1ef1 \u1ed5n \u0111\u1ecbnh kh\u00f4ng rung l\u1eafc cho m\u00e1y to\u00e0n \u0111\u1ea1c, m\u00e1y kinh v\u0129 v\u00e0 m\u00e1y laser. Thi\u1ebft k\u1ebf ch\u00e2n \u0111\u1ebf tr\u00f2n gi\u00fap ph\u00e2n b\u1ed5 t\u1ea3i tr\u1ecdng \u0111\u1ec1u.<\/li>\n<li>Ch\u00e2n \u0111\u1ebf ba ch\u00e2n b\u1eb1ng nh\u00f4m tr\u00f2n gi\u00fap t\u0103ng \u0111\u1ed9 c\u1ee9ng xo\u1eafn v\u01b0\u1ee3t tr\u1ed9i tr\u00ean m\u1eb7t \u0111\u01b0\u1eddng nh\u1ef1a, s\u1ecfi ho\u1eb7c c\u1ecf.<\/li>\n<li>C\u00e1c k\u1eb9p kh\u00f3a nhanh b\u1eb1ng m\u1ed9t tay cho ph\u00e9p k\u00e9o d\u00e0i ho\u1eb7c thu g\u1ecdn t\u1eebng ch\u00e2n ch\u1ec9 trong v\u00e0i gi\u00e2y, v\u00e0 h\u1ec7 th\u1ed1ng t\u1ef1 kh\u00f3a gi\u1eef m\u1ecdi th\u1ee9 ch\u1eafc ch\u1eafn trong qu\u00e1 tr\u00ecnh v\u1eadn chuy\u1ec3n\u2014kh\u00f4ng c\u1ea7n d\u00e2y \u0111ai.<\/li>\n<\/ul>","protected":false},"featured_media":3201,"comment_status":"open","ping_status":"closed","template":"","meta":[],"product_brand":[],"product_cat":[91,111],"product_tag":[],"class_list":{"0":"post-3187","1":"product","2":"type-product","3":"status-publish","4":"has-post-thumbnail","6":"product_cat-bipod-tripod","7":"product_cat-aluminum-surveying-tripod","9":"first","10":"instock","11":"shipping-taxable","12":"product-type-simple"},"_links":{"self":[{"href":"https:\/\/mountlaser.com\/vi\/wp-json\/wp\/v2\/product\/3187","targetHints":{"allow":["GET"]}}],"collection":[{"href":"https:\/\/mountlaser.com\/vi\/wp-json\/wp\/v2\/product"}],"about":[{"href":"https:\/\/mountlaser.com\/vi\/wp-json\/wp\/v2\/types\/product"}],"replies":[{"embeddable":true,"href":"https:\/\/mountlaser.com\/vi\/wp-json\/wp\/v2\/comments?post=3187"}],"wp:featuredmedia":[{"embeddable":true,"href":"https:\/\/mountlaser.com\/vi\/wp-json\/wp\/v2\/media\/3201"}],"wp:attachment":[{"href":"https:\/\/mountlaser.com\/vi\/wp-json\/wp\/v2\/media?parent=3187"}],"wp:term":[{"taxonomy":"product_brand","embeddable":true,"href":"https:\/\/mountlaser.com\/vi\/wp-json\/wp\/v2\/product_brand?post=3187"},{"taxonomy":"product_cat","embeddable":true,"href":"https:\/\/mountlaser.com\/vi\/wp-json\/wp\/v2\/product_cat?post=3187"},{"taxonomy":"product_tag","embeddable":true,"href":"https:\/\/mountlaser.com\/vi\/wp-json\/wp\/v2\/product_tag?post=3187"}],"curies":[{"name":"trang web","href":"https:\/\/api.w.org\/{rel}","templated":true}]}}