{"id":3186,"date":"2025-11-03T08:23:15","date_gmt":"2025-11-03T08:23:15","guid":{"rendered":"https:\/\/mountlaser.com\/?post_type=product&#038;p=3186"},"modified":"2025-11-28T03:07:39","modified_gmt":"2025-11-28T03:07:39","slug":"mp105-mini-prism","status":"publish","type":"product","link":"https:\/\/mountlaser.com\/vi\/san-pham\/mp105-mini-prism\/","title":{"rendered":"MP105 Mini Prism"},"content":{"rendered":"<p>MP105 Mini Prism \u2013 Gi\u00e1m s\u00e1t \u0111\u1ed9 ch\u00ednh x\u00e1c cao cho c\u00e1c \u1ee9ng d\u1ee5ng c\u00f4ng nghi\u1ec7p<\/p>\n<p>C\u00e1i <a href=\"https:\/\/mountlaser.com\/vi\/\"><strong>L\u0103ng k\u00ednh mini MP105<\/strong><\/a> l\u00e0 m\u1ed9t <a href=\"https:\/\/mountlaser.com\/vi\/products\/\"><strong>L\u0103ng k\u00ednh mini gi\u00e1m s\u00e1t m\u00e0u v\u00e0ng<\/strong><\/a> \u0110\u01b0\u1ee3c thi\u1ebft k\u1ebf \u0111\u1ec3 \u0111\u1ea1t \u0111\u1ed9 ch\u00ednh x\u00e1c v\u00e0 \u0111\u1ed9 b\u1ec1n v\u01b0\u1ee3t tr\u1ed9i trong gi\u00e1m s\u00e1t c\u00f4ng nghi\u1ec7p v\u00e0 \u0111\u1ecba k\u1ef9 thu\u1eadt d\u00e0i h\u1ea1n. C\u00f3 s\u1eb5n c\u00e1c t\u00f9y ch\u1ecdn l\u0103ng k\u00ednh 25,4 mm v\u00e0 38,1 mm, l\u0103ng k\u00ednh gi\u00e1m s\u00e1t mini m\u00e0u v\u00e0ng n\u00e0y \u0111\u1ea3m b\u1ea3o hi\u1ec7u su\u1ea5t \u0111\u00e1ng tin c\u1eady v\u00e0 \u1ed5n \u0111\u1ecbnh trong c\u00e1c m\u00f4i tr\u01b0\u1eddng hi\u1ec7n tr\u01b0\u1eddng kh\u1eafc nghi\u1ec7t.<\/p>\n<p>\u0110\u01b0\u1ee3c ch\u1ebf t\u1ea1o v\u1edbi khung nh\u1ef1a ch\u1ecbu l\u1ef1c, ch\u1ed1ng ch\u1ecbu th\u1eddi ti\u1ebft, l\u0103ng k\u00ednh mini MP105 c\u00f3 gi\u00e1 \u0111\u1ee1 xoay 360\u00b0 cho ph\u00e9p \u0111\u1ecbnh v\u1ecb linh ho\u1ea1t v\u00e0 c\u0103n ch\u1ec9nh ch\u00ednh x\u00e1c. Thi\u1ebft k\u1ebf tr\u1ee5c xoay kh\u00f4ng rung l\u1eafc gi\u00fap t\u0103ng \u0111\u1ed9 ch\u00ednh x\u00e1c khi \u0111o, trong khi chi\u1ec1u cao tr\u1ee5c nghi\u00eang 86 mm duy tr\u00ec h\u00ecnh h\u1ecdc \u1ed5n \u0111\u1ecbnh \u0111\u1ec3 theo d\u00f5i ch\u00ednh x\u00e1c.<\/p>\n<p><img fetchpriority=\"high\" decoding=\"async\" class=\"aligncenter wp-image-3188\" src=\"https:\/\/mountlaser.com\/wp-content\/uploads\/2025\/11\/2-9MP1051.webp\" alt=\"MP105 mini prism\" width=\"500\" height=\"500\" srcset=\"https:\/\/mountlaser.com\/wp-content\/uploads\/2025\/11\/2-9MP1051.webp 1000w, https:\/\/mountlaser.com\/wp-content\/uploads\/2025\/11\/2-9MP1051-300x300.webp 300w, https:\/\/mountlaser.com\/wp-content\/uploads\/2025\/11\/2-9MP1051-400x400.webp 400w, https:\/\/mountlaser.com\/wp-content\/uploads\/2025\/11\/2-9MP1051-800x800.webp 800w, https:\/\/mountlaser.com\/wp-content\/uploads\/2025\/11\/2-9MP1051-600x600.webp 600w, https:\/\/mountlaser.com\/wp-content\/uploads\/2025\/11\/2-9MP1051-150x150.webp 150w, https:\/\/mountlaser.com\/wp-content\/uploads\/2025\/11\/2-9MP1051-768x768.webp 768w, https:\/\/mountlaser.com\/wp-content\/uploads\/2025\/11\/2-9MP1051-12x12.webp 12w\" sizes=\"(max-width: 500px) 100vw, 500px\" \/><\/p>\n<p>C\u00e1i <a href=\"https:\/\/mountlaser.com\/vi\/contact-us\/\">L\u0103ng k\u00ednh mini MP105<\/a> H\u1ec7 th\u1ed1ng n\u00e0y cung c\u1ea5p nhi\u1ec1u c\u1ea5u h\u00ecnh b\u1ed9 chuy\u1ec3n \u0111\u1ed5i (ren 5\/8\u2033, 3\/8\u2033 v\u00e0 M8) \u0111\u1ec3 \u0111\u1ea3m b\u1ea3o kh\u1ea3 n\u0103ng l\u1eafp \u0111\u1eb7t linh ho\u1ea1t tr\u00ean nhi\u1ec1u thi\u1ebft l\u1eadp kh\u00e1c nhau. V\u1edbi c\u1ea3 h\u1eb1ng s\u1ed1 l\u0103ng k\u00ednh tuy\u1ec7t \u0111\u1ed1i v\u00e0 ki\u1ec3u Th\u1ee5y S\u0129, L\u0103ng k\u00ednh Mini Gi\u00e1m s\u00e1t M\u00e0u V\u00e0ng mang l\u1ea1i kh\u1ea3 n\u0103ng th\u00edch \u1ee9ng v\u1edbi c\u00e1c h\u1ec7 th\u1ed1ng to\u00e0n \u0111\u1ea1c v\u00e0 y\u00eau c\u1ea7u d\u1ef1 \u00e1n kh\u00e1c nhau, \u0111\u1ea3m b\u1ea3o \u0111\u1ed9 \u1ed5n \u0111\u1ecbnh l\u00e2u d\u00e0i v\u01b0\u1ee3t tr\u1ed9i.<\/p>","protected":false},"excerpt":{"rendered":"<ul>\n<li>Cung c\u1ea5p c\u00e1c ph\u00e9p \u0111o c\u00f3 \u0111\u1ed9 ch\u00ednh x\u00e1c cao cho c\u00e1c nhi\u1ec7m v\u1ee5 gi\u00e1m s\u00e1t c\u00f4ng nghi\u1ec7p v\u00e0 \u0111\u1ecba k\u1ef9 thu\u1eadt.<\/li>\n<li>Gi\u00e1 \u0111\u1ee1 c\u00f3 th\u1ec3 \u0111i\u1ec1u ch\u1ec9nh cho ph\u00e9p ng\u1eafm v\u00e0 c\u0103n ch\u1ec9nh linh ho\u1ea1t.<\/li>\n<li>C\u1ea5u tr\u00fac ch\u1ed1ng ch\u1ecbu th\u1eddi ti\u1ebft \u0111\u1ea3m b\u1ea3o ho\u1ea1t \u0111\u1ed9ng \u0111\u00e1ng tin c\u1eady trong \u0111i\u1ec1u ki\u1ec7n kh\u1eafc nghi\u1ec7t.<\/li>\n<li>Gi\u00e1 \u0111\u1ee1 ch\u1eafc ch\u1eafn gi\u00fap gi\u1ea3m thi\u1ec3u rung \u0111\u1ed9ng v\u00e0 sai l\u1ec7ch ph\u00e9p \u0111o.<\/li>\n<li>T\u01b0\u01a1ng th\u00edch v\u1edbi nhi\u1ec1u lo\u1ea1i \u0111\u1ea7u n\u1ed1i ren kh\u00e1c nhau cho c\u00e1c \u1ee9ng d\u1ee5ng l\u1eafp \u0111\u1eb7t \u0111a n\u0103ng.<\/li>\n<\/ul>","protected":false},"featured_media":3193,"comment_status":"open","ping_status":"closed","template":"","meta":[],"product_brand":[],"product_cat":[72,112],"product_tag":[],"class_list":{"0":"post-3186","1":"product","2":"type-product","3":"status-publish","4":"has-post-thumbnail","6":"product_cat-reflective-target-prism","7":"product_cat-monitoring-prism","9":"first","10":"instock","11":"shipping-taxable","12":"product-type-simple"},"_links":{"self":[{"href":"https:\/\/mountlaser.com\/vi\/wp-json\/wp\/v2\/product\/3186","targetHints":{"allow":["GET"]}}],"collection":[{"href":"https:\/\/mountlaser.com\/vi\/wp-json\/wp\/v2\/product"}],"about":[{"href":"https:\/\/mountlaser.com\/vi\/wp-json\/wp\/v2\/types\/product"}],"replies":[{"embeddable":true,"href":"https:\/\/mountlaser.com\/vi\/wp-json\/wp\/v2\/comments?post=3186"}],"wp:featuredmedia":[{"embeddable":true,"href":"https:\/\/mountlaser.com\/vi\/wp-json\/wp\/v2\/media\/3193"}],"wp:attachment":[{"href":"https:\/\/mountlaser.com\/vi\/wp-json\/wp\/v2\/media?parent=3186"}],"wp:term":[{"taxonomy":"product_brand","embeddable":true,"href":"https:\/\/mountlaser.com\/vi\/wp-json\/wp\/v2\/product_brand?post=3186"},{"taxonomy":"product_cat","embeddable":true,"href":"https:\/\/mountlaser.com\/vi\/wp-json\/wp\/v2\/product_cat?post=3186"},{"taxonomy":"product_tag","embeddable":true,"href":"https:\/\/mountlaser.com\/vi\/wp-json\/wp\/v2\/product_tag?post=3186"}],"curies":[{"name":"trang web","href":"https:\/\/api.w.org\/{rel}","templated":true}]}}