{"id":3173,"date":"2025-11-03T07:54:36","date_gmt":"2025-11-03T07:54:36","guid":{"rendered":"https:\/\/mountlaser.com\/?post_type=product&#038;p=3173"},"modified":"2025-11-28T03:19:32","modified_gmt":"2025-11-28T03:19:32","slug":"standard-j-series-rja20-medium-duty-aluminum-tripod","status":"publish","type":"product","link":"https:\/\/mountlaser.com\/vi\/san-pham\/standard-j-series-rja20-medium-duty-aluminum-tripod\/","title":{"rendered":"Ch\u00e2n m\u00e1y \u1ea3nh nh\u00f4m ti\u00eau chu\u1ea9n d\u00f2ng J RJA20 ch\u1ecbu t\u1ea3i trung b\u00ecnh"},"content":{"rendered":"<p>T\u1ea1i Mount Laser, ch\u00fang t\u00f4i chuy\u00ean v\u1ec1 c\u00e1c ph\u1ee5 ki\u1ec7n \u0111o l\u01b0\u1eddng ch\u00ednh x\u00e1c, v\u00e0 Ch\u00e2n m\u00e1y nh\u00f4m ti\u00eau chu\u1ea9n J Series RJA20 ch\u1ecbu t\u1ea3i trung b\u00ecnh c\u0169ng kh\u00f4ng ph\u1ea3i l\u00e0 ngo\u1ea1i l\u1ec7.<\/p>\n<figure id=\"attachment_3182\" aria-describedby=\"caption-attachment-3182\" style=\"width: 300px\" class=\"wp-caption aligncenter\"><img fetchpriority=\"high\" decoding=\"async\" class=\"wp-image-3182 size-medium\" src=\"https:\/\/mountlaser.com\/wp-content\/uploads\/2025\/11\/RJA20-FAT6-300x300.webp\" alt=\"Precision Medium-Duty Aluminum Tripod\" width=\"300\" height=\"300\" srcset=\"https:\/\/mountlaser.com\/wp-content\/uploads\/2025\/11\/RJA20-FAT6-300x300.webp 300w, https:\/\/mountlaser.com\/wp-content\/uploads\/2025\/11\/RJA20-FAT6-400x400.webp 400w, https:\/\/mountlaser.com\/wp-content\/uploads\/2025\/11\/RJA20-FAT6-800x800.webp 800w, https:\/\/mountlaser.com\/wp-content\/uploads\/2025\/11\/RJA20-FAT6-600x600.webp 600w, https:\/\/mountlaser.com\/wp-content\/uploads\/2025\/11\/RJA20-FAT6-150x150.webp 150w, https:\/\/mountlaser.com\/wp-content\/uploads\/2025\/11\/RJA20-FAT6-768x768.webp 768w, https:\/\/mountlaser.com\/wp-content\/uploads\/2025\/11\/RJA20-FAT6-12x12.webp 12w, https:\/\/mountlaser.com\/wp-content\/uploads\/2025\/11\/RJA20-FAT6.webp 1000w\" sizes=\"(max-width: 300px) 100vw, 300px\" \/><figcaption id=\"caption-attachment-3182\" class=\"wp-caption-text\">Ch\u00e2n m\u00e1y \u1ea3nh RJA20 b\u1eb1ng nh\u00f4m, \u0111\u1ea7u ph\u1eb3ng, ch\u1ecbu t\u1ea3i trung b\u00ecnh<\/figcaption><\/figure>\n<p>&nbsp;<\/p>\n<p>\u0110\u01b0\u1ee3c thi\u1ebft k\u1ebf d\u00e0nh cho c\u00e1c chuy\u00ean gia \u0111\u00f2i h\u1ecfi \u0111\u1ed9 tin c\u1eady, s\u1ea3n ph\u1ea9m n\u00e0y <a href=\"https:\/\/mountlaser.com\/vi\/\"><strong>Ch\u00e2n m\u00e1y \u1ea3nh b\u1eb1ng nh\u00f4m ch\u00ednh x\u00e1c, ch\u1ecbu t\u1ea3i trung b\u00ecnh<\/strong><\/a> C\u00f3 ba ki\u1ec3u \u0111\u1ea7u kh\u00e1c nhau\u2014\u0110\u1ea7u ph\u1eb3ng, \u0110\u1ea7u v\u00f2m v\u00e0 \u0110\u1ea7u tr\u00f2n l\u1edbn\u2014\u0111\u1ea3m b\u1ea3o t\u01b0\u01a1ng th\u00edch v\u1edbi m\u00e1y kinh v\u0129 v\u00e0 m\u00e1y to\u00e0n \u0111\u1ea1c. \u0110\u01b0\u1ee3c ch\u1ebf t\u1ea1o t\u1eeb h\u1ee3p kim nh\u00f4m c\u01b0\u1eddng \u0111\u1ed9 cao, RJA20 c\u00f3 kh\u1ea3 n\u0103ng ch\u1ed1ng va \u0111\u1eadp tuy\u1ec7t v\u1eddi v\u00e0 \u0111\u01b0\u1ee3c trang b\u1ecb bu l\u00f4ng c\u00e0ng b\u1eb1ng \u0111\u1ed3ng thau 5\/8\u2033-11 \u0111\u1ec3 ph\u00f9 h\u1ee3p v\u1edbi h\u1ea7u h\u1ebft c\u00e1c lo\u1ea1i m\u00e1y. Cho d\u00f9 b\u1ea1n ch\u1ecdn phi\u00ean b\u1ea3n k\u1eb9p xoay, k\u1eb9p th\u00e1o nhanh hay k\u1eb9p k\u00e9p, Ch\u00e2n \u0111\u1ebf ba ch\u00e2n b\u1eb1ng nh\u00f4m ch\u1ecbu t\u1ea3i trung b\u00ecnh v\u1edbi k\u1eb9p nhanh n\u00e0y \u0111\u1ec1u mang l\u1ea1i kh\u1ea3 n\u0103ng thi\u1ebft l\u1eadp nhanh ch\u00f3ng v\u00e0 \u0111\u1ed9 \u1ed5n \u0111\u1ecbnh v\u1eefng ch\u1eafc. C\u01a1 ch\u1ebf t\u1ef1 kh\u00f3a t\u00f9y ch\u1ecdn (S) v\u00e0 m\u00e0u s\u1eafc ho\u1eb7c chi\u1ec1u cao t\u00f9y ch\u1ec9nh c\u00f3 s\u1eb5n theo y\u00eau c\u1ea7u.<\/p>\n<p>&nbsp;<\/p>\n<figure id=\"attachment_3180\" aria-describedby=\"caption-attachment-3180\" style=\"width: 300px\" class=\"wp-caption aligncenter\"><img decoding=\"async\" class=\"wp-image-3180 size-medium\" src=\"https:\/\/mountlaser.com\/wp-content\/uploads\/2025\/11\/RJA20-DAD7-300x300.webp\" alt=\"Precision Medium-Duty Aluminum Tripod\" width=\"300\" height=\"300\" srcset=\"https:\/\/mountlaser.com\/wp-content\/uploads\/2025\/11\/RJA20-DAD7-300x300.webp 300w, https:\/\/mountlaser.com\/wp-content\/uploads\/2025\/11\/RJA20-DAD7-400x400.webp 400w, https:\/\/mountlaser.com\/wp-content\/uploads\/2025\/11\/RJA20-DAD7-800x800.webp 800w, https:\/\/mountlaser.com\/wp-content\/uploads\/2025\/11\/RJA20-DAD7-600x600.webp 600w, https:\/\/mountlaser.com\/wp-content\/uploads\/2025\/11\/RJA20-DAD7-150x150.webp 150w, https:\/\/mountlaser.com\/wp-content\/uploads\/2025\/11\/RJA20-DAD7-768x768.webp 768w, https:\/\/mountlaser.com\/wp-content\/uploads\/2025\/11\/RJA20-DAD7-12x12.webp 12w, https:\/\/mountlaser.com\/wp-content\/uploads\/2025\/11\/RJA20-DAD7.webp 1000w\" sizes=\"(max-width: 300px) 100vw, 300px\" \/><figcaption id=\"caption-attachment-3180\" class=\"wp-caption-text\">Ch\u00e2n m\u00e1y \u1ea3nh RJA20 b\u1eb1ng nh\u00f4m, \u0111\u1ea7u v\u00f2m, ch\u1ecbu t\u1ea3i trung b\u00ecnh.<\/figcaption><\/figure>\n<p>&nbsp;<\/p>\n<figure id=\"attachment_3178\" aria-describedby=\"caption-attachment-3178\" style=\"width: 300px\" class=\"wp-caption aligncenter\"><img decoding=\"async\" class=\"wp-image-3178 size-medium\" src=\"https:\/\/mountlaser.com\/wp-content\/uploads\/2025\/11\/RJA20-BAD7-300x300.webp\" alt=\"Precision Medium-Duty Aluminum Tripod\" width=\"300\" height=\"300\" srcset=\"https:\/\/mountlaser.com\/wp-content\/uploads\/2025\/11\/RJA20-BAD7-300x300.webp 300w, https:\/\/mountlaser.com\/wp-content\/uploads\/2025\/11\/RJA20-BAD7-400x400.webp 400w, https:\/\/mountlaser.com\/wp-content\/uploads\/2025\/11\/RJA20-BAD7-800x800.webp 800w, https:\/\/mountlaser.com\/wp-content\/uploads\/2025\/11\/RJA20-BAD7-600x600.webp 600w, https:\/\/mountlaser.com\/wp-content\/uploads\/2025\/11\/RJA20-BAD7-150x150.webp 150w, https:\/\/mountlaser.com\/wp-content\/uploads\/2025\/11\/RJA20-BAD7-768x768.webp 768w, https:\/\/mountlaser.com\/wp-content\/uploads\/2025\/11\/RJA20-BAD7-12x12.webp 12w, https:\/\/mountlaser.com\/wp-content\/uploads\/2025\/11\/RJA20-BAD7.webp 1000w\" sizes=\"(max-width: 300px) 100vw, 300px\" \/><figcaption id=\"caption-attachment-3178\" class=\"wp-caption-text\">Ch\u00e2n m\u00e1y \u1ea3nh RJA20 \u0111\u1ea7u tr\u00f2n l\u1edbn, ch\u1ea5t li\u1ec7u nh\u00f4m, ch\u1ecbu t\u1ea3i trung b\u00ecnh.<\/figcaption><\/figure>\n<p>C\u00e1i <a href=\"https:\/\/mountlaser.com\/vi\/products\/\"><strong>Ch\u00e2n m\u00e1y \u1ea3nh RJA20 b\u1eb1ng nh\u00f4m, ch\u1ecbu t\u1ea3i trung b\u00ecnh<\/strong> <\/a>Cung c\u1ea5p gi\u00e1 \u0111\u1ee1 ch\u1eafc ch\u1eafn, kh\u00f4ng rung l\u1eafc cho c\u00e1c d\u1ee5ng c\u1ee5 \u0111o ch\u00ednh x\u00e1c t\u1ea1i hi\u1ec7n tr\u01b0\u1eddng. Thi\u1ebft k\u1ebf nh\u1eb9 nh\u01b0ng b\u1ec1n b\u1ec9 cho ph\u00e9p d\u1ec5 d\u00e0ng v\u1eadn chuy\u1ec3n m\u00e0 kh\u00f4ng l\u00e0m gi\u1ea3m \u0111\u1ed9 ch\u1eafc ch\u1eafn. Ch\u00e2n \u0111\u1ebf ba ch\u00e2n b\u1eb1ng nh\u00f4m ch\u1ecbu t\u1ea3i trung b\u00ecnh ch\u00ednh x\u00e1c \u0111\u1ea3m b\u1ea3o \u0111\u1ed9 ch\u00ednh x\u00e1c nh\u1ea5t qu\u00e1n, trong khi ch\u00e2n \u0111\u1ebf ba ch\u00e2n b\u1eb1ng nh\u00f4m ch\u1ecbu t\u1ea3i trung b\u00ecnh v\u1edbi k\u1eb9p nhanh cho ph\u00e9p tri\u1ec3n khai v\u00e0 \u0111i\u1ec1u ch\u1ec9nh nhanh ch\u00f3ng, ti\u1ebft ki\u1ec7m th\u1eddi gian qu\u00fd b\u00e1u t\u1ea1i hi\u1ec7n tr\u01b0\u1eddng.<\/p>\n<p>&nbsp;<\/p>\n<p><strong>Th\u00f4ng s\u1ed1 k\u1ef9 thu\u1eadt ch\u00e2n m\u00e1y nh\u00f4m ti\u00eau chu\u1ea9n d\u00f2ng J RJA20 t\u1ea3i tr\u1ecdng trung b\u00ecnh<\/strong><\/p>\n<table width=\"830\">\n<tbody>\n<tr>\n<td width=\"126\">CON S\u1ed0<\/td>\n<td width=\"130\">CH\u00c2N<\/td>\n<td width=\"121\">C\u00c1I \u0110\u1ea6U<\/td>\n<td width=\"134\">LO\u1ea0I KH\u00d3A<\/td>\n<td width=\"132\">PH\u1ea6N C\u1ee8NG<\/td>\n<td width=\"115\">S\u1ef0 M\u1ede R\u1ed8NG<\/td>\n<td width=\"72\">T\u00e2y B\u1eafc<\/td>\n<\/tr>\n<tr>\n<td>RJA20-FCTOR<\/td>\n<td>Nh\u00f4m<\/td>\n<td>M\u1eb7t ph\u1eb3ng 160mm<\/td>\n<td>K\u1eb9p xo\u1eafn<\/td>\n<td>Qu\u1ea3 cam<\/td>\n<td>170cm<\/td>\n<td>3,7 kg<\/td>\n<\/tr>\n<tr>\n<td>RJA20-FCDOR<\/td>\n<td>Nh\u00f4m<\/td>\n<td>M\u1eb7t ph\u1eb3ng 160mm<\/td>\n<td>K\u1eb9p \u0111\u00f4i<\/td>\n<td>Qu\u1ea3 cam<\/td>\n<td>160cm<\/td>\n<td>4,3 kg<\/td>\n<\/tr>\n<\/tbody>\n<\/table>","protected":false},"excerpt":{"rendered":"<ul>\n<li>D\u00e0nh cho c\u00e1c nh\u00e0 kh\u1ea3o s\u00e1t v\u00e0 k\u1ef9 s\u01b0 c\u1ea7n m\u1ed9t h\u1ec7 th\u1ed1ng h\u1ed7 tr\u1ee3 \u0111\u00e1ng tin c\u1eady v\u00e0 c\u00f3 th\u1ec3 t\u00f9y ch\u1ec9nh.<\/li>\n<li>Ch\u00e2n m\u00e1y \u1ea3nh nh\u00f4m ti\u00eau chu\u1ea9n J Series RJA20 lo\u1ea1i trung b\u00ecnh l\u00e0 s\u1ef1 l\u1ef1a ch\u1ecdn l\u00fd t\u01b0\u1edfng.<\/li>\n<li>V\u1edbi nhi\u1ec1u t\u00f9y ch\u1ecdn \u0111\u1ea7u tripod, ki\u1ec3u k\u1eb9p kh\u00e1c nhau v\u00e0 \u0111\u1ed9 b\u1ec1n c\u1ee7a m\u1ed9t ch\u00e2n m\u00e1y nh\u00f4m Precision Medium-Duty, Tripod n\u00e0y c\u00f3 \u0111\u1ed9 ch\u00ednh x\u00e1c cao v\u00e0 ch\u1ecbu t\u1ea3i trung b\u00ecnh.<\/li>\n<\/ul>","protected":false},"featured_media":3174,"comment_status":"open","ping_status":"closed","template":"","meta":[],"product_brand":[],"product_cat":[91,111],"product_tag":[],"class_list":{"0":"post-3173","1":"product","2":"type-product","3":"status-publish","4":"has-post-thumbnail","6":"product_cat-bipod-tripod","7":"product_cat-aluminum-surveying-tripod","9":"first","10":"instock","11":"shipping-taxable","12":"product-type-simple"},"_links":{"self":[{"href":"https:\/\/mountlaser.com\/vi\/wp-json\/wp\/v2\/product\/3173","targetHints":{"allow":["GET"]}}],"collection":[{"href":"https:\/\/mountlaser.com\/vi\/wp-json\/wp\/v2\/product"}],"about":[{"href":"https:\/\/mountlaser.com\/vi\/wp-json\/wp\/v2\/types\/product"}],"replies":[{"embeddable":true,"href":"https:\/\/mountlaser.com\/vi\/wp-json\/wp\/v2\/comments?post=3173"}],"wp:featuredmedia":[{"embeddable":true,"href":"https:\/\/mountlaser.com\/vi\/wp-json\/wp\/v2\/media\/3174"}],"wp:attachment":[{"href":"https:\/\/mountlaser.com\/vi\/wp-json\/wp\/v2\/media?parent=3173"}],"wp:term":[{"taxonomy":"product_brand","embeddable":true,"href":"https:\/\/mountlaser.com\/vi\/wp-json\/wp\/v2\/product_brand?post=3173"},{"taxonomy":"product_cat","embeddable":true,"href":"https:\/\/mountlaser.com\/vi\/wp-json\/wp\/v2\/product_cat?post=3173"},{"taxonomy":"product_tag","embeddable":true,"href":"https:\/\/mountlaser.com\/vi\/wp-json\/wp\/v2\/product_tag?post=3173"}],"curies":[{"name":"trang web","href":"https:\/\/api.w.org\/{rel}","templated":true}]}}