{"id":3167,"date":"2025-11-03T07:50:02","date_gmt":"2025-11-03T07:50:02","guid":{"rendered":"https:\/\/mountlaser.com\/?post_type=product&#038;p=3167"},"modified":"2025-11-28T03:21:56","modified_gmt":"2025-11-28T03:21:56","slug":"mp104-monitoring-prism","status":"publish","type":"product","link":"https:\/\/mountlaser.com\/vi\/san-pham\/mp104-monitoring-prism\/","title":{"rendered":"L\u0103ng k\u00ednh gi\u00e1m s\u00e1t MP104"},"content":{"rendered":"<p>L\u0103ng k\u00ednh mini MP104 \u2013 L\u0103ng k\u00ednh mini m\u00e0u tr\u1eafng ch\u1ed1ng ch\u1ecbu th\u1eddi ti\u1ebft, \u0111\u1ea3m b\u1ea3o \u0111\u1ed9 ch\u00ednh x\u00e1c l\u00e2u d\u00e0i.<\/p>\n<p>C\u00e1i <a href=\"https:\/\/mountlaser.com\/vi\/\"><strong>L\u0103ng k\u00ednh mini MP104<\/strong><\/a> l\u00e0 m\u1ed9t s\u1ea3n ph\u1ea9m chuy\u00ean nghi\u1ec7p <a href=\"https:\/\/mountlaser.com\/vi\/about-us\/\"><strong>l\u0103ng k\u00ednh mini gi\u00e1m s\u00e1t m\u00e0u tr\u1eafng<\/strong><\/a> \u0110\u01b0\u1ee3c thi\u1ebft k\u1ebf \u0111\u1ec3 gi\u00e1m s\u00e1t bi\u1ebfn d\u1ea1ng ch\u00ednh x\u00e1c v\u00e0 l\u00e2u d\u00e0i trong c\u00e1c d\u1ef1 \u00e1n x\u00e2y d\u1ef1ng, \u0111\u1ecba k\u1ef9 thu\u1eadt v\u00e0 s\u1ee9c kh\u1ecfe k\u1ebft c\u1ea5u. \u0110\u01b0\u1ee3c ch\u1ebf t\u1ea1o \u0111\u1ec3 ho\u1ea1t \u0111\u1ed9ng trong \u0111i\u1ec1u ki\u1ec7n kh\u1eafc nghi\u1ec7t ngo\u00e0i hi\u1ec7n tr\u01b0\u1eddng, l\u0103ng k\u00ednh n\u00e0y \u0111\u1ea3m b\u1ea3o thu th\u1eadp d\u1eef li\u1ec7u \u1ed5n \u0111\u1ecbnh, ch\u00ednh x\u00e1c trong th\u1eddi gian gi\u00e1m s\u00e1t k\u00e9o d\u00e0i.<\/p>\n<p>\u0110\u01b0\u1ee3c ch\u1ebf t\u1ea1o v\u1edbi l\u0103ng k\u00ednh \u0111\u1ed9 ch\u00ednh x\u00e1c cao 25,4 mm v\u00e0 chi\u1ec1u cao tr\u1ee5c nghi\u00eang 86 mm, l\u0103ng k\u00ednh mini MP104 cung c\u1ea5p \u0111\u1ed9 l\u1ec7ch -17,5 mm, mang l\u1ea1i k\u1ebft qu\u1ea3 \u0111\u00e1ng tin c\u1eady cho c\u00e1c nhi\u1ec7m v\u1ee5 kh\u1ea3o s\u00e1t quan tr\u1ecdng. Thi\u1ebft k\u1ebf ch\u1ed1ng ch\u1ecbu th\u1eddi ti\u1ebft bao g\u1ed3m l\u1edbp v\u1ecf b\u1ea3o v\u1ec7 v\u00e0 k\u00ednh \u0111\u01b0\u1ee3c x\u1eed l\u00fd \u0111\u1eb7c bi\u1ec7t, mang l\u1ea1i kh\u1ea3 n\u0103ng ch\u1ed1ng ch\u1ecbu v\u01b0\u1ee3t tr\u1ed9i v\u1edbi c\u00e1c y\u1ebfu t\u1ed1 m\u00f4i tr\u01b0\u1eddng nh\u01b0 m\u01b0a, b\u1ee5i v\u00e0 bi\u1ebfn \u0111\u1ed9ng nhi\u1ec7t \u0111\u1ed9.<\/p>\n<p>&nbsp;<\/p>\n<p><img fetchpriority=\"high\" decoding=\"async\" class=\"aligncenter wp-image-3169\" src=\"https:\/\/mountlaser.com\/wp-content\/uploads\/2025\/11\/2-8MP1042.webp\" alt=\"MP104 MINI prism\" width=\"500\" height=\"500\" srcset=\"https:\/\/mountlaser.com\/wp-content\/uploads\/2025\/11\/2-8MP1042.webp 1000w, https:\/\/mountlaser.com\/wp-content\/uploads\/2025\/11\/2-8MP1042-300x300.webp 300w, https:\/\/mountlaser.com\/wp-content\/uploads\/2025\/11\/2-8MP1042-400x400.webp 400w, https:\/\/mountlaser.com\/wp-content\/uploads\/2025\/11\/2-8MP1042-800x800.webp 800w, https:\/\/mountlaser.com\/wp-content\/uploads\/2025\/11\/2-8MP1042-600x600.webp 600w, https:\/\/mountlaser.com\/wp-content\/uploads\/2025\/11\/2-8MP1042-150x150.webp 150w, https:\/\/mountlaser.com\/wp-content\/uploads\/2025\/11\/2-8MP1042-768x768.webp 768w, https:\/\/mountlaser.com\/wp-content\/uploads\/2025\/11\/2-8MP1042-12x12.webp 12w\" sizes=\"(max-width: 500px) 100vw, 500px\" \/><\/p>\n<p>\u1ed0ng k\u00ednh quan s\u00e1t mini m\u00e0u tr\u1eafng c\u00f3 v\u1ecf b\u1eb1ng nh\u1ef1a c\u01b0\u1eddng \u0111\u1ed9 cao ki\u1ec3u Th\u1ee5y S\u0129, k\u1ebft h\u1ee3p gi\u1eefa tr\u1ecdng l\u01b0\u1ee3ng nh\u1eb9 v\u00e0 \u0111\u1ed9 b\u1ec1n l\u00e2u d\u00e0i. S\u1ea3n ph\u1ea9m c\u0169ng c\u00f3 c\u00e1c t\u00f9y ch\u1ecdn th\u1ea5u k\u00ednh ph\u1ee7 \u0111\u1ed3ng ho\u1eb7c b\u1ea1c, cho ph\u00e9p ng\u01b0\u1eddi d\u00f9ng t\u1ed1i \u01b0u h\u00f3a kh\u1ea3 n\u0103ng thu t\u00edn hi\u1ec7u d\u1ef1a tr\u00ean \u0111i\u1ec1u ki\u1ec7n m\u00f4i tr\u01b0\u1eddng v\u00e0 ph\u1ea3n x\u1ea1.<\/p>\n<p>\u0110\u1ec3 l\u1eafp \u0111\u1eb7t linh ho\u1ea1t, <a href=\"https:\/\/mountlaser.com\/vi\/products\/\">L\u0103ng k\u00ednh mini MP104<\/a> Bao g\u1ed3m ba t\u00f9y ch\u1ecdn b\u1ed9 chuy\u1ec3n \u0111\u1ed5i:<\/p>\n<p>MP104-A01 \u2013 B\u1ed9 chuy\u1ec3n \u0111\u1ed5i ren 5\/8\u2033<\/p>\n<p>MP104-A02 \u2013 B\u1ed9 chuy\u1ec3n \u0111\u1ed5i ren 3\/8\u2033<\/p>\n<p>MP104-A03 \u2013 B\u1ed9 chuy\u1ec3n \u0111\u1ed5i ren M8<\/p>\n<p>Nh\u1eefng t\u00f9y ch\u1ecdn n\u00e0y gi\u00fap l\u0103ng k\u00ednh mini gi\u00e1m s\u00e1t m\u00e0u tr\u1eafng t\u01b0\u01a1ng th\u00edch v\u1edbi nhi\u1ec1u ki\u1ec3u l\u1eafp \u0111\u1eb7t kh\u00e1c nhau, mang l\u1ea1i t\u00ednh linh ho\u1ea1t t\u1ed1i \u0111a khi s\u1eed d\u1ee5ng ngo\u00e0i th\u1ef1c \u0111\u1ecba.<\/p>","protected":false},"excerpt":{"rendered":"<ul>\n<li>V\u1ecf m\u00e1y ch\u1ed1ng ch\u1ecbu th\u1eddi ti\u1ebft v\u00e0 k\u00ednh \u0111\u01b0\u1ee3c x\u1eed l\u00fd \u0111\u1eb7c bi\u1ec7t \u0111\u1ec3 t\u0103ng \u0111\u1ed9 b\u1ec1n khi s\u1eed d\u1ee5ng ngo\u00e0i tr\u1eddi.<\/li>\n<li>Gi\u00e1 \u0111\u1ee1 b\u1eb1ng nh\u1ef1a ki\u1ec3u Th\u1ee5y S\u0129 c\u01b0\u1eddng \u0111\u1ed9 cao, \u0111\u1ea3m b\u1ea3o \u0111\u1ed9 \u1ed5n \u0111\u1ecbnh l\u00e2u d\u00e0i.<\/li>\n<li>C\u00f3 s\u1eb5n l\u1edbp ph\u1ee7 \u0111\u1ed3ng ho\u1eb7c b\u1ea1c \u0111\u1ec3 t\u0103ng c\u01b0\u1eddng kh\u1ea3 n\u0103ng ph\u1ea3n chi\u1ebfu.<\/li>\n<li>Nhi\u1ec1u t\u00f9y ch\u1ecdn b\u1ed9 chuy\u1ec3n \u0111\u1ed5i cho vi\u1ec7c l\u1eafp \u0111\u1eb7t \u0111a n\u0103ng<\/li>\n<\/ul>","protected":false},"featured_media":3168,"comment_status":"open","ping_status":"closed","template":"","meta":[],"product_brand":[],"product_cat":[72,112],"product_tag":[],"class_list":{"0":"post-3167","1":"product","2":"type-product","3":"status-publish","4":"has-post-thumbnail","6":"product_cat-reflective-target-prism","7":"product_cat-monitoring-prism","9":"first","10":"instock","11":"shipping-taxable","12":"product-type-simple"},"_links":{"self":[{"href":"https:\/\/mountlaser.com\/vi\/wp-json\/wp\/v2\/product\/3167","targetHints":{"allow":["GET"]}}],"collection":[{"href":"https:\/\/mountlaser.com\/vi\/wp-json\/wp\/v2\/product"}],"about":[{"href":"https:\/\/mountlaser.com\/vi\/wp-json\/wp\/v2\/types\/product"}],"replies":[{"embeddable":true,"href":"https:\/\/mountlaser.com\/vi\/wp-json\/wp\/v2\/comments?post=3167"}],"wp:featuredmedia":[{"embeddable":true,"href":"https:\/\/mountlaser.com\/vi\/wp-json\/wp\/v2\/media\/3168"}],"wp:attachment":[{"href":"https:\/\/mountlaser.com\/vi\/wp-json\/wp\/v2\/media?parent=3167"}],"wp:term":[{"taxonomy":"product_brand","embeddable":true,"href":"https:\/\/mountlaser.com\/vi\/wp-json\/wp\/v2\/product_brand?post=3167"},{"taxonomy":"product_cat","embeddable":true,"href":"https:\/\/mountlaser.com\/vi\/wp-json\/wp\/v2\/product_cat?post=3167"},{"taxonomy":"product_tag","embeddable":true,"href":"https:\/\/mountlaser.com\/vi\/wp-json\/wp\/v2\/product_tag?post=3167"}],"curies":[{"name":"trang web","href":"https:\/\/api.w.org\/{rel}","templated":true}]}}