{"id":3155,"date":"2025-11-03T05:29:54","date_gmt":"2025-11-03T05:29:54","guid":{"rendered":"https:\/\/mountlaser.com\/?post_type=product&#038;p=3155"},"modified":"2025-11-28T03:23:39","modified_gmt":"2025-11-28T03:23:39","slug":"rt108-magnetic-rotary-reflective-target","status":"publish","type":"product","link":"https:\/\/mountlaser.com\/vi\/san-pham\/rt108-magnetic-rotary-reflective-target\/","title":{"rendered":"M\u1ee5c ti\u00eau ph\u1ea3n x\u1ea1 xoay t\u1eeb t\u00ednh RT108"},"content":{"rendered":"<p>T\u1ea5m bia ph\u1ea3n quang xoay t\u1eeb t\u00ednh RT108 \u2013 \u0110\u1ed9 ch\u00ednh x\u00e1c 360\u00b0 cho vi\u1ec7c c\u0103n ch\u1ec9nh chuy\u00ean nghi\u1ec7p<\/p>\n<p>RT108 <a href=\"https:\/\/mountlaser.com\/vi\/\"><strong>M\u1ee5c ti\u00eau ph\u1ea3n quang xoay c\u00f3 t\u1ea5m t\u1eeb t\u00ednh<\/strong><\/a> T\u1ea5m ph\u1ea3n quang c\u1ee7a Mount Laser \u0111\u01b0\u1ee3c thi\u1ebft k\u1ebf cho c\u00e1c \u1ee9ng d\u1ee5ng c\u0103n ch\u1ec9nh, b\u1ed1 tr\u00ed v\u00e0 gi\u00e1m s\u00e1t v\u1edbi \u0111\u1ed9 ch\u00ednh x\u00e1c cao. C\u00f3 hai m\u1eabu \u2013 RT108-50 v\u1edbi t\u1ea5m ph\u1ea3n quang 50\u00d750 mm v\u00e0 RT108-90 v\u1edbi t\u1ea5m ph\u1ea3n quang 90\u00d790 mm \u2013 t\u1ea5m ph\u1ea3n quang n\u00e0y cung c\u1ea5p c\u00e1c t\u00f9y ch\u1ecdn linh ho\u1ea1t cho c\u00e1c nhu c\u1ea7u \u0111o l\u01b0\u1eddng kh\u00e1c nhau.<\/p>\n<p>V\u1edbi thi\u1ebft k\u1ebf xoay 360 \u0111\u1ed9, t\u1ea5m ph\u1ea3n x\u1ea1 xoay c\u00f3 t\u1eeb t\u00ednh cho ph\u00e9p \u0111i\u1ec1u ch\u1ec9nh d\u1ec5 d\u00e0ng theo m\u1ecdi h\u01b0\u1edbng, \u0111\u1ea3m b\u1ea3o ph\u1ea3n x\u1ea1 laser ch\u00ednh x\u00e1c t\u1eeb m\u1ecdi g\u00f3c \u0111\u1ed9. \u0110\u01b0\u1ee3c ch\u1ebf t\u1ea1o b\u1eb1ng th\u00e2n ch\u00ednh b\u1eb1ng nh\u00f4m b\u1ec1n ch\u1eafc, s\u1ea3n ph\u1ea9m \u0111\u1ea3m b\u1ea3o \u0111\u1ed9 \u1ed5n \u0111\u1ecbnh v\u00e0 hi\u1ec7u su\u1ea5t l\u00e2u d\u00e0i trong m\u00f4i tr\u01b0\u1eddng c\u00f4ng nghi\u1ec7p kh\u1eafc nghi\u1ec7t.<\/p>\n<p><img fetchpriority=\"high\" decoding=\"async\" class=\"aligncenter wp-image-3134\" src=\"https:\/\/mountlaser.com\/wp-content\/uploads\/2025\/10\/1-9RT1083.webp\" alt=\"RT108 Rotary Reflective Target With Magnetic Sheet\" width=\"500\" height=\"500\" srcset=\"https:\/\/mountlaser.com\/wp-content\/uploads\/2025\/10\/1-9RT1083.webp 1000w, https:\/\/mountlaser.com\/wp-content\/uploads\/2025\/10\/1-9RT1083-300x300.webp 300w, https:\/\/mountlaser.com\/wp-content\/uploads\/2025\/10\/1-9RT1083-400x400.webp 400w, https:\/\/mountlaser.com\/wp-content\/uploads\/2025\/10\/1-9RT1083-800x800.webp 800w, https:\/\/mountlaser.com\/wp-content\/uploads\/2025\/10\/1-9RT1083-600x600.webp 600w, https:\/\/mountlaser.com\/wp-content\/uploads\/2025\/10\/1-9RT1083-150x150.webp 150w, https:\/\/mountlaser.com\/wp-content\/uploads\/2025\/10\/1-9RT1083-768x768.webp 768w, https:\/\/mountlaser.com\/wp-content\/uploads\/2025\/10\/1-9RT1083-12x12.webp 12w\" sizes=\"(max-width: 500px) 100vw, 500px\" \/><\/p>\n<p>\u0110\u01b0\u1ee3c trang b\u1ecb t\u1ea5m d\u00e1n ph\u1ea3n quang 3M c\u00f3 \u0111\u1ed9 hi\u1ec3n th\u1ecb cao, t\u1ea5m m\u1ee5c ti\u00eau ph\u1ea3n quang xoay c\u00f3 \u0111\u1ebf t\u1eeb t\u00ednh mang l\u1ea1i kh\u1ea3 n\u0103ng ph\u1ea3n x\u1ea1 v\u01b0\u1ee3t tr\u1ed9i cho c\u00e1c h\u1ec7 th\u1ed1ng laser v\u00e0 to\u00e0n \u0111\u1ea1c. \u0110\u1ebf t\u1eeb t\u00ednh m\u1ea1nh m\u1ebd cho ph\u00e9p g\u1eafn nhanh ch\u00f3ng v\u00e0 ch\u1eafc ch\u1eafn tr\u1ef1c ti\u1ebfp l\u00ean b\u1ec1 m\u1eb7t kim lo\u1ea1i ho\u1eb7c \u0111i\u1ec3m \u0111o, l\u00fd t\u01b0\u1edfng cho c\u00e1c k\u1ebft c\u1ea5u th\u00e9p, m\u00e1y m\u00f3c h\u1ea1ng n\u1eb7ng v\u00e0 c\u00e1c nhi\u1ec7m v\u1ee5 b\u1ed1 tr\u00ed ch\u00ednh x\u00e1c.<\/p>\n<p>C\u00e1i <a href=\"https:\/\/mountlaser.com\/vi\/products\/\"><strong>M\u1ee5c ti\u00eau ph\u1ea3n x\u1ea1 xoay t\u1eeb t\u00ednh m\u1edbi<\/strong><\/a> S\u1ea3n ph\u1ea9m k\u1ebft h\u1ee3p c\u00f4ng ngh\u1ec7 ph\u1ea3n quang 3M v\u1edbi t\u00ednh linh ho\u1ea1t t\u1eeb t\u00ednh, mang \u0111\u1ebfn cho c\u00e1c chuy\u00ean gia s\u1ef1 c\u00e2n b\u1eb1ng ho\u00e0n h\u1ea3o gi\u1eefa \u0111\u1ed9 b\u1ec1n, hi\u1ec7u qu\u1ea3 v\u00e0 \u0111\u1ed9 ch\u00ednh x\u00e1c \u0111o l\u01b0\u1eddng.<\/p>","protected":false},"excerpt":{"rendered":"<ul>\n<li>C\u0103n ch\u1ec9nh laser linh ho\u1ea1t<\/li>\n<li>Hai m\u1eabu: RT108-50 (50\u00d750 mm) v\u00e0 RT108-90 (90\u00d790 mm)<\/li>\n<li>T\u1ea5m ph\u1ea3n quang 3M c\u00f3 \u0111\u1ed9 hi\u1ec3n th\u1ecb cao gi\u00fap t\u0103ng c\u01b0\u1eddng kh\u1ea3 n\u0103ng ph\u1ea3n x\u1ea1 t\u00edn hi\u1ec7u.<\/li>\n<li>L\u1eafp \u0111\u1eb7t ch\u1eafc ch\u1eafn tr\u00ean b\u1ec1 m\u1eb7t kim lo\u1ea1i<\/li>\n<li>Th\u00e2n m\u00e1y ch\u00ednh b\u1eb1ng nh\u00f4m b\u1ec1n ch\u1eafc, \u0111\u1ea3m b\u1ea3o \u0111\u1ed9 \u1ed5n \u0111\u1ecbnh l\u00e2u d\u00e0i trong m\u00f4i tr\u01b0\u1eddng kh\u1eafc nghi\u1ec7t.<\/li>\n<li>D\u00f9ng cho x\u00e2y d\u1ef1ng, gi\u00e1m s\u00e1t v\u00e0 c\u0103n ch\u1ec9nh m\u00e1y m\u00f3c.<\/li>\n<\/ul>","protected":false},"featured_media":3137,"comment_status":"open","ping_status":"closed","template":"","meta":[],"product_brand":[],"product_cat":[72,104],"product_tag":[],"class_list":{"0":"post-3155","1":"product","2":"type-product","3":"status-publish","4":"has-post-thumbnail","6":"product_cat-reflective-target-prism","7":"product_cat-reflective-target","9":"first","10":"instock","11":"shipping-taxable","12":"product-type-simple"},"_links":{"self":[{"href":"https:\/\/mountlaser.com\/vi\/wp-json\/wp\/v2\/product\/3155","targetHints":{"allow":["GET"]}}],"collection":[{"href":"https:\/\/mountlaser.com\/vi\/wp-json\/wp\/v2\/product"}],"about":[{"href":"https:\/\/mountlaser.com\/vi\/wp-json\/wp\/v2\/types\/product"}],"replies":[{"embeddable":true,"href":"https:\/\/mountlaser.com\/vi\/wp-json\/wp\/v2\/comments?post=3155"}],"wp:featuredmedia":[{"embeddable":true,"href":"https:\/\/mountlaser.com\/vi\/wp-json\/wp\/v2\/media\/3137"}],"wp:attachment":[{"href":"https:\/\/mountlaser.com\/vi\/wp-json\/wp\/v2\/media?parent=3155"}],"wp:term":[{"taxonomy":"product_brand","embeddable":true,"href":"https:\/\/mountlaser.com\/vi\/wp-json\/wp\/v2\/product_brand?post=3155"},{"taxonomy":"product_cat","embeddable":true,"href":"https:\/\/mountlaser.com\/vi\/wp-json\/wp\/v2\/product_cat?post=3155"},{"taxonomy":"product_tag","embeddable":true,"href":"https:\/\/mountlaser.com\/vi\/wp-json\/wp\/v2\/product_tag?post=3155"}],"curies":[{"name":"trang web","href":"https:\/\/api.w.org\/{rel}","templated":true}]}}