{"id":3112,"date":"2025-10-31T09:18:04","date_gmt":"2025-10-31T09:18:04","guid":{"rendered":"https:\/\/mountlaser.com\/?post_type=product&#038;p=3112"},"modified":"2025-11-28T03:26:02","modified_gmt":"2025-11-28T03:26:02","slug":"premium-t-series-rta10-aluminum-tripod","status":"publish","type":"product","link":"https:\/\/mountlaser.com\/vi\/san-pham\/premium-t-series-rta10-aluminum-tripod\/","title":{"rendered":"Ch\u00e2n m\u00e1y \u1ea3nh nh\u00f4m cao c\u1ea5p T Series RTA10"},"content":{"rendered":"<p>C\u00e1i <a href=\"https:\/\/mountlaser.com\/vi\/\"><strong>Ch\u00e2n m\u00e1y \u1ea3nh nh\u00f4m cao c\u1ea5p T Series RTA10<\/strong> <\/a>S\u1ea3n ph\u1ea9m n\u00e0y \u0111\u1ea1i di\u1ec7n cho \u0111\u1ec9nh cao c\u1ee7a s\u1ef1 xu\u1ea5t s\u1eafc trong k\u1ef9 thu\u1eadt ch\u1ebf t\u1ea1o h\u1ec7 th\u1ed1ng h\u1ed7 tr\u1ee3 kh\u1ea3o s\u00e1t, thi\u1ebft l\u1eadp c\u00e1c ti\u00eau chu\u1ea9n m\u1edbi v\u1ec1 \u0111\u1ed9 tin c\u1eady v\u00e0 hi\u1ec7u su\u1ea5t. Ch\u00e2n m\u00e1y nh\u00f4m \u0111\u1ea7u ph\u1eb3ng \u0111\u1eb7c bi\u1ec7t n\u00e0y \u0111\u01b0\u1ee3c ch\u1ebf t\u1ea1o t\u1ec9 m\u1ec9 \u0111\u1ec3 \u0111\u00e1p \u1ee9ng c\u00e1c y\u00eau c\u1ea7u kh\u1eaft khe c\u1ee7a c\u00e1c nh\u00e0 kh\u1ea3o s\u00e1t chuy\u00ean nghi\u1ec7p, nh\u1eefng ng\u01b0\u1eddi kh\u00f4ng th\u1ec3 th\u1ecfa hi\u1ec7p v\u1ec1 \u0111\u1ed9 \u1ed5n \u0111\u1ecbnh v\u00e0 \u0111\u1ed9 ch\u00ednh x\u00e1c.<br \/>\nS\u1ea3n ph\u1ea9m c\u00f3 thi\u1ebft k\u1ebf \u0111\u1ea7u ph\u1eb3ng chuy\u00ean d\u1ee5ng, \u0111\u1ea3m b\u1ea3o \u0111\u1ed9 \u1ed5n \u0111\u1ecbnh t\u1ed1i \u01b0u v\u00e0 kh\u1ea3 n\u0103ng g\u1eafn k\u1ebft ch\u1eafc ch\u1eafn.<br \/>\n\u0110\u01b0\u1ee3c trang b\u1ecb bu l\u00f4ng c\u00e0ng nh\u00f4m ti\u00eau chu\u1ea9n 5\/8\u2033-11 \u0111\u1ec3 t\u00edch h\u1ee3p li\u1ec1n m\u1ea1ch v\u1edbi m\u00e1y c\u00e2n b\u1eb1ng t\u1ef1 \u0111\u1ed9ng v\u00e0 m\u00e1y laser xoay.<\/p>\n<p><img fetchpriority=\"high\" decoding=\"async\" class=\"aligncenter wp-image-3115\" src=\"https:\/\/mountlaser.com\/wp-content\/uploads\/2025\/10\/RTA10-FCD3.webp\" alt=\"Flat Head Aluminum Tripod\" width=\"500\" height=\"500\" srcset=\"https:\/\/mountlaser.com\/wp-content\/uploads\/2025\/10\/RTA10-FCD3.webp 1000w, https:\/\/mountlaser.com\/wp-content\/uploads\/2025\/10\/RTA10-FCD3-300x300.webp 300w, https:\/\/mountlaser.com\/wp-content\/uploads\/2025\/10\/RTA10-FCD3-400x400.webp 400w, https:\/\/mountlaser.com\/wp-content\/uploads\/2025\/10\/RTA10-FCD3-800x800.webp 800w, https:\/\/mountlaser.com\/wp-content\/uploads\/2025\/10\/RTA10-FCD3-600x600.webp 600w, https:\/\/mountlaser.com\/wp-content\/uploads\/2025\/10\/RTA10-FCD3-150x150.webp 150w, https:\/\/mountlaser.com\/wp-content\/uploads\/2025\/10\/RTA10-FCD3-768x768.webp 768w, https:\/\/mountlaser.com\/wp-content\/uploads\/2025\/10\/RTA10-FCD3-12x12.webp 12w\" sizes=\"(max-width: 500px) 100vw, 500px\" \/><br \/>\nL\u00e0 m\u1ed9t ch\u00e2n m\u00e1y t\u1ef1 kh\u00f3a b\u1eb1ng nh\u00f4m cao c\u1ea5p, RTA10 t\u00edch h\u1ee3p c\u00e1c c\u01a1 ch\u1ebf kh\u00f3a ti\u00ean ti\u1ebfn \u0111\u1ea3m b\u1ea3o v\u1ecb tr\u00ed \u0111\u1eb7t thi\u1ebft b\u1ecb v\u1eefng ch\u1eafc trong su\u1ed1t c\u00e1c phi\u00ean \u0111o k\u00e9o d\u00e0i.<br \/>\nThi\u1ebft k\u1ebf s\u00e1ng t\u1ea1o c\u1ee7a s\u1ea3n ph\u1ea9m n\u00e0y <a href=\"https:\/\/mountlaser.com\/vi\/products\/\"><strong>ch\u00e2n m\u00e1y nh\u00f4m \u0111\u1ea7u ph\u1eb3ng<\/strong> <\/a>Ch\u00e2n m\u00e1y t\u1ef1 kh\u00f3a b\u1eb1ng nh\u00f4m n\u00e0y mang l\u1ea1i kh\u1ea3 n\u0103ng t\u01b0\u01a1ng th\u00edch v\u01b0\u1ee3t tr\u1ed9i v\u1edbi nhi\u1ec1u lo\u1ea1i thi\u1ebft b\u1ecb \u0111o \u0111\u1ea1c kh\u00e1c nhau, \u0111\u1ed3ng th\u1eddi v\u1eabn \u0111\u1ea3m b\u1ea3o t\u00ednh di \u0111\u1ed9ng m\u00e0 c\u00e1c k\u1ef9 thu\u1eadt vi\u00ean hi\u1ec7n tr\u01b0\u1eddng c\u1ea7n. \u0110\u01b0\u1ee3c thi\u1ebft k\u1ebf \u0111\u1ec3 b\u1ec1n b\u1ec9 v\u00e0 ti\u1ec7n l\u1ee3i cho ng\u01b0\u1eddi d\u00f9ng, ch\u00e2n m\u00e1y n\u00e0y th\u1ec3 hi\u1ec7n cam k\u1ebft c\u1ee7a Mountlaser trong vi\u1ec7c cung c\u1ea5p c\u00e1c gi\u1ea3i ph\u00e1p \u0111o \u0111\u1ea1c v\u01b0\u1ee3t tr\u1ed9i, gi\u00fap n\u00e2ng cao n\u0103ng su\u1ea5t v\u00e0 \u0111\u1ed9 ch\u00ednh x\u00e1c \u0111o l\u01b0\u1eddng trong m\u00f4i tr\u01b0\u1eddng l\u00e0m vi\u1ec7c \u0111\u1ea7y th\u00e1ch th\u1ee9c.<\/p>\n<p><img decoding=\"async\" class=\"aligncenter wp-image-3118\" src=\"https:\/\/mountlaser.com\/wp-content\/uploads\/2025\/10\/RTA10-FCD6.webp\" alt=\"Flat Head Aluminum Tripod\" width=\"500\" height=\"500\" srcset=\"https:\/\/mountlaser.com\/wp-content\/uploads\/2025\/10\/RTA10-FCD6.webp 1000w, https:\/\/mountlaser.com\/wp-content\/uploads\/2025\/10\/RTA10-FCD6-300x300.webp 300w, https:\/\/mountlaser.com\/wp-content\/uploads\/2025\/10\/RTA10-FCD6-400x400.webp 400w, https:\/\/mountlaser.com\/wp-content\/uploads\/2025\/10\/RTA10-FCD6-800x800.webp 800w, https:\/\/mountlaser.com\/wp-content\/uploads\/2025\/10\/RTA10-FCD6-600x600.webp 600w, https:\/\/mountlaser.com\/wp-content\/uploads\/2025\/10\/RTA10-FCD6-150x150.webp 150w, https:\/\/mountlaser.com\/wp-content\/uploads\/2025\/10\/RTA10-FCD6-768x768.webp 768w, https:\/\/mountlaser.com\/wp-content\/uploads\/2025\/10\/RTA10-FCD6-12x12.webp 12w\" sizes=\"(max-width: 500px) 100vw, 500px\" \/><\/p>\n<p>&nbsp;<\/p>\n<p><strong><a href=\"https:\/\/mountlaser.com\/vi\/contact-us\/\">Ch\u00e2n m\u00e1y \u1ea3nh nh\u00f4m cao c\u1ea5p T Series RTA10<\/a> Th\u00f4ng s\u1ed1 k\u1ef9 thu\u1eadt<\/strong><\/p>\n<table style=\"border-collapse: collapse; width: 622.52pt;\" border=\"0\" width=\"830\" cellspacing=\"0\" cellpadding=\"0\">\n<tbody>\n<tr style=\"height: 14.25pt;\">\n<td class=\"et2\" style=\"height: 14.25pt; width: 94.50pt;\" width=\"126\" height=\"19\">CON S\u1ed0<\/td>\n<td class=\"et2\" style=\"width: 97.50pt;\" width=\"130\">CH\u00c2N<\/td>\n<td class=\"et2\" style=\"width: 90.75pt;\" width=\"121\">C\u00c1I \u0110\u1ea6U<\/td>\n<td class=\"et2\" style=\"width: 100.50pt;\" width=\"134\">LO\u1ea0I KH\u00d3A<\/td>\n<td class=\"et2\" style=\"width: 99.00pt;\" width=\"132\">PH\u1ea6N C\u1ee8NG<\/td>\n<td class=\"et2\" style=\"width: 86.25pt;\" width=\"115\">S\u1ef0 M\u1ede R\u1ed8NG<\/td>\n<td class=\"et2\" style=\"width: 54.00pt;\" width=\"72\">T\u00e2y B\u1eafc<\/td>\n<\/tr>\n<tr style=\"height: 14.25pt;\">\n<td class=\"et2\" style=\"height: 14.25pt;\" height=\"19\">RTA10-FATYL<\/td>\n<td class=\"et2\">Nh\u00f4m<\/td>\n<td class=\"et2\">M\u1eb7t ph\u1eb3ng 140mm<\/td>\n<td class=\"et2\">K\u1eb9p xo\u1eafn<\/td>\n<td class=\"et2\">M\u00e0u v\u00e0ng<\/td>\n<td class=\"et2\">170cm<\/td>\n<td class=\"et2\">3,0 kg<\/td>\n<\/tr>\n<tr style=\"height: 14.25pt;\">\n<td class=\"et2\" style=\"height: 14.25pt;\" height=\"19\">RTA10-FADYL<\/td>\n<td class=\"et2\">Nh\u00f4m<\/td>\n<td class=\"et2\">M\u1eb7t ph\u1eb3ng 140mm<\/td>\n<td class=\"et2\">K\u1eb9p \u0111\u00f4i<\/td>\n<td class=\"et2\">M\u00e0u v\u00e0ng<\/td>\n<td class=\"et2\">165cm<\/td>\n<td class=\"et2\">3,6 kg<\/td>\n<\/tr>\n<\/tbody>\n<\/table>","protected":false},"excerpt":{"rendered":"<p>\u2022 C\u1ea5u tr\u00fac b\u1eb1ng nh\u00f4m cao c\u1ea5p d\u00f9ng trong ng\u00e0nh h\u00e0ng kh\u00f4ng: \u0110\u01b0\u1ee3c s\u1ea3n xu\u1ea5t t\u1eeb h\u1ee3p kim nh\u00f4m c\u01b0\u1eddng \u0111\u1ed9 cao, mang l\u1ea1i kh\u1ea3 n\u0103ng ch\u1ed1ng va \u0111\u1eadp v\u01b0\u1ee3t tr\u1ed9i.<br \/>\n\u2022 Nhi\u1ec1u t\u00f9y ch\u1ecdn k\u1eb9p: C\u00f3 s\u1eb5n c\u00e1c c\u1ea5u h\u00ecnh k\u1eb9p xoay, k\u1eb9p th\u00e1o nhanh ho\u1eb7c k\u1eb9p k\u00e9p.<br \/>\n\u2022 Th\u00f4ng s\u1ed1 k\u1ef9 thu\u1eadt t\u00f9y ch\u1ec9nh: Cung c\u1ea5p m\u00e0u s\u1eafc v\u00e0 chi\u1ec1u cao t\u00f9y ch\u1ec9nh theo y\u00eau c\u1ea7u \u0111\u1ec3 ph\u00f9 h\u1ee3p v\u1edbi c\u00e1c y\u00eau c\u1ea7u c\u1ee5 th\u1ec3 c\u1ee7a d\u1ef1 \u00e1n.<\/p>","protected":false},"featured_media":3117,"comment_status":"open","ping_status":"closed","template":"","meta":[],"product_brand":[],"product_cat":[91,111],"product_tag":[],"class_list":{"0":"post-3112","1":"product","2":"type-product","3":"status-publish","4":"has-post-thumbnail","6":"product_cat-bipod-tripod","7":"product_cat-aluminum-surveying-tripod","9":"first","10":"instock","11":"shipping-taxable","12":"product-type-simple"},"_links":{"self":[{"href":"https:\/\/mountlaser.com\/vi\/wp-json\/wp\/v2\/product\/3112","targetHints":{"allow":["GET"]}}],"collection":[{"href":"https:\/\/mountlaser.com\/vi\/wp-json\/wp\/v2\/product"}],"about":[{"href":"https:\/\/mountlaser.com\/vi\/wp-json\/wp\/v2\/types\/product"}],"replies":[{"embeddable":true,"href":"https:\/\/mountlaser.com\/vi\/wp-json\/wp\/v2\/comments?post=3112"}],"wp:featuredmedia":[{"embeddable":true,"href":"https:\/\/mountlaser.com\/vi\/wp-json\/wp\/v2\/media\/3117"}],"wp:attachment":[{"href":"https:\/\/mountlaser.com\/vi\/wp-json\/wp\/v2\/media?parent=3112"}],"wp:term":[{"taxonomy":"product_brand","embeddable":true,"href":"https:\/\/mountlaser.com\/vi\/wp-json\/wp\/v2\/product_brand?post=3112"},{"taxonomy":"product_cat","embeddable":true,"href":"https:\/\/mountlaser.com\/vi\/wp-json\/wp\/v2\/product_cat?post=3112"},{"taxonomy":"product_tag","embeddable":true,"href":"https:\/\/mountlaser.com\/vi\/wp-json\/wp\/v2\/product_tag?post=3112"}],"curies":[{"name":"trang web","href":"https:\/\/api.w.org\/{rel}","templated":true}]}}