{"id":3101,"date":"2025-10-31T08:52:31","date_gmt":"2025-10-31T08:52:31","guid":{"rendered":"https:\/\/mountlaser.com\/?post_type=product&#038;p=3101"},"modified":"2025-11-28T03:27:10","modified_gmt":"2025-11-28T03:27:10","slug":"rja10-aluminum-tripod","status":"publish","type":"product","link":"https:\/\/mountlaser.com\/vi\/san-pham\/rja10-aluminum-tripod\/","title":{"rendered":"Ch\u00e2n m\u00e1y \u1ea3nh nh\u00f4m RJA10"},"content":{"rendered":"<p>C\u00e1i<a href=\"https:\/\/mountlaser.com\/vi\/\"> <strong>Ch\u00e2n m\u00e1y \u1ea3nh nh\u00f4m RJA10<\/strong> <\/a>\u0111\u1ea1i di\u1ec7n cho gi\u1ea3i ph\u00e1p l\u00fd t\u01b0\u1edfng trong <a href=\"https:\/\/mountlaser.com\/vi\/about-us\/\"><strong>ch\u00e2n m\u00e1y nh\u00f4m lo\u1ea1i nh\u1eb9<\/strong> <\/a>c\u00e1c h\u1ec7 th\u1ed1ng \u0111\u01b0\u1ee3c thi\u1ebft k\u1ebf \u0111\u1eb7c bi\u1ec7t d\u00e0nh cho c\u00e1c chuy\u00ean gia kh\u1ea3o s\u00e1t c\u1ea7n h\u1ed7 tr\u1ee3 \u0111\u00e1ng tin c\u1eady cho c\u00e1c thi\u1ebft b\u1ecb \u0111o ch\u00ednh x\u00e1c c\u1ee7a h\u1ecd.<\/p>\n<p>Ch\u00e2n \u0111\u1ebf ba ch\u00e2n b\u1eb1ng nh\u00f4m \u0111a n\u0103ng n\u00e0y c\u00f3 ba c\u1ea5u h\u00ecnh kh\u00e1c nhau \u0111\u1ec3 \u0111\u00e1p \u1ee9ng c\u00e1c y\u00eau c\u1ea7u kh\u00e1c nhau t\u1ea1i c\u00f4ng tr\u01b0\u1eddng:<\/p>\n<figure id=\"attachment_3110\" aria-describedby=\"caption-attachment-3110\" style=\"width: 300px\" class=\"wp-caption aligncenter\"><img fetchpriority=\"high\" decoding=\"async\" class=\"wp-image-3110 size-medium\" src=\"https:\/\/mountlaser.com\/wp-content\/uploads\/2025\/10\/RJA10-FAT7-300x300.webp\" alt=\"Light-Duty Aluminum Tripod\" width=\"300\" height=\"300\" srcset=\"https:\/\/mountlaser.com\/wp-content\/uploads\/2025\/10\/RJA10-FAT7-300x300.webp 300w, https:\/\/mountlaser.com\/wp-content\/uploads\/2025\/10\/RJA10-FAT7-400x400.webp 400w, https:\/\/mountlaser.com\/wp-content\/uploads\/2025\/10\/RJA10-FAT7-800x800.webp 800w, https:\/\/mountlaser.com\/wp-content\/uploads\/2025\/10\/RJA10-FAT7-600x600.webp 600w, https:\/\/mountlaser.com\/wp-content\/uploads\/2025\/10\/RJA10-FAT7-150x150.webp 150w, https:\/\/mountlaser.com\/wp-content\/uploads\/2025\/10\/RJA10-FAT7-768x768.webp 768w, https:\/\/mountlaser.com\/wp-content\/uploads\/2025\/10\/RJA10-FAT7-12x12.webp 12w, https:\/\/mountlaser.com\/wp-content\/uploads\/2025\/10\/RJA10-FAT7.webp 1000w\" sizes=\"(max-width: 300px) 100vw, 300px\" \/><figcaption id=\"caption-attachment-3110\" class=\"wp-caption-text\">Ch\u00e2n m\u00e1y \u1ea3nh RJA10 b\u1eb1ng nh\u00f4m, \u0111\u1ea7u ph\u1eb3ng<\/figcaption><\/figure>\n<p>&nbsp;<\/p>\n<p>Ch\u00e2n m\u00e1y \u1ea3nh RJA10 \u0111\u1ea7u ph\u1eb3ng b\u1eb1ng nh\u00f4m, ch\u00e2n m\u00e1y \u1ea3nh RJA10 \u0111\u1ea7u v\u00f2m b\u1eb1ng nh\u00f4m v\u00e0 ch\u00e2n m\u00e1y \u1ea3nh RJA10 \u0111\u1ea7u tr\u00f2n l\u1edbn b\u1eb1ng nh\u00f4m.<\/p>\n<figure id=\"attachment_3109\" aria-describedby=\"caption-attachment-3109\" style=\"width: 300px\" class=\"wp-caption aligncenter\"><img decoding=\"async\" class=\"wp-image-3109 size-medium\" src=\"https:\/\/mountlaser.com\/wp-content\/uploads\/2025\/10\/RJA10-DAD8-300x300.webp\" alt=\"Light-Duty Aluminum Tripod\" width=\"300\" height=\"300\" srcset=\"https:\/\/mountlaser.com\/wp-content\/uploads\/2025\/10\/RJA10-DAD8-300x300.webp 300w, https:\/\/mountlaser.com\/wp-content\/uploads\/2025\/10\/RJA10-DAD8-400x400.webp 400w, https:\/\/mountlaser.com\/wp-content\/uploads\/2025\/10\/RJA10-DAD8-800x800.webp 800w, https:\/\/mountlaser.com\/wp-content\/uploads\/2025\/10\/RJA10-DAD8-600x600.webp 600w, https:\/\/mountlaser.com\/wp-content\/uploads\/2025\/10\/RJA10-DAD8-150x150.webp 150w, https:\/\/mountlaser.com\/wp-content\/uploads\/2025\/10\/RJA10-DAD8-768x768.webp 768w, https:\/\/mountlaser.com\/wp-content\/uploads\/2025\/10\/RJA10-DAD8-12x12.webp 12w, https:\/\/mountlaser.com\/wp-content\/uploads\/2025\/10\/RJA10-DAD8.webp 1000w\" sizes=\"(max-width: 300px) 100vw, 300px\" \/><figcaption id=\"caption-attachment-3109\" class=\"wp-caption-text\">Ch\u00e2n m\u00e1y \u1ea3nh RJA10 b\u1eb1ng nh\u00f4m v\u1edbi \u0111\u1ea7u v\u00f2m<\/figcaption><\/figure>\n<p>&nbsp;<\/p>\n<p>N\u1eb1m trong cam k\u1ebft cung c\u1ea5p c\u00e1c gi\u1ea3i ph\u00e1p linh ho\u1ea1t, m\u1ed7i ch\u00e2n m\u00e1y nh\u00f4m h\u1ea1ng nh\u1eb9 RJA10 \u0111\u1ec1u c\u00f3 hai t\u00f9y ch\u1ecdn c\u01a1 ch\u1ebf kh\u00f3a \u2013 k\u1eb9p xo\u1eafn truy\u1ec1n th\u1ed1ng \u0111\u1ec3 c\u1ed1 \u0111\u1ecbnh ch\u1eafc ch\u1eafn v\u00e0 h\u1ec7 th\u1ed1ng k\u1eb9p k\u00e9p c\u1ea3i ti\u1ebfn gi\u00fap \u0111i\u1ec1u ch\u1ec9nh nhanh ch\u00f3ng v\u00e0 t\u0103ng c\u01b0\u1eddng \u0111\u1ed9 \u1ed5n \u0111\u1ecbnh.<\/p>\n<figure id=\"attachment_3108\" aria-describedby=\"caption-attachment-3108\" style=\"width: 300px\" class=\"wp-caption aligncenter\"><img decoding=\"async\" class=\"wp-image-3108 size-medium\" src=\"https:\/\/mountlaser.com\/wp-content\/uploads\/2025\/10\/RJA10-BAT7-300x300.webp\" alt=\"Light-Duty Aluminum Tripod\" width=\"300\" height=\"300\" srcset=\"https:\/\/mountlaser.com\/wp-content\/uploads\/2025\/10\/RJA10-BAT7-300x300.webp 300w, https:\/\/mountlaser.com\/wp-content\/uploads\/2025\/10\/RJA10-BAT7-400x400.webp 400w, https:\/\/mountlaser.com\/wp-content\/uploads\/2025\/10\/RJA10-BAT7-800x800.webp 800w, https:\/\/mountlaser.com\/wp-content\/uploads\/2025\/10\/RJA10-BAT7-600x600.webp 600w, https:\/\/mountlaser.com\/wp-content\/uploads\/2025\/10\/RJA10-BAT7-150x150.webp 150w, https:\/\/mountlaser.com\/wp-content\/uploads\/2025\/10\/RJA10-BAT7-768x768.webp 768w, https:\/\/mountlaser.com\/wp-content\/uploads\/2025\/10\/RJA10-BAT7-12x12.webp 12w, https:\/\/mountlaser.com\/wp-content\/uploads\/2025\/10\/RJA10-BAT7.webp 1000w\" sizes=\"(max-width: 300px) 100vw, 300px\" \/><figcaption id=\"caption-attachment-3108\" class=\"wp-caption-text\">Ch\u00e2n m\u00e1y \u1ea3nh RJA10 b\u1eb1ng nh\u00f4m, \u0111\u1ea7u tr\u00f2n l\u1edbn.<\/figcaption><\/figure>\n<p>Ch\u00e2n m\u00e1y \u1ea3nh b\u1eb1ng nh\u00f4m n\u00e0y \u0111\u01b0\u1ee3c thi\u1ebft k\u1ebf ch\u00fa tr\u1ecdng c\u1ea3 hi\u1ec7u su\u1ea5t v\u00e0 s\u1ef1 ti\u1ec7n l\u1ee3i, tr\u1edf th\u00e0nh c\u00f4ng c\u1ee5 thi\u1ebft y\u1ebfu cho b\u1ea5t k\u1ef3 d\u1ef1 \u00e1n kh\u1ea3o s\u00e1t n\u00e0o.<\/p>\n<p><strong><a href=\"https:\/\/mountlaser.com\/vi\/products\/\">Ch\u00e2n m\u00e1y \u1ea3nh nh\u00f4m RJA10<\/a> Th\u00f4ng s\u1ed1 k\u1ef9 thu\u1eadt:<\/strong><\/p>\n<table style=\"border-collapse: collapse; width: 622.52pt;\" border=\"0\" width=\"830\" cellspacing=\"0\" cellpadding=\"0\">\n<tbody>\n<tr style=\"height: 14.25pt;\">\n<td class=\"et2\" style=\"height: 14.25pt; width: 94.50pt;\" width=\"126\" height=\"19\">CON S\u1ed0<\/td>\n<td class=\"et2\" style=\"width: 97.50pt;\" width=\"130\">CH\u00c2N<\/td>\n<td class=\"et2\" style=\"width: 90.75pt;\" width=\"121\">C\u00c1I \u0110\u1ea6U<\/td>\n<td class=\"et2\" style=\"width: 100.50pt;\" width=\"134\">LO\u1ea0I KH\u00d3A<\/td>\n<td class=\"et2\" style=\"width: 99.00pt;\" width=\"132\">PH\u1ea6N C\u1ee8NG<\/td>\n<td class=\"et2\" style=\"width: 86.25pt;\" width=\"115\">S\u1ef0 M\u1ede R\u1ed8NG<\/td>\n<td class=\"et2\" style=\"width: 54.00pt;\" width=\"72\">T\u00e2y B\u1eafc<\/td>\n<\/tr>\n<tr style=\"height: 14.25pt;\">\n<td class=\"et2\" style=\"height: 14.25pt;\" height=\"19\">RJA10-FATOR<\/td>\n<td class=\"et2\">Nh\u00f4m<\/td>\n<td class=\"et2\">M\u1eb7t ph\u1eb3ng 126mm<\/td>\n<td class=\"et2\">K\u1eb9p xo\u1eafn<\/td>\n<td class=\"et2\">Qu\u1ea3 cam<\/td>\n<td class=\"et2\">160cm<\/td>\n<td class=\"et2\">2,7 kg<\/td>\n<\/tr>\n<tr style=\"height: 14.25pt;\">\n<td class=\"et2\" style=\"height: 14.25pt;\" height=\"19\">RJA10-FADOR<\/td>\n<td class=\"et2\">Nh\u00f4m<\/td>\n<td class=\"et2\">M\u1eb7t ph\u1eb3ng 126mm<\/td>\n<td class=\"et2\">K\u1eb9p \u0111\u00f4i<\/td>\n<td class=\"et2\">Qu\u1ea3 cam<\/td>\n<td class=\"et2\">150cm<\/td>\n<td class=\"et2\">3,3 kg<\/td>\n<\/tr>\n<\/tbody>\n<\/table>","protected":false},"excerpt":{"rendered":"<p>\u2022 Kh\u1ea3 n\u0103ng t\u01b0\u01a1ng th\u00edch ph\u1ed5 qu\u00e1t: \u0110\u01b0\u1ee3c trang b\u1ecb bu l\u00f4ng c\u00e0ng nh\u00f4m 5\/8\u2033-11, \u0111\u1ea3m b\u1ea3o kh\u1ea3 n\u0103ng t\u01b0\u01a1ng th\u00edch v\u1edbi m\u00e1y th\u1ee7y b\u00ecnh t\u1ef1 \u0111\u1ed9ng, m\u00e1y laser xoay v\u00e0 c\u00e1c thi\u1ebft b\u1ecb \u0111o \u0111\u1ea1c kh\u00e1c.<br \/>\n\u2022 \u0110\u1ed9 b\u1ec1n \u0111\u01b0\u1ee3c n\u00e2ng cao: Kh\u1ea3 n\u0103ng ch\u1ed1ng va \u0111\u1eadp tuy\u1ec7t v\u1eddi \u0111\u1ea3m b\u1ea3o \u0111\u1ed9 tin c\u1eady l\u00e2u d\u00e0i trong \u0111i\u1ec1u ki\u1ec7n th\u1ef1c t\u1ebf.<br \/>\n\u2022 C\u00e2n b\u1eb1ng tr\u1ecdng l\u01b0\u1ee3ng t\u1ed1i \u01b0u: Thi\u1ebft k\u1ebf tr\u1ecdng l\u01b0\u1ee3ng v\u1eeba ph\u1ea3i gi\u00fap d\u1ec5 d\u00e0ng v\u1eadn chuy\u1ec3n \u0111\u1ed3ng th\u1eddi v\u1eabn \u0111\u1ea3m b\u1ea3o s\u1ef1 \u1ed5n \u0111\u1ecbnh trong qu\u00e1 tr\u00ecnh s\u1eed d\u1ee5ng.<\/p>","protected":false},"featured_media":3102,"comment_status":"open","ping_status":"closed","template":"","meta":[],"product_brand":[],"product_cat":[91,111],"product_tag":[],"class_list":{"0":"post-3101","1":"product","2":"type-product","3":"status-publish","4":"has-post-thumbnail","6":"product_cat-bipod-tripod","7":"product_cat-aluminum-surveying-tripod","9":"first","10":"instock","11":"shipping-taxable","12":"product-type-simple"},"_links":{"self":[{"href":"https:\/\/mountlaser.com\/vi\/wp-json\/wp\/v2\/product\/3101","targetHints":{"allow":["GET"]}}],"collection":[{"href":"https:\/\/mountlaser.com\/vi\/wp-json\/wp\/v2\/product"}],"about":[{"href":"https:\/\/mountlaser.com\/vi\/wp-json\/wp\/v2\/types\/product"}],"replies":[{"embeddable":true,"href":"https:\/\/mountlaser.com\/vi\/wp-json\/wp\/v2\/comments?post=3101"}],"wp:featuredmedia":[{"embeddable":true,"href":"https:\/\/mountlaser.com\/vi\/wp-json\/wp\/v2\/media\/3102"}],"wp:attachment":[{"href":"https:\/\/mountlaser.com\/vi\/wp-json\/wp\/v2\/media?parent=3101"}],"wp:term":[{"taxonomy":"product_brand","embeddable":true,"href":"https:\/\/mountlaser.com\/vi\/wp-json\/wp\/v2\/product_brand?post=3101"},{"taxonomy":"product_cat","embeddable":true,"href":"https:\/\/mountlaser.com\/vi\/wp-json\/wp\/v2\/product_cat?post=3101"},{"taxonomy":"product_tag","embeddable":true,"href":"https:\/\/mountlaser.com\/vi\/wp-json\/wp\/v2\/product_tag?post=3101"}],"curies":[{"name":"trang web","href":"https:\/\/api.w.org\/{rel}","templated":true}]}}