{"id":3088,"date":"2025-10-31T07:44:32","date_gmt":"2025-10-31T07:44:32","guid":{"rendered":"https:\/\/mountlaser.com\/?post_type=product&#038;p=3088"},"modified":"2025-11-28T03:28:07","modified_gmt":"2025-11-28T03:28:07","slug":"rt105-reflective-target","status":"publish","type":"product","link":"https:\/\/mountlaser.com\/vi\/san-pham\/rt105-reflective-target\/","title":{"rendered":"M\u1ee5c ti\u00eau ph\u1ea3n quang RT105"},"content":{"rendered":"<p>C\u00e1i <a href=\"https:\/\/mountlaser.com\/vi\/\"><strong>T\u1ea5m m\u1ee5c ti\u00eau ph\u1ea3n quang RT105<\/strong><\/a> T\u1eeb Mount Laser l\u00e0 m\u1ed9t chuy\u00ean gia <a href=\"https:\/\/mountlaser.com\/vi\/products\/\"><strong>B\u1ea3ng m\u1ee5c ti\u00eau m\u00e1y to\u00e0n \u0111\u1ea1c<\/strong><\/a> \u0110\u01b0\u1ee3c thi\u1ebft k\u1ebf \u0111\u1ec3 mang l\u1ea1i hi\u1ec7u su\u1ea5t \u0111o l\u01b0\u1eddng v\u00e0 c\u0103n ch\u1ec9nh laser ch\u00ednh x\u00e1c cao. \u0110\u01b0\u1ee3c ch\u1ebf t\u1ea1o b\u1eb1ng v\u1eadt li\u1ec7u ph\u1ea3n quang 3M ch\u00ednh h\u00e3ng v\u00e0 th\u00e2n b\u1eb1ng nylon c\u01b0\u1eddng \u0111\u1ed9 cao, m\u1eabu s\u1ea3n ph\u1ea9m n\u00e0y \u0111\u1ea3m b\u1ea3o kh\u1ea3 n\u0103ng ph\u1ea3n x\u1ea1 \u0111\u00e1ng tin c\u1eady, \u0111\u1ed9 b\u1ec1n v\u01b0\u1ee3t tr\u1ed9i v\u00e0 tu\u1ed5i th\u1ecd cao trong \u0111i\u1ec1u ki\u1ec7n l\u00e0m vi\u1ec7c kh\u1eafc nghi\u1ec7t.<\/p>\n<p>V\u1edbi b\u1ec1 m\u1eb7t ph\u1ea3n quang \u0111\u01b0\u1eddng k\u00ednh 60mm, t\u1ea5m m\u1ee5c ti\u00eau ph\u1ea3n quang RT105 cung c\u1ea5p kh\u1ea3 n\u0103ng hi\u1ec3n th\u1ecb r\u00f5 n\u00e9t, \u0111\u1ed9 t\u01b0\u01a1ng ph\u1ea3n cao \u0111\u1ec3 nh\u1eafm m\u1ee5c ti\u00eau ch\u00ednh x\u00e1c v\u00e0 thu t\u00edn hi\u1ec7u nhanh ch\u00f3ng. H\u1ec7 th\u1ed1ng g\u1eafn k\u1ebft th\u00e1o l\u1eafp nhanh cho ph\u00e9p l\u1eafp \u0111\u1eb7t v\u00e0 th\u00e1o g\u1ee1 nhanh ch\u00f3ng, r\u1ea5t hi\u1ec7u qu\u1ea3 cho ng\u01b0\u1eddi d\u00f9ng th\u01b0\u1eddng xuy\u00ean di chuy\u1ec3n t\u1ea5m m\u1ee5c ti\u00eau m\u00e1y to\u00e0n \u0111\u1ea1c trong c\u00e1c m\u00f4i tr\u01b0\u1eddng l\u00e0m vi\u1ec7c kh\u00e1c nhau.<\/p>\n<p>\u0110\u01b0\u1ee3c thi\u1ebft k\u1ebf cho c\u00e1c \u1ee9ng d\u1ee5ng x\u00e2y d\u1ef1ng, kh\u1ea3o s\u00e1t v\u00e0 c\u00f4ng nghi\u1ec7p, t\u1ea5m ph\u1ea3n quang RT105 \u0111\u1ea3m b\u1ea3o hi\u1ec7u su\u1ea5t \u1ed5n \u0111\u1ecbnh ngay c\u1ea3 trong \u0111i\u1ec1u ki\u1ec7n ngo\u00e0i tr\u1eddi kh\u1eafc nghi\u1ec7t. S\u1ef1 k\u1ebft h\u1ee3p gi\u1eefa c\u00f4ng ngh\u1ec7 ph\u1ea3n quang 3M v\u00e0 v\u1ecf nylon ch\u1eafc ch\u1eafn \u0111\u1ea3m b\u1ea3o \u0111\u1ed9 ch\u00ednh x\u00e1c t\u1ed1i \u01b0u trong vi\u1ec7c c\u0103n ch\u1ec9nh v\u00e0 \u0111o l\u01b0\u1eddng.<\/p>\n<p><img fetchpriority=\"high\" decoding=\"async\" class=\"aligncenter wp-image-3093\" src=\"https:\/\/mountlaser.com\/wp-content\/uploads\/2025\/10\/1-6RT1055.webp\" alt=\"RT105 Total Station Target Sheet\" width=\"500\" height=\"500\" srcset=\"https:\/\/mountlaser.com\/wp-content\/uploads\/2025\/10\/1-6RT1055.webp 1000w, https:\/\/mountlaser.com\/wp-content\/uploads\/2025\/10\/1-6RT1055-300x300.webp 300w, https:\/\/mountlaser.com\/wp-content\/uploads\/2025\/10\/1-6RT1055-400x400.webp 400w, https:\/\/mountlaser.com\/wp-content\/uploads\/2025\/10\/1-6RT1055-800x800.webp 800w, https:\/\/mountlaser.com\/wp-content\/uploads\/2025\/10\/1-6RT1055-600x600.webp 600w, https:\/\/mountlaser.com\/wp-content\/uploads\/2025\/10\/1-6RT1055-150x150.webp 150w, https:\/\/mountlaser.com\/wp-content\/uploads\/2025\/10\/1-6RT1055-768x768.webp 768w, https:\/\/mountlaser.com\/wp-content\/uploads\/2025\/10\/1-6RT1055-12x12.webp 12w\" sizes=\"(max-width: 500px) 100vw, 500px\" \/><\/p>\n<p>Mount Laser&#039;s <a href=\"https:\/\/mountlaser.com\/vi\/about-us\/\">T\u1ea5m m\u1ee5c ti\u00eau ph\u1ea3n quang RT105<\/a> S\u1ea3n ph\u1ea9m k\u1ebft h\u1ee3p \u0111\u1ed9 ch\u00ednh x\u00e1c ph\u1ea3n quang 3M v\u1edbi c\u1ea5u tr\u00fac nylon nh\u1eb9, d\u1ec5 th\u00e1o l\u1eafp \u0111\u1ec3 t\u1ea1o ra m\u1ed9t t\u1ea5m l\u00f3t m\u1ee5c ti\u00eau \u0111\u00e1ng tin c\u1eady cho m\u00e1y to\u00e0n \u0111\u1ea1c. \u0110\u01b0\u1ee3c thi\u1ebft k\u1ebf d\u00e0nh cho c\u00e1c chuy\u00ean gia coi tr\u1ecdng t\u1ed1c \u0111\u1ed9, \u0111\u1ed9 b\u1ec1n v\u00e0 \u0111\u1ed9 ch\u00ednh x\u00e1c, s\u1ea3n ph\u1ea9m mang l\u1ea1i hi\u1ec7u su\u1ea5t \u1ed5n \u0111\u1ecbnh v\u00e0 hi\u1ec7u qu\u1ea3 trong t\u1ea5t c\u1ea3 c\u00e1c \u1ee9ng d\u1ee5ng \u0111o l\u01b0\u1eddng.<\/p>","protected":false},"excerpt":{"rendered":"<ul>\n<li>Hi\u1ec7u su\u1ea5t cao<\/li>\n<li>Ph\u1ea3n h\u1ed3i t\u00edn hi\u1ec7u v\u01b0\u1ee3t tr\u1ed9i<\/li>\n<li>Thi\u1ebft k\u1ebf th\u00e1o l\u1eafp nhanh<\/li>\n<li>B\u1ea3ng tra c\u1ee9u l\u00fd t\u01b0\u1edfng cho m\u00e1y to\u00e0n \u0111\u1ea1c \u0111i\u1ec7n t\u1eed, d\u00f9ng trong x\u00e2y d\u1ef1ng, kh\u1ea3o s\u00e1t v\u00e0 \u0111\u1ecbnh tuy\u1ebfn.<\/li>\n<\/ul>","protected":false},"featured_media":3091,"comment_status":"open","ping_status":"closed","template":"","meta":[],"product_brand":[],"product_cat":[72,104],"product_tag":[],"class_list":{"0":"post-3088","1":"product","2":"type-product","3":"status-publish","4":"has-post-thumbnail","6":"product_cat-reflective-target-prism","7":"product_cat-reflective-target","9":"first","10":"instock","11":"shipping-taxable","12":"product-type-simple"},"_links":{"self":[{"href":"https:\/\/mountlaser.com\/vi\/wp-json\/wp\/v2\/product\/3088","targetHints":{"allow":["GET"]}}],"collection":[{"href":"https:\/\/mountlaser.com\/vi\/wp-json\/wp\/v2\/product"}],"about":[{"href":"https:\/\/mountlaser.com\/vi\/wp-json\/wp\/v2\/types\/product"}],"replies":[{"embeddable":true,"href":"https:\/\/mountlaser.com\/vi\/wp-json\/wp\/v2\/comments?post=3088"}],"wp:featuredmedia":[{"embeddable":true,"href":"https:\/\/mountlaser.com\/vi\/wp-json\/wp\/v2\/media\/3091"}],"wp:attachment":[{"href":"https:\/\/mountlaser.com\/vi\/wp-json\/wp\/v2\/media?parent=3088"}],"wp:term":[{"taxonomy":"product_brand","embeddable":true,"href":"https:\/\/mountlaser.com\/vi\/wp-json\/wp\/v2\/product_brand?post=3088"},{"taxonomy":"product_cat","embeddable":true,"href":"https:\/\/mountlaser.com\/vi\/wp-json\/wp\/v2\/product_cat?post=3088"},{"taxonomy":"product_tag","embeddable":true,"href":"https:\/\/mountlaser.com\/vi\/wp-json\/wp\/v2\/product_tag?post=3088"}],"curies":[{"name":"trang web","href":"https:\/\/api.w.org\/{rel}","templated":true}]}}