{"id":3077,"date":"2025-10-31T07:29:54","date_gmt":"2025-10-31T07:29:54","guid":{"rendered":"https:\/\/mountlaser.com\/?post_type=product&#038;p=3077"},"modified":"2025-11-28T03:29:48","modified_gmt":"2025-11-28T03:29:48","slug":"rt104-reflective-target","status":"publish","type":"product","link":"https:\/\/mountlaser.com\/vi\/san-pham\/rt104-reflective-target\/","title":{"rendered":"M\u1ee5c ti\u00eau ph\u1ea3n quang RT104"},"content":{"rendered":"<p>T\u1ea5m bia ph\u1ea3n quang RT104 \u2013 T\u1ea5m bia nh\u00f4m ch\u00ednh x\u00e1c cho m\u00e1y to\u00e0n \u0111\u1ea1c \u0111i\u1ec7n t\u1eed<\/p>\n<p>C\u00e1i <a href=\"https:\/\/mountlaser.com\/vi\/\"><strong>M\u1ee5c ti\u00eau ph\u1ea3n quang RT104<\/strong><\/a> T\u1ea5m \u0111\u1ecbnh v\u1ecb tr\u1ea1m to\u00e0n \u0111\u1ea1c \u0111i\u1ec7n t\u1eed chuy\u00ean nghi\u1ec7p c\u1ee7a Mount Laser \u0111\u01b0\u1ee3c thi\u1ebft k\u1ebf cho c\u00e1c \u1ee9ng d\u1ee5ng \u0111o l\u01b0\u1eddng, c\u0103n ch\u1ec9nh v\u00e0 kh\u1ea3o s\u00e1t b\u1eb1ng laser v\u1edbi \u0111\u1ed9 ch\u00ednh x\u00e1c cao. \u0110\u01b0\u1ee3c thi\u1ebft k\u1ebf v\u1edbi v\u1eadt li\u1ec7u ph\u1ea3n quang 3M cao c\u1ea5p, n\u00f3 \u0111\u1ea3m b\u1ea3o kh\u1ea3 n\u0103ng ph\u1ea3n x\u1ea1 v\u01b0\u1ee3t tr\u1ed9i v\u00e0 t\u00edn hi\u1ec7u ph\u1ea3n h\u1ed3i \u0111\u00e1ng tin c\u1eady ngay c\u1ea3 trong \u0111i\u1ec1u ki\u1ec7n \u00e1nh s\u00e1ng kh\u00f3 kh\u0103n ho\u1eb7c kho\u1ea3ng c\u00e1ch xa.<\/p>\n<p>\u0110\u01b0\u1ee3c ch\u1ebf t\u1ea1o t\u1eeb nh\u00f4m b\u1ec1n ch\u1eafc, <a href=\"https:\/\/mountlaser.com\/vi\/products\/\"><strong>b\u1ea3ng m\u1ee5c ti\u00eau m\u00e1y to\u00e0n \u0111\u1ea1c<\/strong> <\/a>S\u1ea3n ph\u1ea9m c\u00f3 \u0111\u1ed9 \u1ed5n \u0111\u1ecbnh v\u00e0 kh\u1ea3 n\u0103ng ch\u1ed1ng va \u0111\u1eadp tuy\u1ec7t v\u1eddi, l\u00fd t\u01b0\u1edfng cho vi\u1ec7c s\u1eed d\u1ee5ng ngo\u00e0i tr\u1eddi. B\u1ec1 m\u1eb7t ph\u1ea3n quang 60\u00d760mm cung c\u1ea5p \u0111i\u1ec3m tham chi\u1ebfu r\u00f5 r\u00e0ng, c\u00f3 \u0111\u1ed9 hi\u1ec3n th\u1ecb cao, trong khi ng\u00e0m ren 5\/8\u2033-11 cho ph\u00e9p d\u1ec5 d\u00e0ng l\u1eafp \u0111\u1eb7t tr\u00ean gi\u00e1 ba ch\u00e2n, c\u1ed9t ho\u1eb7c c\u00e1c thi\u1ebft b\u1ecb ti\u00eau chu\u1ea9n kh\u00e1c.<\/p>\n<p>L\u00e0 m\u1ed9t t\u1ea5m m\u1ee5c ti\u00eau \u0111o \u0111\u1ea1c \u0111\u00e1ng tin c\u1eady cho m\u00e1y to\u00e0n \u0111\u1ea1c \u0111i\u1ec7n t\u1eed, m\u1eabu m\u00e1y n\u00e0y n\u00e2ng cao \u0111\u1ed9 ch\u00ednh x\u00e1c v\u00e0 t\u00ednh l\u1eb7p l\u1ea1i trong qu\u00e1 tr\u00ecnh \u0111o, \u0111\u1ea3m b\u1ea3o k\u1ebft qu\u1ea3 nh\u1ea5t qu\u00e1n cho c\u00e1c k\u1ef9 s\u01b0 v\u00e0 ng\u01b0\u1eddi kh\u1ea3o s\u00e1t. Cho d\u00f9 \u0111\u01b0\u1ee3c s\u1eed d\u1ee5ng trong b\u1ed1 tr\u00ed c\u00f4ng tr\u00ecnh, \u0111\u1ecbnh tuy\u1ebfn c\u00f4ng nghi\u1ec7p hay kh\u1ea3o s\u00e1t tr\u1eafc \u0111\u1ecba, RT104 \u0111\u1ec1u mang l\u1ea1i hi\u1ec7u su\u1ea5t l\u00e2u d\u00e0i v\u00e0 \u0111\u1ed9 ch\u00ednh x\u00e1c v\u01b0\u1ee3t tr\u1ed9i.<\/p>\n<p><img fetchpriority=\"high\" decoding=\"async\" class=\"aligncenter wp-image-3082\" src=\"https:\/\/mountlaser.com\/wp-content\/uploads\/2025\/10\/1-5RT1044.webp\" alt=\"RT104 Reflective target\" width=\"500\" height=\"500\" srcset=\"https:\/\/mountlaser.com\/wp-content\/uploads\/2025\/10\/1-5RT1044.webp 1000w, https:\/\/mountlaser.com\/wp-content\/uploads\/2025\/10\/1-5RT1044-300x300.webp 300w, https:\/\/mountlaser.com\/wp-content\/uploads\/2025\/10\/1-5RT1044-400x400.webp 400w, https:\/\/mountlaser.com\/wp-content\/uploads\/2025\/10\/1-5RT1044-800x800.webp 800w, https:\/\/mountlaser.com\/wp-content\/uploads\/2025\/10\/1-5RT1044-600x600.webp 600w, https:\/\/mountlaser.com\/wp-content\/uploads\/2025\/10\/1-5RT1044-150x150.webp 150w, https:\/\/mountlaser.com\/wp-content\/uploads\/2025\/10\/1-5RT1044-768x768.webp 768w, https:\/\/mountlaser.com\/wp-content\/uploads\/2025\/10\/1-5RT1044-12x12.webp 12w\" sizes=\"(max-width: 500px) 100vw, 500px\" \/><\/p>\n<p>Mount Laser&#039;s <a href=\"https:\/\/mountlaser.com\/vi\/contact-us\/\">M\u1ee5c ti\u00eau ph\u1ea3n quang RT104<\/a> S\u1ea3n ph\u1ea9m k\u1ebft h\u1ee3p kh\u1ea3 n\u0103ng ph\u1ea3n quang 3M v\u1edbi thi\u1ebft k\u1ebf nh\u00f4m b\u1ec1n ch\u1eafc \u0111\u1ec3 t\u1ea1o ra m\u1ed9t t\u1ea5m bia \u0111o \u0111\u1ea1c \u0111\u00e1ng tin c\u1eady cho m\u00e1y to\u00e0n \u0111\u1ea1c \u0111i\u1ec7n t\u1eed. \u0110\u01b0\u1ee3c ch\u1ebf t\u1ea1o \u0111\u1ec3 \u0111\u1ea1t \u0111\u1ed9 ch\u00ednh x\u00e1c, \u1ed5n \u0111\u1ecbnh v\u00e0 tu\u1ed5i th\u1ecd cao, \u0111\u00e2y l\u00e0 l\u1ef1a ch\u1ecdn \u0111\u00e1ng tin c\u1eady cho c\u00e1c chuy\u00ean gia coi tr\u1ecdng \u0111\u1ed9 ch\u00ednh x\u00e1c trong m\u1ecdi ph\u00e9p \u0111o.<\/p>","protected":false},"excerpt":{"rendered":"<ul>\n<li>T\u1ea5m bia ph\u1ea3n x\u1ea1 RT104 \u0111\u1ed9 ch\u00ednh x\u00e1c cao d\u00e0nh cho h\u1ec7 th\u1ed1ng to\u00e0n \u0111\u1ea1c \u0111i\u1ec7n t\u1eed.<\/li>\n<li>T\u01b0\u01a1ng th\u00edch v\u1edbi ch\u00e2n m\u00e1y v\u00e0 g\u1eady ch\u1ed1ng<\/li>\n<li>B\u1ea3ng m\u1ee5c ti\u00eau l\u00fd t\u01b0\u1edfng cho m\u00e1y to\u00e0n \u0111\u1ea1c \u0111i\u1ec7n t\u1eed d\u00f9ng trong kh\u1ea3o s\u00e1t v\u00e0 \u0111\u1ecbnh tuy\u1ebfn.<\/li>\n<\/ul>","protected":false},"featured_media":3079,"comment_status":"open","ping_status":"closed","template":"","meta":[],"product_brand":[],"product_cat":[104,72],"product_tag":[],"class_list":{"0":"post-3077","1":"product","2":"type-product","3":"status-publish","4":"has-post-thumbnail","6":"product_cat-reflective-target","7":"product_cat-reflective-target-prism","9":"first","10":"instock","11":"shipping-taxable","12":"product-type-simple"},"_links":{"self":[{"href":"https:\/\/mountlaser.com\/vi\/wp-json\/wp\/v2\/product\/3077","targetHints":{"allow":["GET"]}}],"collection":[{"href":"https:\/\/mountlaser.com\/vi\/wp-json\/wp\/v2\/product"}],"about":[{"href":"https:\/\/mountlaser.com\/vi\/wp-json\/wp\/v2\/types\/product"}],"replies":[{"embeddable":true,"href":"https:\/\/mountlaser.com\/vi\/wp-json\/wp\/v2\/comments?post=3077"}],"wp:featuredmedia":[{"embeddable":true,"href":"https:\/\/mountlaser.com\/vi\/wp-json\/wp\/v2\/media\/3079"}],"wp:attachment":[{"href":"https:\/\/mountlaser.com\/vi\/wp-json\/wp\/v2\/media?parent=3077"}],"wp:term":[{"taxonomy":"product_brand","embeddable":true,"href":"https:\/\/mountlaser.com\/vi\/wp-json\/wp\/v2\/product_brand?post=3077"},{"taxonomy":"product_cat","embeddable":true,"href":"https:\/\/mountlaser.com\/vi\/wp-json\/wp\/v2\/product_cat?post=3077"},{"taxonomy":"product_tag","embeddable":true,"href":"https:\/\/mountlaser.com\/vi\/wp-json\/wp\/v2\/product_tag?post=3077"}],"curies":[{"name":"trang web","href":"https:\/\/api.w.org\/{rel}","templated":true}]}}