{"id":3055,"date":"2025-10-31T06:15:20","date_gmt":"2025-10-31T06:15:20","guid":{"rendered":"https:\/\/mountlaser.com\/?post_type=product&#038;p=3055"},"modified":"2025-11-28T03:30:54","modified_gmt":"2025-11-28T03:30:54","slug":"rt102-103-reflective-target","status":"publish","type":"product","link":"https:\/\/mountlaser.com\/vi\/san-pham\/rt102-103-reflective-target\/","title":{"rendered":"M\u1ee5c ti\u00eau ph\u1ea3n quang RT102\/103"},"content":{"rendered":"<p>T\u1ea5m bia ph\u1ea3n quang RT102 \/ RT103 k\u00e8m gi\u00e1 \u0111\u1ee1 \u2013 C\u0103n ch\u1ec9nh ch\u00ednh x\u00e1c, \u0111\u1ed9 b\u1ec1n cao.<\/p>\n<p>RT102 \/ RT103 <a href=\"https:\/\/mountlaser.com\/vi\/\"><strong>T\u1ea5m ph\u1ea3n quang m\u1ee5c ti\u00eau k\u00e8m gi\u00e1 \u0111\u1ee1<\/strong> <\/a>D\u00f2ng s\u1ea3n ph\u1ea9m c\u1ee7a Mount Laser mang \u0111\u1ebfn \u0111\u1ed9 ch\u00ednh x\u00e1c v\u00e0 \u0111\u1ed9 b\u1ec1n chuy\u00ean nghi\u1ec7p cho c\u00e1c \u1ee9ng d\u1ee5ng c\u0103n ch\u1ec9nh laser, kh\u1ea3o s\u00e1t v\u00e0 \u0111o l\u01b0\u1eddng. \u0110\u01b0\u1ee3c l\u00e0m b\u1eb1ng v\u1eadt li\u1ec7u ph\u1ea3n quang 3M ch\u1ea5t l\u01b0\u1ee3ng cao v\u00e0 v\u1ecf nylon c\u01b0\u1eddng \u0111\u1ed9 cao, c\u00e1c m\u1ee5c ti\u00eau n\u00e0y \u0111\u01b0\u1ee3c thi\u1ebft k\u1ebf \u0111\u1ec3 ho\u1ea1t \u0111\u1ed9ng \u1ed5n \u0111\u1ecbnh trong m\u1ecdi \u0111i\u1ec1u ki\u1ec7n l\u00e0m vi\u1ec7c.<\/p>\n<p>T\u1ea5m ph\u1ea3n quang RT102 k\u00e8m gi\u00e1 \u0111\u1ee1 c\u00f3 b\u1ec1 m\u1eb7t ph\u1ea3n quang m\u00e0u tr\u1eafng v\u00e0 \u0111\u01b0\u1eddng k\u00ednh m\u1ee5c ti\u00eau 50mm, cung c\u1ea5p h\u00ecnh \u1ea3nh ph\u1ea3n chi\u1ebfu r\u00f5 n\u00e9t cho c\u00e1c \u1ee9ng d\u1ee5ng laser t\u1ea7m ng\u1eafn \u0111\u1ebfn t\u1ea7m trung. S\u1ea3n ph\u1ea9m c\u00f3 ba t\u00f9y ch\u1ecdn l\u1eafp \u0111\u1eb7t \u2014 5\/8\u2033-11, 3\/8\u2033-19 v\u00e0 M8 \u2014 \u0111\u1ec3 ph\u00f9 h\u1ee3p v\u1edbi c\u00e1c lo\u1ea1i ch\u00e2n m\u00e1y v\u00e0 thi\u1ebft l\u1eadp \u0111o kh\u00e1c nhau.<\/p>\n<p>T\u1ea5m bia ph\u1ea3n quang RT103 k\u00e8m gi\u00e1 \u0111\u1ee1 c\u00f3 b\u1ec1 m\u1eb7t ph\u1ea3n quang m\u00e0u v\u00e0ng v\u1edbi \u0111\u01b0\u1eddng k\u00ednh bia 60mm, gi\u00fap t\u0103ng c\u01b0\u1eddng kh\u1ea3 n\u0103ng hi\u1ec3n th\u1ecb trong nhi\u1ec1u \u0111i\u1ec1u ki\u1ec7n \u00e1nh s\u00e1ng kh\u00e1c nhau. S\u1ea3n ph\u1ea9m bao g\u1ed3m c\u00e1c m\u1eabu c\u00f3 \u0111\u1ebf tr\u00f2n (ki\u1ec3u Th\u1ee5y S\u0129) v\u00e0 c\u00e1c bi\u1ebfn th\u1ec3 l\u1eafp \u0111\u1eb7t t\u01b0\u01a1ng t\u1ef1 \u0111\u1ec3 d\u1ec5 d\u00e0ng th\u00edch \u1ee9ng t\u1ea1i hi\u1ec7n tr\u01b0\u1eddng.<\/p>\n<p>M\u1ed7i <a href=\"https:\/\/mountlaser.com\/vi\/products\/\"><strong>T\u1ea5m bia ph\u1ea3n quang c\u00f3 in h\u00ecnh ch\u1eef th\u1eadp.<\/strong><\/a> \u0110\u1ea3m b\u1ea3o kh\u1ea3 n\u0103ng ng\u1eafm b\u1eafn laser ch\u00ednh x\u00e1c, cho ph\u00e9p nh\u1eafm m\u1ee5c ti\u00eau ch\u00ednh x\u00e1c v\u00e0o t\u00e2m v\u00e0 n\u00e2ng cao hi\u1ec7u qu\u1ea3 \u0111o l\u01b0\u1eddng. S\u1ef1 k\u1ebft h\u1ee3p gi\u1eefa c\u00f4ng ngh\u1ec7 ph\u1ea3n quang 3M v\u00e0 c\u1ea5u tr\u00fac nylon ch\u1eafc ch\u1eafn gi\u00fap c\u00e1c m\u1ee5c ti\u00eau n\u00e0y \u0111\u00e1ng tin c\u1eady trong c\u1ea3 m\u00f4i tr\u01b0\u1eddng trong nh\u00e0 v\u00e0 ngo\u00e0i tr\u1eddi.<\/p>\n<p><img fetchpriority=\"high\" decoding=\"async\" class=\"aligncenter wp-image-3063\" src=\"https:\/\/mountlaser.com\/wp-content\/uploads\/2025\/10\/1-3RT1026.webp\" alt=\"rt102 Reflective Target sheet with holder\" width=\"500\" height=\"500\" srcset=\"https:\/\/mountlaser.com\/wp-content\/uploads\/2025\/10\/1-3RT1026.webp 1000w, https:\/\/mountlaser.com\/wp-content\/uploads\/2025\/10\/1-3RT1026-300x300.webp 300w, https:\/\/mountlaser.com\/wp-content\/uploads\/2025\/10\/1-3RT1026-400x400.webp 400w, https:\/\/mountlaser.com\/wp-content\/uploads\/2025\/10\/1-3RT1026-800x800.webp 800w, https:\/\/mountlaser.com\/wp-content\/uploads\/2025\/10\/1-3RT1026-600x600.webp 600w, https:\/\/mountlaser.com\/wp-content\/uploads\/2025\/10\/1-3RT1026-150x150.webp 150w, https:\/\/mountlaser.com\/wp-content\/uploads\/2025\/10\/1-3RT1026-768x768.webp 768w, https:\/\/mountlaser.com\/wp-content\/uploads\/2025\/10\/1-3RT1026-12x12.webp 12w\" sizes=\"(max-width: 500px) 100vw, 500px\" \/><\/p>\n<p>RT102 \/ RT103 c\u1ee7a Mount Laser<a href=\"https:\/\/mountlaser.com\/vi\/contact-us\/\"> T\u1ea5m ph\u1ea3n quang m\u1ee5c ti\u00eau k\u00e8m gi\u00e1 \u0111\u1ee1<\/a> S\u1ea3n ph\u1ea9m k\u1ebft h\u1ee3p \u0111\u1ed9 ph\u1ea3n quang ch\u00ednh x\u00e1c c\u1ee7a 3M v\u1edbi thi\u1ebft k\u1ebf nylon b\u1ec1n ch\u1eafc, mang l\u1ea1i kh\u1ea3 n\u0103ng quan s\u00e1t r\u00f5 r\u00e0ng v\u00e0 c\u0103n ch\u1ec9nh ch\u00ednh x\u00e1c. T\u1ea5m bia ph\u1ea3n quang v\u1edbi \u0111\u01b0\u1eddng k\u1ebb ch\u1eef th\u1eadp in s\u1eb5n \u0111\u1ea3m b\u1ea3o \u0111o l\u01b0\u1eddng ch\u00ednh x\u00e1c \u1edf c\u00e1c kho\u1ea3ng c\u00e1ch v\u00e0 m\u00f4i tr\u01b0\u1eddng kh\u00e1c nhau \u2014 m\u1ed9t l\u1ef1a ch\u1ecdn \u0111\u00e1ng tin c\u1eady cho c\u00e1c chuy\u00ean gia \u0111\u00f2i h\u1ecfi \u0111\u1ed9 ch\u00ednh x\u00e1c v\u00e0 \u0111\u1ed9 b\u1ec1n cao.<\/p>","protected":false},"excerpt":{"rendered":"<ul>\n<li>T\u1ea5m bia ph\u1ea3n quang chuy\u00ean nghi\u1ec7p k\u00e8m gi\u00e1 \u0111\u1ee1, \u0111\u01b0\u1ee3c l\u00e0m t\u1eeb ch\u1ea5t li\u1ec7u ph\u1ea3n quang 3M.<\/li>\n<li>C\u00f3 s\u1eb5n v\u1edbi b\u1ec1 m\u1eb7t ph\u1ea3n quang m\u00e0u tr\u1eafng (RT102) v\u00e0 m\u00e0u v\u00e0ng (RT103).<\/li>\n<li>T\u1ea5m m\u1ee5c ti\u00eau ph\u1ea3n quang c\u00f3 in h\u00ecnh ch\u1eef th\u1eadp \u0111\u1ec3 c\u0103n ch\u1ec9nh laser ch\u00ednh x\u00e1c.<\/li>\n<\/ul>","protected":false},"featured_media":3057,"comment_status":"open","ping_status":"closed","template":"","meta":[],"product_brand":[],"product_cat":[72,104],"product_tag":[],"class_list":{"0":"post-3055","1":"product","2":"type-product","3":"status-publish","4":"has-post-thumbnail","6":"product_cat-reflective-target-prism","7":"product_cat-reflective-target","9":"first","10":"instock","11":"shipping-taxable","12":"product-type-simple"},"_links":{"self":[{"href":"https:\/\/mountlaser.com\/vi\/wp-json\/wp\/v2\/product\/3055","targetHints":{"allow":["GET"]}}],"collection":[{"href":"https:\/\/mountlaser.com\/vi\/wp-json\/wp\/v2\/product"}],"about":[{"href":"https:\/\/mountlaser.com\/vi\/wp-json\/wp\/v2\/types\/product"}],"replies":[{"embeddable":true,"href":"https:\/\/mountlaser.com\/vi\/wp-json\/wp\/v2\/comments?post=3055"}],"wp:featuredmedia":[{"embeddable":true,"href":"https:\/\/mountlaser.com\/vi\/wp-json\/wp\/v2\/media\/3057"}],"wp:attachment":[{"href":"https:\/\/mountlaser.com\/vi\/wp-json\/wp\/v2\/media?parent=3055"}],"wp:term":[{"taxonomy":"product_brand","embeddable":true,"href":"https:\/\/mountlaser.com\/vi\/wp-json\/wp\/v2\/product_brand?post=3055"},{"taxonomy":"product_cat","embeddable":true,"href":"https:\/\/mountlaser.com\/vi\/wp-json\/wp\/v2\/product_cat?post=3055"},{"taxonomy":"product_tag","embeddable":true,"href":"https:\/\/mountlaser.com\/vi\/wp-json\/wp\/v2\/product_tag?post=3055"}],"curies":[{"name":"trang web","href":"https:\/\/api.w.org\/{rel}","templated":true}]}}