{"id":3042,"date":"2025-10-31T05:17:25","date_gmt":"2025-10-31T05:17:25","guid":{"rendered":"https:\/\/mountlaser.com\/?post_type=product&#038;p=3042"},"modified":"2025-11-28T04:49:09","modified_gmt":"2025-11-28T04:49:09","slug":"rt-reflective-target","status":"publish","type":"product","link":"https:\/\/mountlaser.com\/vi\/san-pham\/rt-reflective-target\/","title":{"rendered":"M\u1ee5c ti\u00eau ph\u1ea3n quang RT101"},"content":{"rendered":"<p>M\u1ee5c ti\u00eau ph\u1ea3n quang RT101 RT \u2013 \u0110\u1ed9 ch\u00ednh x\u00e1c k\u1ebft h\u1ee3p v\u1edbi \u0111\u1ed9 b\u1ec1n<\/p>\n<p>RT101 <a href=\"https:\/\/mountlaser.com\/vi\/\"><strong>D\u00f2ng s\u1ea3n ph\u1ea9m RT Reflective Target<\/strong><\/a> M\u00e1y chi\u1ebfu laser Mount Laser \u0111\u01b0\u1ee3c thi\u1ebft k\u1ebf d\u00e0nh cho c\u00e1c chuy\u00ean gia y\u00eau c\u1ea7u \u0111\u1ed9 ch\u00ednh x\u00e1c, \u1ed5n \u0111\u1ecbnh v\u00e0 \u0111\u1ed9 tin c\u1eady cao trong vi\u1ec7c c\u0103n ch\u1ec9nh v\u00e0 \u0111o l\u01b0\u1eddng b\u1eb1ng laser. \u0110\u01b0\u1ee3c ch\u1ebf t\u1ea1o t\u1eeb c\u00e1c v\u1eadt li\u1ec7u cao c\u1ea5p. <a href=\"https:\/\/mountlaser.com\/vi\/products\/\"><strong>M\u1ee5c ti\u00eau ph\u1ea3n quang 3M<\/strong><\/a> \u0110\u01b0\u1ee3c ch\u1ebf t\u1ea1o t\u1eeb v\u1eadt li\u1ec7u v\u00e0 th\u00e2n b\u1eb1ng nylon c\u01b0\u1eddng \u0111\u1ed9 cao, RT101 mang l\u1ea1i kh\u1ea3 n\u0103ng ph\u1ea3n chi\u1ebfu v\u01b0\u1ee3t tr\u1ed9i v\u00e0 hi\u1ec7u su\u1ea5t l\u00e2u d\u00e0i trong \u0111i\u1ec1u ki\u1ec7n th\u1ef1c \u0111\u1ecba.<\/p>\n<p>D\u00f2ng s\u1ea3n ph\u1ea9m n\u00e0y bao g\u1ed3m ba m\u1eabu \u0111\u01b0\u1ee3c thi\u1ebft k\u1ebf ph\u00f9 h\u1ee3p v\u1edbi c\u00e1c nhu c\u1ea7u l\u00e0m vi\u1ec7c kh\u00e1c nhau:<\/p>\n<p>RT101S \u2013 Thi\u1ebft k\u1ebf m\u1ed9t m\u1eb7t, di\u1ec7n t\u00edch ph\u1ea3n quang 30\u00d730mm, nh\u1ecf g\u1ecdn v\u00e0 nh\u1eb9.<\/p>\n<p>RT101D \u2013 M\u1eabu hai m\u1eb7t mang l\u1ea1i s\u1ef1 linh ho\u1ea1t cao h\u01a1n v\u00e0 ph\u1ea1m vi ph\u1ea3n quang r\u1ed9ng h\u01a1n.<\/p>\n<p>RT101SD \u2013 C\u1ea5u h\u00ecnh hai m\u1eb7t v\u1edbi c\u1ea5u tr\u00fac \u0111\u01b0\u1ee3c n\u00e2ng c\u1ea5p cho \u0111\u1ed9 b\u1ec1n v\u00e0 \u0111\u1ed9 ch\u00ednh x\u00e1c v\u01b0\u1ee3t tr\u1ed9i.<\/p>\n<p>M\u1ed7i t\u1ea5m m\u1ee5c ti\u00eau ph\u1ea3n quang RT c\u00f3 k\u00edch th\u01b0\u1edbc th\u00e2n ch\u00ednh l\u00e0 100\u00d735\u00d730mm, t\u1ea1o n\u00ean c\u1ea5u tr\u00fac ch\u1eafc ch\u1eafn, ch\u1ed1ng va \u0111\u1eadp, ch\u1ecbu \u0111\u01b0\u1ee3c m\u00f4i tr\u01b0\u1eddng kh\u1eafc nghi\u1ec7t. V\u1eadt li\u1ec7u m\u1ee5c ti\u00eau ph\u1ea3n quang 3M \u0111\u1ea3m b\u1ea3o \u0111\u1ed9 hi\u1ec3n th\u1ecb cao v\u00e0 t\u00edn hi\u1ec7u laser ph\u1ea3n h\u1ed3i ch\u00ednh x\u00e1c ngay c\u1ea3 \u1edf kho\u1ea3ng c\u00e1ch xa, l\u00fd t\u01b0\u1edfng cho c\u00e1c \u1ee9ng d\u1ee5ng x\u00e2y d\u1ef1ng, kh\u1ea3o s\u00e1t v\u00e0 hi\u1ec7u chu\u1ea9n c\u00f4ng nghi\u1ec7p.<\/p>\n<p><img fetchpriority=\"high\" decoding=\"async\" class=\"aligncenter wp-image-3050\" src=\"https:\/\/mountlaser.com\/wp-content\/uploads\/2025\/10\/1-2RT1017.webp\" alt=\"RT101S Laser reflective target\" width=\"500\" height=\"500\" srcset=\"https:\/\/mountlaser.com\/wp-content\/uploads\/2025\/10\/1-2RT1017.webp 1000w, https:\/\/mountlaser.com\/wp-content\/uploads\/2025\/10\/1-2RT1017-300x300.webp 300w, https:\/\/mountlaser.com\/wp-content\/uploads\/2025\/10\/1-2RT1017-400x400.webp 400w, https:\/\/mountlaser.com\/wp-content\/uploads\/2025\/10\/1-2RT1017-800x800.webp 800w, https:\/\/mountlaser.com\/wp-content\/uploads\/2025\/10\/1-2RT1017-600x600.webp 600w, https:\/\/mountlaser.com\/wp-content\/uploads\/2025\/10\/1-2RT1017-150x150.webp 150w, https:\/\/mountlaser.com\/wp-content\/uploads\/2025\/10\/1-2RT1017-768x768.webp 768w, https:\/\/mountlaser.com\/wp-content\/uploads\/2025\/10\/1-2RT1017-12x12.webp 12w\" sizes=\"(max-width: 500px) 100vw, 500px\" \/>Mount Laser&#039;s<a href=\"https:\/\/mountlaser.com\/vi\/contact-us\/\"> RT101 RT M\u1ee5c ti\u00eau ph\u1ea3n quang<\/a> S\u1ea3n ph\u1ea9m k\u1ebft h\u1ee3p c\u00f4ng ngh\u1ec7 m\u1ee5c ti\u00eau ph\u1ea3n quang 3M v\u1edbi c\u1ea5u tr\u00fac nylon ch\u1eafc ch\u1eafn, mang l\u1ea1i kh\u1ea3 n\u0103ng ph\u1ea3n x\u1ea1 \u1ed5n \u0111\u1ecbnh v\u00e0 \u0111\u1ed9 hi\u1ec3n th\u1ecb cao cho c\u00e1c c\u00f4ng vi\u1ec7c \u0111o \u0111\u1ea1c chuy\u00ean nghi\u1ec7p. \u0110\u00e2y l\u00e0 gi\u1ea3i ph\u00e1p ho\u00e0n h\u1ea3o cho c\u00e1c k\u1ef9 s\u01b0 v\u00e0 nh\u00e0 kh\u1ea3o s\u00e1t c\u1ea7n \u0111\u1ed9 ch\u00ednh x\u00e1c \u0111\u00e1ng tin c\u1eady v\u00e0 \u0111\u1ed9 b\u1ec1n l\u00e2u d\u00e0i.<\/p>","protected":false},"excerpt":{"rendered":"<ul>\n<li>V\u1eadt li\u1ec7u ph\u1ea3n quang ch\u00ednh h\u00e3ng 3M \u0111\u1ea3m b\u1ea3o ph\u1ea3n x\u1ea1 laser \u0111\u1ed3ng nh\u1ea5t.<\/li>\n<li>C\u00f3 s\u1eb5n c\u00e1c m\u1eabu m\u1ed9t m\u1eb7t ho\u1eb7c hai m\u1eb7t (RT101S, RT101D, RT101SD)<\/li>\n<li>Th\u00e2n b\u1eb1ng nylon c\u01b0\u1eddng \u0111\u1ed9 cao cho \u0111\u1ed9 b\u1ec1n v\u01b0\u1ee3t tr\u1ed9i<\/li>\n<li>Hi\u1ec7u su\u1ea5t \u0111\u00e1ng tin c\u1eady trong nhi\u1ec1u \u0111i\u1ec1u ki\u1ec7n \u0111o kh\u00e1c nhau.<\/li>\n<\/ul>","protected":false},"featured_media":3046,"comment_status":"open","ping_status":"closed","template":"","meta":[],"product_brand":[],"product_cat":[72,104],"product_tag":[],"class_list":{"0":"post-3042","1":"product","2":"type-product","3":"status-publish","4":"has-post-thumbnail","6":"product_cat-reflective-target-prism","7":"product_cat-reflective-target","9":"first","10":"instock","11":"shipping-taxable","12":"product-type-simple"},"_links":{"self":[{"href":"https:\/\/mountlaser.com\/vi\/wp-json\/wp\/v2\/product\/3042","targetHints":{"allow":["GET"]}}],"collection":[{"href":"https:\/\/mountlaser.com\/vi\/wp-json\/wp\/v2\/product"}],"about":[{"href":"https:\/\/mountlaser.com\/vi\/wp-json\/wp\/v2\/types\/product"}],"replies":[{"embeddable":true,"href":"https:\/\/mountlaser.com\/vi\/wp-json\/wp\/v2\/comments?post=3042"}],"wp:featuredmedia":[{"embeddable":true,"href":"https:\/\/mountlaser.com\/vi\/wp-json\/wp\/v2\/media\/3046"}],"wp:attachment":[{"href":"https:\/\/mountlaser.com\/vi\/wp-json\/wp\/v2\/media?parent=3042"}],"wp:term":[{"taxonomy":"product_brand","embeddable":true,"href":"https:\/\/mountlaser.com\/vi\/wp-json\/wp\/v2\/product_brand?post=3042"},{"taxonomy":"product_cat","embeddable":true,"href":"https:\/\/mountlaser.com\/vi\/wp-json\/wp\/v2\/product_cat?post=3042"},{"taxonomy":"product_tag","embeddable":true,"href":"https:\/\/mountlaser.com\/vi\/wp-json\/wp\/v2\/product_tag?post=3042"}],"curies":[{"name":"trang web","href":"https:\/\/api.w.org\/{rel}","templated":true}]}}