{"id":3038,"date":"2025-10-31T01:59:59","date_gmt":"2025-10-31T01:59:59","guid":{"rendered":"https:\/\/mountlaser.com\/?post_type=product&#038;p=3038"},"modified":"2025-11-28T04:51:00","modified_gmt":"2025-11-28T04:51:00","slug":"rt010m-reflective-sheet","status":"publish","type":"product","link":"https:\/\/mountlaser.com\/vi\/san-pham\/rt010m-reflective-sheet\/","title":{"rendered":"T\u1ea5m ph\u1ea3n quang RT010M"},"content":{"rendered":"<p>T\u1ea5m ph\u1ea3n quang \u0111\u1ed9 hi\u1ec3n th\u1ecb cao RT010M \u2013 M\u1ee5c ti\u00eau ch\u00ednh x\u00e1c cho \u0111o l\u01b0\u1eddng chuy\u00ean nghi\u1ec7p<\/p>\n<p>RT010M <a href=\"https:\/\/mountlaser.com\/vi\/\"><strong>T\u1ea5m ph\u1ea3n quang<\/strong><\/a> S\u1ea3n ph\u1ea9m c\u1ee7a Mount Laser \u0111\u01b0\u1ee3c thi\u1ebft k\u1ebf \u0111\u1ec3 mang l\u1ea1i hi\u1ec7u su\u1ea5t ph\u1ea3n x\u1ea1 v\u00e0 \u0111\u1ed9 ch\u00ednh x\u00e1c v\u01b0\u1ee3t tr\u1ed9i cho c\u00e1c h\u1ec7 th\u1ed1ng laser v\u00e0 kh\u1ea3o s\u00e1t. S\u1eed d\u1ee5ng c\u00f4ng ngh\u1ec7 ch\u00ednh h\u00e3ng <a href=\"https:\/\/mountlaser.com\/vi\/products\/\"><strong>T\u1ea5m ph\u1ea3n quang 3M<\/strong><\/a> V\u1edbi ch\u1ea5t li\u1ec7u n\u00e0y, s\u1ea3n ph\u1ea9m \u0111\u1ea3m b\u1ea3o kh\u1ea3 n\u0103ng hi\u1ec3n th\u1ecb \u1ed5n \u0111\u1ecbnh ngay c\u1ea3 \u1edf kho\u1ea3ng c\u00e1ch xa ho\u1eb7c trong \u0111i\u1ec1u ki\u1ec7n \u00e1nh s\u00e1ng y\u1ebfu.<\/p>\n<p>T\u1ea5m ph\u1ea3n quang c\u00f3 \u0111\u1ed9 hi\u1ec3n th\u1ecb cao n\u00e0y c\u00f3 k\u00edch th\u01b0\u1edbc m\u1ee5c ti\u00eau nh\u1ecf g\u1ecdn 10\u00d710mm v\u00e0 thi\u1ebft k\u1ebf li\u00ean k\u1ebft t\u1eeb t\u00ednh m\u1ea1nh m\u1ebd, cho ph\u00e9p n\u00f3 g\u1eafn ch\u1eafc ch\u1eafn v\u00e0o c\u00e1c b\u1ec1 m\u1eb7t kim lo\u1ea1i \u0111\u1ec3 c\u00f3 k\u1ebft qu\u1ea3 \u0111o \u1ed5n \u0111\u1ecbnh. V\u1edbi nhi\u1ec1u t\u00f9y ch\u1ecdn k\u00edch th\u01b0\u1edbc (20\/30\/40\/50\/60\/80\/100\/150mm), n\u00f3 ph\u00f9 h\u1ee3p v\u1edbi nhi\u1ec1u lo\u1ea1i d\u1ee5ng c\u1ee5 \u0111o v\u00e0 c\u0103n ch\u1ec9nh laser.<\/p>\n<p><img fetchpriority=\"high\" decoding=\"async\" class=\"aligncenter wp-image-3039\" src=\"https:\/\/mountlaser.com\/wp-content\/uploads\/2025\/10\/05.webp\" alt=\"High Visibility Reflective Sheet\" width=\"500\" height=\"500\" srcset=\"https:\/\/mountlaser.com\/wp-content\/uploads\/2025\/10\/05.webp 1000w, https:\/\/mountlaser.com\/wp-content\/uploads\/2025\/10\/05-300x300.webp 300w, https:\/\/mountlaser.com\/wp-content\/uploads\/2025\/10\/05-400x400.webp 400w, https:\/\/mountlaser.com\/wp-content\/uploads\/2025\/10\/05-800x800.webp 800w, https:\/\/mountlaser.com\/wp-content\/uploads\/2025\/10\/05-600x600.webp 600w, https:\/\/mountlaser.com\/wp-content\/uploads\/2025\/10\/05-150x150.webp 150w, https:\/\/mountlaser.com\/wp-content\/uploads\/2025\/10\/05-768x768.webp 768w, https:\/\/mountlaser.com\/wp-content\/uploads\/2025\/10\/05-12x12.webp 12w\" sizes=\"(max-width: 500px) 100vw, 500px\" \/><\/p>\n<p>M\u00e0u x\u00e1m <a href=\"https:\/\/mountlaser.com\/vi\/contact-us\/\">T\u1ea5m ph\u1ea3n quang 3M<\/a> B\u1ec1 m\u1eb7t ph\u1ea3n x\u1ea1 \u00e1nh s\u00e1ng tuy\u1ec7t v\u1eddi, gi\u00fap c\u1ea3i thi\u1ec7n c\u01b0\u1eddng \u0111\u1ed9 t\u00edn hi\u1ec7u v\u00e0 \u0111\u1ed9 tin c\u1eady c\u1ee7a ph\u00e9p \u0111o. Cho d\u00f9 \u0111\u01b0\u1ee3c s\u1eed d\u1ee5ng trong x\u00e2y d\u1ef1ng, c\u0103n ch\u1ec9nh c\u00f4ng nghi\u1ec7p hay hi\u1ec7u chu\u1ea9n thi\u1ebft b\u1ecb, T\u1ea5m ph\u1ea3n quang c\u00f3 \u0111\u1ed9 hi\u1ec3n th\u1ecb cao \u0111\u1ec1u mang l\u1ea1i \u0111\u1ed9 ch\u00ednh x\u00e1c chuy\u00ean nghi\u1ec7p v\u00e0 \u0111\u1ed9 b\u1ec1n l\u00e2u d\u00e0i.<\/p>","protected":false},"excerpt":{"rendered":"<ul>\n<li>Li\u00ean k\u1ebft t\u1eeb t\u00ednh gi\u00fap d\u1ec5 d\u00e0ng l\u1eafp \u0111\u1eb7t v\u00e0 g\u1eafn k\u1ebft ch\u1eafc ch\u1eafn.<\/li>\n<li>Nhi\u1ec1u t\u00f9y ch\u1ecdn k\u00edch th\u01b0\u1edbc cho c\u00e1c \u1ee9ng d\u1ee5ng \u0111a d\u1ea1ng<\/li>\n<li>\u0110\u1ed9 ph\u1ea3n x\u1ea1 \u0111\u00e1ng tin c\u1eady cho c\u1ea3 ph\u00e9p \u0111o laser t\u1ea7m ng\u1eafn v\u00e0 t\u1ea7m xa.<\/li>\n<\/ul>","protected":false},"featured_media":3039,"comment_status":"open","ping_status":"closed","template":"","meta":[],"product_brand":[],"product_cat":[72,104],"product_tag":[],"class_list":{"0":"post-3038","1":"product","2":"type-product","3":"status-publish","4":"has-post-thumbnail","6":"product_cat-reflective-target-prism","7":"product_cat-reflective-target","9":"first","10":"instock","11":"shipping-taxable","12":"product-type-simple"},"_links":{"self":[{"href":"https:\/\/mountlaser.com\/vi\/wp-json\/wp\/v2\/product\/3038","targetHints":{"allow":["GET"]}}],"collection":[{"href":"https:\/\/mountlaser.com\/vi\/wp-json\/wp\/v2\/product"}],"about":[{"href":"https:\/\/mountlaser.com\/vi\/wp-json\/wp\/v2\/types\/product"}],"replies":[{"embeddable":true,"href":"https:\/\/mountlaser.com\/vi\/wp-json\/wp\/v2\/comments?post=3038"}],"wp:featuredmedia":[{"embeddable":true,"href":"https:\/\/mountlaser.com\/vi\/wp-json\/wp\/v2\/media\/3039"}],"wp:attachment":[{"href":"https:\/\/mountlaser.com\/vi\/wp-json\/wp\/v2\/media?parent=3038"}],"wp:term":[{"taxonomy":"product_brand","embeddable":true,"href":"https:\/\/mountlaser.com\/vi\/wp-json\/wp\/v2\/product_brand?post=3038"},{"taxonomy":"product_cat","embeddable":true,"href":"https:\/\/mountlaser.com\/vi\/wp-json\/wp\/v2\/product_cat?post=3038"},{"taxonomy":"product_tag","embeddable":true,"href":"https:\/\/mountlaser.com\/vi\/wp-json\/wp\/v2\/product_tag?post=3038"}],"curies":[{"name":"trang web","href":"https:\/\/api.w.org\/{rel}","templated":true}]}}