{"id":3032,"date":"2025-10-30T09:13:49","date_gmt":"2025-10-30T09:13:49","guid":{"rendered":"https:\/\/mountlaser.com\/?post_type=product&#038;p=3032"},"modified":"2025-11-28T04:52:13","modified_gmt":"2025-11-28T04:52:13","slug":"rt010-reflective-sheet","status":"publish","type":"product","link":"https:\/\/mountlaser.com\/vi\/san-pham\/rt010-reflective-sheet\/","title":{"rendered":"T\u1ea5m ph\u1ea3n quang RT010"},"content":{"rendered":"<p>\u0110\u1ea3m b\u1ea3o c\u00e1c m\u1ee5c ti\u00eau kh\u1ea3o s\u00e1t c\u1ee7a b\u1ea1n \u0111\u01b0\u1ee3c nh\u00ecn th\u1ea5y v\u1edbi \u0111\u1ed9 r\u00f5 n\u00e9t v\u00e0 ch\u00ednh x\u00e1c t\u1ed1i \u0111a v\u1edbi MountLaser. <a href=\"https:\/\/mountlaser.com\/vi\/\"><strong>T\u1ea5m ph\u1ea3n quang RT010<\/strong><\/a>. \u0110\u01b0\u1ee3c thi\u1ebft k\u1ebf d\u00e0nh cho c\u00e1c chuy\u00ean gia y\u00eau c\u1ea7u kh\u1ea3 n\u0103ng quan s\u00e1t tuy\u1ec7t \u0111\u1ed1i, t\u1ea5m v\u1eadt li\u1ec7u hi\u1ec7u su\u1ea5t cao n\u00e0y s\u1eed d\u1ee5ng c\u00e1c th\u00e0nh ph\u1ea7n ch\u00ednh h\u00e3ng. <a href=\"https:\/\/mountlaser.com\/vi\/products\/\"><strong>T\u1ea5m ph\u1ea3n quang 3M<\/strong><\/a> \u0110\u01b0\u1ee3c s\u1ea3n xu\u1ea5t b\u1edfi nh\u00e0 s\u1ea3n xu\u1ea5t h\u00e0ng \u0111\u1ea7u trong ng\u00e0nh c\u00f4ng ngh\u1ec7 ph\u1ea3n quang. C\u00f3 s\u1eb5n c\u1ea3 m\u00e0u v\u00e0ng c\u00f3 \u0111\u1ed9 hi\u1ec3n th\u1ecb cao v\u00e0 m\u00e0u tr\u1eafng ti\u00eau chu\u1ea9n, t\u1ea5m ph\u1ea3n quang RT010 cung c\u1ea5p kh\u1ea3 n\u0103ng ph\u1ea3n x\u1ea1 t\u00edn hi\u1ec7u v\u01b0\u1ee3t tr\u1ed9i cho nhi\u1ec1u lo\u1ea1i thi\u1ebft b\u1ecb \u0111o \u0111i\u1ec7n t\u1eed, tr\u1edf th\u00e0nh t\u1ea5m ph\u1ea3n quang c\u00f3 \u0111\u1ed9 hi\u1ec3n th\u1ecb cao thi\u1ebft y\u1ebfu cho m\u1ecdi c\u00f4ng vi\u1ec7c th\u1ef1c \u0111\u1ecba c\u1ee7a b\u1ea1n.<\/p>\n<p><img fetchpriority=\"high\" decoding=\"async\" class=\"aligncenter wp-image-3035\" src=\"https:\/\/mountlaser.com\/wp-content\/uploads\/2025\/10\/03.webp\" alt=\"3m reflective sheet\" width=\"500\" height=\"500\" srcset=\"https:\/\/mountlaser.com\/wp-content\/uploads\/2025\/10\/03.webp 1000w, https:\/\/mountlaser.com\/wp-content\/uploads\/2025\/10\/03-300x300.webp 300w, https:\/\/mountlaser.com\/wp-content\/uploads\/2025\/10\/03-400x400.webp 400w, https:\/\/mountlaser.com\/wp-content\/uploads\/2025\/10\/03-800x800.webp 800w, https:\/\/mountlaser.com\/wp-content\/uploads\/2025\/10\/03-600x600.webp 600w, https:\/\/mountlaser.com\/wp-content\/uploads\/2025\/10\/03-150x150.webp 150w, https:\/\/mountlaser.com\/wp-content\/uploads\/2025\/10\/03-768x768.webp 768w, https:\/\/mountlaser.com\/wp-content\/uploads\/2025\/10\/03-12x12.webp 12w\" sizes=\"(max-width: 500px) 100vw, 500px\" \/><\/p>\n<p>\u0110i\u1ec3m c\u1ed1t l\u00f5i t\u1ea1o n\u00ean hi\u1ec7u n\u0103ng c\u1ee7a s\u1ea3n ph\u1ea9m n\u00e0y ch\u00ednh l\u00e0 ch\u1ea5t l\u01b0\u1ee3ng cao c\u1ea5p c\u1ee7a n\u00f3. <a href=\"https:\/\/mountlaser.com\/vi\/contact-us\/\">T\u1ea5m ph\u1ea3n quang 3M<\/a> L\u1edbp ph\u1ee7 n\u00e0y mang l\u1ea1i \u0111\u1ed9 s\u00e1ng cao v\u00e0 kh\u1ea3 n\u0103ng ph\u00e1t hi\u1ec7n t\u1ea7m xa, ngay c\u1ea3 trong \u0111i\u1ec1u ki\u1ec7n \u00e1nh s\u00e1ng y\u1ebfu. \u0110i\u1ec1u n\u00e0y \u0111\u1ea3m b\u1ea3o c\u00e1c l\u0103ng k\u00ednh v\u00e0 m\u1ee5c ti\u00eau c\u1ee7a b\u1ea1n d\u1ec5 d\u00e0ng \u0111\u01b0\u1ee3c m\u00e1y to\u00e0n \u0111\u1ea1c v\u00e0 m\u00e1y qu\u00e9t laser nh\u1eadn di\u1ec7n, gi\u00fap t\u0103ng hi\u1ec7u qu\u1ea3 v\u00e0 \u0111\u1ed9 ch\u00ednh x\u00e1c t\u1ea1i c\u00f4ng tr\u01b0\u1eddng. L\u00e0 m\u1ed9t t\u1ea5m ph\u1ea3n quang c\u00f3 \u0111\u1ed9 hi\u1ec3n th\u1ecb cao \u0111a n\u0103ng, RT010 \u0111\u01b0\u1ee3c cung c\u1ea5p k\u00e8m theo l\u1edbp keo d\u00ednh ch\u1eafc ch\u1eafn, cho ph\u00e9p d\u00e1n nhanh ch\u00f3ng v\u00e0 v\u0129nh vi\u1ec5n l\u00ean nhi\u1ec1u b\u1ec1 m\u1eb7t s\u1ea1ch, kh\u00f4 kh\u00e1c nhau. M\u1eb7c d\u00f9 k\u00edch th\u01b0\u1edbc m\u1ee5c ti\u00eau ti\u00eau chu\u1ea9n l\u00e0 10*10mm, ch\u00fang t\u00f4i cung c\u1ea5p s\u1ef1 linh ho\u1ea1t ch\u01b0a t\u1eebng c\u00f3 v\u1edbi nhi\u1ec1u k\u00edch th\u01b0\u1edbc t\u00f9y ch\u1ecdn 20\/30\/40\/50\/60\/80\/100\/150mm, \u0111\u1ea3m b\u1ea3o b\u1ea1n c\u00f3 t\u1ea5m ph\u1ea3n quang 3M ho\u00e0n h\u1ea3o cho m\u1ecdi y\u00eau c\u1ea7u \u1ee9ng d\u1ee5ng c\u1ee5 th\u1ec3.<\/p>","protected":false},"excerpt":{"rendered":"<ul>\n<li>Cung c\u1ea5p \u0111\u1ed9 s\u00e1ng m\u1ea1nh m\u1ebd v\u00e0 kh\u1ea3 n\u0103ng quan s\u00e1t t\u1ea7m xa v\u01b0\u1ee3t tr\u1ed9i cho c\u00e1c thi\u1ebft b\u1ecb \u0111o \u0111\u1ea1c.<\/li>\n<li>C\u00f3 s\u1eb5n m\u00e0u v\u00e0ng d\u1ec5 nh\u00ecn v\u00e0 m\u00e0u tr\u1eafng ti\u00eau chu\u1ea9n \u0111\u1ec3 \u0111\u00e1p \u1ee9ng c\u00e1c nhu c\u1ea7u \u1ee9ng d\u1ee5ng v\u00e0 b\u1ed1i c\u1ea3nh kh\u00e1c nhau.<\/li>\n<li>N\u00e2ng cao hi\u1ec7u qu\u1ea3 kh\u1ea3o s\u00e1t: C\u1ea3i thi\u1ec7n t\u1ed1c \u0111\u1ed9 v\u00e0 \u0111\u1ed9 ch\u00ednh x\u00e1c kh\u00f3a m\u1ee5c ti\u00eau c\u1ee7a thi\u1ebft b\u1ecb, gi\u1ea3m th\u1eddi gian d\u00e0nh cho vi\u1ec7c x\u00e1c \u0111\u1ecbnh m\u1ee5c ti\u00eau.<\/li>\n<\/ul>","protected":false},"featured_media":3033,"comment_status":"open","ping_status":"closed","template":"","meta":[],"product_brand":[],"product_cat":[72,104],"product_tag":[],"class_list":{"0":"post-3032","1":"product","2":"type-product","3":"status-publish","4":"has-post-thumbnail","6":"product_cat-reflective-target-prism","7":"product_cat-reflective-target","9":"first","10":"instock","11":"shipping-taxable","12":"product-type-simple"},"_links":{"self":[{"href":"https:\/\/mountlaser.com\/vi\/wp-json\/wp\/v2\/product\/3032","targetHints":{"allow":["GET"]}}],"collection":[{"href":"https:\/\/mountlaser.com\/vi\/wp-json\/wp\/v2\/product"}],"about":[{"href":"https:\/\/mountlaser.com\/vi\/wp-json\/wp\/v2\/types\/product"}],"replies":[{"embeddable":true,"href":"https:\/\/mountlaser.com\/vi\/wp-json\/wp\/v2\/comments?post=3032"}],"wp:featuredmedia":[{"embeddable":true,"href":"https:\/\/mountlaser.com\/vi\/wp-json\/wp\/v2\/media\/3033"}],"wp:attachment":[{"href":"https:\/\/mountlaser.com\/vi\/wp-json\/wp\/v2\/media?parent=3032"}],"wp:term":[{"taxonomy":"product_brand","embeddable":true,"href":"https:\/\/mountlaser.com\/vi\/wp-json\/wp\/v2\/product_brand?post=3032"},{"taxonomy":"product_cat","embeddable":true,"href":"https:\/\/mountlaser.com\/vi\/wp-json\/wp\/v2\/product_cat?post=3032"},{"taxonomy":"product_tag","embeddable":true,"href":"https:\/\/mountlaser.com\/vi\/wp-json\/wp\/v2\/product_tag?post=3032"}],"curies":[{"name":"trang web","href":"https:\/\/api.w.org\/{rel}","templated":true}]}}