{"id":3031,"date":"2025-10-30T08:41:56","date_gmt":"2025-10-30T08:41:56","guid":{"rendered":"https:\/\/mountlaser.com\/?post_type=product&#038;p=3031"},"modified":"2025-11-28T04:53:35","modified_gmt":"2025-11-28T04:53:35","slug":"n22002-heavy-duty-carbon-fiber-tripod","status":"publish","type":"product","link":"https:\/\/mountlaser.com\/vi\/san-pham\/n22002-heavy-duty-carbon-fiber-tripod\/","title":{"rendered":"Ch\u00e2n m\u00e1y \u1ea3nh N22002 b\u1eb1ng s\u1ee3i carbon ch\u1ecbu l\u1ef1c cao"},"content":{"rendered":"<p>N\u00e2ng cao \u0111\u1ed9 ch\u00ednh x\u00e1c kh\u1ea3o s\u00e1t c\u1ee7a b\u1ea1n v\u1edbi MountLaser <a href=\"https:\/\/mountlaser.com\/vi\/\"><strong>Ch\u00e2n m\u00e1y \u1ea3nh N22002 b\u1eb1ng s\u1ee3i carbon ch\u1ecbu l\u1ef1c cao<\/strong><\/a>, \u0110\u00e2y l\u00e0 s\u1ef1 l\u1ef1a ch\u1ecdn t\u1ed1i \u01b0u d\u00e0nh cho c\u00e1c chuy\u00ean gia kh\u00f4ng mu\u1ed1n th\u1ecfa hi\u1ec7p gi\u1eefa \u0111\u1ed9 \u1ed5n \u0111\u1ecbnh v\u00e0 t\u00ednh di \u0111\u1ed9ng. \u0110\u00e2y kh\u00f4ng ch\u1ec9 l\u00e0 m\u1ed9t chi\u1ebfc ch\u00e2n m\u00e1y th\u00f4ng th\u01b0\u1eddng; Ch\u00e2n m\u00e1y s\u1ee3i carbon ch\u1ecbu l\u1ef1c cao N22002 l\u00e0 m\u1ed9t n\u1ec1n t\u1ea3ng \u0111\u1ea1t ti\u00eau chu\u1ea9n kh\u1ea3o s\u00e1t, \u0111\u01b0\u1ee3c thi\u1ebft k\u1ebf cho nh\u1eefng c\u00f4ng tr\u01b0\u1eddng \u0111\u00f2i h\u1ecfi kh\u1eaft khe nh\u1ea5t.<\/p>\n<p>\u0110i\u1ec3m c\u1ed1t l\u00f5i trong thi\u1ebft k\u1ebf c\u1ee7a n\u00f3 l\u00e0 h\u1ec7 th\u1ed1ng ch\u00e2n m\u00e1y b\u1eb1ng s\u1ee3i carbon k\u1eb9p k\u00e9p ch\u1ecbu l\u1ef1c cao. T\u00ednh n\u0103ng c\u1ea3i ti\u1ebfn n\u00e0y k\u1ebft h\u1ee3p k\u1eb9p nhanh b\u1eb1ng nh\u00f4m l\u1edbn \u0111\u1ec3 \u0111i\u1ec1u ch\u1ec9nh nhanh ch\u00f3ng v\u1edbi v\u00edt c\u00e1nh b\u1eb1ng \u0111\u1ed3ng thau ch\u00ednh x\u00e1c \u0111\u1ec3 tinh ch\u1ec9nh v\u00e0 kh\u00f3a ch\u1eb7t t\u1ed1i \u01b0u, \u0111\u1ea3m b\u1ea3o \u0111\u1ed9 \u1ed5n \u0111\u1ecbnh v\u01b0\u1ee3t tr\u1ed9i v\u00e0 tu\u1ed5i th\u1ecd l\u00e2u d\u00e0i. K\u1ebft h\u1ee3p v\u1edbi ch\u00e2n m\u00e1y b\u1eb1ng s\u1ee3i carbon c\u01b0\u1eddng \u0111\u1ed9 cao, s\u1ea3n ph\u1ea9m n\u00e0y <a href=\"https:\/\/mountlaser.com\/vi\/about-us\/\"><strong>Ch\u00e2n m\u00e1y \u1ea3nh \u0111\u1ea7u tr\u00f2n b\u1eb1ng s\u1ee3i carbon ch\u1ecbu l\u1ef1c cao<\/strong><\/a> \u0110\u1ea1t \u0111\u01b0\u1ee3c \u0111\u1ed9 b\u1ec1n \u0111\u00e1ng k\u1ec3 trong khi v\u1eabn gi\u1eef tr\u1ecdng l\u01b0\u1ee3ng \u1edf m\u1ee9c t\u1ed1i thi\u1ec3u tuy\u1ec7t \u0111\u1ed1i, bi\u1ebfn n\u00f3 tr\u1edf th\u00e0nh ng\u01b0\u1eddi b\u1ea1n \u0111\u1ed3ng h\u00e0nh l\u00fd t\u01b0\u1edfng cho nh\u1eefng gi\u1edd l\u00e0m vi\u1ec7c d\u00e0i ngo\u00e0i tr\u1eddi.<img fetchpriority=\"high\" decoding=\"async\" class=\"aligncenter wp-image-3024\" src=\"https:\/\/mountlaser.com\/wp-content\/uploads\/2025\/10\/N220022.webp\" alt=\"Heavy Duty Carbon Fiber Round Head Tripod\" width=\"500\" height=\"500\" srcset=\"https:\/\/mountlaser.com\/wp-content\/uploads\/2025\/10\/N220022.webp 1000w, https:\/\/mountlaser.com\/wp-content\/uploads\/2025\/10\/N220022-300x300.webp 300w, https:\/\/mountlaser.com\/wp-content\/uploads\/2025\/10\/N220022-400x400.webp 400w, https:\/\/mountlaser.com\/wp-content\/uploads\/2025\/10\/N220022-800x800.webp 800w, https:\/\/mountlaser.com\/wp-content\/uploads\/2025\/10\/N220022-600x600.webp 600w, https:\/\/mountlaser.com\/wp-content\/uploads\/2025\/10\/N220022-150x150.webp 150w, https:\/\/mountlaser.com\/wp-content\/uploads\/2025\/10\/N220022-768x768.webp 768w, https:\/\/mountlaser.com\/wp-content\/uploads\/2025\/10\/N220022-12x12.webp 12w\" sizes=\"(max-width: 500px) 100vw, 500px\" \/><\/p>\n<p>T\u00ednh linh ho\u1ea1t c\u1ee7a \u0111i\u1ec1u n\u00e0y <a href=\"https:\/\/mountlaser.com\/vi\/contact-us\/\">Ch\u00e2n m\u00e1y \u1ea3nh \u0111\u1ea7u tr\u00f2n b\u1eb1ng s\u1ee3i carbon ch\u1ecbu l\u1ef1c cao<\/a> \u0110\u01b0\u1ee3c \u0111\u1ea3m b\u1ea3o b\u1edfi ch\u1ed1t ren b\u1eb1ng \u0111\u1ed3ng thau ti\u00eau chu\u1ea9n 5\/8\u2033-11, mang l\u1ea1i s\u1ef1 v\u1eeba v\u1eb7n ho\u00e0n h\u1ea3o v\u00e0 ch\u1eafc ch\u1eafn cho b\u1ea5t k\u1ef3 d\u1ee5ng c\u1ee5 \u0111o \u0111\u1ea1c n\u00e0o b\u1ea1n s\u1eed d\u1ee5ng. M\u1ecdi chi ti\u1ebft \u0111\u1ec1u \u0111\u01b0\u1ee3c ch\u1ebf t\u1ea1o \u0111\u1ec3 b\u1ec1n l\u00e2u, t\u1eeb c\u00e1c v\u00edt n\u1ed1i ho\u00e0n to\u00e0n b\u1eb1ng th\u00e9p kh\u00f4ng g\u1ec9 \u0111\u1ebfn h\u1ec7 th\u1ed1ng gi\u1eef ch\u00e2n quan tr\u1ecdng gi\u00fap ng\u0103n ng\u1eeba vi\u1ec7c b\u1ecb b\u1eadt ra ngo\u00e0i \u00fd mu\u1ed1n tr\u00ean c\u00e1c b\u1ec1 m\u1eb7t tr\u01a1n tr\u01b0\u1ee3t. \u0110\u1ec3 t\u0103ng c\u01b0\u1eddng an to\u00e0n v\u00e0 ti\u1ec7n l\u1ee3i, s\u1ea3n ph\u1ea9m bao g\u1ed3m d\u00e2y \u0111eo vai c\u00f3 d\u1ea3i ph\u1ea3n quang v\u00e0 mi\u1ebfng \u0111\u1ec7m. M\u1ed9t t\u00fai nylon 1200D ch\u1ecbu l\u1ef1c cao (SC85013) ri\u00eang bi\u1ec7t c\u0169ng c\u00f3 s\u1eb5n \u0111\u1ec3 b\u1ea3o v\u1ec7 t\u1ed1i \u0111a trong qu\u00e1 tr\u00ecnh v\u1eadn chuy\u1ec3n.<\/p>\n<p>Th\u00f4ng s\u1ed1 k\u1ef9 thu\u1eadt ch\u00e2n m\u00e1y \u1ea3nh b\u1eb1ng s\u1ee3i carbon ch\u1ecbu l\u1ef1c cao<\/p>\n<table style=\"border-collapse: collapse; width: 548.27pt;\" border=\"0\" width=\"731\" cellspacing=\"0\" cellpadding=\"0\">\n<tbody>\n<tr style=\"height: 14.25pt;\">\n<td class=\"et2\" style=\"height: 14.25pt; width: 54.00pt;\" width=\"72\" height=\"19\">CON S\u1ed0<\/td>\n<td class=\"et2\" style=\"width: 82.50pt;\" width=\"110\">LO\u1ea0I KH\u00d3A<\/td>\n<td class=\"et2\" style=\"width: 87.75pt;\" width=\"117\">CH\u00c2N<\/td>\n<td class=\"et2\" style=\"width: 93.75pt;\" width=\"125\">TR\u1eccNG L\u01af\u1ee2NG<\/td>\n<td class=\"et2\" style=\"width: 87.00pt;\" width=\"116\">S\u1ef0 M\u1ede R\u1ed8NG<\/td>\n<td class=\"et2\" style=\"width: 89.25pt;\" width=\"119\">C\u00c1I \u0110\u1ea6U<\/td>\n<td class=\"et2\" style=\"width: 54.00pt;\" width=\"72\">PH\u1ea6N C\u1ee8NG<\/td>\n<\/tr>\n<tr style=\"height: 14.25pt;\">\n<td class=\"et2\" style=\"height: 14.25pt;\" height=\"19\">N22002<\/td>\n<td class=\"et2\">K\u1eb9p \u0111\u00f4i<\/td>\n<td class=\"et2\">S\u1ee3i carbon<\/td>\n<td class=\"et2\">6,35 kg<\/td>\n<td class=\"et2\">179cm<\/td>\n<td class=\"et2\">Tr\u00f2n<\/td>\n<td class=\"et2\">M\u00e0u cam Flo<\/td>\n<\/tr>\n<\/tbody>\n<\/table>","protected":false},"excerpt":{"rendered":"<ul>\n<li>H\u1ec7 th\u1ed1ng k\u1eb9p k\u00e9p: Trang b\u1ecb c\u1ea3 k\u1eb9p nhanh b\u1eb1ng nh\u00f4m l\u1edbn v\u00e0 v\u00edt c\u00e1nh b\u1eb1ng \u0111\u1ed3ng thau \u0111\u1ec3 t\u0103ng \u0111\u1ed9 \u1ed5n \u0111\u1ecbnh v\u00e0 tu\u1ed5i th\u1ecd.<\/li>\n<li>Kh\u1ea3 n\u0103ng t\u01b0\u01a1ng th\u00edch ph\u1ed5 qu\u00e1t: \u0110\u1ea7u n\u1ed1i ren b\u1eb1ng \u0111\u1ed3ng thau ti\u00eau chu\u1ea9n 5\/8\u2033-11 ph\u00f9 h\u1ee3p v\u1edbi m\u1ecdi d\u1ee5ng c\u1ee5 \u0111o \u0111\u1ea1c.<\/li>\n<li>T\u0103ng c\u01b0\u1eddng an to\u00e0n: H\u1ec7 th\u1ed1ng gi\u1eef c\u1ed1 \u0111\u1ecbnh ng\u0103n ng\u1eeba vi\u1ec7c \u0111\u00e1 ch\u00e2n ra ngo\u00e0i v\u00e0 t\u00e9 ng\u00e3 ngo\u00e0i \u00fd mu\u1ed1n.<\/li>\n<\/ul>","protected":false},"featured_media":3025,"comment_status":"open","ping_status":"closed","template":"","meta":[],"product_brand":[],"product_cat":[91,110],"product_tag":[],"class_list":{"0":"post-3031","1":"product","2":"type-product","3":"status-publish","4":"has-post-thumbnail","6":"product_cat-bipod-tripod","7":"product_cat-carbon-fiber-tripod","9":"first","10":"instock","11":"shipping-taxable","12":"product-type-simple"},"_links":{"self":[{"href":"https:\/\/mountlaser.com\/vi\/wp-json\/wp\/v2\/product\/3031","targetHints":{"allow":["GET"]}}],"collection":[{"href":"https:\/\/mountlaser.com\/vi\/wp-json\/wp\/v2\/product"}],"about":[{"href":"https:\/\/mountlaser.com\/vi\/wp-json\/wp\/v2\/types\/product"}],"replies":[{"embeddable":true,"href":"https:\/\/mountlaser.com\/vi\/wp-json\/wp\/v2\/comments?post=3031"}],"wp:featuredmedia":[{"embeddable":true,"href":"https:\/\/mountlaser.com\/vi\/wp-json\/wp\/v2\/media\/3025"}],"wp:attachment":[{"href":"https:\/\/mountlaser.com\/vi\/wp-json\/wp\/v2\/media?parent=3031"}],"wp:term":[{"taxonomy":"product_brand","embeddable":true,"href":"https:\/\/mountlaser.com\/vi\/wp-json\/wp\/v2\/product_brand?post=3031"},{"taxonomy":"product_cat","embeddable":true,"href":"https:\/\/mountlaser.com\/vi\/wp-json\/wp\/v2\/product_cat?post=3031"},{"taxonomy":"product_tag","embeddable":true,"href":"https:\/\/mountlaser.com\/vi\/wp-json\/wp\/v2\/product_tag?post=3031"}],"curies":[{"name":"trang web","href":"https:\/\/api.w.org\/{rel}","templated":true}]}}