{"id":3014,"date":"2025-10-29T09:13:37","date_gmt":"2025-10-29T09:13:37","guid":{"rendered":"https:\/\/mountlaser.com\/?post_type=product&#038;p=3014"},"modified":"2025-11-28T04:54:52","modified_gmt":"2025-11-28T04:54:52","slug":"cls33c-carbon-fiber-thumb-release-tripod","status":"publish","type":"product","link":"https:\/\/mountlaser.com\/vi\/san-pham\/cls33c-carbon-fiber-thumb-release-tripod\/","title":{"rendered":"Ch\u00e2n m\u00e1y CLS33C b\u1eb1ng s\u1ee3i carbon v\u1edbi c\u01a1 ch\u1ebf m\u1edf b\u1eb1ng ng\u00f3n tay c\u00e1i"},"content":{"rendered":"<p><a href=\"https:\/\/mountlaser.com\/vi\/\"><strong>Ch\u00e2n m\u00e1y CLS33C b\u1eb1ng s\u1ee3i carbon v\u1edbi c\u01a1 ch\u1ebf m\u1edf b\u1eb1ng ng\u00f3n tay c\u00e1i<\/strong><\/a> T\u1eeb Mount Laser. \u0110\u01b0\u1ee3c thi\u1ebft k\u1ebf d\u00e0nh cho c\u00e1c nh\u00e0 kh\u1ea3o s\u00e1t hi\u1ec7n \u0111\u1ea1i th\u01b0\u1eddng xuy\u00ean l\u00e0m vi\u1ec7c tr\u00ean \u0111\u1ecba h\u00ecnh hi\u1ec3m tr\u1edf, ch\u00e2n m\u00e1y b\u1eb1ng s\u1ee3i carbon ti\u00ean ti\u1ebfn v\u1edbi kh\u00f3a g\u00e0i ng\u00f3n tay c\u00e1i n\u00e0y \u0111\u1ecbnh ngh\u0129a l\u1ea1i t\u00ednh di \u0111\u1ed9ng m\u00e0 kh\u00f4ng \u1ea3nh h\u01b0\u1edfng \u0111\u1ebfn \u0111\u1ed9 \u1ed5n \u0111\u1ecbnh. \u0110\u00e2y l\u00e0 gi\u1ea3i ph\u00e1p h\u1ed7 tr\u1ee3 t\u1ed1i \u01b0u cho c\u1ed9t l\u0103ng k\u00ednh c\u1ee7a b\u1ea1n, gi\u00fap gi\u1ea3m tr\u1ecdng l\u01b0\u1ee3ng \u0111\u00e1ng k\u1ec3 so v\u1edbi c\u00e1c m\u1eabu nh\u00f4m truy\u1ec1n th\u1ed1ng, gi\u00fap d\u1ec5 d\u00e0ng mang theo trong nh\u1eefng ca l\u00e0m vi\u1ec7c d\u00e0i m\u00e0 kh\u00f4ng l\u00e0m gi\u1ea3m \u0111\u1ed9 ch\u00ednh x\u00e1c.<\/p>\n<p>&nbsp;<\/p>\n<p><img fetchpriority=\"high\" decoding=\"async\" class=\"aligncenter wp-image-3019\" src=\"https:\/\/mountlaser.com\/wp-content\/uploads\/2025\/10\/CLS33C-5.webp\" alt=\"Carbon Fiber Tripod with Thumb Release\" width=\"500\" height=\"500\" srcset=\"https:\/\/mountlaser.com\/wp-content\/uploads\/2025\/10\/CLS33C-5.webp 1000w, https:\/\/mountlaser.com\/wp-content\/uploads\/2025\/10\/CLS33C-5-300x300.webp 300w, https:\/\/mountlaser.com\/wp-content\/uploads\/2025\/10\/CLS33C-5-400x400.webp 400w, https:\/\/mountlaser.com\/wp-content\/uploads\/2025\/10\/CLS33C-5-800x800.webp 800w, https:\/\/mountlaser.com\/wp-content\/uploads\/2025\/10\/CLS33C-5-600x600.webp 600w, https:\/\/mountlaser.com\/wp-content\/uploads\/2025\/10\/CLS33C-5-150x150.webp 150w, https:\/\/mountlaser.com\/wp-content\/uploads\/2025\/10\/CLS33C-5-768x768.webp 768w, https:\/\/mountlaser.com\/wp-content\/uploads\/2025\/10\/CLS33C-5-12x12.webp 12w\" sizes=\"(max-width: 500px) 100vw, 500px\" \/><\/p>\n<p>CLS33C \u0111\u01b0\u1ee3c thi\u1ebft k\u1ebf \u0111\u1ec3 \u0111\u1ea1t ch\u1ea5t l\u01b0\u1ee3ng v\u01b0\u1ee3t tr\u1ed9i, v\u1edbi \u1ed1ng trong b\u1eb1ng nh\u00f4m \u0111en b\u00f3ng ch\u1eafc ch\u1eafn (\u0111\u01b0\u1eddng k\u00ednh ngo\u00e0i 18mm) k\u1ebft h\u1ee3p v\u1edbi \u1ed1ng ngo\u00e0i b\u1eb1ng s\u1ee3i carbon c\u01b0\u1eddng \u0111\u1ed9 cao (\u0111\u01b0\u1eddng k\u00ednh ngo\u00e0i 25mm). C\u1ea5u tr\u00fac c\u1ea3i ti\u1ebfn n\u00e0y gi\u00fap n\u00f3 c\u1ef1c k\u1ef3 b\u1ec1n b\u1ec9 nh\u01b0ng v\u1eabn nh\u1eb9. <a href=\"https:\/\/mountlaser.com\/vi\/products\/\"><strong>Ch\u00e2n m\u00e1y b\u1eb1ng s\u1ee3i carbon v\u1edbi kh\u00f3a g\u00e0i b\u1eb1ng ng\u00f3n tay c\u00e1i<\/strong><\/a>, Nh\u1edd \u0111\u00f3, n\u00f3 gi\u1ea3m thi\u1ec3u rung \u0111\u1ed9ng m\u1ed9t c\u00e1ch hi\u1ec7u qu\u1ea3, cho k\u1ebft qu\u1ea3 \u0111o ch\u00ednh x\u00e1c h\u01a1n. S\u1ea3n ph\u1ea9m c\u00f3 kh\u1ea3 n\u0103ng k\u00e9o d\u00e0i \u0111\u1ebfn 180cm, \u0111\u00e1p \u1ee9ng nhi\u1ec1u y\u00eau c\u1ea7u kh\u00e1c nhau t\u1ea1i c\u00f4ng tr\u01b0\u1eddng. C\u01a1 ch\u1ebf kh\u00f3a b\u1eb1ng ng\u00f3n tay c\u00e1i nhanh ch\u00f3ng \u0111\u1ea3m b\u1ea3o thao t\u00e1c tri\u1ec3n khai ch\u1ec9 b\u1eb1ng m\u1ed9t tay, kh\u1eb3ng \u0111\u1ecbnh v\u1ecb th\u1ebf l\u00e0 ch\u00e2n m\u00e1y b\u1eb1ng s\u1ee3i carbon cao c\u1ea5p v\u1edbi c\u01a1 ch\u1ebf kh\u00f3a b\u1eb1ng ng\u00f3n tay c\u00e1i, l\u00fd t\u01b0\u1edfng cho c\u00f4ng vi\u1ec7c ngo\u00e0i tr\u1eddi hi\u1ec7u qu\u1ea3. Th\u00eam v\u00e0o \u0111\u00f3, ch\u00e2n \u0111\u1ebf c\u00f3 th\u1ec3 th\u00e1o r\u1eddi gi\u00fap t\u0103ng t\u00ednh linh ho\u1ea1t, cho kh\u1ea3 n\u0103ng th\u00edch \u1ee9ng v\u01b0\u1ee3t tr\u1ed9i tr\u00ean c\u00e1c b\u1ec1 m\u1eb7t kh\u00f4ng b\u1eb1ng ph\u1eb3ng v\u00e0 \u0111\u01a1n gi\u1ea3n h\u00f3a vi\u1ec7c v\u1eadn chuy\u1ec3n.<\/p>","protected":false},"excerpt":{"rendered":"<ul>\n<li>Ch\u00e2n \u0111\u1ebf cao su c\u00f3 th\u1ec3 th\u00e1o r\u1eddi: T\u0103ng c\u01b0\u1eddng \u0111\u1ed9 \u1ed5n \u0111\u1ecbnh tr\u00ean \u0111\u1ecba h\u00ecnh kh\u00f4ng b\u1eb1ng ph\u1eb3ng, gi\u00fap d\u1ec5 d\u00e0ng b\u1ea3o tr\u00ec v\u00e0 c\u1ea5t gi\u1eef g\u1ecdn g\u00e0ng.<\/li>\n<li>B\u1ed9 d\u1ee5ng c\u1ee5 di \u0111\u1ed9ng ho\u00e0n ch\u1ec9nh: Bao g\u1ed3m t\u00fai \u0111\u1ef1ng m\u1ec1m v\u00e0 h\u1ed9p b\u00ean trong \u0111\u1ec3 v\u1eadn chuy\u1ec3n ti\u1ec7n l\u1ee3i v\u00e0 b\u1ea3o v\u1ec7 s\u1ea3n ph\u1ea9m.<\/li>\n<\/ul>","protected":false},"featured_media":3016,"comment_status":"open","ping_status":"closed","template":"","meta":[],"product_brand":[],"product_cat":[109,110,91],"product_tag":[],"class_list":{"0":"post-3014","1":"product","2":"type-product","3":"status-publish","4":"has-post-thumbnail","6":"product_cat-thumb-release-tripod-for-pole","7":"product_cat-carbon-fiber-tripod","8":"product_cat-bipod-tripod","10":"first","11":"instock","12":"shipping-taxable","13":"product-type-simple"},"_links":{"self":[{"href":"https:\/\/mountlaser.com\/vi\/wp-json\/wp\/v2\/product\/3014","targetHints":{"allow":["GET"]}}],"collection":[{"href":"https:\/\/mountlaser.com\/vi\/wp-json\/wp\/v2\/product"}],"about":[{"href":"https:\/\/mountlaser.com\/vi\/wp-json\/wp\/v2\/types\/product"}],"replies":[{"embeddable":true,"href":"https:\/\/mountlaser.com\/vi\/wp-json\/wp\/v2\/comments?post=3014"}],"wp:featuredmedia":[{"embeddable":true,"href":"https:\/\/mountlaser.com\/vi\/wp-json\/wp\/v2\/media\/3016"}],"wp:attachment":[{"href":"https:\/\/mountlaser.com\/vi\/wp-json\/wp\/v2\/media?parent=3014"}],"wp:term":[{"taxonomy":"product_brand","embeddable":true,"href":"https:\/\/mountlaser.com\/vi\/wp-json\/wp\/v2\/product_brand?post=3014"},{"taxonomy":"product_cat","embeddable":true,"href":"https:\/\/mountlaser.com\/vi\/wp-json\/wp\/v2\/product_cat?post=3014"},{"taxonomy":"product_tag","embeddable":true,"href":"https:\/\/mountlaser.com\/vi\/wp-json\/wp\/v2\/product_tag?post=3014"}],"curies":[{"name":"trang web","href":"https:\/\/api.w.org\/{rel}","templated":true}]}}