{"id":3006,"date":"2025-10-29T08:53:57","date_gmt":"2025-10-29T08:53:57","guid":{"rendered":"https:\/\/mountlaser.com\/?post_type=product&#038;p=3006"},"modified":"2025-11-28T04:56:07","modified_gmt":"2025-11-28T04:56:07","slug":"cls33a-thumb-release-tripod-for-pole","status":"publish","type":"product","link":"https:\/\/mountlaser.com\/vi\/san-pham\/cls33a-thumb-release-tripod-for-pole\/","title":{"rendered":"Ch\u00e2n \u0111\u1ebf xoay CLS33A c\u00f3 kh\u00f3a g\u00e0i d\u00e0nh cho g\u1eady."},"content":{"rendered":"<p>Gi\u1edbi thi\u1ec7u <a href=\"https:\/\/mountlaser.com\/vi\/\"><strong>Ch\u00e2n \u0111\u1ebf xoay CLS33A c\u00f3 kh\u00f3a g\u00e0i d\u00e0nh cho g\u1eady.<\/strong><\/a>, \u0110\u01b0\u1ee3c thi\u1ebft k\u1ebf d\u00e0nh cho c\u00e1c nh\u00e0 kh\u1ea3o s\u00e1t y\u00eau c\u1ea7u c\u1ea3 t\u1ed1c \u0111\u1ed9 v\u00e0 \u0111\u1ed9 \u1ed5n \u0111\u1ecbnh v\u1eefng ch\u1eafc t\u1ea1i hi\u1ec7n tr\u01b0\u1eddng. Ch\u00e2n \u0111\u1ebf kh\u1ea3o s\u00e1t chuy\u00ean nghi\u1ec7p v\u1edbi c\u01a1 ch\u1ebf kh\u00f3a ng\u00f3n tay c\u00e1i n\u00e0y \u0111\u01b0\u1ee3c thi\u1ebft k\u1ebf \u0111\u1ec3 n\u00e2ng cao hi\u1ec7u qu\u1ea3 c\u00f4ng vi\u1ec7c c\u1ee7a b\u1ea1n, c\u00f3 hai l\u1ef1a ch\u1ecdn m\u00e0u s\u1eafc n\u1ed5i b\u1eadt: Ch\u00e2n \u0111\u1ebf kh\u00f3a ng\u00f3n tay c\u00e1i CLS33A-RD d\u00e0nh cho c\u1ed9t (m\u00e0u \u0111\u1ecf) v\u00e0 Ch\u00e2n \u0111\u1ebf kh\u00f3a ng\u00f3n tay c\u00e1i CLS33A-GN d\u00e0nh cho c\u1ed9t (m\u00e0u xanh l\u00e1 c\u00e2y). Ch\u00e2n \u0111\u1ebf kh\u00f3a ng\u00f3n tay c\u00e1i CLS33A d\u00e0nh cho c\u1ed9t \u0111\u1ea1i di\u1ec7n cho b\u01b0\u1edbc ti\u1ebfn ti\u1ebfp theo trong h\u1ec7 th\u1ed1ng h\u1ed7 tr\u1ee3 di \u0111\u1ed9ng, mang \u0111\u1ebfn s\u1ef1 c\u00e2n b\u1eb1ng ho\u00e0n h\u1ea3o gi\u1eefa c\u1ea5u tr\u00fac ch\u1eafc ch\u1eafn v\u00e0 s\u1ef1 \u0111\u1ed5i m\u1edbi h\u01b0\u1edbng \u0111\u1ebfn ng\u01b0\u1eddi d\u00f9ng.<\/p>\n<p><img fetchpriority=\"high\" decoding=\"async\" class=\"aligncenter wp-image-3010\" src=\"https:\/\/mountlaser.com\/wp-content\/uploads\/2025\/10\/\u7eff\u8272-CLS33A-2.webp\" alt=\"Thumb Release Surveying Tripod\" width=\"500\" height=\"500\" srcset=\"https:\/\/mountlaser.com\/wp-content\/uploads\/2025\/10\/\u7eff\u8272-CLS33A-2.webp 1000w, https:\/\/mountlaser.com\/wp-content\/uploads\/2025\/10\/\u7eff\u8272-CLS33A-2-300x300.webp 300w, https:\/\/mountlaser.com\/wp-content\/uploads\/2025\/10\/\u7eff\u8272-CLS33A-2-400x400.webp 400w, https:\/\/mountlaser.com\/wp-content\/uploads\/2025\/10\/\u7eff\u8272-CLS33A-2-800x800.webp 800w, https:\/\/mountlaser.com\/wp-content\/uploads\/2025\/10\/\u7eff\u8272-CLS33A-2-600x600.webp 600w, https:\/\/mountlaser.com\/wp-content\/uploads\/2025\/10\/\u7eff\u8272-CLS33A-2-150x150.webp 150w, https:\/\/mountlaser.com\/wp-content\/uploads\/2025\/10\/\u7eff\u8272-CLS33A-2-768x768.webp 768w, https:\/\/mountlaser.com\/wp-content\/uploads\/2025\/10\/\u7eff\u8272-CLS33A-2-12x12.webp 12w\" sizes=\"(max-width: 500px) 100vw, 500px\" \/><\/p>\n<p>\u0110\u01b0\u1ee3c ch\u1ebf t\u1ea1o \u0111\u1ec3 b\u1ec1n b\u1ec9, CLS33A c\u00f3 \u1ed1ng trong b\u1eb1ng nh\u00f4m \u0111en b\u00f3ng (\u0111\u01b0\u1eddng k\u00ednh ngo\u00e0i 18mm) v\u00e0 \u1ed1ng ngo\u00e0i b\u1eb1ng nh\u00f4m d\u00e0y h\u01a1n, c\u00f3 m\u00e0u (\u0111\u01b0\u1eddng k\u00ednh ngo\u00e0i 25mm). Ch\u00e2n m\u00e1y \u0111o \u0111\u1ea1c ch\u1eafc ch\u1eafn n\u00e0y c\u00f3 c\u01a1 ch\u1ebf kh\u00f3a b\u1eb1ng ng\u00f3n tay c\u00e1i, cho ph\u00e9p k\u00e9o d\u00e0i t\u1ed1i \u0111a 180cm, gi\u00fap b\u1ea1n c\u00f3 chi\u1ec1u cao c\u1ea7n thi\u1ebft \u0111\u1ec3 chinh ph\u1ee5c \u0111\u1ecba h\u00ecnh kh\u00f3 kh\u0103n. T\u00ednh n\u0103ng n\u1ed5i b\u1eadt l\u00e0 c\u01a1 ch\u1ebf kh\u00f3a nhanh b\u1eb1ng ng\u00f3n tay c\u00e1i, cho ph\u00e9p \u0111i\u1ec1u ch\u1ec9nh nhanh ch\u00f3ng ch\u1ec9 b\u1eb1ng m\u1ed9t tay, kh\u1eb3ng \u0111\u1ecbnh vai tr\u00f2 c\u1ee7a n\u00f3 nh\u01b0 m\u1ed9t c\u00f4ng c\u1ee5 thi\u1ebft y\u1ebfu. <a href=\"https:\/\/mountlaser.com\/vi\/about-us\/\"><strong>Ch\u00e2n m\u00e1y \u0111o \u0111\u1ea1c c\u00f3 kh\u00f3a g\u00e0i<\/strong><\/a> Ph\u00f9 h\u1ee3p v\u1edbi m\u1ecdi c\u00f4ng tr\u01b0\u1eddng c\u00f3 nh\u1ecbp \u0111\u1ed9 nhanh. M\u1ed9t \u01b0u \u0111i\u1ec3m quan tr\u1ecdng l\u00e0 thi\u1ebft k\u1ebf ch\u00e2n \u0111\u1ebf c\u00f3 th\u1ec3 th\u00e1o r\u1eddi, gi\u00fap t\u0103ng kh\u1ea3 n\u0103ng th\u00edch \u1ee9ng tr\u00ean c\u00e1c b\u1ec1 m\u1eb7t kh\u00f4ng b\u1eb1ng ph\u1eb3ng v\u00e0 \u0111\u01a1n gi\u1ea3n h\u00f3a vi\u1ec7c b\u1ea3o tr\u00ec v\u00e0 v\u1eadn chuy\u1ec3n. \u0110i k\u00e8m v\u1edbi t\u00fai \u0111\u1ef1ng m\u1ec1m v\u00e0 h\u1ed9p b\u00ean trong, ch\u00e2n m\u00e1y n\u00e0y l\u00e0 ng\u01b0\u1eddi b\u1ea1n \u0111\u1ed3ng h\u00e0nh l\u00fd t\u01b0\u1edfng cho c\u00e1c ph\u00e9p \u0111o hi\u1ec7u qu\u1ea3 v\u00e0 ch\u00ednh x\u00e1c.<\/p>","protected":false},"excerpt":{"rendered":"<ul>\n<li>Cung c\u1ea5p ph\u1ea1m vi chi\u1ec1u cao v\u01b0\u1ee3t tr\u1ed9i \u0111\u1ec3 th\u00edch \u1ee9ng v\u1edbi nhi\u1ec1u nhu c\u1ea7u kh\u1ea3o s\u00e1t v\u00e0 m\u00f4i tr\u01b0\u1eddng \u0111\u1ea7y th\u00e1ch th\u1ee9c.<\/li>\n<li>S\u1ea3n ph\u1ea9m c\u00f3 kh\u1ea3 n\u0103ng th\u00edch \u1ee9ng v\u01b0\u1ee3t tr\u1ed9i tr\u00ean \u0111\u1ecba h\u00ecnh kh\u00f4ng b\u1eb1ng ph\u1eb3ng v\u00e0 cho ph\u00e9p d\u1ec5 d\u00e0ng v\u1ec7 sinh ho\u1eb7c thay th\u1ebf.<\/li>\n<li>Bao g\u1ed3m m\u1ed9t t\u00fai \u0111\u1ef1ng m\u1ec1m v\u00e0 h\u1ed9p b\u00ean trong \u0111\u1ec3 v\u1eadn chuy\u1ec3n v\u00e0 b\u1ea3o qu\u1ea3n thu\u1eadn ti\u1ec7n v\u00e0 an to\u00e0n.<\/li>\n<\/ul>","protected":false},"featured_media":3007,"comment_status":"open","ping_status":"closed","template":"","meta":[],"product_brand":[],"product_cat":[91,109],"product_tag":[],"class_list":{"0":"post-3006","1":"product","2":"type-product","3":"status-publish","4":"has-post-thumbnail","6":"product_cat-bipod-tripod","7":"product_cat-thumb-release-tripod-for-pole","9":"first","10":"instock","11":"shipping-taxable","12":"product-type-simple"},"_links":{"self":[{"href":"https:\/\/mountlaser.com\/vi\/wp-json\/wp\/v2\/product\/3006","targetHints":{"allow":["GET"]}}],"collection":[{"href":"https:\/\/mountlaser.com\/vi\/wp-json\/wp\/v2\/product"}],"about":[{"href":"https:\/\/mountlaser.com\/vi\/wp-json\/wp\/v2\/types\/product"}],"replies":[{"embeddable":true,"href":"https:\/\/mountlaser.com\/vi\/wp-json\/wp\/v2\/comments?post=3006"}],"wp:featuredmedia":[{"embeddable":true,"href":"https:\/\/mountlaser.com\/vi\/wp-json\/wp\/v2\/media\/3007"}],"wp:attachment":[{"href":"https:\/\/mountlaser.com\/vi\/wp-json\/wp\/v2\/media?parent=3006"}],"wp:term":[{"taxonomy":"product_brand","embeddable":true,"href":"https:\/\/mountlaser.com\/vi\/wp-json\/wp\/v2\/product_brand?post=3006"},{"taxonomy":"product_cat","embeddable":true,"href":"https:\/\/mountlaser.com\/vi\/wp-json\/wp\/v2\/product_cat?post=3006"},{"taxonomy":"product_tag","embeddable":true,"href":"https:\/\/mountlaser.com\/vi\/wp-json\/wp\/v2\/product_tag?post=3006"}],"curies":[{"name":"trang web","href":"https:\/\/api.w.org\/{rel}","templated":true}]}}