{"id":2997,"date":"2025-10-29T08:41:11","date_gmt":"2025-10-29T08:41:11","guid":{"rendered":"https:\/\/mountlaser.com\/?post_type=product&#038;p=2997"},"modified":"2025-11-28T04:57:27","modified_gmt":"2025-11-28T04:57:27","slug":"dz33a-thumb-release-tripod-for-pole","status":"publish","type":"product","link":"https:\/\/mountlaser.com\/vi\/san-pham\/dz33a-thumb-release-tripod-for-pole\/","title":{"rendered":"Ch\u00e2n m\u00e1y DZ33A c\u00f3 kh\u00f3a g\u00e0i d\u1ea1ng ng\u00f3n tay c\u00e1i d\u00e0nh cho g\u1eady ch\u1ed1ng."},"content":{"rendered":"<p>G\u1eb7p g\u1ee1 <a href=\"https:\/\/mountlaser.com\/vi\/\"><strong>Ch\u00e2n m\u00e1y DZ33A c\u00f3 kh\u00f3a g\u00e0i d\u1ea1ng ng\u00f3n tay c\u00e1i d\u00e0nh cho g\u1eady ch\u1ed1ng.<\/strong><\/a>, \u0110\u00e2y l\u00e0 gi\u1ea3i ph\u00e1p t\u1ed1i \u01b0u d\u00e0nh cho c\u00e1c nh\u00e0 kh\u1ea3o s\u00e1t kh\u00f4ng mu\u1ed1n th\u1ecfa hi\u1ec7p gi\u1eefa \u0111\u1ed9 \u1ed5n \u0111\u1ecbnh v\u01b0\u1ee3t tr\u1ed9i v\u00e0 kh\u1ea3 n\u0103ng tri\u1ec3n khai nhanh ch\u00f3ng. \u0110\u01b0\u1ee3c thi\u1ebft k\u1ebf d\u00e0nh cho c\u00e1c chuy\u00ean gia, ch\u00e2n \u0111\u1ebf c\u1ed9t l\u0103ng k\u00ednh th\u00e1o nhanh b\u1eb1ng ng\u00f3n tay c\u00e1i \u0111a n\u0103ng n\u00e0y c\u00f3 ba t\u00f9y ch\u1ecdn m\u00e0u s\u1eafc n\u1ed5i b\u1eadt: Ch\u00e2n \u0111\u1ebf th\u00e1o nhanh b\u1eb1ng ng\u00f3n tay c\u00e1i DZ33A-RW (\u0110\u1ecf\/Tr\u1eafng), Ch\u00e2n \u0111\u1ebf th\u00e1o nhanh b\u1eb1ng ng\u00f3n tay c\u00e1i DZ33A-YL (V\u00e0ng) v\u00e0 Ch\u00e2n \u0111\u1ebf th\u00e1o nhanh b\u1eb1ng ng\u00f3n tay c\u00e1i DZ33A-BK (\u0110en), \u0111\u1ea3m b\u1ea3o c\u1ea3 phong c\u00e1ch v\u00e0 s\u1ef1 an to\u00e0n \u0111\u01b0\u1ee3c n\u00e2ng cao t\u1ea1i c\u00f4ng tr\u01b0\u1eddng. L\u00e0 m\u1ed9t ch\u00e2n \u0111\u1ebf c\u1ed9t l\u0103ng k\u00ednh b\u1eb1ng nh\u00f4m ch\u1eafc ch\u1eafn, n\u00f3 \u0111\u01b0\u1ee3c ch\u1ebf t\u1ea1o \u0111\u1ec3 cung c\u1ea5p n\u1ec1n t\u1ea3ng v\u1eefng ch\u1eafc cho c\u00e1c ph\u00e9p \u0111o quan tr\u1ecdng nh\u1ea5t c\u1ee7a b\u1ea1n.<img fetchpriority=\"high\" decoding=\"async\" class=\"aligncenter wp-image-3002\" src=\"https:\/\/mountlaser.com\/wp-content\/uploads\/2025\/10\/DZ33A-\u7ea2\u767d3.webp\" alt=\"Aluminum Prism Pole Tripod\" width=\"500\" height=\"500\" srcset=\"https:\/\/mountlaser.com\/wp-content\/uploads\/2025\/10\/DZ33A-\u7ea2\u767d3.webp 1000w, https:\/\/mountlaser.com\/wp-content\/uploads\/2025\/10\/DZ33A-\u7ea2\u767d3-300x300.webp 300w, https:\/\/mountlaser.com\/wp-content\/uploads\/2025\/10\/DZ33A-\u7ea2\u767d3-400x400.webp 400w, https:\/\/mountlaser.com\/wp-content\/uploads\/2025\/10\/DZ33A-\u7ea2\u767d3-800x800.webp 800w, https:\/\/mountlaser.com\/wp-content\/uploads\/2025\/10\/DZ33A-\u7ea2\u767d3-600x600.webp 600w, https:\/\/mountlaser.com\/wp-content\/uploads\/2025\/10\/DZ33A-\u7ea2\u767d3-150x150.webp 150w, https:\/\/mountlaser.com\/wp-content\/uploads\/2025\/10\/DZ33A-\u7ea2\u767d3-768x768.webp 768w, https:\/\/mountlaser.com\/wp-content\/uploads\/2025\/10\/DZ33A-\u7ea2\u767d3-12x12.webp 12w\" sizes=\"(max-width: 500px) 100vw, 500px\" \/><\/p>\n<p>\u0110\u01b0\u1ee3c ch\u1ebf t\u1ea1o v\u1edbi \u1ed1ng trong b\u1eb1ng nh\u00f4m m\u00e0u b\u1ea1c b\u1ec1n ch\u1eafc (\u0111\u01b0\u1eddng k\u00ednh ngo\u00e0i 18mm) v\u00e0 \u1ed1ng ngo\u00e0i d\u00e0y h\u01a1n (\u0111\u01b0\u1eddng k\u00ednh ngo\u00e0i 25mm) v\u1edbi nhi\u1ec1u m\u00e0u s\u1eafc \u0111\u1ec3 b\u1ea1n l\u1ef1a ch\u1ecdn, DZ33A \u0111\u01b0\u1ee3c thi\u1ebft k\u1ebf \u0111\u1ec3 c\u00f3 \u0111\u1ed9 b\u1ec1n cao v\u00e0 ch\u1eafc ch\u1eafn. Ch\u00e2n m\u00e1y \u1ea3nh d\u1ea1ng c\u1ed9t l\u0103ng k\u00ednh b\u1eb1ng nh\u00f4m n\u00e0y c\u00f3 kh\u1ea3 n\u0103ng k\u00e9o d\u00e0i \u1ea5n t\u01b0\u1ee3ng l\u00ean \u0111\u1ebfn 180cm, cung c\u1ea5p ph\u1ea1m vi chi\u1ec1u cao v\u01b0\u1ee3t tr\u1ed9i \u0111\u1ec3 chinh ph\u1ee5c nh\u1eefng \u0111\u1ecba h\u00ecnh kh\u00f3 kh\u0103n v\u00e0 c\u00e1c thi\u1ebft l\u1eadp ph\u1ee9c t\u1ea1p. C\u01a1 ch\u1ebf kh\u00f3a b\u1eb1ng ng\u00f3n tay c\u00e1i c\u1ea3i ti\u1ebfn l\u00e0 \u0111i\u1ec3m n\u1ed5i b\u1eadt c\u1ee7a s\u1ea3n ph\u1ea9m n\u00e0y. <a href=\"https:\/\/mountlaser.com\/vi\/about-us\/\"><strong>Ch\u00e2n m\u00e1y \u1ea3nh d\u1ea1ng c\u1ed9t l\u0103ng k\u00ednh c\u00f3 ch\u1ed1t g\u00e0i b\u1eb1ng ng\u00f3n tay c\u00e1i<\/strong><\/a>, Cho ph\u00e9p \u0111i\u1ec1u ch\u1ec9nh c\u1ef1c nhanh ch\u1ec9 b\u1eb1ng m\u1ed9t tay m\u00e0 v\u1eabn \u0111\u1ea3m b\u1ea3o \u0111\u1ed9 \u1ed5n \u0111\u1ecbnh c\u1ea7n thi\u1ebft. Ch\u00e2n \u0111\u1ebf c\u1ed1 \u0111\u1ecbnh, ch\u1ed1ng tr\u01b0\u1ee3t \u0111\u1ea3m b\u1ea3o \u0111\u1ed9 b\u00e1m ch\u1eafc ch\u1eafn tr\u00ean m\u1ecdi b\u1ec1 m\u1eb7t, gi\u00fap c\u00e2y s\u00e0o l\u0103ng k\u00ednh c\u1ee7a b\u1ea1n lu\u00f4n v\u1eefng ch\u1eafc. Khi c\u1ea7n di chuy\u1ec3n, m\u1ecdi th\u1ee9 \u0111\u01b0\u1ee3c \u0111\u00f3ng g\u00f3i g\u1ecdn g\u00e0ng v\u00e0o t\u00fai \u0111\u1ef1ng m\u1ec1m v\u00e0 h\u1ed9p b\u00ean trong \u0111i k\u00e8m.<\/p>","protected":false},"excerpt":{"rendered":"<ul>\n<li>C\u00e1c t\u00f9y ch\u1ecdn m\u00e0u s\u1eafc d\u1ec5 nh\u1eadn bi\u1ebft: C\u00f3 s\u1eb5n m\u00e0u \u0110\u1ecf\/Tr\u1eafng, V\u00e0ng v\u00e0 \u0110en \u0111\u1ec3 t\u0103ng c\u01b0\u1eddng an to\u00e0n t\u1ea1i c\u00f4ng tr\u01b0\u1eddng v\u00e0 \u0111\u00e1p \u1ee9ng s\u1edf th\u00edch c\u00e1 nh\u00e2n.<\/li>\n<li>B\u1ed9 d\u1ee5ng c\u1ee5 di \u0111\u1ed9ng ho\u00e0n ch\u1ec9nh: Bao g\u1ed3m t\u00fai \u0111\u1ef1ng m\u1ec1m v\u00e0 h\u1ed9p b\u00ean trong \u0111\u1ec3 v\u1eadn chuy\u1ec3n v\u00e0 b\u1ea3o qu\u1ea3n thu\u1eadn ti\u1ec7n v\u00e0 an to\u00e0n.<\/li>\n<\/ul>","protected":false},"featured_media":2998,"comment_status":"open","ping_status":"closed","template":"","meta":[],"product_brand":[],"product_cat":[91,109],"product_tag":[],"class_list":{"0":"post-2997","1":"product","2":"type-product","3":"status-publish","4":"has-post-thumbnail","6":"product_cat-bipod-tripod","7":"product_cat-thumb-release-tripod-for-pole","9":"first","10":"instock","11":"shipping-taxable","12":"product-type-simple"},"_links":{"self":[{"href":"https:\/\/mountlaser.com\/vi\/wp-json\/wp\/v2\/product\/2997","targetHints":{"allow":["GET"]}}],"collection":[{"href":"https:\/\/mountlaser.com\/vi\/wp-json\/wp\/v2\/product"}],"about":[{"href":"https:\/\/mountlaser.com\/vi\/wp-json\/wp\/v2\/types\/product"}],"replies":[{"embeddable":true,"href":"https:\/\/mountlaser.com\/vi\/wp-json\/wp\/v2\/comments?post=2997"}],"wp:featuredmedia":[{"embeddable":true,"href":"https:\/\/mountlaser.com\/vi\/wp-json\/wp\/v2\/media\/2998"}],"wp:attachment":[{"href":"https:\/\/mountlaser.com\/vi\/wp-json\/wp\/v2\/media?parent=2997"}],"wp:term":[{"taxonomy":"product_brand","embeddable":true,"href":"https:\/\/mountlaser.com\/vi\/wp-json\/wp\/v2\/product_brand?post=2997"},{"taxonomy":"product_cat","embeddable":true,"href":"https:\/\/mountlaser.com\/vi\/wp-json\/wp\/v2\/product_cat?post=2997"},{"taxonomy":"product_tag","embeddable":true,"href":"https:\/\/mountlaser.com\/vi\/wp-json\/wp\/v2\/product_tag?post=2997"}],"curies":[{"name":"trang web","href":"https:\/\/api.w.org\/{rel}","templated":true}]}}