{"id":2990,"date":"2025-10-29T08:10:07","date_gmt":"2025-10-29T08:10:07","guid":{"rendered":"https:\/\/mountlaser.com\/?post_type=product&#038;p=2990"},"modified":"2025-11-28T04:58:53","modified_gmt":"2025-11-28T04:58:53","slug":"mnt02a-thumb-release-mini-tripod","status":"publish","type":"product","link":"https:\/\/mountlaser.com\/vi\/san-pham\/mnt02a-thumb-release-mini-tripod\/","title":{"rendered":"Ch\u00e2n m\u00e1y mini MNT02A v\u1edbi c\u01a1 ch\u1ebf kh\u00f3a b\u1eb1ng ng\u00f3n tay c\u00e1i"},"content":{"rendered":"<p>N\u00e2ng t\u1ea7m trang thi\u1ebft b\u1ecb s\u00e2n b\u00e3i c\u1ee7a b\u1ea1n v\u1edbi...<a href=\"https:\/\/mountlaser.com\/vi\/about-us\/\"><strong> Ch\u00e2n m\u00e1y mini MNT02A v\u1edbi c\u01a1 ch\u1ebf kh\u00f3a b\u1eb1ng ng\u00f3n tay c\u00e1i<\/strong><\/a> T\u1eeb Mount Laser. \u0110\u01b0\u1ee3c thi\u1ebft k\u1ebf d\u00e0nh cho c\u00e1c chuy\u00ean gia \u0111\u00f2i h\u1ecfi c\u1ea3 \u0111\u1ed9 ch\u00ednh x\u00e1c v\u00e0 t\u00ednh di \u0111\u1ed9ng, ch\u00e2n m\u00e1y nh\u1ecf g\u1ecdn m\u1ea1nh m\u1ebd n\u00e0y cung c\u1ea5p n\u1ec1n t\u1ea3ng v\u1eefng ch\u1eafc cho c\u00e1c c\u1ed9t, m\u00e1y qu\u00e9t v\u00e0 c\u00e1c ph\u1ee5 ki\u1ec7n \u0111o l\u01b0\u1eddng thi\u1ebft y\u1ebfu kh\u00e1c c\u1ee7a b\u1ea1n. L\u00e0 m\u1ed9t ch\u00e2n m\u00e1y mini b\u1eb1ng nh\u00f4m cao c\u1ea5p, n\u00f3 \u0111\u01b0\u1ee3c ch\u1ebf t\u1ea1o \u0111\u1ec3 ch\u1ecbu \u0111\u01b0\u1ee3c nh\u1eefng \u0111i\u1ec1u ki\u1ec7n kh\u1eafc nghi\u1ec7t ngo\u00e0i tr\u1eddi m\u00e0 kh\u00f4ng g\u00e2y n\u1eb7ng n\u1ec1.<\/p>\n<p>\u0110\u01b0\u1ee3c ch\u1ebf t\u1ea1o v\u1edbi l\u1edbp ho\u00e0n thi\u1ec7n m\u00e0u \u0111en b\u00f3ng b\u1ea9y, MNT02A c\u00f3 \u1ed1ng b\u00ean trong ch\u1eafc ch\u1eafn l\u00e0m b\u1eb1ng nh\u00f4m (\u0111\u01b0\u1eddng k\u00ednh ngo\u00e0i 18mm), \u0111\u1ea3m b\u1ea3o \u0111\u1ed9 b\u1ec1n v\u00e0 \u1ed5n \u0111\u1ecbnh v\u01b0\u1ee3t tr\u1ed9i. <a href=\"https:\/\/mountlaser.com\/vi\/products\/\">Ch\u00e2n m\u00e1y mini b\u1eb1ng nh\u00f4m<\/a> S\u1ea3n ph\u1ea9m c\u00f3 chi\u1ec1u cao m\u1edf r\u1ed9ng l\u00ean \u0111\u1ebfn 29cm, mang l\u1ea1i s\u1ef1 linh ho\u1ea1t h\u01a1n trong vi\u1ec7c \u0111\u1ecbnh v\u1ecb d\u1ee5ng c\u1ee5 t\u1ed1i \u01b0u. Ch\u00e2n \u0111\u1ebf cao su c\u1ed1 \u0111\u1ecbnh gi\u00fap b\u00e1m ch\u1eafc, ch\u1ed1ng tr\u01a1n tr\u01b0\u1ee3t tr\u00ean nhi\u1ec1u b\u1ec1 m\u1eb7t kh\u00e1c nhau, \u0111\u1ea3m b\u1ea3o c\u00e1c ph\u00e9p \u0111o c\u1ee7a b\u1ea1n b\u1eaft \u0111\u1ea7u t\u1eeb \u0111i\u1ec3m ch\u00ednh x\u00e1c tuy\u1ec7t \u0111\u1ed1i.<img fetchpriority=\"high\" decoding=\"async\" class=\"aligncenter wp-image-2992\" src=\"https:\/\/mountlaser.com\/wp-content\/uploads\/2025\/10\/MNT02-3.webp\" alt=\"Aluminum mini tripod\" width=\"500\" height=\"500\" srcset=\"https:\/\/mountlaser.com\/wp-content\/uploads\/2025\/10\/MNT02-3.webp 1000w, https:\/\/mountlaser.com\/wp-content\/uploads\/2025\/10\/MNT02-3-300x300.webp 300w, https:\/\/mountlaser.com\/wp-content\/uploads\/2025\/10\/MNT02-3-400x400.webp 400w, https:\/\/mountlaser.com\/wp-content\/uploads\/2025\/10\/MNT02-3-800x800.webp 800w, https:\/\/mountlaser.com\/wp-content\/uploads\/2025\/10\/MNT02-3-600x600.webp 600w, https:\/\/mountlaser.com\/wp-content\/uploads\/2025\/10\/MNT02-3-150x150.webp 150w, https:\/\/mountlaser.com\/wp-content\/uploads\/2025\/10\/MNT02-3-768x768.webp 768w, https:\/\/mountlaser.com\/wp-content\/uploads\/2025\/10\/MNT02-3-12x12.webp 12w\" sizes=\"(max-width: 500px) 100vw, 500px\" \/><\/p>\n<p>\u0110i\u1ec3m n\u1ed5i b\u1eadt l\u00e0 c\u01a1 ch\u1ebf kh\u00f3a b\u1eb1ng ng\u00f3n tay c\u00e1i tr\u1ef1c quan, cho ph\u00e9p tri\u1ec3n khai nhanh ch\u00f3ng ch\u1ec9 b\u1eb1ng m\u1ed9t tay v\u00e0 \u0111i\u1ec1u ch\u1ec9nh \u0111\u1ed9 cao. Kh\u00f4ng c\u1ea7n t\u1ed1n th\u1eddi gian thi\u1ebft l\u1eadp; ch\u1ec9 v\u1edbi m\u1ed9t thao t\u00e1c nh\u1ea5n v\u00e0 tr\u01b0\u1ee3t \u0111\u01a1n gi\u1ea3n, c\u1ed9t c\u1ee7a b\u1ea1n \u0111\u00e3 \u0111\u01b0\u1ee3c c\u1ed1 \u0111\u1ecbnh v\u00e0 s\u1eb5n s\u00e0ng s\u1eed d\u1ee5ng. Khi c\u1ea7n di chuy\u1ec3n, c\u1ed9t nh\u1ecf g\u1ecdn n\u00e0y r\u1ea5t ti\u1ec7n l\u1ee3i.<a href=\"https:\/\/mountlaser.com\/vi\/contact-us\/\"><strong> Ch\u00e2n m\u00e1y mini b\u1eb1ng nh\u00f4m<\/strong><\/a> C\u00f3 th\u1ec3 th\u00e1o l\u1eafp nhanh ch\u00f3ng v\u00e0 c\u1ea5t gi\u1eef an to\u00e0n trong t\u00fai \u0111\u1ef1ng m\u1ec1m v\u00e0 h\u1ed9p b\u00ean trong \u0111i k\u00e8m, khi\u1ebfn n\u00f3 tr\u1edf n\u00ean ho\u00e0n h\u1ea3o.<\/p>\n<p>&nbsp;<\/p>","protected":false},"excerpt":{"rendered":"<ul>\n<li>Chi\u1ec1u cao m\u1edf r\u1ed9ng: Cung c\u1ea5p kh\u1ea3 n\u0103ng m\u1edf r\u1ed9ng th\u00eam 29cm, mang l\u1ea1i s\u1ef1 linh ho\u1ea1t h\u01a1n trong vi\u1ec7c \u0111\u1ecbnh v\u1ecb thi\u1ebft b\u1ecb c\u1ee7a b\u1ea1n.<\/li>\n<li>An to\u00e0n &amp; D\u1ec5 mang theo: C\u00f3 ch\u00e2n \u0111\u1ebf ch\u1ed1ng tr\u01b0\u1ee3t c\u1ed1 \u0111\u1ecbnh gi\u00fap \u1ed5n \u0111\u1ecbnh v\u00e0 \u0111i k\u00e8m v\u1edbi t\u00fai \u0111\u1ef1ng m\u1ec1m \u0111\u1ec3 d\u1ec5 d\u00e0ng v\u1eadn chuy\u1ec3n v\u00e0 b\u1ea3o v\u1ec7 s\u1ea3n ph\u1ea9m.<\/li>\n<\/ul>","protected":false},"featured_media":2991,"comment_status":"open","ping_status":"closed","template":"","meta":[],"product_brand":[],"product_cat":[91,109],"product_tag":[],"class_list":{"0":"post-2990","1":"product","2":"type-product","3":"status-publish","4":"has-post-thumbnail","6":"product_cat-bipod-tripod","7":"product_cat-thumb-release-tripod-for-pole","9":"first","10":"instock","11":"shipping-taxable","12":"product-type-simple"},"_links":{"self":[{"href":"https:\/\/mountlaser.com\/vi\/wp-json\/wp\/v2\/product\/2990","targetHints":{"allow":["GET"]}}],"collection":[{"href":"https:\/\/mountlaser.com\/vi\/wp-json\/wp\/v2\/product"}],"about":[{"href":"https:\/\/mountlaser.com\/vi\/wp-json\/wp\/v2\/types\/product"}],"replies":[{"embeddable":true,"href":"https:\/\/mountlaser.com\/vi\/wp-json\/wp\/v2\/comments?post=2990"}],"wp:featuredmedia":[{"embeddable":true,"href":"https:\/\/mountlaser.com\/vi\/wp-json\/wp\/v2\/media\/2991"}],"wp:attachment":[{"href":"https:\/\/mountlaser.com\/vi\/wp-json\/wp\/v2\/media?parent=2990"}],"wp:term":[{"taxonomy":"product_brand","embeddable":true,"href":"https:\/\/mountlaser.com\/vi\/wp-json\/wp\/v2\/product_brand?post=2990"},{"taxonomy":"product_cat","embeddable":true,"href":"https:\/\/mountlaser.com\/vi\/wp-json\/wp\/v2\/product_cat?post=2990"},{"taxonomy":"product_tag","embeddable":true,"href":"https:\/\/mountlaser.com\/vi\/wp-json\/wp\/v2\/product_tag?post=2990"}],"curies":[{"name":"trang web","href":"https:\/\/api.w.org\/{rel}","templated":true}]}}