{"id":2983,"date":"2025-10-29T07:40:17","date_gmt":"2025-10-29T07:40:17","guid":{"rendered":"https:\/\/mountlaser.com\/?post_type=product&#038;p=2983"},"modified":"2025-11-28T05:01:49","modified_gmt":"2025-11-28T05:01:49","slug":"mnt01a-thumb-release-mini-tripod","status":"publish","type":"product","link":"https:\/\/mountlaser.com\/vi\/san-pham\/mnt01a-thumb-release-mini-tripod\/","title":{"rendered":"Ch\u00e2n m\u00e1y mini MNT01A v\u1edbi c\u01a1 ch\u1ebf b\u1ea5m ng\u00f3n tay c\u00e1i"},"content":{"rendered":"<p>T\u1ea1i Mount Laser, ch\u00fang t\u00f4i hi\u1ec3u r\u1eb1ng \u0111\u1ed9 ch\u00ednh x\u00e1c trong th\u1ef1c \u0111\u1ecba \u0111\u00f2i h\u1ecfi \u0111\u1ed9 tin c\u1eady \u1edf t\u1eebng thi\u1ebft b\u1ecb. Xin gi\u1edbi thi\u1ec7u... <a href=\"https:\/\/mountlaser.com\/vi\/\"><strong>Ch\u00e2n m\u00e1y mini MNT01A v\u1edbi c\u01a1 ch\u1ebf kh\u00f3a b\u1eb1ng ng\u00f3n tay c\u00e1i<\/strong><\/a>, \u0110\u00e2y l\u00e0 gi\u1ea3i ph\u00e1p h\u1ed7 tr\u1ee3 nh\u1ecf g\u1ecdn t\u1ed1i \u01b0u cho g\u1eady, m\u00e1y qu\u00e9t v\u00e0 c\u00e1c thi\u1ebft b\u1ecb nh\u1ecf c\u1ee7a b\u1ea1n. Ch\u00e2n m\u00e1y mini b\u1eb1ng nh\u00f4m ch\u1eafc ch\u1eafn n\u00e0y \u0111\u01b0\u1ee3c thi\u1ebft k\u1ebf d\u00e0nh cho c\u00e1c chuy\u00ean gia kh\u00f4ng mu\u1ed1n th\u1ecfa hi\u1ec7p v\u1ec1 \u0111\u1ed9 \u1ed5n \u0111\u1ecbnh ho\u1eb7c t\u00ednh di \u0111\u1ed9ng.<\/p>\n<p>\u0110\u01b0\u1ee3c ch\u1ebf t\u1ea1o t\u1eeb nh\u00f4m cao c\u1ea5p, MNT01A k\u1ebft h\u1ee3p \u0111\u1ed9 b\u1ec1n nh\u1eb9 v\u1edbi thi\u1ebft k\u1ebf ch\u1eafc ch\u1eafn. C\u1ed1t l\u00f5i c\u1ee7a thi\u1ebft k\u1ebf n\u00e0y n\u1eb1m \u1edf ch\u00ednh chi\u1ebfc \u0111\u1ed3ng h\u1ed3 n\u00e0y. <a href=\"https:\/\/mountlaser.com\/vi\/products\/\">Ch\u00e2n m\u00e1y mini b\u1eb1ng nh\u00f4m<\/a> S\u1ea3n ph\u1ea9m c\u00f3 \u1ed1ng trong \u0111\u01b0\u1eddng k\u00ednh 18mm, t\u1ea1o n\u1ec1n t\u1ea3ng v\u1eefng ch\u1eafc trong khi v\u1eabn gi\u1eef tr\u1ecdng l\u01b0\u1ee3ng t\u1ed5ng th\u1ec3 \u1edf m\u1ee9c t\u1ed1i thi\u1ec3u. V\u1edbi ph\u1ea7n m\u1edf r\u1ed9ng 22cm v\u00e0 ch\u00e2n \u0111\u1ebf c\u1ed1 \u0111\u1ecbnh, n\u00f3 cung c\u1ea5p m\u1ed9t n\u1ec1n t\u1ea3ng an to\u00e0n v\u00e0 \u1ed5n \u0111\u1ecbnh tr\u00ean nhi\u1ec1u \u0111\u1ecba h\u00ecnh kh\u00e1c nhau, \u0111\u1ea3m b\u1ea3o c\u00e1c ph\u00e9p \u0111o c\u1ee7a b\u1ea1n b\u1eaft \u0111\u1ea7u t\u1eeb m\u1ed9t \u0111i\u1ec3m ch\u00ednh x\u00e1c tuy\u1ec7t \u0111\u1ed1i.<\/p>\n<p>&nbsp;<\/p>\n<p><img fetchpriority=\"high\" decoding=\"async\" class=\"aligncenter wp-image-2986\" src=\"https:\/\/mountlaser.com\/wp-content\/uploads\/2025\/10\/MNT01-6.webp\" alt=\"Aluminum mini tripod\" width=\"500\" height=\"500\" srcset=\"https:\/\/mountlaser.com\/wp-content\/uploads\/2025\/10\/MNT01-6.webp 1000w, https:\/\/mountlaser.com\/wp-content\/uploads\/2025\/10\/MNT01-6-300x300.webp 300w, https:\/\/mountlaser.com\/wp-content\/uploads\/2025\/10\/MNT01-6-400x400.webp 400w, https:\/\/mountlaser.com\/wp-content\/uploads\/2025\/10\/MNT01-6-800x800.webp 800w, https:\/\/mountlaser.com\/wp-content\/uploads\/2025\/10\/MNT01-6-600x600.webp 600w, https:\/\/mountlaser.com\/wp-content\/uploads\/2025\/10\/MNT01-6-150x150.webp 150w, https:\/\/mountlaser.com\/wp-content\/uploads\/2025\/10\/MNT01-6-768x768.webp 768w, https:\/\/mountlaser.com\/wp-content\/uploads\/2025\/10\/MNT01-6-12x12.webp 12w\" sizes=\"(max-width: 500px) 100vw, 500px\" \/><\/p>\n<p>\u0110i\u1ec3m n\u1ed5i b\u1eadt l\u00e0 c\u01a1 ch\u1ebf kh\u00f3a nhanh b\u1eb1ng ng\u00f3n tay c\u00e1i, cho ph\u00e9p b\u1ea1n thi\u1ebft l\u1eadp v\u00e0 \u0111i\u1ec1u ch\u1ec9nh \u0111\u1ed9 cao c\u1ee7a thi\u1ebft b\u1ecb g\u1eafn tr\u00ean c\u1ed9t ch\u1ec9 trong v\u00e0i gi\u00e2y. Kh\u00f4ng c\u00f2n ph\u1ea3i loay hoay v\u1edbi c\u00e1c kh\u00f3a ph\u1ee9c t\u1ea1p n\u1eefa\u2014ch\u1ec9 c\u1ea7n m\u1ed9t thao t\u00e1c nh\u1ea5n v\u00e0 tr\u01b0\u1ee3t \u0111\u01a1n gi\u1ea3n, tr\u1ef1c quan \u0111\u1ec3 \u0111\u1ea1t hi\u1ec7u qu\u1ea3 t\u1ed1i \u0111a khi l\u00e0m vi\u1ec7c ngo\u00e0i hi\u1ec7n tr\u01b0\u1eddng. Khi ho\u00e0n th\u00e0nh c\u00f4ng vi\u1ec7c, thi\u1ebft b\u1ecb c\u00f3 th\u1ec3 \u0111\u01b0\u1ee3c thu g\u1ecdn nh\u1ecf g\u1ecdn, \u0111i k\u00e8m v\u1edbi t\u00fai \u0111\u1ef1ng m\u1ec1m v\u00e0 h\u1ed9p b\u00ean trong \u0111\u1ec3 c\u1ea5t gi\u1eef an to\u00e0n v\u00e0 ti\u1ec7n l\u1ee3i trong b\u1ea5t k\u1ef3 t\u00fai \u0111\u1ef1ng d\u1ee5ng c\u1ee5 n\u00e0o. H\u00e3y ch\u1ecdn MNT01A, s\u1ea3n ph\u1ea9m chuy\u00ean nghi\u1ec7p. <a href=\"https:\/\/mountlaser.com\/vi\/about-us\/\"><strong>Ch\u00e2n m\u00e1y mini b\u1eb1ng nh\u00f4m<\/strong><\/a> \u0110\u00f3 l\u00e0 m\u1ed9t d\u1ea5u \u1ea5n m\u1ea1nh m\u1ebd v\u1ec1 \u0111\u1ed9 ch\u00ednh x\u00e1c.<\/p>","protected":false},"excerpt":{"rendered":"<ul>\n<li>C\u01a1 ch\u1ebf nh\u1ea3 b\u1eb1ng ng\u00f3n tay c\u00e1i: Cho ph\u00e9p thi\u1ebft l\u1eadp v\u00e0 \u0111i\u1ec1u ch\u1ec9nh \u0111\u1ed9 cao nhanh ch\u00f3ng ch\u1ec9 b\u1eb1ng m\u1ed9t tay, mang l\u1ea1i hi\u1ec7u qu\u1ea3 l\u00e0m vi\u1ec7c v\u01b0\u1ee3t tr\u1ed9i tr\u00ean th\u1ef1c \u0111\u1ecba.<\/li>\n<li>\u0110i k\u00e8m h\u1ed9p \u0111\u1ef1ng: Bao g\u1ed3m m\u1ed9t h\u1ed9p \u0111\u1ef1ng m\u1ec1m b\u1ea3o v\u1ec7 v\u00e0 h\u1ed9p b\u00ean trong \u0111\u1ec3 v\u1eadn chuy\u1ec3n d\u1ec5 d\u00e0ng v\u00e0 an to\u00e0n, l\u00fd t\u01b0\u1edfng cho nh\u1eefng chuy\u1ebfn du l\u1ecbch.<\/li>\n<\/ul>","protected":false},"featured_media":2984,"comment_status":"open","ping_status":"closed","template":"","meta":[],"product_brand":[],"product_cat":[91,109],"product_tag":[],"class_list":{"0":"post-2983","1":"product","2":"type-product","3":"status-publish","4":"has-post-thumbnail","6":"product_cat-bipod-tripod","7":"product_cat-thumb-release-tripod-for-pole","9":"first","10":"instock","11":"shipping-taxable","12":"product-type-simple"},"_links":{"self":[{"href":"https:\/\/mountlaser.com\/vi\/wp-json\/wp\/v2\/product\/2983","targetHints":{"allow":["GET"]}}],"collection":[{"href":"https:\/\/mountlaser.com\/vi\/wp-json\/wp\/v2\/product"}],"about":[{"href":"https:\/\/mountlaser.com\/vi\/wp-json\/wp\/v2\/types\/product"}],"replies":[{"embeddable":true,"href":"https:\/\/mountlaser.com\/vi\/wp-json\/wp\/v2\/comments?post=2983"}],"wp:featuredmedia":[{"embeddable":true,"href":"https:\/\/mountlaser.com\/vi\/wp-json\/wp\/v2\/media\/2984"}],"wp:attachment":[{"href":"https:\/\/mountlaser.com\/vi\/wp-json\/wp\/v2\/media?parent=2983"}],"wp:term":[{"taxonomy":"product_brand","embeddable":true,"href":"https:\/\/mountlaser.com\/vi\/wp-json\/wp\/v2\/product_brand?post=2983"},{"taxonomy":"product_cat","embeddable":true,"href":"https:\/\/mountlaser.com\/vi\/wp-json\/wp\/v2\/product_cat?post=2983"},{"taxonomy":"product_tag","embeddable":true,"href":"https:\/\/mountlaser.com\/vi\/wp-json\/wp\/v2\/product_tag?post=2983"}],"curies":[{"name":"trang web","href":"https:\/\/api.w.org\/{rel}","templated":true}]}}