{"id":2972,"date":"2025-10-28T03:23:03","date_gmt":"2025-10-28T03:23:03","guid":{"rendered":"https:\/\/mountlaser.com\/?post_type=product&#038;p=2972"},"modified":"2025-11-28T05:03:37","modified_gmt":"2025-11-28T05:03:37","slug":"cls22c-carbon-fiber-bipod","status":"publish","type":"product","link":"https:\/\/mountlaser.com\/vi\/san-pham\/cls22c-carbon-fiber-bipod\/","title":{"rendered":"Ch\u00e2n \u0111\u1ebf hai ch\u00e2n b\u1eb1ng s\u1ee3i carbon CLS22C"},"content":{"rendered":"<p>N\u00e2ng cao \u0111\u1ed9 ch\u00ednh x\u00e1c kh\u1ea3o s\u00e1t c\u1ee7a b\u1ea1n v\u1edbi... <a href=\"https:\/\/mountlaser.com\/vi\/\"><strong>Ch\u00e2n \u0111\u1ebf hai ch\u00e2n b\u1eb1ng s\u1ee3i carbon CLS22C<\/strong><\/a> T\u1eeb Mount Laser. \u0110\u01b0\u1ee3c thi\u1ebft k\u1ebf d\u00e0nh cho nh\u1eefng ng\u01b0\u1eddi chuy\u00ean nghi\u1ec7p \u0111\u00f2i h\u1ecfi c\u1ea3 hi\u1ec7u su\u1ea5t v\u01b0\u1ee3t tr\u1ed9i v\u00e0 t\u00ednh di \u0111\u1ed9ng, ch\u00e2n \u0111\u1ebf hai c\u00e0ng n\u00e0y cung c\u1ea5p m\u1ed9t n\u1ec1n t\u1ea3ng \u1ed5n \u0111\u1ecbnh tuy\u1ec7t v\u1eddi cho th\u01b0\u1edbc \u0111o \u0111\u1ed9 cao, th\u01b0\u1edbc \u0111o g\u00f3c ho\u1eb7c th\u01b0\u1edbc laser c\u1ee7a b\u1ea1n. C\u1ed1t l\u00f5i c\u1ee7a thi\u1ebft k\u1ebf th\u00e2n thi\u1ec7n v\u1edbi ng\u01b0\u1eddi d\u00f9ng l\u00e0 c\u01a1 ch\u1ebf nh\u1ea3 b\u1eb1ng ng\u00f3n tay c\u00e1i hi\u1ec7u qu\u1ea3, \u0111\u1ea3m b\u1ea3o tri\u1ec3n khai v\u00e0 thi\u1ebft l\u1eadp nhanh ch\u00f3ng t\u1ea1i hi\u1ec7n tr\u01b0\u1eddng.<\/p>\n<p>S\u1ea3n ph\u1ea9m c\u00f3 \u1ed1ng ngo\u00e0i b\u1eb1ng s\u1ee3i carbon (\u0111\u01b0\u1eddng k\u00ednh ngo\u00e0i 25mm) cho \u0111\u1ed9 b\u1ec1n cao nh\u01b0ng tr\u1ecdng l\u01b0\u1ee3ng nh\u1eb9, v\u00e0 \u1ed1ng trong b\u1eb1ng nh\u00f4m (\u0111\u01b0\u1eddng k\u00ednh ngo\u00e0i 18mm) gi\u00fap k\u00e9o gi\u00e3n m\u01b0\u1ee3t m\u00e0.<\/p>\n<p>Cung c\u1ea5p kh\u1ea3 n\u0103ng k\u00e9o d\u00e0i t\u1ed1i \u0111a 180cm, mang l\u1ea1i chi\u1ec1u cao l\u00e0m vi\u1ec7c linh ho\u1ea1t.<\/p>\n<p>&nbsp;<\/p>\n<p><img fetchpriority=\"high\" decoding=\"async\" class=\"aligncenter wp-image-2975\" src=\"https:\/\/mountlaser.com\/wp-content\/uploads\/2025\/10\/CLS22C-3.webp\" alt=\"Thumb release bipod\" width=\"500\" height=\"500\" srcset=\"https:\/\/mountlaser.com\/wp-content\/uploads\/2025\/10\/CLS22C-3.webp 1000w, https:\/\/mountlaser.com\/wp-content\/uploads\/2025\/10\/CLS22C-3-300x300.webp 300w, https:\/\/mountlaser.com\/wp-content\/uploads\/2025\/10\/CLS22C-3-400x400.webp 400w, https:\/\/mountlaser.com\/wp-content\/uploads\/2025\/10\/CLS22C-3-800x800.webp 800w, https:\/\/mountlaser.com\/wp-content\/uploads\/2025\/10\/CLS22C-3-600x600.webp 600w, https:\/\/mountlaser.com\/wp-content\/uploads\/2025\/10\/CLS22C-3-150x150.webp 150w, https:\/\/mountlaser.com\/wp-content\/uploads\/2025\/10\/CLS22C-3-768x768.webp 768w, https:\/\/mountlaser.com\/wp-content\/uploads\/2025\/10\/CLS22C-3-12x12.webp 12w\" sizes=\"(max-width: 500px) 100vw, 500px\" \/><\/p>\n<p>\u0110\u01b0\u1ee3c ch\u1ebf t\u1ea1o v\u1edbi \u1ed1ng ngo\u00e0i b\u1eb1ng s\u1ee3i carbon, CLS22C \u0111\u1ea1t \u0111\u01b0\u1ee3c t\u1ef7 l\u1ec7 s\u1ee9c m\u1ea1nh tr\u00ean tr\u1ecdng l\u01b0\u1ee3ng v\u01b0\u1ee3t tr\u1ed9i, gi\u1ea3m m\u1ec7t m\u1ecfi cho ng\u01b0\u1eddi d\u00f9ng trong su\u1ed1t th\u1eddi gian l\u00e0m vi\u1ec7c d\u00e0i m\u00e0 kh\u00f4ng \u1ea3nh h\u01b0\u1edfng \u0111\u1ebfn \u0111\u1ed9 c\u1ee9ng c\u00e1p ho\u1eb7c \u1ed5n \u0111\u1ecbnh. H\u1ec7 th\u1ed1ng ch\u00e2n \u0111\u1ebf hai c\u00e0ng th\u00e1o l\u1eafp b\u1eb1ng ng\u00f3n c\u00e1i c\u1ea3i ti\u1ebfn cho ph\u00e9p \u0111i\u1ec1u ch\u1ec9nh \u0111\u1ed9 cao nhanh ch\u00f3ng v\u00e0 an to\u00e0n ch\u1ec9 b\u1eb1ng m\u1ed9t tay. <a href=\"https:\/\/mountlaser.com\/vi\/products\/\"><strong>ch\u00e2n ch\u1ed1ng c\u00f3 ch\u1ed1t g\u00e0i<\/strong><\/a> C\u1ed9t \u0111\u01b0\u1ee3c thi\u1ebft k\u1ebf \u0111\u01a1n gi\u1ea3n, cho ph\u00e9p b\u1ea1n kh\u00f3a ch\u1eb7t c\u00e1c ch\u00e2n v\u00e0o v\u1ecb tr\u00ed ngay l\u1eadp t\u1ee9c, nh\u1edd \u0111\u00f3 b\u1ea1n c\u00f3 th\u1ec3 t\u1eadp trung v\u00e0o vi\u1ec7c \u0111o l\u01b0\u1eddng ch\u1ee9 kh\u00f4ng ph\u1ea3i v\u00e0o thi\u1ebft b\u1ecb.<\/p>","protected":false},"excerpt":{"rendered":"<ul>\n<li>Ch\u00e2n \u0111\u1ebf c\u00f3 th\u1ec3 th\u00e1o r\u1eddi: \u0110\u01b0\u1ee3c trang b\u1ecb ch\u00e2n \u0111\u1ebf c\u00f3 th\u1ec3 th\u00e1o r\u1eddi \u0111\u1ec3 d\u1ec5 d\u00e0ng v\u1eadn chuy\u1ec3n v\u00e0 th\u00edch \u1ee9ng v\u1edbi nhi\u1ec1u b\u1ec1 m\u1eb7t kh\u00e1c nhau.<\/li>\n<li>Tr\u1ecdn b\u1ed9 s\u1ea3n ph\u1ea9m: Bao g\u1ed3m m\u1ed9t t\u00fai \u0111\u1ef1ng m\u1ec1m v\u00e0 m\u1ed9t h\u1ed9p b\u00ean trong \u0111\u1ec3 b\u1ea3o qu\u1ea3n v\u00e0 v\u1eadn chuy\u1ec3n an to\u00e0n.<\/li>\n<\/ul>","protected":false},"featured_media":2973,"comment_status":"open","ping_status":"closed","template":"","meta":[],"product_brand":[],"product_cat":[91,108],"product_tag":[],"class_list":{"0":"post-2972","1":"product","2":"type-product","3":"status-publish","4":"has-post-thumbnail","6":"product_cat-bipod-tripod","7":"product_cat-thumb-release-bipod","9":"first","10":"instock","11":"shipping-taxable","12":"product-type-simple"},"_links":{"self":[{"href":"https:\/\/mountlaser.com\/vi\/wp-json\/wp\/v2\/product\/2972","targetHints":{"allow":["GET"]}}],"collection":[{"href":"https:\/\/mountlaser.com\/vi\/wp-json\/wp\/v2\/product"}],"about":[{"href":"https:\/\/mountlaser.com\/vi\/wp-json\/wp\/v2\/types\/product"}],"replies":[{"embeddable":true,"href":"https:\/\/mountlaser.com\/vi\/wp-json\/wp\/v2\/comments?post=2972"}],"wp:featuredmedia":[{"embeddable":true,"href":"https:\/\/mountlaser.com\/vi\/wp-json\/wp\/v2\/media\/2973"}],"wp:attachment":[{"href":"https:\/\/mountlaser.com\/vi\/wp-json\/wp\/v2\/media?parent=2972"}],"wp:term":[{"taxonomy":"product_brand","embeddable":true,"href":"https:\/\/mountlaser.com\/vi\/wp-json\/wp\/v2\/product_brand?post=2972"},{"taxonomy":"product_cat","embeddable":true,"href":"https:\/\/mountlaser.com\/vi\/wp-json\/wp\/v2\/product_cat?post=2972"},{"taxonomy":"product_tag","embeddable":true,"href":"https:\/\/mountlaser.com\/vi\/wp-json\/wp\/v2\/product_tag?post=2972"}],"curies":[{"name":"trang web","href":"https:\/\/api.w.org\/{rel}","templated":true}]}}