{"id":2964,"date":"2025-10-28T02:47:43","date_gmt":"2025-10-28T02:47:43","guid":{"rendered":"https:\/\/mountlaser.com\/?post_type=product&#038;p=2964"},"modified":"2025-11-28T05:04:25","modified_gmt":"2025-11-28T05:04:25","slug":"cls22a-aluminum-bipod","status":"publish","type":"product","link":"https:\/\/mountlaser.com\/vi\/san-pham\/cls22a-aluminum-bipod\/","title":{"rendered":"Ch\u00e2n \u0111\u1ebf nh\u00f4m CLS22A"},"content":{"rendered":"<p>T\u1ea1i Mount Laser, ch\u00fang t\u00f4i hi\u1ec3u r\u1eb1ng \u0111\u1ed9 ch\u00ednh x\u00e1c trong kh\u1ea3o s\u00e1t ph\u1ee5 thu\u1ed9c v\u00e0o thi\u1ebft b\u1ecb \u1ed5n \u0111\u1ecbnh v\u00e0 \u0111\u00e1ng tin c\u1eady. <a href=\"https:\/\/mountlaser.com\/vi\/\"><strong>Ch\u00e2n \u0111\u1ebf nh\u00f4m CLS22A<\/strong><\/a> \u0110\u01b0\u1ee3c thi\u1ebft k\u1ebf \u0111\u1ec3 cung c\u1ea5p n\u1ec1n t\u1ea3ng thi\u1ebft y\u1ebfu cho th\u01b0\u1edbc \u0111o \u0111\u1ed9 cao, th\u01b0\u1edbc Invar ho\u1eb7c th\u01b0\u1edbc laser c\u1ee7a b\u1ea1n. Ch\u00e2n \u0111\u1ebf hai ch\u00e2n b\u1eb1ng nh\u00f4m \u0111i\u1ec1u ch\u1ec9nh ch\u1eafc ch\u1eafn n\u00e0y \u0111\u01b0\u1ee3c thi\u1ebft k\u1ebf d\u00e0nh cho c\u00e1c chuy\u00ean gia kh\u00f4ng ch\u1ea5p nh\u1eadn s\u1ef1 th\u1ecfa hi\u1ec7p v\u1ec1 hi\u1ec7u su\u1ea5t trong c\u00f4ng vi\u1ec7c.<\/p>\n<p>\u0110\u01b0\u1ee3c ch\u1ebf t\u1ea1o t\u1eeb nh\u00f4m ch\u1ea5t l\u01b0\u1ee3ng cao, CLS22A k\u1ebft h\u1ee3p t\u00ednh di \u0111\u1ed9ng nh\u1eb9 v\u1edbi \u0111\u1ed9 b\u1ec1n v\u01b0\u1ee3t tr\u1ed9i. C\u01a1 ch\u1ebf ch\u00e2n \u0111\u1ebf hai c\u00e0ng b\u1eb1ng nh\u00f4m kh\u00f3a ng\u00f3n tay c\u00e1i \u0111\u1ed9c \u0111\u00e1o cho ph\u00e9p \u0111i\u1ec1u ch\u1ec9nh \u0111\u1ed9 cao nhanh ch\u00f3ng v\u00e0 d\u1ec5 d\u00e0ng, gi\u00fap b\u1ea1n thi\u1ebft l\u1eadp nh\u1ea1c c\u1ee5 m\u1ed9t c\u00e1ch nhanh ch\u00f3ng v\u00e0 ch\u00ednh x\u00e1c. Kh\u00f4ng c\u00f2n ph\u1ea3i loay hoay v\u1edbi c\u00e1c kh\u00f3a ph\u1ee9c t\u1ea1p n\u1eefa\u2014ch\u1ec9 c\u1ea7n m\u1ed9t thao t\u00e1c nh\u1ea5n ng\u00f3n tay c\u00e1i \u0111\u01a1n gi\u1ea3n l\u00e0 \u0111\u1ee7 \u0111\u1ec3 kh\u00f3a ch\u1eafc ch\u1eafn c\u00e1c ch\u00e2n \u0111\u1ebf v\u00e0o v\u1ecb tr\u00ed.<\/p>\n<p><strong><img fetchpriority=\"high\" decoding=\"async\" class=\"aligncenter wp-image-2969\" src=\"https:\/\/mountlaser.com\/wp-content\/uploads\/2025\/10\/CLS22A-\u7eff\u82721.webp\" alt=\"Aluminum Thumb Release Bipod\" width=\"500\" height=\"500\" srcset=\"https:\/\/mountlaser.com\/wp-content\/uploads\/2025\/10\/CLS22A-\u7eff\u82721.webp 1000w, https:\/\/mountlaser.com\/wp-content\/uploads\/2025\/10\/CLS22A-\u7eff\u82721-300x300.webp 300w, https:\/\/mountlaser.com\/wp-content\/uploads\/2025\/10\/CLS22A-\u7eff\u82721-400x400.webp 400w, https:\/\/mountlaser.com\/wp-content\/uploads\/2025\/10\/CLS22A-\u7eff\u82721-800x800.webp 800w, https:\/\/mountlaser.com\/wp-content\/uploads\/2025\/10\/CLS22A-\u7eff\u82721-600x600.webp 600w, https:\/\/mountlaser.com\/wp-content\/uploads\/2025\/10\/CLS22A-\u7eff\u82721-150x150.webp 150w, https:\/\/mountlaser.com\/wp-content\/uploads\/2025\/10\/CLS22A-\u7eff\u82721-768x768.webp 768w, https:\/\/mountlaser.com\/wp-content\/uploads\/2025\/10\/CLS22A-\u7eff\u82721-12x12.webp 12w\" sizes=\"(max-width: 500px) 100vw, 500px\" \/><\/strong><\/p>\n<p><a href=\"https:\/\/mountlaser.com\/vi\/products\/\"><strong>Ch\u00e2n ch\u1ed1ng hai c\u00e0ng b\u1eb1ng nh\u00f4m c\u00f3 kh\u00f3a g\u00e0i<\/strong><\/a> S\u1ea3n ph\u1ea9m c\u00f3 \u1ed1ng trong b\u1eb1ng nh\u00f4m \u0111en b\u00f3ng (\u0111\u01b0\u1eddng k\u00ednh ngo\u00e0i 18mm) v\u00e0 \u1ed1ng ngo\u00e0i b\u1eb1ng nh\u00f4m m\u00e0u (\u0111\u01b0\u1eddng k\u00ednh ngo\u00e0i 25mm), c\u00f3 s\u1eb5n m\u00e0u \u0110\u1ecf (CLS22A-RD) ho\u1eb7c Xanh l\u00e1 c\u00e2y (CLS22A-GN) r\u1ea5t d\u1ec5 nh\u1eadn bi\u1ebft.<\/p>\n<p>S\u1ea3n ph\u1ea9m c\u00f3 kh\u1ea3 n\u0103ng m\u1edf r\u1ed9ng t\u1ed1i \u0111a 180cm, t\u1ea1o n\u1ec1n t\u1ea3ng \u1ed5n \u0111\u1ecbnh tr\u00ean nhi\u1ec1u \u0111\u1ecba h\u00ecnh kh\u00e1c nhau.<\/p>","protected":false},"excerpt":{"rendered":"<ul>\n<li>C\u01a1 ch\u1ebf g\u00e0i ng\u00f3n tay ti\u1ec7n l\u1ee3i: C\u01a1 ch\u1ebf g\u00e0i ng\u00f3n tay b\u1eb1ng nh\u00f4m gi\u00fap thao t\u00e1c nhanh ch\u00f3ng, kh\u00f4ng c\u1ea7n d\u1ee5ng c\u1ee5.<\/li>\n<li>Ch\u00e2n \u0111\u1ebf c\u00f3 th\u1ec3 th\u00e1o r\u1eddi: Ch\u00e2n \u0111\u1ebf c\u1ee7a gi\u00e1 \u0111\u1ee1 hai ch\u00e2n c\u00f3 th\u1ec3 th\u00e1o r\u1eddi, gi\u00fap d\u1ec5 d\u00e0ng v\u1eadn chuy\u1ec3n v\u00e0 c\u1ea5t gi\u1eef, \u0111\u1ed3ng th\u1eddi mang l\u1ea1i s\u1ef1 linh ho\u1ea1t cho c\u00e1c \u0111i\u1ec1u ki\u1ec7n \u0111\u1ecba h\u00ecnh kh\u00e1c nhau.<\/li>\n<li>Tr\u1ecdn b\u1ed9 s\u1ea3n ph\u1ea9m: Bao g\u1ed3m m\u1ed9t t\u00fai \u0111\u1ef1ng m\u1ec1m v\u00e0 m\u1ed9t h\u1ed9p b\u00ean trong \u0111\u1ec3 b\u1ea3o v\u1ec7 v\u00e0 mang theo d\u1ec5 d\u00e0ng h\u01a1n.<\/li>\n<\/ul>","protected":false},"featured_media":2967,"comment_status":"open","ping_status":"closed","template":"","meta":[],"product_brand":[],"product_cat":[91,108],"product_tag":[],"class_list":{"0":"post-2964","1":"product","2":"type-product","3":"status-publish","4":"has-post-thumbnail","6":"product_cat-bipod-tripod","7":"product_cat-thumb-release-bipod","9":"first","10":"instock","11":"shipping-taxable","12":"product-type-simple"},"_links":{"self":[{"href":"https:\/\/mountlaser.com\/vi\/wp-json\/wp\/v2\/product\/2964","targetHints":{"allow":["GET"]}}],"collection":[{"href":"https:\/\/mountlaser.com\/vi\/wp-json\/wp\/v2\/product"}],"about":[{"href":"https:\/\/mountlaser.com\/vi\/wp-json\/wp\/v2\/types\/product"}],"replies":[{"embeddable":true,"href":"https:\/\/mountlaser.com\/vi\/wp-json\/wp\/v2\/comments?post=2964"}],"wp:featuredmedia":[{"embeddable":true,"href":"https:\/\/mountlaser.com\/vi\/wp-json\/wp\/v2\/media\/2967"}],"wp:attachment":[{"href":"https:\/\/mountlaser.com\/vi\/wp-json\/wp\/v2\/media?parent=2964"}],"wp:term":[{"taxonomy":"product_brand","embeddable":true,"href":"https:\/\/mountlaser.com\/vi\/wp-json\/wp\/v2\/product_brand?post=2964"},{"taxonomy":"product_cat","embeddable":true,"href":"https:\/\/mountlaser.com\/vi\/wp-json\/wp\/v2\/product_cat?post=2964"},{"taxonomy":"product_tag","embeddable":true,"href":"https:\/\/mountlaser.com\/vi\/wp-json\/wp\/v2\/product_tag?post=2964"}],"curies":[{"name":"trang web","href":"https:\/\/api.w.org\/{rel}","templated":true}]}}