{"id":2955,"date":"2025-10-27T08:24:55","date_gmt":"2025-10-27T08:24:55","guid":{"rendered":"https:\/\/mountlaser.com\/?post_type=product&#038;p=2955"},"modified":"2025-11-28T05:05:18","modified_gmt":"2025-11-28T05:05:18","slug":"dz22a-aluminum-bipod","status":"publish","type":"product","link":"https:\/\/mountlaser.com\/vi\/san-pham\/dz22a-aluminum-bipod\/","title":{"rendered":"Ch\u00e2n ch\u1ed1ng nh\u00f4m DZ22A"},"content":{"rendered":"<p><a href=\"https:\/\/mountlaser.com\/vi\/\"><strong>Ch\u00e2n ch\u1ed1ng nh\u00f4m DZ22A<\/strong><\/a>H\u1ed7 tr\u1ee3 \u1ed5n \u0111\u1ecbnh cho ph\u00e9p \u0111o ch\u00ednh x\u00e1c<\/p>\n<p>Ch\u00e2n \u0111\u1ebf nh\u00f4m DZ22A l\u00e0 h\u1ec7 th\u1ed1ng h\u1ed7 tr\u1ee3 chuy\u00ean nghi\u1ec7p \u0111\u01b0\u1ee3c thi\u1ebft k\u1ebf cho c\u00e1c \u1ee9ng d\u1ee5ng kh\u1ea3o s\u00e1t v\u00e0 \u0111o l\u01b0\u1eddng. \u0110\u01b0\u1ee3c ch\u1ebf t\u1ea1o v\u1edbi \u0111\u1ed9 b\u1ec1n v\u00e0 t\u00ednh \u1ed5n \u0111\u1ecbnh cao, ch\u00e2n \u0111\u1ebf n\u00e0y cung c\u1ea5p n\u1ec1n t\u1ea3ng \u0111\u00e1ng tin c\u1eady cho nhi\u1ec1u d\u1ee5ng c\u1ee5 \u0111o l\u01b0\u1eddng kh\u00e1c nhau.,<a href=\"https:\/\/mountlaser.com\/vi\/products\/\"> <strong>Ch\u00e2n \u0111\u1ebf \u0111o \u0111\u1ea1c DZ22A<\/strong><\/a> \u0110\u1ea3m b\u1ea3o k\u1ebft qu\u1ea3 \u0111o ch\u00ednh x\u00e1c trong nhi\u1ec1u \u0111i\u1ec1u ki\u1ec7n l\u00e0m vi\u1ec7c kh\u00e1c nhau.<\/p>\n<p><img fetchpriority=\"high\" decoding=\"async\" class=\"aligncenter wp-image-2963\" src=\"https:\/\/mountlaser.com\/wp-content\/uploads\/2025\/10\/DZ22A-\u9ed1\u82724.webp\" alt=\"DZ22A Surveying Bipod\" width=\"500\" height=\"500\" srcset=\"https:\/\/mountlaser.com\/wp-content\/uploads\/2025\/10\/DZ22A-\u9ed1\u82724.webp 1000w, https:\/\/mountlaser.com\/wp-content\/uploads\/2025\/10\/DZ22A-\u9ed1\u82724-300x300.webp 300w, https:\/\/mountlaser.com\/wp-content\/uploads\/2025\/10\/DZ22A-\u9ed1\u82724-400x400.webp 400w, https:\/\/mountlaser.com\/wp-content\/uploads\/2025\/10\/DZ22A-\u9ed1\u82724-800x800.webp 800w, https:\/\/mountlaser.com\/wp-content\/uploads\/2025\/10\/DZ22A-\u9ed1\u82724-600x600.webp 600w, https:\/\/mountlaser.com\/wp-content\/uploads\/2025\/10\/DZ22A-\u9ed1\u82724-150x150.webp 150w, https:\/\/mountlaser.com\/wp-content\/uploads\/2025\/10\/DZ22A-\u9ed1\u82724-768x768.webp 768w, https:\/\/mountlaser.com\/wp-content\/uploads\/2025\/10\/DZ22A-\u9ed1\u82724-12x12.webp 12w\" sizes=\"(max-width: 500px) 100vw, 500px\" \/><br \/>\nCh\u00e2n \u0111\u1ebf \u0111o \u0111\u1ea1c DZ22A c\u00f3 nhi\u1ec1u phi\u00ean b\u1ea3n m\u00e3 m\u00e0u kh\u00e1c nhau, bao g\u1ed3m ch\u00e2n \u0111\u1ebf nh\u00f4m DZ22A-RW (\u0110\u1ecf-Tr\u1eafng), ch\u00e2n \u0111\u1ebf nh\u00f4m DZ22A-YL (V\u00e0ng) v\u00e0 ch\u00e2n \u0111\u1ebf nh\u00f4m DZ22A-BK (\u0110en), gi\u00fap d\u1ec5 d\u00e0ng nh\u1eadn di\u1ec7n thi\u1ebft b\u1ecb v\u00e0 ph\u1ed1i h\u1ee3p nh\u00f3m t\u1ea1i c\u00f4ng tr\u01b0\u1eddng.<img decoding=\"async\" class=\"aligncenter wp-image-2961\" src=\"https:\/\/mountlaser.com\/wp-content\/uploads\/2025\/10\/DZ22A-\u9ec4\u82722.webp\" alt=\"DZ22A Surveying Bipod\" width=\"500\" height=\"500\" srcset=\"https:\/\/mountlaser.com\/wp-content\/uploads\/2025\/10\/DZ22A-\u9ec4\u82722.webp 1000w, https:\/\/mountlaser.com\/wp-content\/uploads\/2025\/10\/DZ22A-\u9ec4\u82722-300x300.webp 300w, https:\/\/mountlaser.com\/wp-content\/uploads\/2025\/10\/DZ22A-\u9ec4\u82722-400x400.webp 400w, https:\/\/mountlaser.com\/wp-content\/uploads\/2025\/10\/DZ22A-\u9ec4\u82722-800x800.webp 800w, https:\/\/mountlaser.com\/wp-content\/uploads\/2025\/10\/DZ22A-\u9ec4\u82722-600x600.webp 600w, https:\/\/mountlaser.com\/wp-content\/uploads\/2025\/10\/DZ22A-\u9ec4\u82722-150x150.webp 150w, https:\/\/mountlaser.com\/wp-content\/uploads\/2025\/10\/DZ22A-\u9ec4\u82722-768x768.webp 768w, https:\/\/mountlaser.com\/wp-content\/uploads\/2025\/10\/DZ22A-\u9ec4\u82722-12x12.webp 12w\" sizes=\"(max-width: 500px) 100vw, 500px\" \/><\/p>\n<p>&nbsp;<\/p>\n<p>&nbsp;<\/p>","protected":false},"excerpt":{"rendered":"<ul>\n<li>S\u1ea3n ph\u1ea9m c\u00f3 s\u0103m trong ch\u1eafc ch\u1eafn (\u0111\u01b0\u1eddng k\u00ednh ngo\u00e0i 18mm, m\u00e0u b\u1ea1c) v\u00e0 s\u0103m ngo\u00e0i d\u00e0y h\u01a1n (\u0111\u01b0\u1eddng k\u00ednh ngo\u00e0i 25mm) gi\u00fap t\u0103ng c\u01b0\u1eddng \u0111\u1ed9 \u1ed5n \u0111\u1ecbnh v\u00e0 kh\u1ea3 n\u0103ng ch\u1ed1ng s\u1ed1c.<\/li>\n<li>H\u00e3y l\u1ef1a ch\u1ecdn gi\u1eefa ch\u00e2n ch\u1ed1ng nh\u00f4m DZ22A-RW c\u00f3 \u0111\u1ed9 hi\u1ec3n th\u1ecb cao ho\u1eb7c ch\u00e2n ch\u1ed1ng nh\u00f4m DZ22A-YL.<\/li>\n<li>Ho\u1eb7c b\u1ea1n c\u00f3 th\u1ec3 ch\u1ecdn ch\u00e2n ch\u1ed1ng nh\u00f4m ti\u00eau chu\u1ea9n DZ22A-BK \u0111\u1ec3 ph\u00f9 h\u1ee3p v\u1edbi nhu c\u1ea7u v\u00e0 s\u1edf th\u00edch c\u1ee7a d\u1ef1 \u00e1n.<\/li>\n<\/ul>","protected":false},"featured_media":2959,"comment_status":"open","ping_status":"closed","template":"","meta":[],"product_brand":[],"product_cat":[91,108],"product_tag":[],"class_list":{"0":"post-2955","1":"product","2":"type-product","3":"status-publish","4":"has-post-thumbnail","6":"product_cat-bipod-tripod","7":"product_cat-thumb-release-bipod","9":"first","10":"instock","11":"shipping-taxable","12":"product-type-simple"},"_links":{"self":[{"href":"https:\/\/mountlaser.com\/vi\/wp-json\/wp\/v2\/product\/2955","targetHints":{"allow":["GET"]}}],"collection":[{"href":"https:\/\/mountlaser.com\/vi\/wp-json\/wp\/v2\/product"}],"about":[{"href":"https:\/\/mountlaser.com\/vi\/wp-json\/wp\/v2\/types\/product"}],"replies":[{"embeddable":true,"href":"https:\/\/mountlaser.com\/vi\/wp-json\/wp\/v2\/comments?post=2955"}],"wp:featuredmedia":[{"embeddable":true,"href":"https:\/\/mountlaser.com\/vi\/wp-json\/wp\/v2\/media\/2959"}],"wp:attachment":[{"href":"https:\/\/mountlaser.com\/vi\/wp-json\/wp\/v2\/media?parent=2955"}],"wp:term":[{"taxonomy":"product_brand","embeddable":true,"href":"https:\/\/mountlaser.com\/vi\/wp-json\/wp\/v2\/product_brand?post=2955"},{"taxonomy":"product_cat","embeddable":true,"href":"https:\/\/mountlaser.com\/vi\/wp-json\/wp\/v2\/product_cat?post=2955"},{"taxonomy":"product_tag","embeddable":true,"href":"https:\/\/mountlaser.com\/vi\/wp-json\/wp\/v2\/product_tag?post=2955"}],"curies":[{"name":"trang web","href":"https:\/\/api.w.org\/{rel}","templated":true}]}}