{"id":2947,"date":"2025-10-24T09:11:47","date_gmt":"2025-10-24T09:11:47","guid":{"rendered":"https:\/\/mountlaser.com\/?post_type=product&#038;p=2947"},"modified":"2025-11-28T05:06:17","modified_gmt":"2025-11-28T05:06:17","slug":"mnb02a-aluminum-mini-bipod","status":"publish","type":"product","link":"https:\/\/mountlaser.com\/vi\/san-pham\/mnb02a-aluminum-mini-bipod\/","title":{"rendered":"Ch\u00e2n \u0111\u1ebf mini b\u1eb1ng nh\u00f4m MNB02A"},"content":{"rendered":"<p>C\u00e1i <a href=\"https:\/\/mountlaser.com\/vi\/\"><strong>Ch\u00e2n \u0111\u1ebf mini b\u1eb1ng nh\u00f4m MNB02A<\/strong><\/a> S\u1ea3n ph\u1ea9m mang l\u1ea1i s\u1ef1 \u1ed5n \u0111\u1ecbnh chuy\u00ean nghi\u1ec7p trong m\u1ed9t thi\u1ebft k\u1ebf nh\u1ecf g\u1ecdn, \u0111\u1eb7c bi\u1ec7t \u0111\u01b0\u1ee3c ch\u1ebf t\u1ea1o cho c\u00e1c \u1ee9ng d\u1ee5ng \u0111o l\u01b0\u1eddng ch\u00ednh x\u00e1c. Ch\u00e2n \u0111\u1ebf mini l\u0103ng k\u00ednh ch\u1eafc ch\u1eafn n\u00e0y c\u00f3 \u1ed1ng trong b\u1eb1ng nh\u00f4m \u0111en b\u00f3ng v\u1edbi \u0111\u01b0\u1eddng k\u00ednh ngo\u00e0i 18mm, mang l\u1ea1i c\u1ea3 v\u1ebb ngo\u00e0i th\u1ea9m m\u1ef9 v\u00e0 \u0111\u1ed9 b\u1ec1n ch\u1ee9c n\u0103ng. V\u1edbi kh\u1ea3 n\u0103ng k\u00e9o d\u00e0i 29cm, ch\u00e2n \u0111\u1ebf mini l\u0103ng k\u00ednh \u0111a n\u0103ng n\u00e0y cung c\u1ea5p kh\u1ea3 n\u0103ng \u0111i\u1ec1u ch\u1ec9nh chi\u1ec1u cao t\u1ed1i \u01b0u cho c\u00e1c \u1ee9ng d\u1ee5ng l\u0103ng k\u00ednh mini trong khi v\u1eabn duy tr\u00ec \u0111\u1ed9 \u1ed5n \u0111\u1ecbnh v\u01b0\u1ee3t tr\u1ed9i nh\u1edd thi\u1ebft k\u1ebf ch\u00e2n \u0111\u1ebf c\u1ed1 \u0111\u1ecbnh.<\/p>\n<p><img fetchpriority=\"high\" decoding=\"async\" class=\"aligncenter wp-image-2949\" src=\"https:\/\/mountlaser.com\/wp-content\/uploads\/2025\/10\/MNB02-2.webp\" alt=\"Mini Prism Bipod\" width=\"500\" height=\"500\" srcset=\"https:\/\/mountlaser.com\/wp-content\/uploads\/2025\/10\/MNB02-2.webp 1000w, https:\/\/mountlaser.com\/wp-content\/uploads\/2025\/10\/MNB02-2-300x300.webp 300w, https:\/\/mountlaser.com\/wp-content\/uploads\/2025\/10\/MNB02-2-400x400.webp 400w, https:\/\/mountlaser.com\/wp-content\/uploads\/2025\/10\/MNB02-2-800x800.webp 800w, https:\/\/mountlaser.com\/wp-content\/uploads\/2025\/10\/MNB02-2-600x600.webp 600w, https:\/\/mountlaser.com\/wp-content\/uploads\/2025\/10\/MNB02-2-150x150.webp 150w, https:\/\/mountlaser.com\/wp-content\/uploads\/2025\/10\/MNB02-2-768x768.webp 768w, https:\/\/mountlaser.com\/wp-content\/uploads\/2025\/10\/MNB02-2-12x12.webp 12w\" sizes=\"(max-width: 500px) 100vw, 500px\" \/><\/p>\n<p>\u0110\u01b0\u1ee3c ch\u1ebf t\u1ea1o v\u1edbi \u0111\u1ed9 ch\u00ednh x\u00e1c cao, s\u1ea3n ph\u1ea9m \u0111\u00e1ng tin c\u1eady n\u00e0y <a href=\"https:\/\/mountlaser.com\/vi\/products\/\"><strong>Ch\u00e2n \u0111\u1ebf hai ch\u00e2n Mini Prism<\/strong><\/a> \u0110\u1ea3m b\u1ea3o s\u1ef1 h\u1ed7 tr\u1ee3 v\u1eefng ch\u1eafc cho nhi\u1ec1u lo\u1ea1i d\u1ee5ng c\u1ee5 \u0111o \u0111\u1ea1c. C\u1ea5u tr\u00fac b\u1eb1ng nh\u00f4m \u0111en b\u00f3ng kh\u00f4ng ch\u1ec9 t\u0103ng c\u01b0\u1eddng kh\u1ea3 n\u0103ng ch\u1ed1ng \u0103n m\u00f2n m\u00e0 c\u00f2n mang l\u1ea1i v\u1ebb ngo\u00e0i chuy\u00ean nghi\u1ec7p, ch\u1ecbu \u0111\u01b0\u1ee3c c\u00e1c \u0111i\u1ec1u ki\u1ec7n kh\u1eafc nghi\u1ec7t ngo\u00e0i hi\u1ec7n tr\u01b0\u1eddng. Thi\u1ebft k\u1ebf ch\u00e2n c\u1ed1 \u0111\u1ecbnh \u0111\u1ea3m b\u1ea3o ti\u1ebfp x\u00fac li\u00ean t\u1ee5c v\u1edbi m\u1eb7t \u0111\u1ea5t, lo\u1ea1i b\u1ecf c\u00e1c v\u1ea5n \u0111\u1ec1 v\u1ec1 s\u1ef1 kh\u00f4ng \u1ed5n \u0111\u1ecbnh th\u01b0\u1eddng g\u1eb7p \u1edf c\u00e1c ch\u00e2n \u0111i\u1ec1u ch\u1ec9nh \u0111\u01b0\u1ee3c trong c\u00e1c gi\u00e1 \u0111\u1ee1 hai ch\u00e2n nh\u1ecf g\u1ecdn.<\/p>","protected":false},"excerpt":{"rendered":"<ul>\n<li>\u1ed0ng trong b\u1eb1ng nh\u00f4m \u0111en b\u00f3ng, \u0111\u01b0\u1eddng k\u00ednh ngo\u00e0i 18mm, \u0111\u1ea3m b\u1ea3o \u0111\u1ed9 b\u1ec1n.<\/li>\n<li>Kho\u1ea3ng m\u1edf r\u1ed9ng 29cm cho ph\u00e9p \u0111i\u1ec1u ch\u1ec9nh \u0111\u1ed9 cao t\u1ed1i \u01b0u.<\/li>\n<li>Thi\u1ebft k\u1ebf ch\u00e2n \u0111\u1ebf c\u1ed1 \u0111\u1ecbnh gi\u00fap t\u0103ng c\u01b0\u1eddng \u0111\u1ed9 \u1ed5n \u0111\u1ecbnh.<\/li>\n<li>Nh\u1ecf g\u1ecdn v\u00e0 nh\u1eb9, d\u1ec5 d\u00e0ng mang theo.<\/li>\n<li>C\u1ea5u tr\u00fac ch\u1ed1ng \u0103n m\u00f2n \u0111\u1ea3m b\u1ea3o tu\u1ed5i th\u1ecd s\u1eed d\u1ee5ng l\u00e2u d\u00e0i.<\/li>\n<\/ul>","protected":false},"featured_media":2948,"comment_status":"open","ping_status":"closed","template":"","meta":[],"product_brand":[],"product_cat":[91,108],"product_tag":[],"class_list":{"0":"post-2947","1":"product","2":"type-product","3":"status-publish","4":"has-post-thumbnail","6":"product_cat-bipod-tripod","7":"product_cat-thumb-release-bipod","9":"first","10":"instock","11":"shipping-taxable","12":"product-type-simple"},"_links":{"self":[{"href":"https:\/\/mountlaser.com\/vi\/wp-json\/wp\/v2\/product\/2947","targetHints":{"allow":["GET"]}}],"collection":[{"href":"https:\/\/mountlaser.com\/vi\/wp-json\/wp\/v2\/product"}],"about":[{"href":"https:\/\/mountlaser.com\/vi\/wp-json\/wp\/v2\/types\/product"}],"replies":[{"embeddable":true,"href":"https:\/\/mountlaser.com\/vi\/wp-json\/wp\/v2\/comments?post=2947"}],"wp:featuredmedia":[{"embeddable":true,"href":"https:\/\/mountlaser.com\/vi\/wp-json\/wp\/v2\/media\/2948"}],"wp:attachment":[{"href":"https:\/\/mountlaser.com\/vi\/wp-json\/wp\/v2\/media?parent=2947"}],"wp:term":[{"taxonomy":"product_brand","embeddable":true,"href":"https:\/\/mountlaser.com\/vi\/wp-json\/wp\/v2\/product_brand?post=2947"},{"taxonomy":"product_cat","embeddable":true,"href":"https:\/\/mountlaser.com\/vi\/wp-json\/wp\/v2\/product_cat?post=2947"},{"taxonomy":"product_tag","embeddable":true,"href":"https:\/\/mountlaser.com\/vi\/wp-json\/wp\/v2\/product_tag?post=2947"}],"curies":[{"name":"trang web","href":"https:\/\/api.w.org\/{rel}","templated":true}]}}