{"id":2939,"date":"2025-10-24T09:03:27","date_gmt":"2025-10-24T09:03:27","guid":{"rendered":"https:\/\/mountlaser.com\/?post_type=product&#038;p=2939"},"modified":"2025-11-28T05:13:21","modified_gmt":"2025-11-28T05:13:21","slug":"mnb01a-aluminum-mini-bipod","status":"publish","type":"product","link":"https:\/\/mountlaser.com\/vi\/san-pham\/mnb01a-aluminum-mini-bipod\/","title":{"rendered":"Ch\u00e2n \u0111\u1ebf mini b\u1eb1ng nh\u00f4m MNB01A"},"content":{"rendered":"<p>C\u00e1i <a href=\"https:\/\/mountlaser.com\/vi\/\"><strong>Ch\u00e2n \u0111\u1ebf mini b\u1eb1ng nh\u00f4m MNB01A<\/strong> <\/a>S\u1ea3n ph\u1ea9m n\u00e0y thi\u1ebft l\u1eadp m\u1ed9t ti\u00eau chu\u1ea9n m\u1edbi cho c\u00e1c gi\u1ea3i ph\u00e1p h\u1ed7 tr\u1ee3 nh\u1ecf g\u1ecdn trong c\u00e1c \u1ee9ng d\u1ee5ng \u0111o l\u01b0\u1eddng ch\u00ednh x\u00e1c. Ch\u00e2n \u0111\u1ebf nh\u00f4m Mini Prism \u0111a n\u0103ng n\u00e0y \u0111\u01b0\u1ee3c ch\u1ebf t\u1ea1o chuy\u00ean nghi\u1ec7p t\u1eeb nh\u00f4m OD18mm m\u00e0u b\u1ea1c, mang l\u1ea1i \u0111\u1ed9 b\u1ec1n v\u01b0\u1ee3t tr\u1ed9i trong khi v\u1eabn duy tr\u00ec \u0111\u1eb7c t\u00ednh tr\u1ecdng l\u01b0\u1ee3ng nh\u1eb9 \u0111\u00e1ng k\u1ec3. \u0110\u01b0\u1ee3c thi\u1ebft k\u1ebf \u0111\u1eb7c bi\u1ec7t \u0111\u1ec3 ph\u00f9 h\u1ee3p v\u1edbi c\u00e1c c\u1ed9t l\u0103ng k\u00ednh mini, ch\u00e2n \u0111\u1ebf nh\u00f4m Mini Prism chuy\u00ean nghi\u1ec7p n\u00e0y cung c\u1ea5p s\u1ef1 \u1ed5n \u0111\u1ecbnh \u0111\u00e1ng tin c\u1eady v\u1edbi chi\u1ec1u cao t\u1ed1i \u01b0u 22cm, l\u00fd t\u01b0\u1edfng cho nhi\u1ec1u nhi\u1ec7m v\u1ee5 \u0111o \u0111\u1ea1c kh\u1ea3o s\u00e1t v\u00e0 x\u00e2y d\u1ef1ng.<\/p>\n<p>&nbsp;<\/p>\n<p><img fetchpriority=\"high\" decoding=\"async\" class=\"aligncenter wp-image-2941\" src=\"https:\/\/mountlaser.com\/wp-content\/uploads\/2025\/10\/MNB01-2.webp\" alt=\"Mini Prism Aluminum Bipod\" width=\"500\" height=\"500\" srcset=\"https:\/\/mountlaser.com\/wp-content\/uploads\/2025\/10\/MNB01-2.webp 1000w, https:\/\/mountlaser.com\/wp-content\/uploads\/2025\/10\/MNB01-2-300x300.webp 300w, https:\/\/mountlaser.com\/wp-content\/uploads\/2025\/10\/MNB01-2-400x400.webp 400w, https:\/\/mountlaser.com\/wp-content\/uploads\/2025\/10\/MNB01-2-800x800.webp 800w, https:\/\/mountlaser.com\/wp-content\/uploads\/2025\/10\/MNB01-2-600x600.webp 600w, https:\/\/mountlaser.com\/wp-content\/uploads\/2025\/10\/MNB01-2-150x150.webp 150w, https:\/\/mountlaser.com\/wp-content\/uploads\/2025\/10\/MNB01-2-768x768.webp 768w, https:\/\/mountlaser.com\/wp-content\/uploads\/2025\/10\/MNB01-2-12x12.webp 12w\" sizes=\"(max-width: 500px) 100vw, 500px\" \/><\/p>\n<p>\u0110\u01b0\u1ee3c ch\u1ebf t\u1ea1o v\u1edbi \u0111\u1ed9 ch\u00ednh x\u00e1c v\u00e0 t\u00ednh th\u1ef1c ti\u1ec5n cao, s\u1ea3n ph\u1ea9m ti\u00ean ti\u1ebfn n\u00e0y <a href=\"https:\/\/mountlaser.com\/vi\/products\/\"><strong>Ch\u00e2n \u0111\u1ebf nh\u00f4m Mini Prism<\/strong><\/a> \u0110\u1ea3m b\u1ea3o gi\u00e1 \u0111\u1ee1 v\u1eefng ch\u1eafc cho l\u0103ng k\u00ednh mini c\u1ee7a b\u1ea1n trong nhi\u1ec1u m\u00f4i tr\u01b0\u1eddng l\u00e0m vi\u1ec7c kh\u00e1c nhau. C\u1ea5u tr\u00fac nh\u00f4m oxit b\u1ea1c kh\u00f4ng ch\u1ec9 t\u0103ng c\u01b0\u1eddng kh\u1ea3 n\u0103ng ch\u1ed1ng \u0103n m\u00f2n m\u00e0 c\u00f2n \u0111\u1ea3m b\u1ea3o hi\u1ec7u su\u1ea5t l\u00e2u d\u00e0i trong \u0111i\u1ec1u ki\u1ec7n kh\u1eafc nghi\u1ec7t. V\u1edbi thi\u1ebft k\u1ebf nh\u1ecf g\u1ecdn v\u00e0 ch\u1ea5t l\u01b0\u1ee3ng ch\u1ebf t\u1ea1o ch\u1eafc ch\u1eafn, ch\u00e2n \u0111\u1ebf mini n\u00e0y mang \u0111\u1ebfn s\u1ef1 c\u00e2n b\u1eb1ng ho\u00e0n h\u1ea3o gi\u1eefa t\u00ednh di \u0111\u1ed9ng v\u00e0 ch\u1ee9c n\u0103ng, \u0111\u1ea3m b\u1ea3o c\u00e1c d\u1ee5ng c\u1ee5 \u0111o c\u1ee7a b\u1ea1n lu\u00f4n \u0111\u01b0\u1ee3c \u0111\u1eb7t c\u1ed1 \u0111\u1ecbnh \u0111\u1ec3 thu th\u1eadp d\u1eef li\u1ec7u ch\u00ednh x\u00e1c.<\/p>","protected":false},"excerpt":{"rendered":"<ul>\n<li>Cung c\u1ea5p gi\u00e1 \u0111\u1ee1 \u1ed5n \u0111\u1ecbnh cho c\u00e1c thanh \u0111\u1ee1 l\u0103ng k\u00ednh mini.<\/li>\n<li>C\u1ea5u t\u1ea1o b\u1eb1ng nh\u00f4m oxit b\u1ea1c gi\u00fap t\u0103ng c\u01b0\u1eddng \u0111\u1ed9 b\u1ec1n.<\/li>\n<li>Chi\u1ec1u cao nh\u1ecf g\u1ecdn 22cm gi\u00fap d\u1ec5 d\u00e0ng b\u1ed1 tr\u00ed \u1edf nhi\u1ec1u v\u1ecb tr\u00ed kh\u00e1c nhau.<\/li>\n<li>Thi\u1ebft k\u1ebf nh\u1ecf g\u1ecdn, d\u1ec5 d\u00e0ng mang theo.<\/li>\n<\/ul>","protected":false},"featured_media":2942,"comment_status":"open","ping_status":"closed","template":"","meta":[],"product_brand":[],"product_cat":[91,108],"product_tag":[],"class_list":{"0":"post-2939","1":"product","2":"type-product","3":"status-publish","4":"has-post-thumbnail","6":"product_cat-bipod-tripod","7":"product_cat-thumb-release-bipod","9":"first","10":"instock","11":"shipping-taxable","12":"product-type-simple"},"_links":{"self":[{"href":"https:\/\/mountlaser.com\/vi\/wp-json\/wp\/v2\/product\/2939","targetHints":{"allow":["GET"]}}],"collection":[{"href":"https:\/\/mountlaser.com\/vi\/wp-json\/wp\/v2\/product"}],"about":[{"href":"https:\/\/mountlaser.com\/vi\/wp-json\/wp\/v2\/types\/product"}],"replies":[{"embeddable":true,"href":"https:\/\/mountlaser.com\/vi\/wp-json\/wp\/v2\/comments?post=2939"}],"wp:featuredmedia":[{"embeddable":true,"href":"https:\/\/mountlaser.com\/vi\/wp-json\/wp\/v2\/media\/2942"}],"wp:attachment":[{"href":"https:\/\/mountlaser.com\/vi\/wp-json\/wp\/v2\/media?parent=2939"}],"wp:term":[{"taxonomy":"product_brand","embeddable":true,"href":"https:\/\/mountlaser.com\/vi\/wp-json\/wp\/v2\/product_brand?post=2939"},{"taxonomy":"product_cat","embeddable":true,"href":"https:\/\/mountlaser.com\/vi\/wp-json\/wp\/v2\/product_cat?post=2939"},{"taxonomy":"product_tag","embeddable":true,"href":"https:\/\/mountlaser.com\/vi\/wp-json\/wp\/v2\/product_tag?post=2939"}],"curies":[{"name":"trang web","href":"https:\/\/api.w.org\/{rel}","templated":true}]}}