{"id":2929,"date":"2025-10-24T08:48:43","date_gmt":"2025-10-24T08:48:43","guid":{"rendered":"https:\/\/mountlaser.com\/?post_type=product&#038;p=2929"},"modified":"2025-11-28T05:15:52","modified_gmt":"2025-11-28T05:15:52","slug":"fpps-aluminum-pole-tripod","status":"publish","type":"product","link":"https:\/\/mountlaser.com\/vi\/san-pham\/fpps-aluminum-pole-tripod\/","title":{"rendered":"Ch\u00e2n m\u00e1y \u1ea3nh FPPS b\u1eb1ng nh\u00f4m"},"content":{"rendered":"<p>C\u00e1i <a href=\"https:\/\/mountlaser.com\/vi\/\"><strong>Ch\u00e2n m\u00e1y \u1ea3nh FPPS b\u1eb1ng nh\u00f4m<\/strong><\/a> S\u1ea3n ph\u1ea9m mang l\u1ea1i s\u1ef1 \u1ed5n \u0111\u1ecbnh v\u00e0 t\u00ednh linh ho\u1ea1t chuy\u00ean nghi\u1ec7p cho c\u00e1c \u1ee9ng d\u1ee5ng kh\u1ea3o s\u00e1t hi\u1ec7n \u0111\u1ea1i. \u0110\u01b0\u1ee3c thi\u1ebft k\u1ebf nh\u01b0 m\u1ed9t ch\u00e2n \u0111\u1ebf ba ch\u00e2n b\u1eb1ng nh\u00f4m c\u00f3 th\u1ec3 thu g\u1ecdn ch\u1ecbu l\u1ef1c cao, n\u00f3 cung c\u1ea5p s\u1ef1 h\u1ed7 tr\u1ee3 v\u01b0\u1ee3t tr\u1ed9i cho c\u00e1c l\u0103ng k\u00ednh mini c\u00f3 c\u00e1n, c\u00e1n l\u0103ng k\u00ednh v\u00e0 th\u01b0\u1edbc th\u0103ng b\u1eb1ng. \u0110\u01b0\u1ee3c ch\u1ebf t\u1ea1o t\u1eeb nh\u00f4m c\u01b0\u1eddng \u0111\u1ed9 cao, ch\u00e2n \u0111\u1ebf ba ch\u00e2n b\u1eb1ng nh\u00f4m c\u00f3 th\u1ec3 thu g\u1ecdn b\u1ec1n b\u1ec9 n\u00e0y duy tr\u00ec s\u1ef1 c\u00e2n b\u1eb1ng ho\u00e0n h\u1ea3o gi\u1eefa t\u00ednh di \u0111\u1ed9ng nh\u1eb9 v\u00e0 \u0111\u1ed9 b\u1ec1n ch\u1eafc ch\u1eafn, l\u00fd t\u01b0\u1edfng cho vi\u1ec7c s\u1eed d\u1ee5ng ngo\u00e0i tr\u1eddi trong th\u1eddi gian d\u00e0i.<\/p>\n<p><img fetchpriority=\"high\" decoding=\"async\" class=\"aligncenter wp-image-2930\" src=\"https:\/\/mountlaser.com\/wp-content\/uploads\/2025\/10\/FPPS2-1.webp\" alt=\"Aluminum Telescoping Pole TriPod\" width=\"500\" height=\"500\" srcset=\"https:\/\/mountlaser.com\/wp-content\/uploads\/2025\/10\/FPPS2-1.webp 1000w, https:\/\/mountlaser.com\/wp-content\/uploads\/2025\/10\/FPPS2-1-300x300.webp 300w, https:\/\/mountlaser.com\/wp-content\/uploads\/2025\/10\/FPPS2-1-400x400.webp 400w, https:\/\/mountlaser.com\/wp-content\/uploads\/2025\/10\/FPPS2-1-800x800.webp 800w, https:\/\/mountlaser.com\/wp-content\/uploads\/2025\/10\/FPPS2-1-600x600.webp 600w, https:\/\/mountlaser.com\/wp-content\/uploads\/2025\/10\/FPPS2-1-150x150.webp 150w, https:\/\/mountlaser.com\/wp-content\/uploads\/2025\/10\/FPPS2-1-768x768.webp 768w, https:\/\/mountlaser.com\/wp-content\/uploads\/2025\/10\/FPPS2-1-12x12.webp 12w\" sizes=\"(max-width: 500px) 100vw, 500px\" \/><\/p>\n<p>V\u1edbi \u0111\u1ea7u tr\u01b0\u1ee3t c\u1ef1c d\u00e0i 150mm k\u1ebft h\u1ee3p v\u1edbi \u0111\u1ea7u ki\u1ec3u k\u00e9o c\u00f3 th\u1ec3 di chuy\u1ec3n t\u1ef1 do, s\u1ea3n ph\u1ea9m ti\u00ean ti\u1ebfn n\u00e0y <a href=\"https:\/\/mountlaser.com\/vi\/about-us\/\"><strong>Ch\u00e2n m\u00e1y \u1ea3nh d\u1ea1ng c\u1ed9t r\u00fat g\u1ecdn b\u1eb1ng nh\u00f4m<\/strong><\/a> Ch\u00e2n m\u00e1y n\u00e0y mang l\u1ea1i kh\u1ea3 n\u0103ng \u0111i\u1ec1u ch\u1ec9nh linh ho\u1ea1t v\u01b0\u1ee3t tr\u1ed9i v\u00e0 \u0111\u1ecbnh v\u1ecb d\u1ee5ng c\u1ee5 ch\u00ednh x\u00e1c. V\u1edbi kh\u1ea3 n\u0103ng k\u00e9o d\u00e0i \u1ea5n t\u01b0\u1ee3ng l\u00ean \u0111\u1ebfn 128cm v\u00e0 k\u1ebft c\u1ea5u ch\u1eafc ch\u1eafn v\u1edbi \u0111\u01b0\u1eddng k\u00ednh ngo\u00e0i 18\/25mm, ch\u00e2n m\u00e1y \u0111\u1ea3m b\u1ea3o hi\u1ec7u su\u1ea5t \u0111\u00e1ng tin c\u1eady tr\u00ean nhi\u1ec1u \u0111\u1ecba h\u00ecnh kh\u00e1c nhau. H\u1ec7 th\u1ed1ng kh\u00f3a n\u00e9n gi\u00fap thi\u1ebft l\u1eadp nhanh ch\u00f3ng v\u00e0 kh\u00f3a ch\u1eafc ch\u1eafn, trong khi gi\u00e1 \u0111\u1ee1 ren \u0111a n\u0103ng d\u1ec5 d\u00e0ng t\u01b0\u01a1ng th\u00edch v\u1edbi c\u1ea3 c\u1ed9t c\u00f3 \u0111\u01b0\u1eddng k\u00ednh \u044425-30mm v\u00e0 \u04448-10mm. Tr\u1ecdn b\u1ed9 s\u1ea3n ph\u1ea9m bao g\u1ed3m m\u1ed9t t\u00fai \u0111\u1ef1ng m\u1ec1m b\u1ea3o v\u1ec7 v\u00e0 h\u1ed9p b\u00ean trong \u0111\u1ec3 v\u1eadn chuy\u1ec3n thu\u1eadn ti\u1ec7n.<\/p>","protected":false},"excerpt":{"rendered":"<ul>\n<li>C\u1ea5u tr\u00fac b\u1eb1ng nh\u00f4m nh\u1eb9 v\u1edbi t\u1ef7 l\u1ec7 \u0111\u1ed9 b\u1ec1n tr\u00ean tr\u1ecdng l\u01b0\u1ee3ng tuy\u1ec7t v\u1eddi.<\/li>\n<li>\u0110\u1ea7u tr\u01b0\u1ee3t 150mm v\u1edbi kh\u1edbp n\u1ed1i ki\u1ec3u k\u00e9o gi\u00fap \u0111i\u1ec1u ch\u1ec9nh ch\u00ednh x\u00e1c.<\/li>\n<li>Chi\u1ec1u d\u00e0i m\u1edf r\u1ed9ng 128cm v\u1edbi c\u01a1 ch\u1ebf kh\u00f3a n\u00e9n.<\/li>\n<li>\u0110\u1ea7u gi\u1eef ren \u0111a n\u0103ng d\u00f9ng cho c\u1ea7n c\u00f3 \u0111\u01b0\u1eddng k\u00ednh \u044425-30mm ho\u1eb7c \u04448-10mm<\/li>\n<\/ul>","protected":false},"featured_media":2932,"comment_status":"open","ping_status":"closed","template":"","meta":[],"product_brand":[],"product_cat":[91,107],"product_tag":[],"class_list":{"0":"post-2929","1":"product","2":"type-product","3":"status-publish","4":"has-post-thumbnail","6":"product_cat-bipod-tripod","7":"product_cat-aluminum-pole-tripod","9":"first","10":"instock","11":"shipping-taxable","12":"product-type-simple"},"_links":{"self":[{"href":"https:\/\/mountlaser.com\/vi\/wp-json\/wp\/v2\/product\/2929","targetHints":{"allow":["GET"]}}],"collection":[{"href":"https:\/\/mountlaser.com\/vi\/wp-json\/wp\/v2\/product"}],"about":[{"href":"https:\/\/mountlaser.com\/vi\/wp-json\/wp\/v2\/types\/product"}],"replies":[{"embeddable":true,"href":"https:\/\/mountlaser.com\/vi\/wp-json\/wp\/v2\/comments?post=2929"}],"wp:featuredmedia":[{"embeddable":true,"href":"https:\/\/mountlaser.com\/vi\/wp-json\/wp\/v2\/media\/2932"}],"wp:attachment":[{"href":"https:\/\/mountlaser.com\/vi\/wp-json\/wp\/v2\/media?parent=2929"}],"wp:term":[{"taxonomy":"product_brand","embeddable":true,"href":"https:\/\/mountlaser.com\/vi\/wp-json\/wp\/v2\/product_brand?post=2929"},{"taxonomy":"product_cat","embeddable":true,"href":"https:\/\/mountlaser.com\/vi\/wp-json\/wp\/v2\/product_cat?post=2929"},{"taxonomy":"product_tag","embeddable":true,"href":"https:\/\/mountlaser.com\/vi\/wp-json\/wp\/v2\/product_tag?post=2929"}],"curies":[{"name":"trang web","href":"https:\/\/api.w.org\/{rel}","templated":true}]}}