{"id":2922,"date":"2025-10-24T08:26:07","date_gmt":"2025-10-24T08:26:07","guid":{"rendered":"https:\/\/mountlaser.com\/?post_type=product&#038;p=2922"},"modified":"2025-11-28T05:16:56","modified_gmt":"2025-11-28T05:16:56","slug":"mpps-aluminum-pole-tripod","status":"publish","type":"product","link":"https:\/\/mountlaser.com\/vi\/san-pham\/mpps-aluminum-pole-tripod\/","title":{"rendered":"Ch\u00e2n \u0111\u1ebf ba ch\u00e2n b\u1eb1ng nh\u00f4m MPPS"},"content":{"rendered":"<p>C\u00e1i <a href=\"https:\/\/mountlaser.com\/vi\/\"><strong>Ch\u00e2n \u0111\u1ebf ba ch\u00e2n b\u1eb1ng nh\u00f4m MPPS<\/strong> <\/a>\u0110\u00e2y l\u00e0 gi\u1ea3i ph\u00e1p h\u1ed7 tr\u1ee3 \u0111\u01b0\u1ee3c thi\u1ebft k\u1ebf ch\u00ednh x\u00e1c d\u00e0nh cho c\u00e1c chuy\u00ean gia kh\u1ea3o s\u00e1t c\u1ea7n \u0111\u1ed9 tin c\u1eady v\u00e0 t\u00ednh linh ho\u1ea1t trong c\u00f4ng vi\u1ec7c. L\u00e0 m\u1ed9t ch\u00e2n \u0111\u1ebf c\u1ed9t \u0111o kho\u1ea3ng c\u00e1ch b\u1eb1ng nh\u00f4m ch\u1eafc ch\u1eafn, n\u00f3 cung c\u1ea5p \u0111\u1ed9 \u1ed5n \u0111\u1ecbnh v\u01b0\u1ee3t tr\u1ed9i cho c\u00e1c l\u0103ng k\u00ednh mini c\u00f3 c\u1ed9t, c\u1ed9t l\u0103ng k\u00ednh v\u00e0 th\u01b0\u1edbc th\u0103ng b\u1eb1ng. \u0110\u01b0\u1ee3c ch\u1ebf t\u1ea1o t\u1eeb nh\u00f4m cao c\u1ea5p, ch\u00e2n \u0111\u1ebf c\u1ed9t \u0111o kho\u1ea3ng c\u00e1ch b\u1eb1ng nh\u00f4m n\u00e0y k\u1ebft h\u1ee3p t\u00ednh di \u0111\u1ed9ng nh\u1eb9 v\u1edbi \u0111\u1ed9 b\u1ec1n v\u01b0\u1ee3t tr\u1ed9i, l\u00fd t\u01b0\u1edfng cho c\u00e1c \u1ee9ng d\u1ee5ng \u0111\u00f2i h\u1ecfi kh\u1eaft khe.<\/p>\n<p><img fetchpriority=\"high\" decoding=\"async\" class=\"aligncenter wp-image-2923\" src=\"https:\/\/mountlaser.com\/wp-content\/uploads\/2025\/10\/MPPS-2.webp\" alt=\"Aluminum Range Pole Tripod\" width=\"500\" height=\"500\" srcset=\"https:\/\/mountlaser.com\/wp-content\/uploads\/2025\/10\/MPPS-2.webp 1000w, https:\/\/mountlaser.com\/wp-content\/uploads\/2025\/10\/MPPS-2-300x300.webp 300w, https:\/\/mountlaser.com\/wp-content\/uploads\/2025\/10\/MPPS-2-400x400.webp 400w, https:\/\/mountlaser.com\/wp-content\/uploads\/2025\/10\/MPPS-2-800x800.webp 800w, https:\/\/mountlaser.com\/wp-content\/uploads\/2025\/10\/MPPS-2-600x600.webp 600w, https:\/\/mountlaser.com\/wp-content\/uploads\/2025\/10\/MPPS-2-150x150.webp 150w, https:\/\/mountlaser.com\/wp-content\/uploads\/2025\/10\/MPPS-2-768x768.webp 768w, https:\/\/mountlaser.com\/wp-content\/uploads\/2025\/10\/MPPS-2-12x12.webp 12w\" sizes=\"(max-width: 500px) 100vw, 500px\" \/><\/p>\n<p>V\u1edbi \u0111\u1ea7u tr\u01b0\u1ee3t 80mm v\u00e0 \u0111\u1ea7u ki\u1ec3u k\u00e9o c\u00f3 th\u1ec3 di chuy\u1ec3n t\u1ef1 do, s\u1ea3n ph\u1ea9m n\u00e0y<a href=\"https:\/\/mountlaser.com\/vi\/about-us\/\"> <strong>Ch\u00e2n \u0111\u1ebf ba ch\u00e2n b\u1eb1ng nh\u00f4m d\u00f9ng cho th\u01b0\u1edbc \u0111o kho\u1ea3ng c\u00e1ch<\/strong><\/a> Gi\u00e1 ba ch\u00e2n n\u00e0y cho ph\u00e9p \u0111i\u1ec1u ch\u1ec9nh m\u01b0\u1ee3t m\u00e0 v\u00e0 c\u0103n ch\u1ec9nh ch\u00ednh x\u00e1c c\u00e1c d\u1ee5ng c\u1ee5 \u0111o \u0111\u1ea1c. Ch\u00e2n \u0111\u1ebf d\u1ea1ng \u1ed1ng l\u1ed3ng, \u0111\u01b0\u1ee3c c\u1ed1 \u0111\u1ecbnh b\u1eb1ng h\u1ec7 th\u1ed1ng kh\u00f3a n\u00e9n, c\u00f3 th\u1ec3 k\u00e9o d\u00e0i \u0111\u1ebfn 90cm m\u00e0 v\u1eabn gi\u1eef \u0111\u01b0\u1ee3c \u0111\u1ed9 c\u1ee9ng v\u1eefng. V\u1edbi \u0111\u01b0\u1eddng k\u00ednh ngo\u00e0i 18\/25mm, gi\u00e1 ba ch\u00e2n \u0111\u1ea3m b\u1ea3o s\u1ef1 \u1ed5n \u0111\u1ecbnh tr\u00ean nhi\u1ec1u \u0111\u1ecba h\u00ecnh kh\u00e1c nhau. \u0110\u1ec3 thu\u1eadn ti\u1ec7n h\u01a1n, s\u1ea3n ph\u1ea9m \u0111i k\u00e8m v\u1edbi t\u00fai \u0111\u1ef1ng m\u1ec1m v\u00e0 h\u1ed9p b\u00ean trong, gi\u00fap b\u1ea3o v\u1ec7 v\u00e0 d\u1ec5 d\u00e0ng v\u1eadn chuy\u1ec3n.<\/p>","protected":false},"excerpt":{"rendered":"<ul>\n<li>Cung c\u1ea5p gi\u00e1 \u0111\u1ee1 \u1ed5n \u0111\u1ecbnh cho c\u00e1c l\u0103ng k\u00ednh mini c\u00f3 c\u1ed9t, c\u1ed9t l\u0103ng k\u00ednh v\u00e0 th\u01b0\u1edbc th\u0103ng b\u1eb1ng.<\/li>\n<li>C\u1ea5u tr\u00fac b\u1eb1ng nh\u00f4m nh\u1eb9 gi\u00fap t\u0103ng t\u00ednh di \u0111\u1ed9ng v\u00e0 \u0111\u1ed9 b\u1ec1n khi s\u1eed d\u1ee5ng l\u00e2u d\u00e0i.<\/li>\n<li>\u0110\u1ea7u ki\u1ec3u k\u00e9o v\u1edbi thanh tr\u01b0\u1ee3t 80mm cho ph\u00e9p \u0111i\u1ec1u ch\u1ec9nh linh ho\u1ea1t v\u00e0 ch\u00ednh x\u00e1c.<\/li>\n<\/ul>","protected":false},"featured_media":2925,"comment_status":"open","ping_status":"closed","template":"","meta":[],"product_brand":[],"product_cat":[91,107],"product_tag":[],"class_list":{"0":"post-2922","1":"product","2":"type-product","3":"status-publish","4":"has-post-thumbnail","6":"product_cat-bipod-tripod","7":"product_cat-aluminum-pole-tripod","9":"first","10":"instock","11":"shipping-taxable","12":"product-type-simple"},"_links":{"self":[{"href":"https:\/\/mountlaser.com\/vi\/wp-json\/wp\/v2\/product\/2922","targetHints":{"allow":["GET"]}}],"collection":[{"href":"https:\/\/mountlaser.com\/vi\/wp-json\/wp\/v2\/product"}],"about":[{"href":"https:\/\/mountlaser.com\/vi\/wp-json\/wp\/v2\/types\/product"}],"replies":[{"embeddable":true,"href":"https:\/\/mountlaser.com\/vi\/wp-json\/wp\/v2\/comments?post=2922"}],"wp:featuredmedia":[{"embeddable":true,"href":"https:\/\/mountlaser.com\/vi\/wp-json\/wp\/v2\/media\/2925"}],"wp:attachment":[{"href":"https:\/\/mountlaser.com\/vi\/wp-json\/wp\/v2\/media?parent=2922"}],"wp:term":[{"taxonomy":"product_brand","embeddable":true,"href":"https:\/\/mountlaser.com\/vi\/wp-json\/wp\/v2\/product_brand?post=2922"},{"taxonomy":"product_cat","embeddable":true,"href":"https:\/\/mountlaser.com\/vi\/wp-json\/wp\/v2\/product_cat?post=2922"},{"taxonomy":"product_tag","embeddable":true,"href":"https:\/\/mountlaser.com\/vi\/wp-json\/wp\/v2\/product_tag?post=2922"}],"curies":[{"name":"trang web","href":"https:\/\/api.w.org\/{rel}","templated":true}]}}