{"id":2913,"date":"2025-10-24T08:19:59","date_gmt":"2025-10-24T08:19:59","guid":{"rendered":"https:\/\/mountlaser.com\/?post_type=product&#038;p=2913"},"modified":"2025-11-28T05:18:24","modified_gmt":"2025-11-28T05:18:24","slug":"pps-aluminum-pole-tripod","status":"publish","type":"product","link":"https:\/\/mountlaser.com\/vi\/san-pham\/pps-aluminum-pole-tripod\/","title":{"rendered":"Ch\u00e2n \u0111\u1ebf ba ch\u00e2n b\u1eb1ng nh\u00f4m PPS"},"content":{"rendered":"<p>C\u00e1i <a href=\"https:\/\/mountlaser.com\/vi\/\"><strong>Ch\u00e2n \u0111\u1ebf ba ch\u00e2n b\u1eb1ng nh\u00f4m PPS<\/strong><\/a> Cung c\u1ea5p \u0111\u1ed9 \u1ed5n \u0111\u1ecbnh v\u00e0 t\u00ednh linh ho\u1ea1t chuy\u00ean nghi\u1ec7p cho c\u00e1c \u1ee9ng d\u1ee5ng kh\u1ea3o s\u00e1t hi\u1ec7n \u0111\u1ea1i. \u0110\u01b0\u1ee3c thi\u1ebft k\u1ebf nh\u01b0 m\u1ed9t thi\u1ebft b\u1ecb \u0111\u00e1ng tin c\u1eady. <a href=\"https:\/\/mountlaser.com\/vi\/products\/\"><strong>Ch\u00e2n \u0111\u1ebf ba ch\u00e2n b\u1eb1ng nh\u00f4m c\u00f3 k\u1eb9p<\/strong><\/a>, S\u1ea3n ph\u1ea9m n\u00e0y c\u00f3 h\u1ec7 th\u1ed1ng kh\u00f3a n\u00e9n ch\u1eafc ch\u1eafn, \u0111\u1ea3m b\u1ea3o \u0111\u1ecbnh v\u1ecb an to\u00e0n v\u00e0 thi\u1ebft l\u1eadp nhanh ch\u00f3ng. Ch\u00e2n \u0111\u1ebf ba ch\u00e2n b\u1eb1ng nh\u00f4m b\u1ec1n b\u1ec9 n\u00e0y \u0111\u01b0\u1ee3c ch\u1ebf t\u1ea1o t\u1eeb nh\u00f4m c\u01b0\u1eddng \u0111\u1ed9 cao, mang l\u1ea1i s\u1ef1 c\u00e2n b\u1eb1ng t\u1ed1i \u01b0u gi\u1eefa t\u00ednh di \u0111\u1ed9ng nh\u1eb9 v\u00e0 \u0111\u1ed9 b\u1ec1n l\u00e2u d\u00e0i, l\u00fd t\u01b0\u1edfng cho vi\u1ec7c s\u1eed d\u1ee5ng ngo\u00e0i tr\u1eddi k\u00e9o d\u00e0i v\u1edbi c\u00e1c l\u0103ng k\u00ednh mini, c\u1ed9t l\u0103ng k\u00ednh v\u00e0 th\u01b0\u1edbc th\u0103ng b\u1eb1ng.<\/p>\n<p>&nbsp;<\/p>\n<p><img fetchpriority=\"high\" decoding=\"async\" class=\"aligncenter wp-image-2917\" src=\"https:\/\/mountlaser.com\/wp-content\/uploads\/2025\/10\/PPS-5-1.webp\" alt=\"Prism Pole Tripod \" width=\"500\" height=\"500\" srcset=\"https:\/\/mountlaser.com\/wp-content\/uploads\/2025\/10\/PPS-5-1.webp 1000w, https:\/\/mountlaser.com\/wp-content\/uploads\/2025\/10\/PPS-5-1-300x300.webp 300w, https:\/\/mountlaser.com\/wp-content\/uploads\/2025\/10\/PPS-5-1-400x400.webp 400w, https:\/\/mountlaser.com\/wp-content\/uploads\/2025\/10\/PPS-5-1-800x800.webp 800w, https:\/\/mountlaser.com\/wp-content\/uploads\/2025\/10\/PPS-5-1-600x600.webp 600w, https:\/\/mountlaser.com\/wp-content\/uploads\/2025\/10\/PPS-5-1-150x150.webp 150w, https:\/\/mountlaser.com\/wp-content\/uploads\/2025\/10\/PPS-5-1-768x768.webp 768w, https:\/\/mountlaser.com\/wp-content\/uploads\/2025\/10\/PPS-5-1-12x12.webp 12w\" sizes=\"(max-width: 500px) 100vw, 500px\" \/><\/p>\n<p>C\u00e1i <a href=\"https:\/\/mountlaser.com\/vi\/contact-us\/\">Ch\u00e2n \u0111\u1ebf ba ch\u00e2n h\u00ecnh l\u0103ng k\u00ednh<\/a>\u2018Thi\u1ebft k\u1ebf ti\u00ean ti\u1ebfn c\u1ee7a s\u1ea3n ph\u1ea9m bao g\u1ed3m \u0111\u1ea7u tr\u01b0\u1ee3t 115mm k\u1ebft h\u1ee3p v\u1edbi \u0111\u1ea7u ki\u1ec3u k\u00e9o c\u00f3 th\u1ec3 di chuy\u1ec3n t\u1ef1 do, mang l\u1ea1i kh\u1ea3 n\u0103ng \u0111i\u1ec1u ch\u1ec9nh linh ho\u1ea1t v\u01b0\u1ee3t tr\u1ed9i v\u00e0 c\u0103n ch\u1ec9nh d\u1ee5ng c\u1ee5 ch\u00ednh x\u00e1c. V\u1edbi ph\u1ea1m vi m\u1edf r\u1ed9ng r\u1ed9ng r\u00e3i 120cm v\u00e0 k\u1ebft c\u1ea5u ch\u1eafc ch\u1eafn \u0111\u01b0\u1eddng k\u00ednh ngo\u00e0i 18\/25mm, ch\u00e2n m\u00e1y nh\u00f4m chuy\u00ean nghi\u1ec7p n\u00e0y duy tr\u00ec \u0111\u1ed9 \u1ed5n \u0111\u1ecbnh v\u01b0\u1ee3t tr\u1ed9i tr\u00ean nhi\u1ec1u \u0111\u1ecba h\u00ecnh v\u00e0 \u0111i\u1ec1u ki\u1ec7n l\u00e0m vi\u1ec7c kh\u00e1c nhau. Ch\u00e2n m\u00e1y d\u1ea1ng \u1ed1ng l\u1ed3ng v\u1edbi c\u01a1 ch\u1ebf kh\u00f3a n\u00e9n mang l\u1ea1i s\u1ef1 h\u1ed7 tr\u1ee3 \u0111\u00e1ng tin c\u1eady, trong khi t\u00fai \u0111\u1ef1ng m\u1ec1m v\u00e0 h\u1ed9p b\u00ean trong \u0111i k\u00e8m \u0111\u1ea3m b\u1ea3o v\u1eadn chuy\u1ec3n v\u00e0 c\u1ea5t gi\u1eef thu\u1eadn ti\u1ec7n.<\/p>","protected":false},"excerpt":{"rendered":"<ul>\n<li>H\u1ec7 th\u1ed1ng k\u1eb9p n\u00e9n c\u1ee7a ch\u00e2n m\u00e1y Prism Pole gi\u00fap thi\u1ebft l\u1eadp nhanh ch\u00f3ng v\u00e0 ch\u1eafc ch\u1eafn.<\/li>\n<li>\u0110\u1ea7u tr\u01b0\u1ee3t 115mm v\u1edbi kh\u1edbp n\u1ed1i ki\u1ec3u k\u00e9o gi\u00fap \u0111i\u1ec1u ch\u1ec9nh ch\u00ednh x\u00e1c.<\/li>\n<li>K\u1ebft c\u1ea5u b\u1eb1ng nh\u00f4m nh\u1eb9 v\u1edbi t\u1ef7 l\u1ec7 \u0111\u1ed9 b\u1ec1n tr\u00ean tr\u1ecdng l\u01b0\u1ee3ng cao.<\/li>\n<\/ul>","protected":false},"featured_media":2915,"comment_status":"open","ping_status":"closed","template":"","meta":[],"product_brand":[],"product_cat":[91,107],"product_tag":[],"class_list":{"0":"post-2913","1":"product","2":"type-product","3":"status-publish","4":"has-post-thumbnail","6":"product_cat-bipod-tripod","7":"product_cat-aluminum-pole-tripod","9":"first","10":"instock","11":"shipping-taxable","12":"product-type-simple"},"_links":{"self":[{"href":"https:\/\/mountlaser.com\/vi\/wp-json\/wp\/v2\/product\/2913","targetHints":{"allow":["GET"]}}],"collection":[{"href":"https:\/\/mountlaser.com\/vi\/wp-json\/wp\/v2\/product"}],"about":[{"href":"https:\/\/mountlaser.com\/vi\/wp-json\/wp\/v2\/types\/product"}],"replies":[{"embeddable":true,"href":"https:\/\/mountlaser.com\/vi\/wp-json\/wp\/v2\/comments?post=2913"}],"wp:featuredmedia":[{"embeddable":true,"href":"https:\/\/mountlaser.com\/vi\/wp-json\/wp\/v2\/media\/2915"}],"wp:attachment":[{"href":"https:\/\/mountlaser.com\/vi\/wp-json\/wp\/v2\/media?parent=2913"}],"wp:term":[{"taxonomy":"product_brand","embeddable":true,"href":"https:\/\/mountlaser.com\/vi\/wp-json\/wp\/v2\/product_brand?post=2913"},{"taxonomy":"product_cat","embeddable":true,"href":"https:\/\/mountlaser.com\/vi\/wp-json\/wp\/v2\/product_cat?post=2913"},{"taxonomy":"product_tag","embeddable":true,"href":"https:\/\/mountlaser.com\/vi\/wp-json\/wp\/v2\/product_tag?post=2913"}],"curies":[{"name":"trang web","href":"https:\/\/api.w.org\/{rel}","templated":true}]}}