{"id":2906,"date":"2025-10-24T08:07:11","date_gmt":"2025-10-24T08:07:11","guid":{"rendered":"https:\/\/mountlaser.com\/?post_type=product&#038;p=2906"},"modified":"2025-11-28T05:19:19","modified_gmt":"2025-11-28T05:19:19","slug":"qpps-aluminum-pole-tripod","status":"publish","type":"product","link":"https:\/\/mountlaser.com\/vi\/san-pham\/qpps-aluminum-pole-tripod\/","title":{"rendered":"Ch\u00e2n \u0111\u1ebf ba ch\u00e2n b\u1eb1ng nh\u00f4m QPPS"},"content":{"rendered":"<p>C\u00e1i <a href=\"https:\/\/mountlaser.com\/vi\/\"><strong>Ch\u00e2n \u0111\u1ebf ba ch\u00e2n b\u1eb1ng nh\u00f4m QPPS<\/strong><\/a> Thi\u1ebft l\u1eadp m\u1ed9t ti\u00eau chu\u1ea9n m\u1edbi v\u1ec1 hi\u1ec7u qu\u1ea3 trong thi\u1ebft b\u1ecb h\u1ed7 tr\u1ee3 kh\u1ea3o s\u00e1t. Ch\u00e2n \u0111\u1ebf ba ch\u00e2n b\u1eb1ng nh\u00f4m ti\u00ean ti\u1ebfn n\u00e0y v\u1edbi k\u1eb9p c\u00f3 c\u01a1 ch\u1ebf th\u00e1o l\u1eafp nhanh c\u1ea3i ti\u1ebfn gi\u00fap gi\u1ea3m \u0111\u00e1ng k\u1ec3 th\u1eddi gian thi\u1ebft l\u1eadp trong khi v\u1eabn duy tr\u00ec \u0111\u1ed9 \u1ed5n \u0111\u1ecbnh v\u01b0\u1ee3t tr\u1ed9i cho c\u00e1c l\u0103ng k\u00ednh mini c\u00f3 c\u00e1n, c\u00e1n l\u0103ng k\u00ednh v\u00e0 th\u01b0\u1edbc th\u0103ng b\u1eb1ng. \u0110\u01b0\u1ee3c ch\u1ebf t\u1ea1o t\u1eeb v\u1eadt li\u1ec7u nh\u00f4m cao c\u1ea5p, ch\u00e2n \u0111\u1ebf ba ch\u00e2n b\u1eb1ng nh\u00f4m chuy\u00ean nghi\u1ec7p n\u00e0y v\u1edbi k\u1eb9p mang \u0111\u1ebfn s\u1ef1 k\u1ebft h\u1ee3p ho\u00e0n h\u1ea3o gi\u1eefa kh\u1ea3 n\u0103ng thao t\u00e1c nh\u1eb9 nh\u00e0ng v\u00e0 \u0111\u1ed9 b\u1ec1n ch\u1eafc ch\u1eafn, \u0111\u1ea3m b\u1ea3o hi\u1ec7u su\u1ea5t \u0111\u00e1ng tin c\u1eady trong c\u00e1c \u0111i\u1ec1u ki\u1ec7n kh\u1eafc nghi\u1ec7t ngo\u00e0i hi\u1ec7n tr\u01b0\u1eddng.<\/p>\n<p><img fetchpriority=\"high\" decoding=\"async\" class=\"aligncenter wp-image-2909\" src=\"https:\/\/mountlaser.com\/wp-content\/uploads\/2025\/10\/QPPS-5.webp\" alt=\"Aluminum Pole Tripod with Clamp\" width=\"500\" height=\"500\" srcset=\"https:\/\/mountlaser.com\/wp-content\/uploads\/2025\/10\/QPPS-5.webp 1000w, https:\/\/mountlaser.com\/wp-content\/uploads\/2025\/10\/QPPS-5-300x300.webp 300w, https:\/\/mountlaser.com\/wp-content\/uploads\/2025\/10\/QPPS-5-400x400.webp 400w, https:\/\/mountlaser.com\/wp-content\/uploads\/2025\/10\/QPPS-5-800x800.webp 800w, https:\/\/mountlaser.com\/wp-content\/uploads\/2025\/10\/QPPS-5-600x600.webp 600w, https:\/\/mountlaser.com\/wp-content\/uploads\/2025\/10\/QPPS-5-150x150.webp 150w, https:\/\/mountlaser.com\/wp-content\/uploads\/2025\/10\/QPPS-5-768x768.webp 768w, https:\/\/mountlaser.com\/wp-content\/uploads\/2025\/10\/QPPS-5-12x12.webp 12w\" sizes=\"(max-width: 500px) 100vw, 500px\" \/><\/p>\n<p>\u0110i\u1ec3m n\u1ed5i b\u1eadt c\u1ee7a ch\u00e2n m\u00e1y n\u00e0y l\u00e0 h\u1ec7 th\u1ed1ng k\u1eb9p th\u00e1o nhanh, cho ph\u00e9p tri\u1ec3n khai nhanh ch\u00f3ng v\u00e0 kh\u00f3a ch\u1eafc ch\u1eafn c\u00e1c ch\u00e2n m\u00e1y d\u1ea1ng \u1ed1ng l\u1ed3ng. K\u1ebft h\u1ee3p v\u1edbi \u0111\u1ea7u ki\u1ec3u k\u00e9o c\u00f3 th\u1ec3 di chuy\u1ec3n t\u1ef1 do, t\u00ednh n\u0103ng n\u00e0y mang l\u1ea1i s\u1ef1 ti\u1ec7n l\u1ee3i t\u1ed1i \u0111a. <a href=\"https:\/\/mountlaser.com\/vi\/products\/\"><strong>Ch\u00e2n \u0111\u1ebf ba ch\u00e2n b\u1eb1ng nh\u00f4m c\u00f3 k\u1eb9p<\/strong><\/a> Cung c\u1ea5p kh\u1ea3 n\u0103ng \u0111i\u1ec1u ch\u1ec9nh linh ho\u1ea1t v\u01b0\u1ee3t tr\u1ed9i v\u00e0 \u0111\u1ecbnh v\u1ecb d\u1ee5ng c\u1ee5 ch\u00ednh x\u00e1c. V\u1edbi ph\u1ea1m vi m\u1edf r\u1ed9ng \u1ea5n t\u01b0\u1ee3ng l\u00ean \u0111\u1ebfn 120cm, n\u00f3 ph\u00f9 h\u1ee3p v\u1edbi nhi\u1ec1u chi\u1ec1u cao l\u00e0m vi\u1ec7c kh\u00e1c nhau trong khi v\u1eabn duy tr\u00ec s\u1ef1 \u1ed5n \u0111\u1ecbnh nh\u1edd c\u1ea5u tr\u00fac \u0111\u01b0\u1eddng k\u00ednh ngo\u00e0i 18\/25mm ch\u1eafc ch\u1eafn. Tr\u1ecdn b\u1ed9 s\u1ea3n ph\u1ea9m bao g\u1ed3m h\u1ed9p \u0111\u1ef1ng m\u1ec1m b\u1ea3o v\u1ec7 v\u00e0 h\u1ed9p b\u00ean trong, l\u00fd t\u01b0\u1edfng cho vi\u1ec7c v\u1eadn chuy\u1ec3n v\u00e0 b\u1ea3o qu\u1ea3n.<\/p>","protected":false},"excerpt":{"rendered":"<ul>\n<li>C\u01a1 ch\u1ebf k\u1eb9p th\u00e1o nhanh gi\u00fap tri\u1ec3n khai nhanh ch\u00f3ng v\u00e0 kh\u00f3a ch\u1eafc ch\u1eafn.<\/li>\n<li>H\u1ed7 tr\u1ee3 c\u00e1c lo\u1ea1i l\u0103ng k\u00ednh mini c\u00f3 c\u00e1n, c\u00e1n l\u0103ng k\u00ednh v\u00e0 th\u01b0\u1edbc th\u0103ng b\u1eb1ng.<\/li>\n<li>K\u1ebft c\u1ea5u b\u1eb1ng nh\u00f4m nh\u1eb9 v\u1edbi t\u1ef7 l\u1ec7 \u0111\u1ed9 b\u1ec1n tr\u00ean tr\u1ecdng l\u01b0\u1ee3ng cao.<\/li>\n<li>Chi\u1ec1u d\u00e0i m\u1edf r\u1ed9ng 120cm v\u1edbi h\u1ec7 th\u1ed1ng ch\u00e2n \u0111\u1ebf c\u00f3 th\u1ec3 thu g\u1ecdn v\u00e0 ch\u1ed1t ch\u1eb7n.<\/li>\n<\/ul>","protected":false},"featured_media":2907,"comment_status":"open","ping_status":"closed","template":"","meta":[],"product_brand":[],"product_cat":[91,107],"product_tag":[],"class_list":{"0":"post-2906","1":"product","2":"type-product","3":"status-publish","4":"has-post-thumbnail","6":"product_cat-bipod-tripod","7":"product_cat-aluminum-pole-tripod","9":"first","10":"instock","11":"shipping-taxable","12":"product-type-simple"},"_links":{"self":[{"href":"https:\/\/mountlaser.com\/vi\/wp-json\/wp\/v2\/product\/2906","targetHints":{"allow":["GET"]}}],"collection":[{"href":"https:\/\/mountlaser.com\/vi\/wp-json\/wp\/v2\/product"}],"about":[{"href":"https:\/\/mountlaser.com\/vi\/wp-json\/wp\/v2\/types\/product"}],"replies":[{"embeddable":true,"href":"https:\/\/mountlaser.com\/vi\/wp-json\/wp\/v2\/comments?post=2906"}],"wp:featuredmedia":[{"embeddable":true,"href":"https:\/\/mountlaser.com\/vi\/wp-json\/wp\/v2\/media\/2907"}],"wp:attachment":[{"href":"https:\/\/mountlaser.com\/vi\/wp-json\/wp\/v2\/media?parent=2906"}],"wp:term":[{"taxonomy":"product_brand","embeddable":true,"href":"https:\/\/mountlaser.com\/vi\/wp-json\/wp\/v2\/product_brand?post=2906"},{"taxonomy":"product_cat","embeddable":true,"href":"https:\/\/mountlaser.com\/vi\/wp-json\/wp\/v2\/product_cat?post=2906"},{"taxonomy":"product_tag","embeddable":true,"href":"https:\/\/mountlaser.com\/vi\/wp-json\/wp\/v2\/product_tag?post=2906"}],"curies":[{"name":"trang web","href":"https:\/\/api.w.org\/{rel}","templated":true}]}}