{"id":2899,"date":"2025-10-24T07:49:14","date_gmt":"2025-10-24T07:49:14","guid":{"rendered":"https:\/\/mountlaser.com\/?post_type=product&#038;p=2899"},"modified":"2025-11-28T05:20:44","modified_gmt":"2025-11-28T05:20:44","slug":"cpps-aluminum-pole-tripod","status":"publish","type":"product","link":"https:\/\/mountlaser.com\/vi\/san-pham\/cpps-aluminum-pole-tripod\/","title":{"rendered":"Ch\u00e2n \u0111\u1ebf ba ch\u00e2n b\u1eb1ng nh\u00f4m CPPS"},"content":{"rendered":"<p>Ch\u00e2n \u0111\u1ebf ba ch\u00e2n b\u1eb1ng nh\u00f4m CPPS l\u00e0 h\u1ec7 th\u1ed1ng h\u1ed7 tr\u1ee3 chuy\u00ean nghi\u1ec7p \u0111\u01b0\u1ee3c thi\u1ebft k\u1ebf \u0111\u1eb7c bi\u1ec7t cho c\u00e1c \u1ee9ng d\u1ee5ng kh\u1ea3o s\u00e1t. H\u1ec7 th\u1ed1ng \u0111a n\u0103ng n\u00e0y r\u1ea5t ti\u1ec7n d\u1ee5ng. <a href=\"https:\/\/mountlaser.com\/vi\/about-us\/\"><strong>Ch\u00e2n \u0111\u1ebf ba ch\u00e2n b\u1eb1ng nh\u00f4m d\u1ea1ng c\u1ed9t l\u0103ng k\u00ednh<\/strong><\/a> Gi\u00e1 \u0111\u1ee1 n\u00e0y cung c\u1ea5p kh\u1ea3 n\u0103ng \u1ed5n \u0111\u1ecbnh \u0111\u00e1ng tin c\u1eady cho c\u00e1c l\u0103ng k\u00ednh mini c\u00f3 c\u00e1n, c\u00e1n l\u0103ng k\u00ednh ti\u00eau chu\u1ea9n v\u00e0 th\u01b0\u1edbc th\u0103ng b\u1eb1ng. \u0110\u01b0\u1ee3c ch\u1ebf t\u1ea1o t\u1eeb h\u1ee3p kim nh\u00f4m cao c\u1ea5p, gi\u00e1 \u0111\u1ee1 c\u00e1n l\u0103ng k\u00ednh b\u1eb1ng nh\u00f4m n\u00e0y duy tr\u00ec s\u1ef1 c\u00e2n b\u1eb1ng t\u1ed1i \u01b0u gi\u1eefa t\u00ednh di \u0111\u1ed9ng nh\u1eb9 v\u00e0 \u0111\u1ed9 b\u1ec1n v\u01b0\u1ee3t tr\u1ed9i, \u0111\u1ea3m b\u1ea3o hi\u1ec7u su\u1ea5t l\u00e2u d\u00e0i trong c\u00e1c \u0111i\u1ec1u ki\u1ec7n kh\u1eafc nghi\u1ec7t ngo\u00e0i tr\u1eddi.<\/p>\n<p>Ch\u00e2n m\u00e1y c\u00f3 \u0111\u1ea7u ki\u1ec3u k\u00e9o c\u00f3 th\u1ec3 di chuy\u1ec3n t\u1ef1 do, cho ph\u00e9p \u0111i\u1ec1u ch\u1ec9nh m\u01b0\u1ee3t m\u00e0 v\u00e0 \u0111\u1ecbnh v\u1ecb ch\u00ednh x\u00e1c c\u00e1c d\u1ee5ng c\u1ee5 \u0111o. V\u1edbi h\u1ec7 th\u1ed1ng kh\u00f3a ch\u00e2n d\u1ea1ng \u1ed1ng l\u1ed3ng ti\u1ec7n d\u1ee5ng, c\u00e1c ch\u00e2n c\u00f3 th\u1ec3 k\u00e9o d\u00e0i v\u00e0 kh\u00f3a ch\u1eafc ch\u1eafn v\u00e0o v\u1ecb tr\u00ed, cung c\u1ea5p s\u1ef1 h\u1ed7 tr\u1ee3 \u1ed5n \u0111\u1ecbnh tr\u00ean nhi\u1ec1u \u0111\u1ecba h\u00ecnh kh\u00e1c nhau. C\u01a1 ch\u1ebf kh\u00f3a n\u00e9n \u0111\u1ea3m b\u1ea3o thi\u1ebft l\u1eadp nhanh ch\u00f3ng v\u00e0 ho\u1ea1t \u0111\u1ed9ng \u0111\u00e1ng tin c\u1eady. \u0110\u1ec3 thu\u1eadn ti\u1ec7n cho vi\u1ec7c v\u1eadn chuy\u1ec3n v\u00e0 c\u1ea5t gi\u1eef, b\u1ed9 s\u1ea3n ph\u1ea9m ho\u00e0n ch\u1ec9nh bao g\u1ed3m m\u1ed9t t\u00fai \u0111\u1ef1ng m\u1ec1m b\u1ea3o v\u1ec7 v\u00e0 h\u1ed9p b\u00ean trong, bi\u1ebfn Ch\u00e2n m\u00e1y \u0111o \u0111\u1ed9 cao b\u1eb1ng nh\u00f4m n\u00e0y tr\u1edf th\u00e0nh ng\u01b0\u1eddi b\u1ea1n \u0111\u1ed3ng h\u00e0nh l\u00fd t\u01b0\u1edfng cho c\u00e1c nh\u00e0 kh\u1ea3o s\u00e1t th\u01b0\u1eddng xuy\u00ean di chuy\u1ec3n.<\/p>\n<p><strong><a href=\"https:\/\/mountlaser.com\/vi\/contact-us\/\">Ch\u00e2n \u0111\u1ebf ba ch\u00e2n b\u1eb1ng nh\u00f4m CPPS<\/a>:<\/strong><\/p>\n<p>\u0110\u1ed8 D\u00c0I: 60cm<\/p>\n<p>\u0110\u01af\u1edcNG K\u00cdNH: OD 18\/25mm<\/p>\n<p>KH\u00d3A: N\u00e9n<\/p>\n<p>&nbsp;<\/p>\n<p><img fetchpriority=\"high\" decoding=\"async\" class=\"aligncenter wp-image-2901\" src=\"https:\/\/mountlaser.com\/wp-content\/uploads\/2025\/10\/CPPS-2.webp\" alt=\"Aluminum Prism Pole Tripod\" width=\"500\" height=\"500\" srcset=\"https:\/\/mountlaser.com\/wp-content\/uploads\/2025\/10\/CPPS-2.webp 1000w, https:\/\/mountlaser.com\/wp-content\/uploads\/2025\/10\/CPPS-2-300x300.webp 300w, https:\/\/mountlaser.com\/wp-content\/uploads\/2025\/10\/CPPS-2-400x400.webp 400w, https:\/\/mountlaser.com\/wp-content\/uploads\/2025\/10\/CPPS-2-800x800.webp 800w, https:\/\/mountlaser.com\/wp-content\/uploads\/2025\/10\/CPPS-2-600x600.webp 600w, https:\/\/mountlaser.com\/wp-content\/uploads\/2025\/10\/CPPS-2-150x150.webp 150w, https:\/\/mountlaser.com\/wp-content\/uploads\/2025\/10\/CPPS-2-768x768.webp 768w, https:\/\/mountlaser.com\/wp-content\/uploads\/2025\/10\/CPPS-2-12x12.webp 12w\" sizes=\"(max-width: 500px) 100vw, 500px\" \/><\/p>","protected":false},"excerpt":{"rendered":"<ul>\n<li>Cung c\u1ea5p gi\u00e1 \u0111\u1ee1 \u1ed5n \u0111\u1ecbnh cho c\u00e1c l\u0103ng k\u00ednh mini c\u00f3 c\u1ed9t, c\u1ed9t l\u0103ng k\u00ednh v\u00e0 th\u01b0\u1edbc th\u0103ng b\u1eb1ng.<\/li>\n<li>K\u1ebft c\u1ea5u b\u1eb1ng nh\u00f4m nh\u1eb9 v\u1edbi t\u1ef7 l\u1ec7 \u0111\u1ed9 b\u1ec1n tr\u00ean tr\u1ecdng l\u01b0\u1ee3ng cao.<\/li>\n<li>Ch\u00e2n \u0111\u1ebf d\u1ea1ng \u1ed1ng l\u1ed3ng v\u1edbi h\u1ec7 th\u1ed1ng kh\u00f3a n\u00e9n gi\u00fap \u0111\u1ecbnh v\u1ecb ch\u1eafc ch\u1eafn.<\/li>\n<\/ul>","protected":false},"featured_media":2902,"comment_status":"open","ping_status":"closed","template":"","meta":[],"product_brand":[],"product_cat":[91,107],"product_tag":[],"class_list":{"0":"post-2899","1":"product","2":"type-product","3":"status-publish","4":"has-post-thumbnail","6":"product_cat-bipod-tripod","7":"product_cat-aluminum-pole-tripod","9":"first","10":"instock","11":"shipping-taxable","12":"product-type-simple"},"_links":{"self":[{"href":"https:\/\/mountlaser.com\/vi\/wp-json\/wp\/v2\/product\/2899","targetHints":{"allow":["GET"]}}],"collection":[{"href":"https:\/\/mountlaser.com\/vi\/wp-json\/wp\/v2\/product"}],"about":[{"href":"https:\/\/mountlaser.com\/vi\/wp-json\/wp\/v2\/types\/product"}],"replies":[{"embeddable":true,"href":"https:\/\/mountlaser.com\/vi\/wp-json\/wp\/v2\/comments?post=2899"}],"wp:featuredmedia":[{"embeddable":true,"href":"https:\/\/mountlaser.com\/vi\/wp-json\/wp\/v2\/media\/2902"}],"wp:attachment":[{"href":"https:\/\/mountlaser.com\/vi\/wp-json\/wp\/v2\/media?parent=2899"}],"wp:term":[{"taxonomy":"product_brand","embeddable":true,"href":"https:\/\/mountlaser.com\/vi\/wp-json\/wp\/v2\/product_brand?post=2899"},{"taxonomy":"product_cat","embeddable":true,"href":"https:\/\/mountlaser.com\/vi\/wp-json\/wp\/v2\/product_cat?post=2899"},{"taxonomy":"product_tag","embeddable":true,"href":"https:\/\/mountlaser.com\/vi\/wp-json\/wp\/v2\/product_tag?post=2899"}],"curies":[{"name":"trang web","href":"https:\/\/api.w.org\/{rel}","templated":true}]}}