{"id":2888,"date":"2025-10-23T08:48:44","date_gmt":"2025-10-23T08:48:44","guid":{"rendered":"https:\/\/mountlaser.com\/?post_type=product&#038;p=2888"},"modified":"2025-11-28T05:21:55","modified_gmt":"2025-11-28T05:21:55","slug":"tps02-ss-triangle-prism-support","status":"publish","type":"product","link":"https:\/\/mountlaser.com\/vi\/san-pham\/tps02-ss-triangle-prism-support\/","title":{"rendered":"Gi\u00e1 \u0111\u1ee1 l\u0103ng tr\u1ee5 tam gi\u00e1c TPS02-SS"},"content":{"rendered":"<p>Gi\u00e1 \u0111\u1ee1 Laser <a href=\"https:\/\/mountlaser.com\/vi\/\"><strong>Gi\u00e1 \u0111\u1ee1 l\u0103ng tr\u1ee5 tam gi\u00e1c TPS02-SS<\/strong><\/a> \u0110\u01b0\u1ee3c thi\u1ebft k\u1ebf d\u00e0nh cho c\u00e1c nh\u00e0 kh\u1ea3o s\u00e1t c\u1ea7n s\u1ef1 \u1ed5n \u0111\u1ecbnh \u0111\u00e1ng tin c\u1eady, nh\u1ecf g\u1ecdn \u0111\u1ec3 \u0111o \u0111\u1ea1c ch\u00ednh x\u00e1c. \u0110\u01b0\u1ee3c thi\u1ebft k\u1ebf \u0111\u1ec3 s\u1eed d\u1ee5ng v\u1edbi l\u0103ng k\u00ednh, gi\u00e1 \u0111\u1ee1 l\u0103ng k\u00ednh tam gi\u00e1c TPS02-SS n\u00e0y l\u00fd t\u01b0\u1edfng cho vi\u1ec7c kh\u1ea3o s\u00e1t \u1edf \u0111\u1ed9 cao th\u1ea5p, c\u00f4ng vi\u1ec7c chi ti\u1ebft v\u00e0 c\u00e1c \u1ee9ng d\u1ee5ng kh\u00e1c m\u00e0 c\u1ed9t l\u0103ng k\u00ednh k\u00edch th\u01b0\u1edbc \u0111\u1ea7y \u0111\u1ee7 kh\u00f4ng ph\u00f9 h\u1ee3p.<\/p>\n<p><img fetchpriority=\"high\" decoding=\"async\" class=\"aligncenter wp-image-2893\" src=\"https:\/\/mountlaser.com\/wp-content\/uploads\/2025\/10\/TPS02-AS5.webp\" alt=\"TPS02-SS Triangle prism support \" width=\"500\" height=\"500\" srcset=\"https:\/\/mountlaser.com\/wp-content\/uploads\/2025\/10\/TPS02-AS5.webp 1000w, https:\/\/mountlaser.com\/wp-content\/uploads\/2025\/10\/TPS02-AS5-300x300.webp 300w, https:\/\/mountlaser.com\/wp-content\/uploads\/2025\/10\/TPS02-AS5-400x400.webp 400w, https:\/\/mountlaser.com\/wp-content\/uploads\/2025\/10\/TPS02-AS5-800x800.webp 800w, https:\/\/mountlaser.com\/wp-content\/uploads\/2025\/10\/TPS02-AS5-600x600.webp 600w, https:\/\/mountlaser.com\/wp-content\/uploads\/2025\/10\/TPS02-AS5-150x150.webp 150w, https:\/\/mountlaser.com\/wp-content\/uploads\/2025\/10\/TPS02-AS5-768x768.webp 768w, https:\/\/mountlaser.com\/wp-content\/uploads\/2025\/10\/TPS02-AS5-12x12.webp 12w\" sizes=\"(max-width: 500px) 100vw, 500px\" \/><\/p>\n<p>\u0110\u01b0\u1ee3c ch\u1ebf t\u1ea1o v\u1edbi th\u00e2n m\u00e1y b\u1eb1ng nh\u00f4m nh\u1eb9 v\u00e0 c\u00e1c b\u1ed9 ph\u1eadn b\u1eb1ng th\u00e9p kh\u00f4ng g\u1ec9 b\u1ec1n b\u1ec9, s\u1ea3n ph\u1ea9m n\u00e0y <a href=\"https:\/\/mountlaser.com\/vi\/contact-us\/\"><strong>Gi\u00e1 \u0111\u1ee1 l\u0103ng tr\u1ee5 tam gi\u00e1c TPS02-SS<\/strong><\/a> S\u1ea3n ph\u1ea9m n\u00e0y mang l\u1ea1i s\u1ef1 c\u00e2n b\u1eb1ng ho\u00e0n h\u1ea3o gi\u1eefa \u0111\u1ed9 b\u1ec1n v\u00e0 t\u00ednh di \u0111\u1ed9ng. N\u00f3 c\u00f3 hai v\u00edt ch\u00e2n \u0111i\u1ec1u ch\u1ec9nh gi\u00fap c\u00e2n b\u1eb1ng nhanh ch\u00f3ng v\u00e0 d\u1ec5 d\u00e0ng tr\u00ean c\u00e1c b\u1ec1 m\u1eb7t kh\u00f4ng b\u1eb1ng ph\u1eb3ng, trong khi hai b\u1ecdt n\u01b0\u1edbc d\u00e0i cung c\u1ea5p kh\u1ea3 n\u0103ng ki\u1ec3m tra \u0111\u1ed9 c\u00e2n b\u1eb1ng ch\u00ednh x\u00e1c tr\u00ean c\u1ea3 hai tr\u1ee5c. Ren 5\/8\u2033-11 \u0111\u1ea3m b\u1ea3o kh\u1ea3 n\u0103ng t\u01b0\u01a1ng th\u00edch ph\u1ed5 bi\u1ebfn v\u1edbi c\u00e1c l\u0103ng k\u00ednh \u0111o \u0111\u1ea1c ti\u00eau chu\u1ea9n, l\u00e0m cho n\u00f3 tr\u1edf th\u00e0nh m\u1ed9t c\u00f4ng c\u1ee5 \u0111a n\u0103ng h\u1eefu \u00edch cho b\u1ea5t k\u1ef3 ng\u01b0\u1eddi kh\u1ea3o s\u00e1t n\u00e0o.<\/p>","protected":false},"excerpt":{"rendered":"<p>\u2022 T\u00edch h\u1ee3p hai b\u1ecdt th\u1ee7y d\u00e0i \u0111\u1ec3 ki\u1ec3m tra \u0111\u1ed9 c\u00e2n b\u1eb1ng ch\u00ednh x\u00e1c.<br \/>\n\u2022 K\u1ebft h\u1ee3p c\u1ea5u tr\u00fac nh\u00f4m nh\u1eb9 v\u1edbi c\u00e1c b\u1ed9 ph\u1eadn b\u1eb1ng th\u00e9p kh\u00f4ng g\u1ec9 b\u1ec1n ch\u1eafc.<br \/>\n\u2022 S\u1eed d\u1ee5ng ren ti\u00eau chu\u1ea9n 5\/8\u2033-11 \u0111\u1ec3 t\u01b0\u01a1ng th\u00edch v\u1edbi nhi\u1ec1u lo\u1ea1i l\u0103ng k\u00ednh.<\/p>","protected":false},"featured_media":2889,"comment_status":"open","ping_status":"closed","template":"","meta":[],"product_brand":[],"product_cat":[91,106],"product_tag":[],"class_list":{"0":"post-2888","1":"product","2":"type-product","3":"status-publish","4":"has-post-thumbnail","6":"product_cat-bipod-tripod","7":"product_cat-triangle-prism-support","9":"first","10":"instock","11":"shipping-taxable","12":"product-type-simple"},"_links":{"self":[{"href":"https:\/\/mountlaser.com\/vi\/wp-json\/wp\/v2\/product\/2888","targetHints":{"allow":["GET"]}}],"collection":[{"href":"https:\/\/mountlaser.com\/vi\/wp-json\/wp\/v2\/product"}],"about":[{"href":"https:\/\/mountlaser.com\/vi\/wp-json\/wp\/v2\/types\/product"}],"replies":[{"embeddable":true,"href":"https:\/\/mountlaser.com\/vi\/wp-json\/wp\/v2\/comments?post=2888"}],"wp:featuredmedia":[{"embeddable":true,"href":"https:\/\/mountlaser.com\/vi\/wp-json\/wp\/v2\/media\/2889"}],"wp:attachment":[{"href":"https:\/\/mountlaser.com\/vi\/wp-json\/wp\/v2\/media?parent=2888"}],"wp:term":[{"taxonomy":"product_brand","embeddable":true,"href":"https:\/\/mountlaser.com\/vi\/wp-json\/wp\/v2\/product_brand?post=2888"},{"taxonomy":"product_cat","embeddable":true,"href":"https:\/\/mountlaser.com\/vi\/wp-json\/wp\/v2\/product_cat?post=2888"},{"taxonomy":"product_tag","embeddable":true,"href":"https:\/\/mountlaser.com\/vi\/wp-json\/wp\/v2\/product_tag?post=2888"}],"curies":[{"name":"trang web","href":"https:\/\/api.w.org\/{rel}","templated":true}]}}