{"id":2878,"date":"2025-10-23T08:18:04","date_gmt":"2025-10-23T08:18:04","guid":{"rendered":"https:\/\/mountlaser.com\/?post_type=product&#038;p=2878"},"modified":"2025-11-28T05:24:11","modified_gmt":"2025-11-28T05:24:11","slug":"tps02-sl-triangle-prism-support","status":"publish","type":"product","link":"https:\/\/mountlaser.com\/vi\/san-pham\/tps02-sl-triangle-prism-support\/","title":{"rendered":"Gi\u00e1 \u0111\u1ee1 l\u0103ng tr\u1ee5 tam gi\u00e1c TPS02-SL"},"content":{"rendered":"<p>\u0110\u1ea3m b\u1ea3o \u0111\u1ed9 ch\u00ednh x\u00e1c v\u01b0\u1ee3t tr\u1ed9i trong c\u00e1c \u1ee9ng d\u1ee5ng kh\u1ea3o s\u00e1t \u1edf \u0111\u1ed9 cao th\u1ea5p v\u1edbi thi\u1ebft b\u1ecb g\u1eafn laser Mount Laser. <a href=\"https:\/\/mountlaser.com\/vi\/\"><strong>Gi\u00e1 \u0111\u1ee1 l\u0103ng tr\u1ee5 tam gi\u00e1c TPS02-SL<\/strong><\/a>. Ph\u1ee5 ki\u1ec7n \u0111\u01b0\u1ee3c thi\u1ebft k\u1ebf chuy\u00ean nghi\u1ec7p n\u00e0y cung c\u1ea5p \u0111\u1ed9 \u1ed5n \u0111\u1ecbnh v\u01b0\u1ee3t tr\u1ed9i cho l\u0103ng k\u00ednh c\u1ee7a b\u1ea1n trong nh\u1eefng tr\u01b0\u1eddng h\u1ee3p m\u00e0 c\u1ed9t l\u0103ng k\u00ednh ti\u00eau chu\u1ea9n kh\u00f4ng kh\u1ea3 thi. \u0110\u01b0\u1ee3c ch\u1ebf t\u1ea1o ho\u00e0n to\u00e0n t\u1eeb th\u00e9p kh\u00f4ng g\u1ec9 b\u1ec1n ch\u1eafc, TPS02-SL \u0111\u01b0\u1ee3c thi\u1ebft k\u1ebf \u0111\u1ec3 ch\u1ecbu \u0111\u01b0\u1ee3c c\u00e1c \u0111i\u1ec1u ki\u1ec7n kh\u1eafc nghi\u1ec7t t\u1ea1i c\u00f4ng tr\u01b0\u1eddng \u0111\u1ed3ng th\u1eddi mang l\u1ea1i hi\u1ec7u su\u1ea5t \u0111\u00e1ng tin c\u1eady.<\/p>\n<p>C\u00e1i <a href=\"https:\/\/mountlaser.com\/vi\/about-us\/\"><strong>Gi\u00e1 \u0111\u1ee1 l\u0103ng tr\u1ee5 tam gi\u00e1c nh\u1ecf<\/strong> <\/a>Gi\u00e1 \u0111\u1ee1 c\u00f3 hai b\u1ecdt n\u01b0\u1edbc d\u00e0i s\u1edf h\u1eefu h\u1ec7 th\u1ed1ng c\u00e2n b\u1eb1ng ti\u00ean ti\u1ebfn v\u1edbi hai b\u1ecdt n\u01b0\u1edbc d\u00e0i ch\u00ednh x\u00e1c, cho ph\u00e9p c\u0103n ch\u1ec9nh ch\u00ednh x\u00e1c tr\u00ean nhi\u1ec1u tr\u1ee5c. T\u00ednh n\u0103ng quan tr\u1ecdng n\u00e0y, k\u1ebft h\u1ee3p v\u1edbi hai v\u00edt ch\u00e2n \u0111i\u1ec1u ch\u1ec9nh, cho ph\u00e9p c\u00e1c nh\u00e0 kh\u1ea3o s\u00e1t \u0111\u1ea1t \u0111\u01b0\u1ee3c \u0111\u1ed9 c\u00e2n b\u1eb1ng ho\u00e0n h\u1ea3o m\u1ed9t c\u00e1ch nhanh ch\u00f3ng v\u00e0 hi\u1ec7u qu\u1ea3 tr\u00ean \u0111\u1ecba h\u00ecnh kh\u00f4ng b\u1eb1ng ph\u1eb3ng. C\u1ea5u tr\u00fac th\u00e9p kh\u00f4ng g\u1ec9 ch\u1eafc ch\u1eafn \u0111\u1ea3m b\u1ea3o \u0111\u1ed9 b\u1ec1n l\u00e2u d\u00e0i, bi\u1ebfn gi\u00e1 \u0111\u1ee1 n\u00e0y tr\u1edf th\u00e0nh ng\u01b0\u1eddi b\u1ea1n \u0111\u1ed3ng h\u00e0nh \u0111\u00e1ng tin c\u1eady cho t\u1ea5t c\u1ea3 c\u00e1c c\u00f4ng vi\u1ec7c kh\u1ea3o s\u00e1t \u1edf \u0111\u1ed9 cao th\u1ea5p c\u1ee7a b\u1ea1n.<\/p>\n<p><img fetchpriority=\"high\" decoding=\"async\" class=\"aligncenter wp-image-2883\" src=\"https:\/\/mountlaser.com\/wp-content\/uploads\/2025\/10\/TPS02-AL5.webp\" alt=\"TPS02-SL Triangle prism support\" width=\"500\" height=\"500\" srcset=\"https:\/\/mountlaser.com\/wp-content\/uploads\/2025\/10\/TPS02-AL5.webp 1000w, https:\/\/mountlaser.com\/wp-content\/uploads\/2025\/10\/TPS02-AL5-300x300.webp 300w, https:\/\/mountlaser.com\/wp-content\/uploads\/2025\/10\/TPS02-AL5-400x400.webp 400w, https:\/\/mountlaser.com\/wp-content\/uploads\/2025\/10\/TPS02-AL5-800x800.webp 800w, https:\/\/mountlaser.com\/wp-content\/uploads\/2025\/10\/TPS02-AL5-600x600.webp 600w, https:\/\/mountlaser.com\/wp-content\/uploads\/2025\/10\/TPS02-AL5-150x150.webp 150w, https:\/\/mountlaser.com\/wp-content\/uploads\/2025\/10\/TPS02-AL5-768x768.webp 768w, https:\/\/mountlaser.com\/wp-content\/uploads\/2025\/10\/TPS02-AL5-12x12.webp 12w\" sizes=\"(max-width: 500px) 100vw, 500px\" \/><\/p>\n<p>L\u00e0 m\u1ed9t ng\u01b0\u1eddi \u0111a n\u0103ng <a href=\"https:\/\/mountlaser.com\/vi\/contact-us\/\">Gi\u00e1 \u0111\u1ee1 l\u0103ng tr\u1ee5 tam gi\u00e1c nh\u1ecf<\/a> V\u1edbi hai b\u1ecdt n\u01b0\u1edbc d\u00e0i, gi\u00e1 \u0111\u1ee1 l\u0103ng k\u00ednh tam gi\u00e1c TPS02-SL v\u01b0\u1ee3t tr\u1ed9i trong nhi\u1ec1u \u1ee9ng d\u1ee5ng kh\u00e1c nhau, bao g\u1ed3m kh\u1ea3o s\u00e1t chi ti\u1ebft, b\u1ed1 tr\u00ed c\u00f4ng tr\u00ecnh v\u00e0 c\u00e1c c\u00f4ng vi\u1ec7c \u0111o l\u01b0\u1eddng ch\u00ednh x\u00e1c kh\u00e1c \u1edf g\u1ea7n m\u1eb7t \u0111\u1ea5t. Ren ki\u1ec3u Th\u1ee5y S\u0129 \u0111\u1ea3m b\u1ea3o kh\u1ea3 n\u0103ng t\u01b0\u01a1ng th\u00edch ch\u1eafc ch\u1eafn v\u1edbi thi\u1ebft b\u1ecb kh\u1ea3o s\u00e1t c\u1ee7a b\u1ea1n, mang l\u1ea1i s\u1ef1 an t\u00e2m trong c\u00e1c ph\u00e9p \u0111o quan tr\u1ecdng. H\u00e3y ch\u1ecdn gi\u00e1 \u0111\u1ee1 l\u0103ng k\u00ednh tam gi\u00e1c mini chuy\u00ean nghi\u1ec7p v\u1edbi hai b\u1ecdt n\u01b0\u1edbc d\u00e0i n\u00e0y \u0111\u1ec3 \u0111\u1ea1t \u0111\u01b0\u1ee3c \u0111\u1ed9 ch\u00ednh x\u00e1c v\u00e0 \u0111\u1ed9 tin c\u1eady v\u01b0\u1ee3t tr\u1ed9i trong c\u00e1c d\u1ef1 \u00e1n kh\u1ea3o s\u00e1t c\u1ee7a b\u1ea1n.<\/p>","protected":false},"excerpt":{"rendered":"<p>\u2022 C\u00f3 hai v\u00edt \u0111i\u1ec1u ch\u1ec9nh ch\u00e2n \u0111\u1ebf gi\u00fap d\u1ec5 d\u00e0ng v\u00e0 ch\u00ednh x\u00e1c c\u00e2n b\u1eb1ng.<br \/>\n\u2022 T\u00edch h\u1ee3p hai b\u1ecdt th\u1ee7y d\u00e0i \u0111\u1ec3 c\u0103n ch\u1ec9nh ch\u00ednh x\u00e1c \u0111a tr\u1ee5c.<br \/>\n\u2022 \u0110\u01b0\u1ee3c ch\u1ebf t\u1ea1o t\u1eeb th\u00e9p kh\u00f4ng g\u1ec9 b\u1ec1n ch\u1eafc, \u0111\u1ea3m b\u1ea3o tu\u1ed5i th\u1ecd cao.<br \/>\n\u2022 S\u1eed d\u1ee5ng ren Th\u1ee5y S\u0129 \u0111\u1ec3 \u0111\u1ea3m b\u1ea3o kh\u1ea3 n\u0103ng t\u01b0\u01a1ng th\u00edch thi\u1ebft b\u1ecb an to\u00e0n<\/p>","protected":false},"featured_media":2882,"comment_status":"open","ping_status":"closed","template":"","meta":[],"product_brand":[],"product_cat":[106,91],"product_tag":[],"class_list":{"0":"post-2878","1":"product","2":"type-product","3":"status-publish","4":"has-post-thumbnail","6":"product_cat-triangle-prism-support","7":"product_cat-bipod-tripod","9":"first","10":"instock","11":"shipping-taxable","12":"product-type-simple"},"_links":{"self":[{"href":"https:\/\/mountlaser.com\/vi\/wp-json\/wp\/v2\/product\/2878","targetHints":{"allow":["GET"]}}],"collection":[{"href":"https:\/\/mountlaser.com\/vi\/wp-json\/wp\/v2\/product"}],"about":[{"href":"https:\/\/mountlaser.com\/vi\/wp-json\/wp\/v2\/types\/product"}],"replies":[{"embeddable":true,"href":"https:\/\/mountlaser.com\/vi\/wp-json\/wp\/v2\/comments?post=2878"}],"wp:featuredmedia":[{"embeddable":true,"href":"https:\/\/mountlaser.com\/vi\/wp-json\/wp\/v2\/media\/2882"}],"wp:attachment":[{"href":"https:\/\/mountlaser.com\/vi\/wp-json\/wp\/v2\/media?parent=2878"}],"wp:term":[{"taxonomy":"product_brand","embeddable":true,"href":"https:\/\/mountlaser.com\/vi\/wp-json\/wp\/v2\/product_brand?post=2878"},{"taxonomy":"product_cat","embeddable":true,"href":"https:\/\/mountlaser.com\/vi\/wp-json\/wp\/v2\/product_cat?post=2878"},{"taxonomy":"product_tag","embeddable":true,"href":"https:\/\/mountlaser.com\/vi\/wp-json\/wp\/v2\/product_tag?post=2878"}],"curies":[{"name":"trang web","href":"https:\/\/api.w.org\/{rel}","templated":true}]}}