{"id":2871,"date":"2025-10-23T07:44:04","date_gmt":"2025-10-23T07:44:04","guid":{"rendered":"https:\/\/mountlaser.com\/?post_type=product&#038;p=2871"},"modified":"2025-11-28T05:26:16","modified_gmt":"2025-11-28T05:26:16","slug":"tps01-ss-triangle-prism-support","status":"publish","type":"product","link":"https:\/\/mountlaser.com\/vi\/san-pham\/tps01-ss-triangle-prism-support\/","title":{"rendered":"Gi\u00e1 \u0111\u1ee1 l\u0103ng tr\u1ee5 tam gi\u00e1c TPS01-SS"},"content":{"rendered":"<p>\u0110\u1ea1t \u0111\u01b0\u1ee3c \u0111\u1ed9 \u1ed5n \u0111\u1ecbnh v\u00e0 \u0111\u1ed9 ch\u00ednh x\u00e1c v\u01b0\u1ee3t tr\u1ed9i trong kh\u1ea3o s\u00e1t \u0111\u1ed9 cao th\u1ea5p v\u1edbi thi\u1ebft b\u1ecb g\u1eafn laser Mount Laser. <a href=\"https:\/\/mountlaser.com\/vi\/\"><strong>Gi\u00e1 \u0111\u1ee1 l\u0103ng tr\u1ee5 tam gi\u00e1c TPS01-SS<\/strong><\/a>. \u0110\u01b0\u1ee3c thi\u1ebft k\u1ebf \u0111\u1ec3 c\u00f3 \u0111\u1ed9 b\u1ec1n cao, gi\u00e1 \u0111\u1ee1 n\u00e0y l\u00e0 gi\u1ea3i ph\u00e1p ho\u00e0n h\u1ea3o cho c\u00e1c c\u00f4ng vi\u1ec7c chi ti\u1ebft, b\u1ed1 tr\u00ed v\u00e0 c\u00e1c \u1ee9ng d\u1ee5ng kh\u00e1c m\u00e0 vi\u1ec7c s\u1eed d\u1ee5ng c\u1ed9t l\u0103ng k\u00ednh ti\u00eau chu\u1ea9n kh\u00f4ng kh\u1ea3 thi.<\/p>\n<p>TPS01-SS l\u00e0 m\u1ed9t s\u1ea3n ph\u1ea9m m\u1ea1nh m\u1ebd. <a href=\"https:\/\/mountlaser.com\/vi\/about-us\/\"><strong>Gi\u00e1 \u0111\u1ee1 l\u0103ng tr\u1ee5 tam gi\u00e1c mini b\u1eb1ng th\u00e9p kh\u00f4ng g\u1ec9<\/strong><\/a> \u0110\u01b0\u1ee3c thi\u1ebft k\u1ebf \u0111\u1ec3 ch\u1ed1ng \u0103n m\u00f2n v\u00e0 ch\u1ecbu \u0111\u01b0\u1ee3c c\u00e1c \u0111i\u1ec1u ki\u1ec7n kh\u1eafc nghi\u1ec7t c\u1ee7a b\u1ea5t k\u1ef3 c\u00f4ng tr\u01b0\u1eddng n\u00e0o. N\u00f3 c\u00f3 hai v\u00edt ch\u00e2n \u0111i\u1ec1u ch\u1ec9nh \u0111\u1ec3 c\u00e2n b\u1eb1ng nhanh ch\u00f3ng v\u00e0 d\u1ec5 d\u00e0ng tr\u00ean \u0111\u1ecba h\u00ecnh kh\u00f4ng b\u1eb1ng ph\u1eb3ng, \u0111\u1ea3m b\u1ea3o l\u0103ng k\u00ednh c\u1ee7a b\u1ea1n lu\u00f4n th\u1eb3ng \u0111\u1ee9ng ho\u00e0n h\u1ea3o \u0111\u1ec3 thu th\u1eadp d\u1eef li\u1ec7u ch\u00ednh x\u00e1c. M\u1ed9t b\u1ecdt n\u01b0\u1edbc tr\u00f2n t\u00edch h\u1ee3p cho ph\u00e9p ki\u1ec3m tra tr\u1ef1c quan t\u1ee9c th\u00ec.<\/p>\n<p><img fetchpriority=\"high\" decoding=\"async\" class=\"aligncenter wp-image-2875\" src=\"https:\/\/mountlaser.com\/wp-content\/uploads\/2025\/10\/TPS-PS-4.webp\" alt=\"Mini Triangle Prism Support with Stainless steel\" width=\"500\" height=\"500\" srcset=\"https:\/\/mountlaser.com\/wp-content\/uploads\/2025\/10\/TPS-PS-4.webp 1000w, https:\/\/mountlaser.com\/wp-content\/uploads\/2025\/10\/TPS-PS-4-300x300.webp 300w, https:\/\/mountlaser.com\/wp-content\/uploads\/2025\/10\/TPS-PS-4-400x400.webp 400w, https:\/\/mountlaser.com\/wp-content\/uploads\/2025\/10\/TPS-PS-4-800x800.webp 800w, https:\/\/mountlaser.com\/wp-content\/uploads\/2025\/10\/TPS-PS-4-600x600.webp 600w, https:\/\/mountlaser.com\/wp-content\/uploads\/2025\/10\/TPS-PS-4-150x150.webp 150w, https:\/\/mountlaser.com\/wp-content\/uploads\/2025\/10\/TPS-PS-4-768x768.webp 768w, https:\/\/mountlaser.com\/wp-content\/uploads\/2025\/10\/TPS-PS-4-12x12.webp 12w\" sizes=\"(max-width: 500px) 100vw, 500px\" \/><\/p>\n<p>\u0110\u01b0\u1ee3c ch\u1ebf t\u1ea1o ho\u00e0n to\u00e0n t\u1eeb v\u1eadt li\u1ec7u cao c\u1ea5p, gi\u00e1 \u0111\u1ee1 n\u00e0y \u0111\u1ea3m b\u1ea3o \u0111\u1ed9 tin c\u1eady l\u00e2u d\u00e0i. Cho m\u1ed9t s\u1ef1 ch\u1eafc ch\u1eafn v\u00e0 ch\u00ednh x\u00e1c. <a href=\"https:\/\/mountlaser.com\/vi\/contact-us\/\">Gi\u00e1 \u0111\u1ee1 l\u0103ng tr\u1ee5 tam gi\u00e1c mini b\u1eb1ng th\u00e9p kh\u00f4ng g\u1ec9<\/a> V\u1edbi kh\u1ea3 n\u0103ng ho\u1ea1t \u0111\u1ed9ng xu\u1ea5t s\u1eafc trong kh\u00f4ng gian h\u1eb9p, TPS01-SS l\u00e0 s\u1ef1 l\u1ef1a ch\u1ecdn l\u00fd t\u01b0\u1edfng. Ren 5\/8\u2033-11 c\u1ee7a n\u00f3 mang l\u1ea1i kh\u1ea3 n\u0103ng t\u01b0\u01a1ng th\u00edch r\u1ed9ng r\u00e3i v\u1edbi c\u00e1c l\u0103ng k\u00ednh \u0111o \u0111\u1ea1c c\u1ee7a b\u1ea1n, bi\u1ebfn n\u00f3 th\u00e0nh m\u1ed9t c\u00f4ng c\u1ee5 thi\u1ebft y\u1ebfu cho c\u00e1c chuy\u00ean gia \u0111\u00f2i h\u1ecfi kh\u1eaft khe.<\/p>","protected":false},"excerpt":{"rendered":"<ul>\n<li>Cung c\u1ea5p m\u1ed9t \u0111\u1ebf v\u1eefng ch\u1eafc, nh\u1ecf g\u1ecdn cho c\u00e1c l\u0103ng k\u00ednh trong qu\u00e1 tr\u00ecnh kh\u1ea3o s\u00e1t \u1edf \u0111\u1ed9 cao th\u1ea5p.<\/li>\n<li>S\u1ea3n ph\u1ea9m c\u00f3 hai v\u00edt \u0111i\u1ec1u ch\u1ec9nh ch\u00e2n \u0111\u1ebf gi\u00fap c\u00e2n b\u1eb1ng d\u1ec5 d\u00e0ng v\u00e0 ch\u00ednh x\u00e1c tr\u00ean \u0111\u1ecba h\u00ecnh kh\u00f4ng b\u1eb1ng ph\u1eb3ng.<\/li>\n<li>\u0110\u01b0\u1ee3c ch\u1ebf t\u1ea1o ho\u00e0n to\u00e0n t\u1eeb th\u00e9p kh\u00f4ng g\u1ec9 b\u1ec1n ch\u1eafc, ch\u1ed1ng \u0103n m\u00f2n.<\/li>\n<\/ul>","protected":false},"featured_media":2873,"comment_status":"open","ping_status":"closed","template":"","meta":[],"product_brand":[],"product_cat":[91,106],"product_tag":[],"class_list":{"0":"post-2871","1":"product","2":"type-product","3":"status-publish","4":"has-post-thumbnail","6":"product_cat-bipod-tripod","7":"product_cat-triangle-prism-support","9":"first","10":"instock","11":"shipping-taxable","12":"product-type-simple"},"_links":{"self":[{"href":"https:\/\/mountlaser.com\/vi\/wp-json\/wp\/v2\/product\/2871","targetHints":{"allow":["GET"]}}],"collection":[{"href":"https:\/\/mountlaser.com\/vi\/wp-json\/wp\/v2\/product"}],"about":[{"href":"https:\/\/mountlaser.com\/vi\/wp-json\/wp\/v2\/types\/product"}],"replies":[{"embeddable":true,"href":"https:\/\/mountlaser.com\/vi\/wp-json\/wp\/v2\/comments?post=2871"}],"wp:featuredmedia":[{"embeddable":true,"href":"https:\/\/mountlaser.com\/vi\/wp-json\/wp\/v2\/media\/2873"}],"wp:attachment":[{"href":"https:\/\/mountlaser.com\/vi\/wp-json\/wp\/v2\/media?parent=2871"}],"wp:term":[{"taxonomy":"product_brand","embeddable":true,"href":"https:\/\/mountlaser.com\/vi\/wp-json\/wp\/v2\/product_brand?post=2871"},{"taxonomy":"product_cat","embeddable":true,"href":"https:\/\/mountlaser.com\/vi\/wp-json\/wp\/v2\/product_cat?post=2871"},{"taxonomy":"product_tag","embeddable":true,"href":"https:\/\/mountlaser.com\/vi\/wp-json\/wp\/v2\/product_tag?post=2871"}],"curies":[{"name":"trang web","href":"https:\/\/api.w.org\/{rel}","templated":true}]}}