{"id":2870,"date":"2025-10-23T07:26:48","date_gmt":"2025-10-23T07:26:48","guid":{"rendered":"https:\/\/mountlaser.com\/?post_type=product&#038;p=2870"},"modified":"2025-11-28T05:27:56","modified_gmt":"2025-11-28T05:27:56","slug":"tps01-sl-triangle-prism-support","status":"publish","type":"product","link":"https:\/\/mountlaser.com\/vi\/san-pham\/tps01-sl-triangle-prism-support\/","title":{"rendered":"Gi\u00e1 \u0111\u1ee1 l\u0103ng tr\u1ee5 tam gi\u00e1c TPS01-SL"},"content":{"rendered":"<p>\u0110\u1ea3m b\u1ea3o \u0111\u1ed9 ch\u00ednh x\u00e1c trong kh\u1ea3o s\u00e1t \u0111\u1ed9 cao th\u1ea5p v\u1edbi thi\u1ebft b\u1ecb \u0111\u1ecbnh v\u1ecb laser Mount Laser. <a href=\"https:\/\/mountlaser.com\/vi\/about-us\/\"><strong>Gi\u00e1 \u0111\u1ee1 l\u0103ng tr\u1ee5 tam gi\u00e1c TPS01-SL<\/strong><\/a>. Ph\u1ee5 ki\u1ec7n ch\u1eafc ch\u1eafn nh\u01b0ng nh\u1ecf g\u1ecdn n\u00e0y \u0111\u01b0\u1ee3c thi\u1ebft k\u1ebf \u0111\u1ec3 \u0111\u1ea3m b\u1ea3o s\u1ef1 \u1ed5n \u0111\u1ecbnh v\u00e0 d\u1ec5 s\u1eed d\u1ee5ng trong c\u00e1c \u1ee9ng d\u1ee5ng m\u00e0 c\u1ed9t l\u0103ng k\u00ednh ti\u00eau chu\u1ea9n qu\u00e1 cao ho\u1eb7c kh\u00f4ng th\u1ef1c t\u1ebf.<\/p>\n<p>TPS01-SL l\u00e0 gi\u00e1 \u0111\u1ee1 l\u0103ng k\u00ednh tam gi\u00e1c mini l\u00fd t\u01b0\u1edfng cho c\u00e1c c\u00f4ng vi\u1ec7c nh\u01b0 kh\u1ea3o s\u00e1t chi ti\u1ebft, \u0111\u1ecbnh v\u1ecb v\u00e0 b\u1ed1 tr\u00ed c\u00f4ng tr\u00ecnh s\u00e1t m\u1eb7t \u0111\u1ea5t. Thi\u1ebft k\u1ebf nh\u1ecf g\u1ecdn \u0111\u1ea3m b\u1ea3o l\u0103ng k\u00ednh c\u1ee7a b\u1ea1n \u0111\u01b0\u1ee3c gi\u1eef ch\u1eafc ch\u1eafn v\u00e0 \u0111\u1ecbnh v\u1ecb ho\u00e0n h\u1ea3o \u0111\u1ec3 thu th\u1eadp d\u1eef li\u1ec7u ch\u00ednh x\u00e1c.<\/p>\n<p><img fetchpriority=\"high\" decoding=\"async\" class=\"aligncenter wp-image-2863\" src=\"https:\/\/mountlaser.com\/wp-content\/uploads\/2025\/10\/TPS-PL-2.webp\" alt=\"Mini Triangle Prism Support\" width=\"500\" height=\"500\" srcset=\"https:\/\/mountlaser.com\/wp-content\/uploads\/2025\/10\/TPS-PL-2.webp 1000w, https:\/\/mountlaser.com\/wp-content\/uploads\/2025\/10\/TPS-PL-2-300x300.webp 300w, https:\/\/mountlaser.com\/wp-content\/uploads\/2025\/10\/TPS-PL-2-400x400.webp 400w, https:\/\/mountlaser.com\/wp-content\/uploads\/2025\/10\/TPS-PL-2-800x800.webp 800w, https:\/\/mountlaser.com\/wp-content\/uploads\/2025\/10\/TPS-PL-2-600x600.webp 600w, https:\/\/mountlaser.com\/wp-content\/uploads\/2025\/10\/TPS-PL-2-150x150.webp 150w, https:\/\/mountlaser.com\/wp-content\/uploads\/2025\/10\/TPS-PL-2-768x768.webp 768w, https:\/\/mountlaser.com\/wp-content\/uploads\/2025\/10\/TPS-PL-2-12x12.webp 12w\" sizes=\"(max-width: 500px) 100vw, 500px\" \/><\/p>\n<p>\u0110\u01b0\u1ee3c ch\u1ebf t\u1ea1o t\u1eeb th\u00e9p kh\u00f4ng g\u1ec9 b\u1ec1n ch\u1eafc, gi\u00e1 \u0111\u1ee1 n\u00e0y \u0111\u01b0\u1ee3c thi\u1ebft k\u1ebf \u0111\u1ec3 ch\u1ecbu \u0111\u01b0\u1ee3c nh\u1eefng \u0111i\u1ec1u ki\u1ec7n kh\u1eafc nghi\u1ec7t t\u1ea1i c\u00f4ng tr\u01b0\u1eddng. N\u00f3 c\u00f3 hai v\u00edt ch\u00e2n \u0111i\u1ec1u ch\u1ec9nh gi\u00fap c\u00e2n b\u1eb1ng nhanh ch\u00f3ng v\u00e0 d\u1ec5 d\u00e0ng tr\u00ean c\u00e1c b\u1ec1 m\u1eb7t kh\u00f4ng b\u1eb1ng ph\u1eb3ng, \u0111\u1ea3m b\u1ea3o l\u0103ng k\u00ednh c\u1ee7a b\u1ea1n lu\u00f4n th\u1eb3ng \u0111\u1ee9ng ho\u00e0n h\u1ea3o. M\u1ed9t b\u1ecdt th\u1ee7y tr\u00f2n t\u00edch h\u1ee3p cho ph\u00e9p ki\u1ec3m tra tr\u1ef1c quan, trong khi ren Th\u1ee5y S\u0129 ch\u1ea5t l\u01b0\u1ee3ng cao cung c\u1ea5p k\u1ebft n\u1ed1i an to\u00e0n v\u00e0 ph\u1ed5 bi\u1ebfn v\u1edbi l\u0103ng k\u00ednh c\u1ee7a b\u1ea1n.<\/p>\n<p>\u0110\u1ec3 \u0111\u1ea3m b\u1ea3o hi\u1ec7u su\u1ea5t \u0111\u00e1ng tin c\u1eady trong kh\u00f4ng gian h\u1ea1n h\u1eb9p, s\u1ea3n ph\u1ea9m n\u00e0y... <a href=\"https:\/\/mountlaser.com\/vi\/products\/\"><strong>Gi\u00e1 \u0111\u1ee1 l\u0103ng tr\u1ee5 tam gi\u00e1c nh\u1ecf<\/strong><\/a> \u0110\u00e2y l\u00e0 m\u1ed9t c\u00f4ng c\u1ee5 kh\u00f4ng th\u1ec3 thi\u1ebfu. H\u00e3y ch\u1ecdn TPS01-SL \u0111\u1ec3 c\u00f3 s\u1ef1 c\u00e2n b\u1eb1ng ho\u00e0n h\u1ea3o gi\u1eefa \u0111\u1ed9 b\u1ec1n, \u0111\u1ed9 ch\u00ednh x\u00e1c v\u00e0 t\u00ednh di \u0111\u1ed9ng.<\/p>","protected":false},"excerpt":{"rendered":"<ul>\n<li>Cung c\u1ea5p m\u1ed9t \u0111\u1ebf \u1ed5n \u0111\u1ecbnh, c\u00f3 chi\u1ec1u cao th\u1ea5p cho c\u00e1c l\u0103ng k\u00ednh trong qu\u00e1 tr\u00ecnh kh\u1ea3o s\u00e1t.<\/li>\n<li>S\u1ea3n ph\u1ea9m c\u00f3 hai v\u00edt \u0111i\u1ec1u ch\u1ec9nh ch\u00e2n \u0111\u1ebf gi\u00fap c\u00e2n b\u1eb1ng d\u1ec5 d\u00e0ng v\u00e0 ch\u00ednh x\u00e1c.<\/li>\n<li>Bao g\u1ed3m m\u1ed9t b\u1ecdt kh\u00ed tr\u00f2n \u0111\u1ec3 d\u1ec5 d\u00e0ng ki\u1ec3m tra \u0111\u1ed9 th\u0103ng b\u1eb1ng.<\/li>\n<li>\u0110\u01b0\u1ee3c ch\u1ebf t\u1ea1o t\u1eeb th\u00e9p kh\u00f4ng g\u1ec9 b\u1ec1n ch\u1eafc, s\u1eed d\u1ee5ng \u0111\u01b0\u1ee3c l\u00e2u d\u00e0i.<\/li>\n<\/ul>","protected":false},"featured_media":2869,"comment_status":"open","ping_status":"closed","template":"","meta":[],"product_brand":[],"product_cat":[91,106],"product_tag":[],"class_list":{"0":"post-2870","1":"product","2":"type-product","3":"status-publish","4":"has-post-thumbnail","6":"product_cat-bipod-tripod","7":"product_cat-triangle-prism-support","9":"first","10":"instock","11":"shipping-taxable","12":"product-type-simple"},"_links":{"self":[{"href":"https:\/\/mountlaser.com\/vi\/wp-json\/wp\/v2\/product\/2870","targetHints":{"allow":["GET"]}}],"collection":[{"href":"https:\/\/mountlaser.com\/vi\/wp-json\/wp\/v2\/product"}],"about":[{"href":"https:\/\/mountlaser.com\/vi\/wp-json\/wp\/v2\/types\/product"}],"replies":[{"embeddable":true,"href":"https:\/\/mountlaser.com\/vi\/wp-json\/wp\/v2\/comments?post=2870"}],"wp:featuredmedia":[{"embeddable":true,"href":"https:\/\/mountlaser.com\/vi\/wp-json\/wp\/v2\/media\/2869"}],"wp:attachment":[{"href":"https:\/\/mountlaser.com\/vi\/wp-json\/wp\/v2\/media?parent=2870"}],"wp:term":[{"taxonomy":"product_brand","embeddable":true,"href":"https:\/\/mountlaser.com\/vi\/wp-json\/wp\/v2\/product_brand?post=2870"},{"taxonomy":"product_cat","embeddable":true,"href":"https:\/\/mountlaser.com\/vi\/wp-json\/wp\/v2\/product_cat?post=2870"},{"taxonomy":"product_tag","embeddable":true,"href":"https:\/\/mountlaser.com\/vi\/wp-json\/wp\/v2\/product_tag?post=2870"}],"curies":[{"name":"trang web","href":"https:\/\/api.w.org\/{rel}","templated":true}]}}