{"id":2856,"date":"2025-10-21T09:17:00","date_gmt":"2025-10-21T09:17:00","guid":{"rendered":"https:\/\/mountlaser.com\/?post_type=product&#038;p=2856"},"modified":"2025-11-28T05:38:40","modified_gmt":"2025-11-28T05:38:40","slug":"gpr1l-corner-cube-prism","status":"publish","type":"product","link":"https:\/\/mountlaser.com\/vi\/san-pham\/gpr1l-corner-cube-prism\/","title":{"rendered":"Kh\u1ed1i l\u0103ng tr\u1ee5 g\u00f3c GPR1L"},"content":{"rendered":"<p>Mountlaser<a href=\"https:\/\/mountlaser.com\/vi\/\"><strong> L\u0103ng k\u00ednh tr\u00f2n \u0111\u01a1n GPR1L<\/strong><\/a> Vi\u1ec7c s\u1eed d\u1ee5ng Container th\u1ec3 hi\u1ec7n m\u1ed9t b\u01b0\u1edbc ti\u1ebfn \u0111\u00e1ng k\u1ec3 trong vi\u1ec7c n\u00e2ng cao \u0111\u1ed9 ch\u00ednh x\u00e1c kh\u1ea3o s\u00e1t v\u00e0 t\u00ednh linh ho\u1ea1t trong v\u1eadn h\u00e0nh.<br \/>\nM\u1eabu GPR1L c\u1ea3i ti\u1ebfn n\u00e0y t\u00edch h\u1ee3p h\u1ec7 th\u1ed1ng chi\u1ebfu s\u00e1ng c\u01b0\u1eddng \u0111\u1ed9 cao b\u00ean trong m\u1ed9t l\u0103ng k\u00ednh tr\u00f2n ti\u00eau chu\u1ea9n 64,0mm \u0111\u01b0\u1ee3c \u0111\u1eb7t trong m\u1ed9t h\u1ed9p b\u1ea3o v\u1ec7.<\/p>\n<p><img fetchpriority=\"high\" decoding=\"async\" class=\"aligncenter wp-image-2859\" src=\"https:\/\/mountlaser.com\/wp-content\/uploads\/2025\/10\/CPR1L-4.webp\" alt=\"GPR1L Single Circular Prism in Container\" width=\"500\" height=\"500\" srcset=\"https:\/\/mountlaser.com\/wp-content\/uploads\/2025\/10\/CPR1L-4.webp 1000w, https:\/\/mountlaser.com\/wp-content\/uploads\/2025\/10\/CPR1L-4-300x300.webp 300w, https:\/\/mountlaser.com\/wp-content\/uploads\/2025\/10\/CPR1L-4-400x400.webp 400w, https:\/\/mountlaser.com\/wp-content\/uploads\/2025\/10\/CPR1L-4-800x800.webp 800w, https:\/\/mountlaser.com\/wp-content\/uploads\/2025\/10\/CPR1L-4-600x600.webp 600w, https:\/\/mountlaser.com\/wp-content\/uploads\/2025\/10\/CPR1L-4-150x150.webp 150w, https:\/\/mountlaser.com\/wp-content\/uploads\/2025\/10\/CPR1L-4-768x768.webp 768w, https:\/\/mountlaser.com\/wp-content\/uploads\/2025\/10\/CPR1L-4-12x12.webp 12w\" sizes=\"(max-width: 500px) 100vw, 500px\" \/><\/p>\n<p>\u0110\u01b0\u1ee3c thi\u1ebft k\u1ebf \u0111\u1eb7c bi\u1ec7t \u0111\u1ec3 t\u01b0\u01a1ng th\u00edch v\u1edbi m\u00e1y to\u00e0n \u0111\u1ea1c \u0111i\u1ec7n t\u1eed Th\u1ee5y S\u0129 v\u00e0 c\u00e1c m\u00e1y to\u00e0n \u0111\u1ea1c kh\u00e1c y\u00eau c\u1ea7u ki\u1ec3u d\u00e1ng ti\u00eau chu\u1ea9n Th\u1ee5y S\u0129, thi\u1ebft b\u1ecb chi\u1ebfu s\u00e1ng n\u00e0y <a href=\"https:\/\/mountlaser.com\/vi\/about-us\/\"><strong>L\u0103ng k\u00ednh tr\u00f2n \u0111\u01a1n GPR1L trong h\u1ed9p \u0111\u1ef1ng<\/strong><\/a> \u0110\u1ea3m b\u1ea3o kh\u1ea3 n\u0103ng quan s\u00e1t v\u01b0\u1ee3t tr\u1ed9i trong c\u00e1c ho\u1ea1t \u0111\u1ed9ng ban \u0111\u00eam, \u0111i\u1ec1u ki\u1ec7n \u00e1nh s\u00e1ng y\u1ebfu v\u00e0 m\u00f4i tr\u01b0\u1eddng \u0111\u00f4 th\u1ecb ph\u1ee9c t\u1ea1p, gi\u00fap k\u00e9o d\u00e0i hi\u1ec7u qu\u1ea3 th\u1eddi gian l\u00e0m vi\u1ec7c c\u1ee7a b\u1ea1n.<\/p>","protected":false},"excerpt":{"rendered":"<ul>\n<li>S\u1ea3n ph\u1ea9m t\u00edch h\u1ee3p ngu\u1ed3n s\u00e1ng m\u1ea1nh gi\u00fap t\u0103ng c\u01b0\u1eddng \u0111\u00e1ng k\u1ec3 kh\u1ea3 n\u0103ng quan s\u00e1t l\u0103ng k\u00ednh, cho ph\u00e9p th\u1ef1c hi\u1ec7n kh\u1ea3o s\u00e1t 24\/7.<\/li>\n<li>L\u0103ng k\u00ednh tr\u00f2n \u00f864.0mm \u0111\u01b0\u1ee3c thi\u1ebft k\u1ebf \u0111\u1ec3 thay th\u1ebf tr\u1ef1c ti\u1ebfp cho c\u00e1c l\u0103ng k\u00ednh ki\u1ec3u Th\u1ee5y S\u0129 GPR1, \u0111\u1ea3m b\u1ea3o t\u00edch h\u1ee3p li\u1ec1n m\u1ea1ch v\u00e0 hi\u1ec7u su\u1ea5t t\u1ed1i \u01b0u.<\/li>\n<\/ul>","protected":false},"featured_media":2858,"comment_status":"open","ping_status":"closed","template":"","meta":[],"product_brand":[],"product_cat":[72,105],"product_tag":[],"class_list":{"0":"post-2856","1":"product","2":"type-product","3":"status-publish","4":"has-post-thumbnail","6":"product_cat-reflective-target-prism","7":"product_cat-corner-cube-prisms","9":"first","10":"instock","11":"shipping-taxable","12":"product-type-simple"},"_links":{"self":[{"href":"https:\/\/mountlaser.com\/vi\/wp-json\/wp\/v2\/product\/2856","targetHints":{"allow":["GET"]}}],"collection":[{"href":"https:\/\/mountlaser.com\/vi\/wp-json\/wp\/v2\/product"}],"about":[{"href":"https:\/\/mountlaser.com\/vi\/wp-json\/wp\/v2\/types\/product"}],"replies":[{"embeddable":true,"href":"https:\/\/mountlaser.com\/vi\/wp-json\/wp\/v2\/comments?post=2856"}],"wp:featuredmedia":[{"embeddable":true,"href":"https:\/\/mountlaser.com\/vi\/wp-json\/wp\/v2\/media\/2858"}],"wp:attachment":[{"href":"https:\/\/mountlaser.com\/vi\/wp-json\/wp\/v2\/media?parent=2856"}],"wp:term":[{"taxonomy":"product_brand","embeddable":true,"href":"https:\/\/mountlaser.com\/vi\/wp-json\/wp\/v2\/product_brand?post=2856"},{"taxonomy":"product_cat","embeddable":true,"href":"https:\/\/mountlaser.com\/vi\/wp-json\/wp\/v2\/product_cat?post=2856"},{"taxonomy":"product_tag","embeddable":true,"href":"https:\/\/mountlaser.com\/vi\/wp-json\/wp\/v2\/product_tag?post=2856"}],"curies":[{"name":"trang web","href":"https:\/\/api.w.org\/{rel}","templated":true}]}}