{"id":2851,"date":"2025-10-21T09:09:22","date_gmt":"2025-10-21T09:09:22","guid":{"rendered":"https:\/\/mountlaser.com\/?post_type=product&#038;p=2851"},"modified":"2025-11-28T05:40:16","modified_gmt":"2025-11-28T05:40:16","slug":"swiss-style-gpr1-reflector-prism","status":"publish","type":"product","link":"https:\/\/mountlaser.com\/vi\/san-pham\/swiss-style-gpr1-reflector-prism\/","title":{"rendered":"L\u0103ng k\u00ednh ph\u1ea3n x\u1ea1 GPR1 ki\u1ec3u Th\u1ee5y S\u0129"},"content":{"rendered":"<p>Mountlaser <a href=\"https:\/\/mountlaser.com\/vi\/\"><strong>L\u0103ng k\u00ednh ph\u1ea3n x\u1ea1 GPR1 ki\u1ec3u Th\u1ee5y S\u0129<\/strong><\/a> \u0110\u01b0\u1ee3c thi\u1ebft k\u1ebf \u0111\u1ec3 \u0111\u00e1p \u1ee9ng c\u00e1c ti\u00eau chu\u1ea9n cao nh\u1ea5t v\u1ec1 \u0111\u1ed9 ch\u00ednh x\u00e1c v\u00e0 kh\u1ea3 n\u0103ng t\u01b0\u01a1ng th\u00edch.<\/p>\n<p>\u0110\u00e2y l\u00e0 h\u00e0ng ch\u00ednh h\u00e3ng <a href=\"https:\/\/mountlaser.com\/vi\/products\/\"><strong>L\u0103ng k\u00ednh GPR1 ki\u1ec3u Th\u1ee5y S\u0129<\/strong><\/a> S\u1ea3n ph\u1ea9m c\u00f3 \u0111\u01b0\u1eddng k\u00ednh \u00f864.0mm, \u0111\u1ea3m b\u1ea3o t\u00edch h\u1ee3p ho\u00e0n h\u1ea3o v\u1edbi Leica v\u00e0 c\u00e1c h\u1ec7 th\u1ed1ng to\u00e0n \u0111\u1ea1c \u0111i\u1ec7n t\u1eed l\u1edbn kh\u00e1c y\u00eau c\u1ea7u lo\u1ea1i l\u0103ng k\u00ednh c\u1ee5 th\u1ec3 n\u00e0y.<\/p>\n<p>&nbsp;<\/p>\n<p><img fetchpriority=\"high\" decoding=\"async\" class=\"aligncenter wp-image-2853\" src=\"https:\/\/mountlaser.com\/wp-content\/uploads\/2025\/10\/IMG_9467_\u526f\u672c.webp\" alt=\"Swiss Style GPR1 Prism\" width=\"500\" height=\"500\" srcset=\"https:\/\/mountlaser.com\/wp-content\/uploads\/2025\/10\/IMG_9467_\u526f\u672c.webp 1000w, https:\/\/mountlaser.com\/wp-content\/uploads\/2025\/10\/IMG_9467_\u526f\u672c-300x300.webp 300w, https:\/\/mountlaser.com\/wp-content\/uploads\/2025\/10\/IMG_9467_\u526f\u672c-400x400.webp 400w, https:\/\/mountlaser.com\/wp-content\/uploads\/2025\/10\/IMG_9467_\u526f\u672c-800x800.webp 800w, https:\/\/mountlaser.com\/wp-content\/uploads\/2025\/10\/IMG_9467_\u526f\u672c-600x600.webp 600w, https:\/\/mountlaser.com\/wp-content\/uploads\/2025\/10\/IMG_9467_\u526f\u672c-150x150.webp 150w, https:\/\/mountlaser.com\/wp-content\/uploads\/2025\/10\/IMG_9467_\u526f\u672c-768x768.webp 768w, https:\/\/mountlaser.com\/wp-content\/uploads\/2025\/10\/IMG_9467_\u526f\u672c-12x12.webp 12w\" sizes=\"(max-width: 500px) 100vw, 500px\" \/><\/p>\n<p>N\u1ed5i ti\u1ebfng v\u1edbi hi\u1ec7u su\u1ea5t \u0111o t\u1ea7m xa v\u01b0\u1ee3t tr\u1ed9i v\u00e0 kh\u1ea3 n\u0103ng thu t\u00edn hi\u1ec7u m\u1ea1nh m\u1ebd, l\u0103ng k\u00ednh GPR1 ki\u1ec3u Th\u1ee5y S\u0129 l\u00e0 s\u1ef1 l\u1ef1a ch\u1ecdn t\u1ed1i \u01b0u cho c\u00e1c \u1ee9ng d\u1ee5ng kh\u1ea3o s\u00e1t \u0111\u1ed9 ch\u00ednh x\u00e1c cao, n\u01a1i m\u00e0 \u0111\u1ed9 ch\u00ednh x\u00e1c kh\u00f4ng th\u1ec3 b\u1ecb xem nh\u1eb9.<\/p>","protected":false},"excerpt":{"rendered":"<ul>\n<li>Ti\u00eau chu\u1ea9n Th\u1ee5y S\u0129 ch\u00ednh h\u00e3ng: \u0110\u1ea3m b\u1ea3o kh\u1ea3 n\u0103ng t\u01b0\u01a1ng th\u00edch ho\u00e0n to\u00e0n v\u00e0 hi\u1ec7u su\u1ea5t t\u1ed1i \u01b0u v\u1edbi m\u00e1y to\u00e0n \u0111\u1ea1c Leica v\u00e0 c\u00e1c thi\u1ebft b\u1ecb kh\u00e1c \u0111\u01b0\u1ee3c thi\u1ebft k\u1ebf cho lo\u1ea1i l\u0103ng k\u00ednh n\u00e0y.<\/li>\n<li>H\u1ec7 th\u1ed1ng quang h\u1ecdc \u0111\u1ed9 ch\u00ednh x\u00e1c cao: L\u0103ng k\u00ednh th\u1ee7y tinh \u00f864.0mm mang l\u1ea1i \u0111\u1ed9 ch\u00ednh x\u00e1c v\u01b0\u1ee3t tr\u1ed9i v\u00e0 kh\u1ea3 n\u0103ng ph\u1ea3n x\u1ea1 tuy\u1ec7t v\u1eddi cho c\u00e1c ph\u00e9p \u0111o \u1edf kho\u1ea3ng c\u00e1ch xa.<\/li>\n<\/ul>","protected":false},"featured_media":2852,"comment_status":"open","ping_status":"closed","template":"","meta":[],"product_brand":[],"product_cat":[72,105],"product_tag":[],"class_list":{"0":"post-2851","1":"product","2":"type-product","3":"status-publish","4":"has-post-thumbnail","6":"product_cat-reflective-target-prism","7":"product_cat-corner-cube-prisms","9":"first","10":"instock","11":"shipping-taxable","12":"product-type-simple"},"_links":{"self":[{"href":"https:\/\/mountlaser.com\/vi\/wp-json\/wp\/v2\/product\/2851","targetHints":{"allow":["GET"]}}],"collection":[{"href":"https:\/\/mountlaser.com\/vi\/wp-json\/wp\/v2\/product"}],"about":[{"href":"https:\/\/mountlaser.com\/vi\/wp-json\/wp\/v2\/types\/product"}],"replies":[{"embeddable":true,"href":"https:\/\/mountlaser.com\/vi\/wp-json\/wp\/v2\/comments?post=2851"}],"wp:featuredmedia":[{"embeddable":true,"href":"https:\/\/mountlaser.com\/vi\/wp-json\/wp\/v2\/media\/2852"}],"wp:attachment":[{"href":"https:\/\/mountlaser.com\/vi\/wp-json\/wp\/v2\/media?parent=2851"}],"wp:term":[{"taxonomy":"product_brand","embeddable":true,"href":"https:\/\/mountlaser.com\/vi\/wp-json\/wp\/v2\/product_brand?post=2851"},{"taxonomy":"product_cat","embeddable":true,"href":"https:\/\/mountlaser.com\/vi\/wp-json\/wp\/v2\/product_cat?post=2851"},{"taxonomy":"product_tag","embeddable":true,"href":"https:\/\/mountlaser.com\/vi\/wp-json\/wp\/v2\/product_tag?post=2851"}],"curies":[{"name":"trang web","href":"https:\/\/api.w.org\/{rel}","templated":true}]}}