{"id":2844,"date":"2025-10-21T08:42:16","date_gmt":"2025-10-21T08:42:16","guid":{"rendered":"https:\/\/mountlaser.com\/?post_type=product&#038;p=2844"},"modified":"2025-11-28T05:41:57","modified_gmt":"2025-11-28T05:41:57","slug":"pf640r-corner-cube-prism-with-canister","status":"publish","type":"product","link":"https:\/\/mountlaser.com\/vi\/san-pham\/pf640r-corner-cube-prism-with-canister\/","title":{"rendered":"PF640R Corner Cube Prism With Canister"},"content":{"rendered":"<p>Mountlaser <a href=\"https:\/\/mountlaser.com\/vi\/\"><strong>PF640R Corner Cube Prism With Canister<\/strong><\/a> \u0110\u00e2y l\u00e0 gi\u1ea3i ph\u00e1p l\u0103ng k\u00ednh ch\u1ed1ng n\u01b0\u1edbc c\u00f3 th\u1ec3 thay th\u1ebf hi\u1ec7u su\u1ea5t cao, \u0111\u01b0\u1ee3c thi\u1ebft k\u1ebf \u0111\u1ec3 \u0111\u1ea3m b\u1ea3o \u0111\u1ed9 tin c\u1eady trong c\u00e1c \u0111i\u1ec1u ki\u1ec7n kh\u1ea3o s\u00e1t kh\u1eafc nghi\u1ec7t. B\u1ed9 ph\u1eadn ch\u1eafc ch\u1eafn n\u00e0y c\u00f3 l\u0103ng k\u00ednh quang h\u1ecdc ch\u00ednh x\u00e1c \u00f864,0mm \u0111\u01b0\u1ee3c \u0111\u1eb7t trong m\u1ed9t h\u1ed9p kim lo\u1ea1i k\u00edn m\u00e0u \u0111\u1ecf \u0111\u1eb7c tr\u01b0ng.<\/p>\n<p><img fetchpriority=\"high\" decoding=\"async\" class=\"aligncenter wp-image-2847\" src=\"https:\/\/mountlaser.com\/wp-content\/uploads\/2025\/10\/PF640R-4.webp\" alt=\"Waterproof Prism Replaceable \" width=\"500\" height=\"500\" srcset=\"https:\/\/mountlaser.com\/wp-content\/uploads\/2025\/10\/PF640R-4.webp 1000w, https:\/\/mountlaser.com\/wp-content\/uploads\/2025\/10\/PF640R-4-300x300.webp 300w, https:\/\/mountlaser.com\/wp-content\/uploads\/2025\/10\/PF640R-4-400x400.webp 400w, https:\/\/mountlaser.com\/wp-content\/uploads\/2025\/10\/PF640R-4-800x800.webp 800w, https:\/\/mountlaser.com\/wp-content\/uploads\/2025\/10\/PF640R-4-600x600.webp 600w, https:\/\/mountlaser.com\/wp-content\/uploads\/2025\/10\/PF640R-4-150x150.webp 150w, https:\/\/mountlaser.com\/wp-content\/uploads\/2025\/10\/PF640R-4-768x768.webp 768w, https:\/\/mountlaser.com\/wp-content\/uploads\/2025\/10\/PF640R-4-12x12.webp 12w\" sizes=\"(max-width: 500px) 100vw, 500px\" \/><\/p>\n<p>Gi\u00e1 tr\u1ecb c\u1ed1t l\u00f5i c\u1ee7a \u0111i\u1ec1u n\u00e0y <a href=\"https:\/\/mountlaser.com\/vi\/contact-us\/\"><strong>L\u0103ng k\u00ednh ch\u1ed1ng n\u01b0\u1edbc c\u00f3 th\u1ec3 thay th\u1ebf<\/strong><\/a> \u0110i\u1ec3m n\u1ed5i b\u1eadt c\u1ee7a thi\u1ebft b\u1ecb n\u1eb1m \u1edf thi\u1ebft k\u1ebf \u0111a n\u0103ng: v\u1ecf ngo\u00e0i ch\u1eafc ch\u1eafn cung c\u1ea5p kh\u1ea3 n\u0103ng ch\u1ed1ng ch\u1ecbu theo ti\u00eau chu\u1ea9n IP \u0111\u1ed1i v\u1edbi m\u01b0a, h\u01a1i \u1ea9m v\u00e0 b\u1ee5i, trong khi l\u0103ng k\u00ednh b\u00ean trong l\u00e0 m\u1ed9t b\u1ed9 ph\u1eadn thay th\u1ebf l\u0103ng k\u00ednh ch\u1ed1ng th\u1ea5m n\u01b0\u1edbc ti\u00eau chu\u1ea9n, cho ph\u00e9p d\u1ec5 d\u00e0ng b\u1ea3o tr\u00ec v\u00e0 ti\u1ebft ki\u1ec7m chi ph\u00ed t\u1ea1i hi\u1ec7n tr\u01b0\u1eddng. \u0110i\u1ec1u n\u00e0y \u0111\u1ea3m b\u1ea3o \u0111\u1ed9 b\u1ec1n l\u00e2u d\u00e0i v\u00e0 b\u1ea3o v\u1ec7 kho\u1ea3n \u0111\u1ea7u t\u01b0 c\u1ee7a b\u1ea1n.<\/p>","protected":false},"excerpt":{"rendered":"<ul>\n<li>Kh\u1ea3 n\u0103ng ch\u1ed1ng ch\u1ecbu th\u1eddi ti\u1ebft v\u01b0\u1ee3t tr\u1ed9i: V\u1ecf kim lo\u1ea1i k\u00edn gi\u00fap c\u1ee5m l\u0103ng k\u00ednh ho\u00e0n to\u00e0n ch\u1ed1ng th\u1ea5m n\u01b0\u1edbc, l\u00fd t\u01b0\u1edfng cho c\u00e1c ho\u1ea1t \u0111\u1ed9ng kh\u1ea3o s\u00e1t trong m\u1ecdi \u0111i\u1ec1u ki\u1ec7n th\u1eddi ti\u1ebft.<\/li>\n<li>L\u00f5i c\u00f3 th\u1ec3 thay th\u1ebf t\u1ea1i ch\u1ed7: L\u0103ng k\u00ednh b\u00ean trong c\u00f3 \u0111\u01b0\u1eddng k\u00ednh \u00f864,0mm \u0111\u01b0\u1ee3c thi\u1ebft k\u1ebf \u0111\u1ec3 d\u1ec5 d\u00e0ng thay th\u1ebf, gi\u00fap \u0111\u01a1n gi\u1ea3n h\u00f3a vi\u1ec7c s\u1eeda ch\u1eefa, gi\u1ea3m th\u1eddi gian ng\u1eebng ho\u1ea1t \u0111\u1ed9ng v\u00e0 chi ph\u00ed d\u00e0i h\u1ea1n.<\/li>\n<\/ul>","protected":false},"featured_media":2845,"comment_status":"open","ping_status":"closed","template":"","meta":[],"product_brand":[],"product_cat":[72,105],"product_tag":[],"class_list":{"0":"post-2844","1":"product","2":"type-product","3":"status-publish","4":"has-post-thumbnail","6":"product_cat-reflective-target-prism","7":"product_cat-corner-cube-prisms","9":"first","10":"instock","11":"shipping-taxable","12":"product-type-simple"},"_links":{"self":[{"href":"https:\/\/mountlaser.com\/vi\/wp-json\/wp\/v2\/product\/2844","targetHints":{"allow":["GET"]}}],"collection":[{"href":"https:\/\/mountlaser.com\/vi\/wp-json\/wp\/v2\/product"}],"about":[{"href":"https:\/\/mountlaser.com\/vi\/wp-json\/wp\/v2\/types\/product"}],"replies":[{"embeddable":true,"href":"https:\/\/mountlaser.com\/vi\/wp-json\/wp\/v2\/comments?post=2844"}],"wp:featuredmedia":[{"embeddable":true,"href":"https:\/\/mountlaser.com\/vi\/wp-json\/wp\/v2\/media\/2845"}],"wp:attachment":[{"href":"https:\/\/mountlaser.com\/vi\/wp-json\/wp\/v2\/media?parent=2844"}],"wp:term":[{"taxonomy":"product_brand","embeddable":true,"href":"https:\/\/mountlaser.com\/vi\/wp-json\/wp\/v2\/product_brand?post=2844"},{"taxonomy":"product_cat","embeddable":true,"href":"https:\/\/mountlaser.com\/vi\/wp-json\/wp\/v2\/product_cat?post=2844"},{"taxonomy":"product_tag","embeddable":true,"href":"https:\/\/mountlaser.com\/vi\/wp-json\/wp\/v2\/product_tag?post=2844"}],"curies":[{"name":"trang web","href":"https:\/\/api.w.org\/{rel}","templated":true}]}}