{"id":2837,"date":"2025-10-21T08:10:24","date_gmt":"2025-10-21T08:10:24","guid":{"rendered":"https:\/\/mountlaser.com\/?post_type=product&#038;p=2837"},"modified":"2025-11-28T05:43:11","modified_gmt":"2025-11-28T05:43:11","slug":"pc640r-corner-cube-prism-with-canister","status":"publish","type":"product","link":"https:\/\/mountlaser.com\/vi\/san-pham\/pc640r-corner-cube-prism-with-canister\/","title":{"rendered":"PC640R Corner Cube Prism k\u00e8m h\u1ed9p \u0111\u1ef1ng"},"content":{"rendered":"<p>Mountlaser <a href=\"https:\/\/mountlaser.com\/vi\/products\/\"><strong>PC640R Corner Cube Prism k\u00e8m h\u1ed9p \u0111\u1ef1ng<\/strong><\/a> \u0110\u00e2y l\u00e0 l\u0103ng k\u00ednh SOK \u0111\u1ed9 ch\u00ednh x\u00e1c cao \u0111\u01b0\u1ee3c thi\u1ebft k\u1ebf \u0111\u1ec3 c\u00f3 \u0111\u1ed9 b\u1ec1n v\u01b0\u1ee3t tr\u1ed9i v\u00e0 \u0111\u1ed9 ch\u00ednh x\u00e1c \u0111o l\u01b0\u1eddng cao.<br \/>\nL\u0103ng k\u00ednh g\u00f3c l\u1eadp ph\u01b0\u01a1ng PC640R ch\u1eafc ch\u1eafn n\u00e0y c\u00f3 l\u0103ng k\u00ednh \u0111\u01b0\u1eddng k\u00ednh \u00f864.0mm \u0111\u01b0\u1ee3c b\u1ea3o v\u1ec7 an to\u00e0n trong m\u1ed9t h\u1ed9p kim lo\u1ea1i ch\u1eafc ch\u1eafn, l\u00fd t\u01b0\u1edfng \u0111\u1ec3 thay th\u1ebf tr\u1ef1c ti\u1ebfp cho c\u00e1c l\u0103ng k\u00ednh c\u1ee7a nh\u00e0 s\u1ea3n xu\u1ea5t thi\u1ebft b\u1ecb g\u1ed1c (OEM).<\/p>\n<p><img fetchpriority=\"high\" decoding=\"async\" class=\"aligncenter wp-image-2838\" src=\"https:\/\/mountlaser.com\/wp-content\/uploads\/2025\/10\/PC640R-2.webp\" alt=\"PC640R Corner Cube Prism With Canister\" width=\"500\" height=\"500\" srcset=\"https:\/\/mountlaser.com\/wp-content\/uploads\/2025\/10\/PC640R-2.webp 1000w, https:\/\/mountlaser.com\/wp-content\/uploads\/2025\/10\/PC640R-2-300x300.webp 300w, https:\/\/mountlaser.com\/wp-content\/uploads\/2025\/10\/PC640R-2-400x400.webp 400w, https:\/\/mountlaser.com\/wp-content\/uploads\/2025\/10\/PC640R-2-800x800.webp 800w, https:\/\/mountlaser.com\/wp-content\/uploads\/2025\/10\/PC640R-2-600x600.webp 600w, https:\/\/mountlaser.com\/wp-content\/uploads\/2025\/10\/PC640R-2-150x150.webp 150w, https:\/\/mountlaser.com\/wp-content\/uploads\/2025\/10\/PC640R-2-768x768.webp 768w, https:\/\/mountlaser.com\/wp-content\/uploads\/2025\/10\/PC640R-2-12x12.webp 12w\" sizes=\"(max-width: 500px) 100vw, 500px\" \/><br \/>\n\u0110\u01b0\u1ee3c thi\u1ebft k\u1ebf \u0111\u1ec3 ch\u1ecbu \u0111\u01b0\u1ee3c s\u1ef1 kh\u1eafc nghi\u1ec7t c\u1ee7a vi\u1ec7c s\u1eed d\u1ee5ng h\u00e0ng ng\u00e0y t\u1ea1i c\u00e1c c\u00f4ng tr\u01b0\u1eddng \u0111\u00f2i h\u1ecfi cao, s\u1ea3n ph\u1ea9m \u0111\u00e1ng tin c\u1eady n\u00e0y<a href=\"https:\/\/mountlaser.com\/vi\/contact-us\/\"><strong> PC640R Corner Cube Prism k\u00e8m h\u1ed9p \u0111\u1ef1ng<\/strong><\/a> \u0110\u1ea3m b\u1ea3o hi\u1ec7u su\u1ea5t \u1ed5n \u0111\u1ecbnh cho t\u1ea5t c\u1ea3 c\u00e1c \u1ee9ng d\u1ee5ng m\u00e1y to\u00e0n \u0111\u1ea1c c\u1ee7a b\u1ea1n, t\u1eeb \u0111\u1ecbnh v\u1ecb c\u00f4ng tr\u00ecnh \u0111\u1ebfn kh\u1ea3o s\u00e1t \u0111\u1ecba h\u00ecnh.<\/p>","protected":false},"excerpt":{"rendered":"<ul>\n<li>Kh\u1ea3 n\u0103ng t\u01b0\u01a1ng th\u00edch v\u1edbi l\u0103ng k\u00ednh SOK: \u0110\u01b0\u1ee3c thi\u1ebft k\u1ebf nh\u01b0 m\u1ed9t l\u0103ng k\u00ednh SOK ti\u00eau chu\u1ea9n (\u00f864.0mm)<\/li>\n<li>\u0110\u1ea3m b\u1ea3o t\u00edch h\u1ee3p li\u1ec1n m\u1ea1ch v\u00e0 hi\u1ec7u su\u1ea5t \u0111\u00e1ng tin c\u1eady v\u1edbi c\u00e1c h\u1ec7 th\u1ed1ng to\u00e0n \u0111\u1ea1c \u0111i\u1ec7n t\u1eed t\u01b0\u01a1ng th\u00edch.<\/li>\n<li>V\u1ecf kim lo\u1ea1i b\u1ec1n ch\u1eafc: L\u0103ng k\u00ednh \u0111\u01b0\u1ee3c b\u1ea3o v\u1ec7 b\u1edfi l\u1edbp v\u1ecf kim lo\u1ea1i ch\u1eafc ch\u1eafn, gi\u00fap b\u1ea3o v\u1ec7 h\u1ec7 th\u1ed1ng quang h\u1ecdc ch\u00ednh x\u00e1c kh\u1ecfi va \u0111\u1eadp.<\/li>\n<li>Ch\u1ed1ng b\u1ee5i v\u00e0 \u1ea9m, th\u00edch h\u1ee3p s\u1eed d\u1ee5ng l\u00e2u d\u00e0i trong m\u00f4i tr\u01b0\u1eddng kh\u1eafc nghi\u1ec7t.<\/li>\n<\/ul>","protected":false},"featured_media":2839,"comment_status":"open","ping_status":"closed","template":"","meta":[],"product_brand":[],"product_cat":[72,105],"product_tag":[],"class_list":{"0":"post-2837","1":"product","2":"type-product","3":"status-publish","4":"has-post-thumbnail","6":"product_cat-reflective-target-prism","7":"product_cat-corner-cube-prisms","9":"first","10":"instock","11":"shipping-taxable","12":"product-type-simple"},"_links":{"self":[{"href":"https:\/\/mountlaser.com\/vi\/wp-json\/wp\/v2\/product\/2837","targetHints":{"allow":["GET"]}}],"collection":[{"href":"https:\/\/mountlaser.com\/vi\/wp-json\/wp\/v2\/product"}],"about":[{"href":"https:\/\/mountlaser.com\/vi\/wp-json\/wp\/v2\/types\/product"}],"replies":[{"embeddable":true,"href":"https:\/\/mountlaser.com\/vi\/wp-json\/wp\/v2\/comments?post=2837"}],"wp:featuredmedia":[{"embeddable":true,"href":"https:\/\/mountlaser.com\/vi\/wp-json\/wp\/v2\/media\/2839"}],"wp:attachment":[{"href":"https:\/\/mountlaser.com\/vi\/wp-json\/wp\/v2\/media?parent=2837"}],"wp:term":[{"taxonomy":"product_brand","embeddable":true,"href":"https:\/\/mountlaser.com\/vi\/wp-json\/wp\/v2\/product_brand?post=2837"},{"taxonomy":"product_cat","embeddable":true,"href":"https:\/\/mountlaser.com\/vi\/wp-json\/wp\/v2\/product_cat?post=2837"},{"taxonomy":"product_tag","embeddable":true,"href":"https:\/\/mountlaser.com\/vi\/wp-json\/wp\/v2\/product_tag?post=2837"}],"curies":[{"name":"trang web","href":"https:\/\/api.w.org\/{rel}","templated":true}]}}