{"id":2830,"date":"2025-10-21T08:03:40","date_gmt":"2025-10-21T08:03:40","guid":{"rendered":"https:\/\/mountlaser.com\/?post_type=product&#038;p=2830"},"modified":"2025-12-01T09:00:41","modified_gmt":"2025-12-01T09:00:41","slug":"pb640rl-corner-cube-prism-with-canister","status":"publish","type":"product","link":"https:\/\/mountlaser.com\/vi\/san-pham\/pb640rl-corner-cube-prism-with-canister\/","title":{"rendered":"PB640RL Corner Cube Prism With Canister"},"content":{"rendered":"<p>Mountlaser <a href=\"https:\/\/mountlaser.com\/vi\/danh-muc-san-pham\/reflective-target-prism\/\"><strong>PB640RL Corner Cube Prism With Canister<\/strong><\/a> \u0110\u00e2y l\u00e0 m\u1ed9t gi\u1ea3i ph\u00e1p \u0111\u1ed9t ph\u00e1 cho vi\u1ec7c kh\u1ea3o s\u00e1t trong \u0111i\u1ec1u ki\u1ec7n \u00e1nh s\u00e1ng y\u1ebfu v\u00e0 \u0111\u1ed9 hi\u1ec3n th\u1ecb cao. L\u0103ng k\u00ednh g\u00f3c l\u1eadp ph\u01b0\u01a1ng PB640RL t\u00edch h\u1ee3p h\u1ed9p \u0111\u1ef1ng n\u00e0y k\u1ebft h\u1ee3p \u00e1nh s\u00e1ng m\u1ea1nh, c\u00f3 \u0111\u1ed9 hi\u1ec3n th\u1ecb cao v\u00e0o l\u0103ng k\u00ednh \u0111\u1ecf ti\u00eau chu\u1ea9n 64,0mm, t\u1ea1o ra c\u00f4ng c\u1ee5 t\u1ed1i \u01b0u cho hi\u1ec7u qu\u1ea3 ho\u1ea1t \u0111\u1ed9ng 24\/7.<\/p>\n<p>L\u00e0 m\u1ed9t s\u1ea3n ph\u1ea9m thay th\u1ebf tr\u1ef1c ti\u1ebfp cho c\u00e1c l\u0103ng k\u00ednh ti\u00eau chu\u1ea9n, thi\u1ebft b\u1ecb chi\u1ebfu s\u00e1ng n\u00e0y c\u00f3 ch\u1ee9c n\u0103ng nh\u01b0 m\u1ed9t v\u1eadt chi\u1ebfu s\u00e1ng. <a href=\"https:\/\/mountlaser.com\/vi\/\">PB640RL Corner Cube Prism With Canister<\/a> \u0110\u1ea3m b\u1ea3o m\u1ee5c ti\u00eau c\u1ee7a b\u1ea1n lu\u00f4n r\u00f5 r\u00e0ng kh\u00f4ng th\u1ec3 nh\u1ea7m l\u1eabn trong c\u00e1c ho\u1ea1t \u0111\u1ed9ng l\u00fac b\u00ecnh minh, ho\u00e0ng h\u00f4n, ban \u0111\u00eam ho\u1eb7c trong m\u00f4i tr\u01b0\u1eddng \u0111\u00f4 th\u1ecb \u0111\u00f4ng \u0111\u00fac. V\u1ecf kim lo\u1ea1i ch\u1eafc ch\u1eafn b\u1ea3o v\u1ec7 h\u1ec7 th\u1ed1ng quang h\u1ecdc v\u00e0 \u0111i\u1ec7n t\u1eed ch\u00ednh x\u00e1c, mang l\u1ea1i \u0111\u1ed9 b\u1ec1n v\u01b0\u1ee3t tr\u1ed9i.<\/p>\n<p><img fetchpriority=\"high\" decoding=\"async\" class=\"aligncenter wp-image-2833\" src=\"https:\/\/mountlaser.com\/wp-content\/uploads\/2025\/10\/PB640RL-4.webp\" alt=\"PB640RL Corner Cube Prism With Canister \" width=\"500\" height=\"500\" srcset=\"https:\/\/mountlaser.com\/wp-content\/uploads\/2025\/10\/PB640RL-4.webp 1000w, https:\/\/mountlaser.com\/wp-content\/uploads\/2025\/10\/PB640RL-4-300x300.webp 300w, https:\/\/mountlaser.com\/wp-content\/uploads\/2025\/10\/PB640RL-4-400x400.webp 400w, https:\/\/mountlaser.com\/wp-content\/uploads\/2025\/10\/PB640RL-4-800x800.webp 800w, https:\/\/mountlaser.com\/wp-content\/uploads\/2025\/10\/PB640RL-4-600x600.webp 600w, https:\/\/mountlaser.com\/wp-content\/uploads\/2025\/10\/PB640RL-4-150x150.webp 150w, https:\/\/mountlaser.com\/wp-content\/uploads\/2025\/10\/PB640RL-4-768x768.webp 768w, https:\/\/mountlaser.com\/wp-content\/uploads\/2025\/10\/PB640RL-4-12x12.webp 12w\" sizes=\"(max-width: 500px) 100vw, 500px\" \/><\/p>\n<p>\u0110\u1eebng bao gi\u1edd qu\u00ean <a href=\"https:\/\/mountlaser.com\/vi\/contact-us\/\">m\u1ee5c ti\u00eau c\u1ee7a b\u1ea1n<\/a> M\u1ed9t l\u1ea7n n\u1eefa, h\u00e3y m\u1edf r\u1ed9ng gi\u1edbi h\u1ea1n v\u1ec1 th\u1eddi gian v\u00e0 \u0111\u1ecba \u0111i\u1ec3m b\u1ea1n c\u00f3 th\u1ec3 kh\u1ea3o s\u00e1t v\u1edbi h\u1ec7 th\u1ed1ng l\u0103ng k\u00ednh chi\u1ebfu s\u00e1ng \u0111a n\u0103ng n\u00e0y.<\/p>","protected":false},"excerpt":{"rendered":"<ul>\n<li>H\u1ec7 th\u1ed1ng chi\u1ebfu s\u00e1ng t\u00edch h\u1ee3p: Trang b\u1ecb \u0111\u00e8n c\u01b0\u1eddng \u0111\u1ed9 cao t\u00edch h\u1ee3p gi\u00fap l\u0103ng k\u00ednh d\u1ec5 nh\u00ecn th\u1ea5y trong \u0111i\u1ec1u ki\u1ec7n thi\u1ebfu s\u00e1ng, cho ph\u00e9p l\u00e0m vi\u1ec7c li\u00ean t\u1ee5c trong th\u1eddi gian d\u00e0i.<\/li>\n<li>V\u1ecf m\u00e0u \u0111\u1ecf n\u1ed5i b\u1eadt: M\u00e0u \u0111\u1ecf \u0111\u1eb7c tr\u01b0ng t\u1ea1o \u0111\u1ed9 t\u01b0\u01a1ng ph\u1ea3n tuy\u1ec7t v\u1eddi v\u00e0 d\u1ec5 d\u00e0ng nh\u1eadn bi\u1ebft trong \u0111i\u1ec1u ki\u1ec7n ho\u1ea1t \u0111\u1ed9ng ban ng\u00e0y.<\/li>\n<\/ul>","protected":false},"featured_media":2831,"comment_status":"open","ping_status":"closed","template":"","meta":[],"product_brand":[],"product_cat":[105,72],"product_tag":[],"class_list":{"0":"post-2830","1":"product","2":"type-product","3":"status-publish","4":"has-post-thumbnail","6":"product_cat-corner-cube-prisms","7":"product_cat-reflective-target-prism","9":"first","10":"instock","11":"shipping-taxable","12":"product-type-simple"},"_links":{"self":[{"href":"https:\/\/mountlaser.com\/vi\/wp-json\/wp\/v2\/product\/2830","targetHints":{"allow":["GET"]}}],"collection":[{"href":"https:\/\/mountlaser.com\/vi\/wp-json\/wp\/v2\/product"}],"about":[{"href":"https:\/\/mountlaser.com\/vi\/wp-json\/wp\/v2\/types\/product"}],"replies":[{"embeddable":true,"href":"https:\/\/mountlaser.com\/vi\/wp-json\/wp\/v2\/comments?post=2830"}],"wp:featuredmedia":[{"embeddable":true,"href":"https:\/\/mountlaser.com\/vi\/wp-json\/wp\/v2\/media\/2831"}],"wp:attachment":[{"href":"https:\/\/mountlaser.com\/vi\/wp-json\/wp\/v2\/media?parent=2830"}],"wp:term":[{"taxonomy":"product_brand","embeddable":true,"href":"https:\/\/mountlaser.com\/vi\/wp-json\/wp\/v2\/product_brand?post=2830"},{"taxonomy":"product_cat","embeddable":true,"href":"https:\/\/mountlaser.com\/vi\/wp-json\/wp\/v2\/product_cat?post=2830"},{"taxonomy":"product_tag","embeddable":true,"href":"https:\/\/mountlaser.com\/vi\/wp-json\/wp\/v2\/product_tag?post=2830"}],"curies":[{"name":"trang web","href":"https:\/\/api.w.org\/{rel}","templated":true}]}}