{"id":2821,"date":"2025-10-21T07:53:54","date_gmt":"2025-10-21T07:53:54","guid":{"rendered":"https:\/\/mountlaser.com\/?post_type=product&#038;p=2821"},"modified":"2025-11-28T05:45:17","modified_gmt":"2025-11-28T05:45:17","slug":"pb640-corner-cube-prism-with-canister","status":"publish","type":"product","link":"https:\/\/mountlaser.com\/vi\/san-pham\/pb640-corner-cube-prism-with-canister\/","title":{"rendered":"PB640 Corner Cube Prism With Canister"},"content":{"rendered":"<p>Mountlaser <a href=\"https:\/\/mountlaser.com\/vi\/products\/\"><strong>PB640 Corner Cube Prism with Canister<\/strong><\/a> \u0110\u00e2y l\u00e0 m\u1ed9t g\u01b0\u01a1ng ph\u1ea3n x\u1ea1 c\u00f3 \u0111\u1ed9 ch\u00ednh x\u00e1c cao, \u0111\u01b0\u1ee3c thi\u1ebft k\u1ebf \u0111\u1ec3 mang l\u1ea1i hi\u1ec7u su\u1ea5t v\u01b0\u1ee3t tr\u1ed9i cho s\u1ea3n ph\u1ea9m c\u1ee7a b\u1ea1n. <a href=\"https:\/\/mountlaser.com\/vi\/about-us\/\"><strong>kh\u1ed1i l\u1eadp ph\u01b0\u01a1ng g\u00f3c l\u0103ng tr\u1ee5 m\u00e1y to\u00e0n \u0111\u1ea1c<\/strong><\/a>. B\u1ed9 d\u1ee5ng c\u1ee5 m\u1ea1nh m\u1ebd n\u00e0y \u0111\u01b0\u1ee3c thi\u1ebft k\u1ebf \u0111\u1ec3 cung c\u1ea5p \u0111\u1ed9 ch\u00ednh x\u00e1c \u0111o l\u01b0\u1eddng \u0111\u00e1ng tin c\u1eady, t\u1ea7m xa trong nh\u1eefng m\u00f4i tr\u01b0\u1eddng kh\u1ea3o s\u00e1t kh\u1eafc nghi\u1ec7t nh\u1ea5t.<\/p>\n<p><img fetchpriority=\"high\" decoding=\"async\" class=\"aligncenter wp-image-2822\" src=\"https:\/\/mountlaser.com\/wp-content\/uploads\/2025\/10\/PB640Y-3.webp\" alt=\"Corner Cube Prism Total Station\" width=\"500\" height=\"500\" srcset=\"https:\/\/mountlaser.com\/wp-content\/uploads\/2025\/10\/PB640Y-3.webp 1000w, https:\/\/mountlaser.com\/wp-content\/uploads\/2025\/10\/PB640Y-3-300x300.webp 300w, https:\/\/mountlaser.com\/wp-content\/uploads\/2025\/10\/PB640Y-3-400x400.webp 400w, https:\/\/mountlaser.com\/wp-content\/uploads\/2025\/10\/PB640Y-3-800x800.webp 800w, https:\/\/mountlaser.com\/wp-content\/uploads\/2025\/10\/PB640Y-3-600x600.webp 600w, https:\/\/mountlaser.com\/wp-content\/uploads\/2025\/10\/PB640Y-3-150x150.webp 150w, https:\/\/mountlaser.com\/wp-content\/uploads\/2025\/10\/PB640Y-3-768x768.webp 768w, https:\/\/mountlaser.com\/wp-content\/uploads\/2025\/10\/PB640Y-3-12x12.webp 12w\" sizes=\"(max-width: 500px) 100vw, 500px\" \/><\/p>\n<p>C\u00f3 s\u1eb5n hai phi\u00ean b\u1ea3n m\u00e0u s\u1eafc d\u1ec5 nh\u1eadn bi\u1ebft\u2014L\u0103ng k\u00ednh g\u00f3c vu\u00f4ng PB640Y k\u00e8m h\u1ed9p \u0111\u1ef1ng (m\u00e0u v\u00e0ng) v\u00e0 L\u0103ng k\u00ednh g\u00f3c vu\u00f4ng PB640R k\u00e8m h\u1ed9p \u0111\u1ef1ng (m\u00e0u \u0111\u1ecf)\u2014l\u0103ng k\u00ednh \u0111\u01b0\u1eddng k\u00ednh \u00f864.0mm n\u00e0y \u0111\u1ea3m b\u1ea3o d\u1ec5 d\u00e0ng nh\u1eadn di\u1ec7n t\u1ea1i c\u00e1c c\u00f4ng tr\u01b0\u1eddng b\u1eadn r\u1ed9n. H\u1ed9p \u0111\u1ef1ng b\u1eb1ng kim lo\u1ea1i b\u1ec1n ch\u1eafc cung c\u1ea5p s\u1ef1 b\u1ea3o v\u1ec7 c\u1ea7n thi\u1ebft cho h\u1ec7 th\u1ed1ng quang h\u1ecdc ch\u00ednh x\u00e1c, l\u00e0m cho n\u00f3 tr\u1edf th\u00e0nh m\u1ed9t s\u1ef1 thay th\u1ebf l\u00fd t\u01b0\u1edfng v\u00e0 b\u1ec1n b\u1ec9 cho b\u1ea5t k\u1ef3 lo\u1ea1i h\u1ed9p \u0111\u1ef1ng n\u00e0o kh\u00e1c. <a href=\"https:\/\/mountlaser.com\/vi\/contact-us\/\">kh\u1ed1i l\u1eadp ph\u01b0\u01a1ng g\u00f3c l\u0103ng tr\u1ee5 m\u00e1y to\u00e0n \u0111\u1ea1c<\/a> Thi\u1ebft l\u1eadp. Cho d\u00f9 b\u1ea1n \u0111ang l\u00e0m vi\u1ec7c v\u1edbi b\u1ed1 tr\u00ed c\u00f4ng tr\u00ecnh, kh\u1ea3o s\u00e1t \u0111\u1ecba h\u00ecnh hay gi\u00e1m s\u00e1t bi\u1ebfn d\u1ea1ng, l\u0103ng k\u00ednh n\u00e0y \u0111\u1ea3m b\u1ea3o k\u1ebft qu\u1ea3 nh\u1ea5t qu\u00e1n v\u00e0 \u0111\u00e1ng tin c\u1eady.<\/p>","protected":false},"excerpt":{"rendered":"<ul>\n<li>V\u1ecf kim lo\u1ea1i b\u1ea3o v\u1ec7 gi\u00fap che ch\u1eafn h\u1ec7 th\u1ed1ng quang h\u1ecdc ch\u00ednh x\u00e1c kh\u1ecfi va \u0111\u1eadp, b\u1ee5i b\u1ea9n v\u00e0 h\u01a1i \u1ea9m, \u0111\u1ea3m b\u1ea3o \u0111\u1ed9 tin c\u1eady l\u00e2u d\u00e0i.<\/li>\n<li>\u0110\u00e2y l\u00e0 lo\u1ea1i l\u0103ng k\u00ednh thay th\u1ebf ch\u1ea5t l\u01b0\u1ee3ng cao d\u00f9ng cho nhi\u1ec1u \u1ee9ng d\u1ee5ng \u0111o \u0111\u1ea1c kh\u00e1c nhau, t\u01b0\u01a1ng th\u00edch v\u1edbi c\u00e1c lo\u1ea1i gi\u00e1 \u0111\u1ee1 l\u0103ng k\u00ednh ti\u00eau chu\u1ea9n.<\/li>\n<\/ul>","protected":false},"featured_media":2827,"comment_status":"open","ping_status":"closed","template":"","meta":[],"product_brand":[],"product_cat":[105,72],"product_tag":[],"class_list":{"0":"post-2821","1":"product","2":"type-product","3":"status-publish","4":"has-post-thumbnail","6":"product_cat-corner-cube-prisms","7":"product_cat-reflective-target-prism","9":"first","10":"instock","11":"shipping-taxable","12":"product-type-simple"},"_links":{"self":[{"href":"https:\/\/mountlaser.com\/vi\/wp-json\/wp\/v2\/product\/2821","targetHints":{"allow":["GET"]}}],"collection":[{"href":"https:\/\/mountlaser.com\/vi\/wp-json\/wp\/v2\/product"}],"about":[{"href":"https:\/\/mountlaser.com\/vi\/wp-json\/wp\/v2\/types\/product"}],"replies":[{"embeddable":true,"href":"https:\/\/mountlaser.com\/vi\/wp-json\/wp\/v2\/comments?post=2821"}],"wp:featuredmedia":[{"embeddable":true,"href":"https:\/\/mountlaser.com\/vi\/wp-json\/wp\/v2\/media\/2827"}],"wp:attachment":[{"href":"https:\/\/mountlaser.com\/vi\/wp-json\/wp\/v2\/media?parent=2821"}],"wp:term":[{"taxonomy":"product_brand","embeddable":true,"href":"https:\/\/mountlaser.com\/vi\/wp-json\/wp\/v2\/product_brand?post=2821"},{"taxonomy":"product_cat","embeddable":true,"href":"https:\/\/mountlaser.com\/vi\/wp-json\/wp\/v2\/product_cat?post=2821"},{"taxonomy":"product_tag","embeddable":true,"href":"https:\/\/mountlaser.com\/vi\/wp-json\/wp\/v2\/product_tag?post=2821"}],"curies":[{"name":"trang web","href":"https:\/\/api.w.org\/{rel}","templated":true}]}}