{"id":2814,"date":"2025-10-21T07:19:40","date_gmt":"2025-10-21T07:19:40","guid":{"rendered":"https:\/\/mountlaser.com\/?post_type=product&#038;p=2814"},"modified":"2025-11-28T05:46:35","modified_gmt":"2025-11-28T05:46:35","slug":"pj640b-corner-cube-prism-with-canister","status":"publish","type":"product","link":"https:\/\/mountlaser.com\/vi\/san-pham\/pj640b-corner-cube-prism-with-canister\/","title":{"rendered":"PJ640B Corner Cube Prism With Canister"},"content":{"rendered":"<p>Mountlaser <a href=\"https:\/\/mountlaser.com\/vi\/\"><strong>PJ640B Corner Cube Prism with Canister<\/strong><\/a> \u0110\u00e2y l\u00e0 m\u1ed9t b\u1ed9 ph\u1ea3n x\u1ea1 g\u00f3c c\u00f3 \u0111\u1ed9 ch\u00ednh x\u00e1c cao, b\u1ec1n b\u1ec9, \u0111\u01b0\u1ee3c thi\u1ebft k\u1ebf cho c\u00e1c \u1ee9ng d\u1ee5ng kh\u1ea3o s\u00e1t \u0111\u00f2i h\u1ecfi kh\u1eaft khe. B\u1ed9 l\u0103ng k\u00ednh g\u00f3c l\u1eadp ph\u01b0\u01a1ng ho\u00e0n ch\u1ec9nh n\u00e0y \u0111\u01b0\u1ee3c ch\u1ebf t\u1ea1o \u0111\u1ec3 ch\u1ecbu \u0111\u01b0\u1ee3c c\u00e1c \u0111i\u1ec1u ki\u1ec7n kh\u1eafc nghi\u1ec7t t\u1ea1i c\u00f4ng tr\u01b0\u1eddng \u0111\u1ed3ng th\u1eddi cung c\u1ea5p \u0111\u1ed9 ch\u00ednh x\u00e1c \u0111o l\u01b0\u1eddng \u0111\u00e1ng tin c\u1eady \u1edf t\u1ea7m xa.<\/p>\n<p>\u0110\u01b0\u1ee3c \u0111\u1eb7t trong m\u1ed9t h\u1ed9p kim lo\u1ea1i ch\u1eafc ch\u1eafn, l\u0103ng k\u00ednh g\u00f3c l\u1eadp ph\u01b0\u01a1ng \u00f864,0mm \u0111\u01b0\u1ee3c thi\u1ebft k\u1ebf \u0111\u1ec3 mang l\u1ea1i hi\u1ec7u su\u1ea5t v\u01b0\u1ee3t tr\u1ed9i v\u1edbi t\u1ea5t c\u1ea3 c\u00e1c m\u00e1y to\u00e0n \u0111\u1ea1c \u0111i\u1ec7n t\u1eed ch\u00ednh. B\u1ed9 l\u0103ng k\u00ednh g\u00f3c l\u1eadp ph\u01b0\u01a1ng n\u00e0y l\u00e0 m\u1ed9t l\u0103ng k\u00ednh thay th\u1ebf ho\u00e0n h\u1ea3o cho nhi\u1ec1u d\u1ef1 \u00e1n kh\u1ea3o s\u00e1t, t\u1eeb b\u1ed1 tr\u00ed c\u00f4ng tr\u00ecnh \u0111\u1ebfn gi\u00e1m s\u00e1t bi\u1ebfn d\u1ea1ng. H\u1ed9p \u0111\u1ef1ng t\u00edch h\u1ee3p cung c\u1ea5p kh\u1ea3 n\u0103ng b\u1ea3o v\u1ec7 v\u01b0\u1ee3t tr\u1ed9i cho th\u1ea5u k\u00ednh quang h\u1ecdc, \u0111\u1ea3m b\u1ea3o hi\u1ec7u su\u1ea5t \u1ed5n \u0111\u1ecbnh v\u00e0 tu\u1ed5i th\u1ecd cao.<\/p>\n<p><img fetchpriority=\"high\" decoding=\"async\" class=\"aligncenter wp-image-2815\" src=\"https:\/\/mountlaser.com\/wp-content\/uploads\/2025\/10\/PJ640B-1.webp\" alt=\"Corner cube prism kit\" width=\"500\" height=\"500\" srcset=\"https:\/\/mountlaser.com\/wp-content\/uploads\/2025\/10\/PJ640B-1.webp 1000w, https:\/\/mountlaser.com\/wp-content\/uploads\/2025\/10\/PJ640B-1-300x300.webp 300w, https:\/\/mountlaser.com\/wp-content\/uploads\/2025\/10\/PJ640B-1-400x400.webp 400w, https:\/\/mountlaser.com\/wp-content\/uploads\/2025\/10\/PJ640B-1-800x800.webp 800w, https:\/\/mountlaser.com\/wp-content\/uploads\/2025\/10\/PJ640B-1-600x600.webp 600w, https:\/\/mountlaser.com\/wp-content\/uploads\/2025\/10\/PJ640B-1-150x150.webp 150w, https:\/\/mountlaser.com\/wp-content\/uploads\/2025\/10\/PJ640B-1-768x768.webp 768w, https:\/\/mountlaser.com\/wp-content\/uploads\/2025\/10\/PJ640B-1-12x12.webp 12w\" sizes=\"(max-width: 500px) 100vw, 500px\" \/><\/p>\n<p>H\u00e3y \u0111\u1ea7u t\u01b0 v\u00e0o \u0111\u1ed9 tin c\u1eady v\u00e0 \u0111\u1ed9 ch\u00ednh x\u00e1c c\u1ee7a chuy\u00ean gia n\u00e0y. <a href=\"https:\/\/mountlaser.com\/vi\/products\/\"><strong>b\u1ed9 d\u1ee5ng c\u1ee5 l\u0103ng tr\u1ee5 l\u1eadp ph\u01b0\u01a1ng g\u00f3c<\/strong><\/a> nh\u1eb1m n\u00e2ng cao hi\u1ec7u qu\u1ea3 v\u00e0 \u0111\u1ed9 ch\u00ednh x\u00e1c trong c\u00f4ng t\u00e1c kh\u1ea3o s\u00e1t th\u1ef1c \u0111\u1ecba c\u1ee7a b\u1ea1n.<\/p>","protected":false},"excerpt":{"rendered":"<ul>\n<li>L\u0103ng k\u00ednh g\u00f3c l\u1eadp ph\u01b0\u01a1ng \u00f864,0mm cung c\u1ea5p kh\u1ea3 n\u0103ng \u0111o ch\u00ednh x\u00e1c \u1edf kho\u1ea3ng c\u00e1ch xa cho m\u00e1y to\u00e0n \u0111\u1ea1c.<\/li>\n<li>V\u1ecf kim lo\u1ea1i b\u1ec1n ch\u1eafc (th\u00e2n m\u00e1y) b\u1ea3o v\u1ec7 l\u0103ng k\u00ednh kh\u1ecfi va \u0111\u1eadp, b\u1ee5i b\u1ea9n v\u00e0 h\u01a1i \u1ea9m, l\u00fd t\u01b0\u1edfng cho m\u00f4i tr\u01b0\u1eddng kh\u1eafc nghi\u1ec7t.<\/li>\n<\/ul>","protected":false},"featured_media":2816,"comment_status":"open","ping_status":"closed","template":"","meta":[],"product_brand":[],"product_cat":[72,105],"product_tag":[],"class_list":{"0":"post-2814","1":"product","2":"type-product","3":"status-publish","4":"has-post-thumbnail","6":"product_cat-reflective-target-prism","7":"product_cat-corner-cube-prisms","9":"first","10":"instock","11":"shipping-taxable","12":"product-type-simple"},"_links":{"self":[{"href":"https:\/\/mountlaser.com\/vi\/wp-json\/wp\/v2\/product\/2814","targetHints":{"allow":["GET"]}}],"collection":[{"href":"https:\/\/mountlaser.com\/vi\/wp-json\/wp\/v2\/product"}],"about":[{"href":"https:\/\/mountlaser.com\/vi\/wp-json\/wp\/v2\/types\/product"}],"replies":[{"embeddable":true,"href":"https:\/\/mountlaser.com\/vi\/wp-json\/wp\/v2\/comments?post=2814"}],"wp:featuredmedia":[{"embeddable":true,"href":"https:\/\/mountlaser.com\/vi\/wp-json\/wp\/v2\/media\/2816"}],"wp:attachment":[{"href":"https:\/\/mountlaser.com\/vi\/wp-json\/wp\/v2\/media?parent=2814"}],"wp:term":[{"taxonomy":"product_brand","embeddable":true,"href":"https:\/\/mountlaser.com\/vi\/wp-json\/wp\/v2\/product_brand?post=2814"},{"taxonomy":"product_cat","embeddable":true,"href":"https:\/\/mountlaser.com\/vi\/wp-json\/wp\/v2\/product_cat?post=2814"},{"taxonomy":"product_tag","embeddable":true,"href":"https:\/\/mountlaser.com\/vi\/wp-json\/wp\/v2\/product_tag?post=2814"}],"curies":[{"name":"trang web","href":"https:\/\/api.w.org\/{rel}","templated":true}]}}