{"id":2805,"date":"2025-10-20T09:11:18","date_gmt":"2025-10-20T09:11:18","guid":{"rendered":"https:\/\/mountlaser.com\/?post_type=product&#038;p=2805"},"modified":"2025-11-28T05:47:56","modified_gmt":"2025-11-28T05:47:56","slug":"gpr112-corner-cube-prism-with-canister","status":"publish","type":"product","link":"https:\/\/mountlaser.com\/vi\/san-pham\/gpr112-corner-cube-prism-with-canister\/","title":{"rendered":"Kh\u1ed1i l\u0103ng tr\u1ee5 g\u00f3c GPR112 k\u00e8m h\u1ed9p \u0111\u1ef1ng"},"content":{"rendered":"<p>C\u00e1i <a href=\"https:\/\/mountlaser.com\/vi\/products\/\"><strong>Kh\u1ed1i l\u0103ng tr\u1ee5 g\u00f3c GPR112 k\u00e8m h\u1ed9p \u0111\u1ef1ng<\/strong> <\/a>S\u1ea3n ph\u1ea9m c\u1ee7a Mountlaser \u0111\u1ea1i di\u1ec7n cho \u0111\u1ec9nh cao v\u1ec1 \u0111\u1ed9 ch\u00ednh x\u00e1c v\u00e0 \u0111\u1ed9 b\u1ec1n cho c\u00e1c \u1ee9ng d\u1ee5ng kh\u1ea3o s\u00e1t \u0111\u00f2i h\u1ecfi cao. Thi\u1ebft b\u1ecb cao c\u1ea5p n\u00e0y \u0111\u01b0\u1ee3c thi\u1ebft k\u1ebf d\u1ef1a tr\u00ean m\u1ed9t l\u0103ng k\u00ednh Th\u1ee5y S\u0129 l\u1edbn, si\u00eau ch\u00ednh x\u00e1c (\u00d862.0mm), n\u1ed5i ti\u1ebfng v\u1edbi kh\u1ea3 n\u0103ng gi\u1ea3m thi\u1ec3u sai s\u1ed1 s\u00f3ng v\u00e0 hi\u1ec7u su\u1ea5t \u0111o t\u1ea7m xa v\u01b0\u1ee3t tr\u1ed9i. \u0110\u01b0\u1ee3c \u0111\u1eb7t trong m\u1ed9t v\u1ecf kim lo\u1ea1i ch\u1eafc ch\u1eafn, b\u1ea3o v\u1ec7 t\u1ed1t, to\u00e0n b\u1ed9 c\u1ee5m thi\u1ebft b\u1ecb n\u00e0y t\u1ea1o n\u00ean m\u1ed9t trong nh\u1eefng b\u1ed9 ph\u1ea3n x\u1ea1 g\u00f3c vu\u00f4ng \u0111\u00e1ng tin c\u1eady nh\u1ea5t hi\u1ec7n c\u00f3 tr\u00ean th\u1ecb tr\u01b0\u1eddng.<\/p>\n<p>GPR112 \u0111\u01b0\u1ee3c thi\u1ebft k\u1ebf nh\u01b0 m\u1ed9t thi\u1ebft b\u1ecb \u0111o tr\u1ef1c ti\u1ebfp, <a href=\"https:\/\/mountlaser.com\/vi\/\"><strong>L\u0103ng k\u00ednh thay th\u1ebf hi\u1ec7u su\u1ea5t cao<\/strong><\/a> D\u00e0nh cho c\u00e1c m\u1ea1ng \u0111i\u1ec1u khi\u1ec3n \u0111\u00f2i h\u1ecfi kh\u1eaft khe v\u00e0 gi\u00e1m s\u00e1t bi\u1ebfn d\u1ea1ng.<\/p>\n<p><img fetchpriority=\"high\" decoding=\"async\" class=\"aligncenter wp-image-2808\" src=\"https:\/\/mountlaser.com\/wp-content\/uploads\/2025\/10\/GPR112-5.webp\" alt=\"Corner Cube Retroreflectors \" width=\"500\" height=\"500\" srcset=\"https:\/\/mountlaser.com\/wp-content\/uploads\/2025\/10\/GPR112-5.webp 1000w, https:\/\/mountlaser.com\/wp-content\/uploads\/2025\/10\/GPR112-5-300x300.webp 300w, https:\/\/mountlaser.com\/wp-content\/uploads\/2025\/10\/GPR112-5-400x400.webp 400w, https:\/\/mountlaser.com\/wp-content\/uploads\/2025\/10\/GPR112-5-800x800.webp 800w, https:\/\/mountlaser.com\/wp-content\/uploads\/2025\/10\/GPR112-5-600x600.webp 600w, https:\/\/mountlaser.com\/wp-content\/uploads\/2025\/10\/GPR112-5-150x150.webp 150w, https:\/\/mountlaser.com\/wp-content\/uploads\/2025\/10\/GPR112-5-768x768.webp 768w, https:\/\/mountlaser.com\/wp-content\/uploads\/2025\/10\/GPR112-5-12x12.webp 12w\" sizes=\"(max-width: 500px) 100vw, 500px\" \/><\/p>\n<p>B\u1eb1ng c\u00e1ch t\u00edch h\u1ee3p l\u0103ng k\u00ednh Th\u1ee5y S\u0129 cao c\u1ea5p n\u00e0y v\u00e0o m\u1ed9t v\u1ecf b\u1ecdc ch\u1eafc ch\u1eafn, Mountlaser mang \u0111\u1ebfn m\u1ed9t s\u1ea3n ph\u1ea9m ch\u1ea5t l\u01b0\u1ee3ng. <a href=\"https:\/\/mountlaser.com\/vi\/contact-us\/\"><strong>G\u01b0\u01a1ng ph\u1ea3n x\u1ea1 g\u00f3c h\u00ecnh l\u1eadp ph\u01b0\u01a1ng<\/strong><\/a> Gi\u1ea3i ph\u00e1p \u0111\u01b0\u1ee3c x\u00e2y d\u1ef1ng \u0111\u1ec3 \u0111\u1ea1t \u0111\u1ed9 ch\u00ednh x\u00e1c v\u00e0 \u0111\u1ed9 b\u1ec1n v\u01b0\u1ee3t tr\u1ed9i trong nh\u1eefng m\u00f4i tr\u01b0\u1eddng kh\u1eafc nghi\u1ec7t nh\u1ea5t.<\/p>","protected":false},"excerpt":{"rendered":"<ul>\n<li>S\u1ea3n ph\u1ea9m n\u00e0y \u0111\u00f3ng vai tr\u00f2 l\u00e0 l\u0103ng k\u00ednh thay th\u1ebf tr\u1ef1c ti\u1ebfp, c\u00f3 \u0111\u1ed9 ch\u00ednh x\u00e1c cao cho c\u00e1c h\u1ec7 th\u1ed1ng hi\u1ec7n c\u00f3, mang \u0111\u1ebfn l\u1ed9 tr\u00ecnh n\u00e2ng c\u1ea5p l\u00ean hi\u1ec7u su\u1ea5t v\u00e0 \u0111\u1ed9 tin c\u1eady v\u01b0\u1ee3t tr\u1ed9i.<\/li>\n<li>T\u00edch h\u1ee3p ren ti\u00eau chu\u1ea9n \u0111\u1ec3 k\u1ebft n\u1ed1i li\u1ec1n m\u1ea1ch v\u1edbi nhi\u1ec1u lo\u1ea1i c\u1ed9t \u0111o \u0111\u1ea1c, gi\u00e1 ba ch\u00e2n v\u00e0 b\u1ec7 \u0111\u1ee1 kh\u00e1c nhau.<\/li>\n<\/ul>","protected":false},"featured_media":2806,"comment_status":"open","ping_status":"closed","template":"","meta":[],"product_brand":[],"product_cat":[72,105],"product_tag":[],"class_list":{"0":"post-2805","1":"product","2":"type-product","3":"status-publish","4":"has-post-thumbnail","6":"product_cat-reflective-target-prism","7":"product_cat-corner-cube-prisms","9":"first","10":"instock","11":"shipping-taxable","12":"product-type-simple"},"_links":{"self":[{"href":"https:\/\/mountlaser.com\/vi\/wp-json\/wp\/v2\/product\/2805","targetHints":{"allow":["GET"]}}],"collection":[{"href":"https:\/\/mountlaser.com\/vi\/wp-json\/wp\/v2\/product"}],"about":[{"href":"https:\/\/mountlaser.com\/vi\/wp-json\/wp\/v2\/types\/product"}],"replies":[{"embeddable":true,"href":"https:\/\/mountlaser.com\/vi\/wp-json\/wp\/v2\/comments?post=2805"}],"wp:featuredmedia":[{"embeddable":true,"href":"https:\/\/mountlaser.com\/vi\/wp-json\/wp\/v2\/media\/2806"}],"wp:attachment":[{"href":"https:\/\/mountlaser.com\/vi\/wp-json\/wp\/v2\/media?parent=2805"}],"wp:term":[{"taxonomy":"product_brand","embeddable":true,"href":"https:\/\/mountlaser.com\/vi\/wp-json\/wp\/v2\/product_brand?post=2805"},{"taxonomy":"product_cat","embeddable":true,"href":"https:\/\/mountlaser.com\/vi\/wp-json\/wp\/v2\/product_cat?post=2805"},{"taxonomy":"product_tag","embeddable":true,"href":"https:\/\/mountlaser.com\/vi\/wp-json\/wp\/v2\/product_tag?post=2805"}],"curies":[{"name":"trang web","href":"https:\/\/api.w.org\/{rel}","templated":true}]}}