{"id":2798,"date":"2025-10-20T08:55:36","date_gmt":"2025-10-20T08:55:36","guid":{"rendered":"https:\/\/mountlaser.com\/?post_type=product&#038;p=2798"},"modified":"2025-11-28T05:49:37","modified_gmt":"2025-11-28T05:49:37","slug":"pa-b381-corner-cube-prism-with-canister","status":"publish","type":"product","link":"https:\/\/mountlaser.com\/vi\/san-pham\/pa-b381-corner-cube-prism-with-canister\/","title":{"rendered":"PA\/B381 Kh\u1ed1i l\u1eadp ph\u01b0\u01a1ng g\u00f3c h\u00ecnh l\u0103ng tr\u1ee5 k\u00e8m h\u1ed9p \u0111\u1ef1ng"},"content":{"rendered":"<p>Mountlaser gi\u1edbi thi\u1ec7u<a href=\"https:\/\/mountlaser.com\/vi\/about-us\/\"> <strong>PA381 Kh\u1ed1i l\u1eadp ph\u01b0\u01a1ng g\u00f3c h\u00ecnh l\u0103ng tr\u1ee5 k\u00e8m h\u1ed9p \u0111\u1ef1ng<\/strong><\/a> v\u00e0 kh\u1ed1i l\u0103ng tr\u1ee5 g\u00f3c PB381 k\u00e8m h\u1ed9p ch\u1ee9a, hai gi\u1ea3i ph\u00e1p m\u1ea1nh m\u1ebd \u0111\u01b0\u1ee3c thi\u1ebft k\u1ebf \u0111\u1ec3 mang l\u1ea1i hi\u1ec7u su\u1ea5t v\u01b0\u1ee3t tr\u1ed9i trong c\u00e1c \u0111i\u1ec1u ki\u1ec7n kh\u1eafc nghi\u1ec7t ngo\u00e0i hi\u1ec7n tr\u01b0\u1eddng.<\/p>\n<p>C\u1ea3 hai m\u1eabu \u0111\u1ec1u t\u00edch h\u1ee3p l\u0103ng k\u00ednh kh\u1ed1i l\u1eadp ph\u01b0\u01a1ng g\u00f3c c\u00f3 \u0111\u1ed9 ch\u00ednh x\u00e1c cao v\u00e0o v\u1ecf kim lo\u1ea1i b\u1ea3o v\u1ec7, gi\u00fap b\u1ea3o v\u1ec7 th\u00e0nh ph\u1ea7n quang h\u1ecdc quan tr\u1ecdng kh\u1ecfi va \u0111\u1eadp, b\u1ee5i b\u1ea9n v\u00e0 h\u01a1i \u1ea9m.<br \/>\n\u0102ng-ten PA381 Corner Cube Prism With Canister s\u1edf h\u1eefu l\u0103ng k\u00ednh TOP cao c\u1ea5p (\u00d838.1mm) cho c\u01b0\u1eddng \u0111\u1ed9 v\u00e0 ph\u1ea1m vi t\u00edn hi\u1ec7u t\u1ed1i \u0111a.<\/p>\n<p><img fetchpriority=\"high\" decoding=\"async\" class=\"aligncenter wp-image-2800\" src=\"https:\/\/mountlaser.com\/wp-content\/uploads\/2025\/10\/PA381-5.webp\" alt=\"Corner Cube Prism With Canister\" width=\"500\" height=\"500\" srcset=\"https:\/\/mountlaser.com\/wp-content\/uploads\/2025\/10\/PA381-5.webp 1000w, https:\/\/mountlaser.com\/wp-content\/uploads\/2025\/10\/PA381-5-300x300.webp 300w, https:\/\/mountlaser.com\/wp-content\/uploads\/2025\/10\/PA381-5-400x400.webp 400w, https:\/\/mountlaser.com\/wp-content\/uploads\/2025\/10\/PA381-5-800x800.webp 800w, https:\/\/mountlaser.com\/wp-content\/uploads\/2025\/10\/PA381-5-600x600.webp 600w, https:\/\/mountlaser.com\/wp-content\/uploads\/2025\/10\/PA381-5-150x150.webp 150w, https:\/\/mountlaser.com\/wp-content\/uploads\/2025\/10\/PA381-5-768x768.webp 768w, https:\/\/mountlaser.com\/wp-content\/uploads\/2025\/10\/PA381-5-12x12.webp 12w\" sizes=\"(max-width: 500px) 100vw, 500px\" \/><br \/>\nV\u1edbi l\u1ef1a ch\u1ecdn \u0111\u00e1ng tin c\u1eady v\u00e0 ti\u1ebft ki\u1ec7m chi ph\u00ed, h\u1ed9p \u0111\u1ef1ng h\u00ecnh l\u0103ng tr\u1ee5 g\u00f3c PB381 k\u00e8m b\u00ecnh ch\u1ee9a, s\u1eed d\u1ee5ng l\u0103ng tr\u1ee5 ch\u1ea5t l\u01b0\u1ee3ng cao ti\u00eau chu\u1ea9n (\u00d838.1mm), mang l\u1ea1i gi\u00e1 tr\u1ecb v\u01b0\u1ee3t tr\u1ed9i.<\/p>\n<p><img decoding=\"async\" class=\"aligncenter wp-image-2804\" src=\"https:\/\/mountlaser.com\/wp-content\/uploads\/2025\/10\/PB381-9.webp\" alt=\"\" width=\"500\" height=\"500\" srcset=\"https:\/\/mountlaser.com\/wp-content\/uploads\/2025\/10\/PB381-9.webp 1000w, https:\/\/mountlaser.com\/wp-content\/uploads\/2025\/10\/PB381-9-300x300.webp 300w, https:\/\/mountlaser.com\/wp-content\/uploads\/2025\/10\/PB381-9-400x400.webp 400w, https:\/\/mountlaser.com\/wp-content\/uploads\/2025\/10\/PB381-9-800x800.webp 800w, https:\/\/mountlaser.com\/wp-content\/uploads\/2025\/10\/PB381-9-600x600.webp 600w, https:\/\/mountlaser.com\/wp-content\/uploads\/2025\/10\/PB381-9-150x150.webp 150w, https:\/\/mountlaser.com\/wp-content\/uploads\/2025\/10\/PB381-9-768x768.webp 768w, https:\/\/mountlaser.com\/wp-content\/uploads\/2025\/10\/PB381-9-12x12.webp 12w\" sizes=\"(max-width: 500px) 100vw, 500px\" \/><\/p>\n<p>L\u1ef1a ch\u1ecdn <a href=\"https:\/\/mountlaser.com\/vi\/contact-us\/\"><strong>Kh\u1ed1i l\u0103ng tr\u1ee5 g\u00f3c c\u00f3 h\u1ed9p \u0111\u1ef1ng<\/strong><\/a> D\u00f2ng s\u1ea3n ph\u1ea9m n\u00e0y \u0111\u1ea3m b\u1ea3o \u0111\u1ed9 b\u1ec1n v\u00e0 \u0111\u1ed9 \u1ed5n \u0111\u1ecbnh \u0111o l\u01b0\u1eddng l\u00e2u d\u00e0i cho nh\u1eefng d\u1ef1 \u00e1n kh\u00f3 kh\u0103n nh\u1ea5t c\u1ee7a b\u1ea1n.<\/p>","protected":false},"excerpt":{"rendered":"<ul>\n<li>C\u1ea3 hai m\u1eabu PA381 v\u00e0 PB381 \u0111\u1ec1u s\u1eed d\u1ee5ng kh\u1ed1i l\u1eadp ph\u01b0\u01a1ng g\u00f3c 38,1mm \u0111\u1ec3 ph\u1ea3n x\u1ea1 ng\u01b0\u1ee3c ch\u00ednh x\u00e1c, \u0111\u1ea3m b\u1ea3o \u0111o kho\u1ea3ng c\u00e1ch \u0111\u00e1ng tin c\u1eady v\u1edbi m\u00e1y to\u00e0n \u0111\u1ea1c.<\/li>\n<li>V\u1ecf thi\u1ebft b\u1ecb t\u00edch h\u1ee3p \u0111\u1ebf ren ti\u00eau chu\u1ea9n (v\u00ed d\u1ee5: 5\/8\u2033-11), cho ph\u00e9p l\u1eafp \u0111\u1eb7t nhanh ch\u00f3ng v\u00e0 ch\u1eafc ch\u1eafn tr\u00ean c\u1ed9t \u0111o \u0111\u1ea1c, gi\u00e1 ba ch\u00e2n v\u00e0 gi\u00e1 \u0111\u1ee1 t\u1eeb t\u00ednh.<\/li>\n<\/ul>","protected":false},"featured_media":2800,"comment_status":"open","ping_status":"closed","template":"","meta":[],"product_brand":[],"product_cat":[72,105],"product_tag":[],"class_list":{"0":"post-2798","1":"product","2":"type-product","3":"status-publish","4":"has-post-thumbnail","6":"product_cat-reflective-target-prism","7":"product_cat-corner-cube-prisms","9":"first","10":"instock","11":"shipping-taxable","12":"product-type-simple"},"_links":{"self":[{"href":"https:\/\/mountlaser.com\/vi\/wp-json\/wp\/v2\/product\/2798","targetHints":{"allow":["GET"]}}],"collection":[{"href":"https:\/\/mountlaser.com\/vi\/wp-json\/wp\/v2\/product"}],"about":[{"href":"https:\/\/mountlaser.com\/vi\/wp-json\/wp\/v2\/types\/product"}],"replies":[{"embeddable":true,"href":"https:\/\/mountlaser.com\/vi\/wp-json\/wp\/v2\/comments?post=2798"}],"wp:featuredmedia":[{"embeddable":true,"href":"https:\/\/mountlaser.com\/vi\/wp-json\/wp\/v2\/media\/2800"}],"wp:attachment":[{"href":"https:\/\/mountlaser.com\/vi\/wp-json\/wp\/v2\/media?parent=2798"}],"wp:term":[{"taxonomy":"product_brand","embeddable":true,"href":"https:\/\/mountlaser.com\/vi\/wp-json\/wp\/v2\/product_brand?post=2798"},{"taxonomy":"product_cat","embeddable":true,"href":"https:\/\/mountlaser.com\/vi\/wp-json\/wp\/v2\/product_cat?post=2798"},{"taxonomy":"product_tag","embeddable":true,"href":"https:\/\/mountlaser.com\/vi\/wp-json\/wp\/v2\/product_tag?post=2798"}],"curies":[{"name":"trang web","href":"https:\/\/api.w.org\/{rel}","templated":true}]}}