{"id":2788,"date":"2025-10-20T08:46:25","date_gmt":"2025-10-20T08:46:25","guid":{"rendered":"https:\/\/mountlaser.com\/?post_type=product&#038;p=2788"},"modified":"2025-11-28T06:00:43","modified_gmt":"2025-11-28T06:00:43","slug":"pa254-corner-cube-prism-with-canister","status":"publish","type":"product","link":"https:\/\/mountlaser.com\/vi\/san-pham\/pa254-corner-cube-prism-with-canister\/","title":{"rendered":"PA254 Kh\u1ed1i l\u1eadp ph\u01b0\u01a1ng g\u00f3c h\u00ecnh l\u0103ng tr\u1ee5 k\u00e8m h\u1ed9p \u0111\u1ef1ng"},"content":{"rendered":"<p>C\u00e1i <a href=\"https:\/\/mountlaser.com\/vi\/\"><strong>PA254 Kh\u1ed1i l\u1eadp ph\u01b0\u01a1ng g\u00f3c h\u00ecnh l\u0103ng tr\u1ee5 k\u00e8m h\u1ed9p \u0111\u1ef1ng<\/strong><\/a> \u0110\u00e2y l\u00e0 m\u1ed9t linh ki\u1ec7n quang h\u1ecdc ch\u00ednh x\u00e1c \u0111\u01b0\u1ee3c thi\u1ebft k\u1ebf cho c\u00e1c ph\u00e9p \u0111o laser \u0111\u00e1ng tin c\u1eady v\u00e0 c\u00e1c nhi\u1ec7m v\u1ee5 kh\u1ea3o s\u00e1t. \u0110\u01b0\u1ee3c l\u00e0m t\u1eeb l\u0103ng k\u00ednh ch\u1ea5t l\u01b0\u1ee3ng cao \u012d25,4mm, l\u0103ng k\u00ednh n\u00e0y mang l\u1ea1i \u0111\u1ed9 ph\u1ea3n x\u1ea1 v\u00e0 \u0111\u1ed9 ch\u00ednh x\u00e1c g\u00f3c v\u01b0\u1ee3t tr\u1ed9i.<\/p>\n<p><img fetchpriority=\"high\" decoding=\"async\" class=\"wp-image-2797 aligncenter\" src=\"https:\/\/mountlaser.com\/wp-content\/uploads\/2025\/10\/PA254-10.webp\" alt=\"PA254 Corner Cube Prism With Canister\" width=\"500\" height=\"500\" srcset=\"https:\/\/mountlaser.com\/wp-content\/uploads\/2025\/10\/PA254-10.webp 1000w, https:\/\/mountlaser.com\/wp-content\/uploads\/2025\/10\/PA254-10-300x300.webp 300w, https:\/\/mountlaser.com\/wp-content\/uploads\/2025\/10\/PA254-10-400x400.webp 400w, https:\/\/mountlaser.com\/wp-content\/uploads\/2025\/10\/PA254-10-800x800.webp 800w, https:\/\/mountlaser.com\/wp-content\/uploads\/2025\/10\/PA254-10-600x600.webp 600w, https:\/\/mountlaser.com\/wp-content\/uploads\/2025\/10\/PA254-10-150x150.webp 150w, https:\/\/mountlaser.com\/wp-content\/uploads\/2025\/10\/PA254-10-768x768.webp 768w, https:\/\/mountlaser.com\/wp-content\/uploads\/2025\/10\/PA254-10-12x12.webp 12w\" sizes=\"(max-width: 500px) 100vw, 500px\" \/><\/p>\n<p>C\u00e1i <a href=\"https:\/\/mountlaser.com\/vi\/products\/\"><strong>Kh\u1ed1i l\u0103ng tr\u1ee5 g\u00f3c PA254<\/strong><\/a> V\u1edbi thi\u1ebft k\u1ebf d\u1ea1ng h\u1ed9p, PA254 mang l\u1ea1i hi\u1ec7u su\u1ea5t \u1ed5n \u0111\u1ecbnh trong c\u1ea3 m\u00f4i tr\u01b0\u1eddng trong nh\u00e0 v\u00e0 ngo\u00e0i tr\u1eddi, l\u00fd t\u01b0\u1edfng cho vi\u1ec7c c\u0103n ch\u1ec9nh, \u0111o kho\u1ea3ng c\u00e1ch v\u00e0 c\u00e1c th\u00ed nghi\u1ec7m quang h\u1ecdc. Thi\u1ebft k\u1ebf h\u1ed9p b\u1ec1n ch\u1eafc gi\u00fap PA254 d\u1ec5 d\u00e0ng thao t\u00e1c v\u00e0 b\u1ea3o v\u1ec7 l\u00e2u d\u00e0i cho c\u00e1c \u1ee9ng d\u1ee5ng \u0111\u00f2i h\u1ecfi \u0111\u1ed9 ch\u00ednh x\u00e1c cao.<\/p>","protected":false},"excerpt":{"rendered":"<ul>\n<li>Ph\u1ea3n x\u1ea1 ch\u00f9m tia laser tr\u1edf l\u1ea1i ngu\u1ed3n ph\u00e1t v\u1edbi \u0111\u1ed9 ch\u00ednh x\u00e1c cao.<\/li>\n<li>Th\u00edch h\u1ee3p cho vi\u1ec7c \u0111o kho\u1ea3ng c\u00e1ch v\u00e0 g\u00f3c ch\u00ednh x\u00e1c.<\/li>\n<li>Thi\u1ebft k\u1ebf nh\u1ecf g\u1ecdn v\u1edbi h\u1ed9p b\u1ea3o v\u1ec7 gi\u00fap d\u1ec5 d\u00e0ng v\u1eadn chuy\u1ec3n.<\/li>\n<\/ul>","protected":false},"featured_media":2795,"comment_status":"open","ping_status":"closed","template":"","meta":[],"product_brand":[],"product_cat":[72,105],"product_tag":[],"class_list":{"0":"post-2788","1":"product","2":"type-product","3":"status-publish","4":"has-post-thumbnail","6":"product_cat-reflective-target-prism","7":"product_cat-corner-cube-prisms","9":"first","10":"instock","11":"shipping-taxable","12":"product-type-simple"},"_links":{"self":[{"href":"https:\/\/mountlaser.com\/vi\/wp-json\/wp\/v2\/product\/2788","targetHints":{"allow":["GET"]}}],"collection":[{"href":"https:\/\/mountlaser.com\/vi\/wp-json\/wp\/v2\/product"}],"about":[{"href":"https:\/\/mountlaser.com\/vi\/wp-json\/wp\/v2\/types\/product"}],"replies":[{"embeddable":true,"href":"https:\/\/mountlaser.com\/vi\/wp-json\/wp\/v2\/comments?post=2788"}],"wp:featuredmedia":[{"embeddable":true,"href":"https:\/\/mountlaser.com\/vi\/wp-json\/wp\/v2\/media\/2795"}],"wp:attachment":[{"href":"https:\/\/mountlaser.com\/vi\/wp-json\/wp\/v2\/media?parent=2788"}],"wp:term":[{"taxonomy":"product_brand","embeddable":true,"href":"https:\/\/mountlaser.com\/vi\/wp-json\/wp\/v2\/product_brand?post=2788"},{"taxonomy":"product_cat","embeddable":true,"href":"https:\/\/mountlaser.com\/vi\/wp-json\/wp\/v2\/product_cat?post=2788"},{"taxonomy":"product_tag","embeddable":true,"href":"https:\/\/mountlaser.com\/vi\/wp-json\/wp\/v2\/product_tag?post=2788"}],"curies":[{"name":"trang web","href":"https:\/\/api.w.org\/{rel}","templated":true}]}}