{"id":2780,"date":"2025-10-20T08:34:57","date_gmt":"2025-10-20T08:34:57","guid":{"rendered":"https:\/\/mountlaser.com\/?post_type=product&#038;p=2780"},"modified":"2025-11-28T06:02:12","modified_gmt":"2025-11-28T06:02:12","slug":"g640t-corner-cube-prism","status":"publish","type":"product","link":"https:\/\/mountlaser.com\/vi\/san-pham\/g640t-corner-cube-prism\/","title":{"rendered":"Kh\u1ed1i l\u1eadp ph\u01b0\u01a1ng g\u00f3c G640T"},"content":{"rendered":"<p>C\u00e1i <a href=\"https:\/\/mountlaser.com\/vi\/\"><strong>Kh\u1ed1i l\u1eadp ph\u01b0\u01a1ng g\u00f3c G640T<\/strong><\/a> \u0110\u00e2y l\u00e0 m\u1ed9t thi\u1ebft b\u1ecb quang h\u1ecdc hi\u1ec7u su\u1ea5t cao \u0111\u01b0\u1ee3c ch\u1ebf t\u1ea1o t\u1eeb th\u1ee7y tinh l\u0103ng k\u00ednh ch\u1ea5t l\u01b0\u1ee3ng cao \u00ad64mm. \u0110\u01b0\u1ee3c thi\u1ebft k\u1ebf \u0111\u1ec3 \u0111\u1ea1t \u0111\u1ed9 ch\u00ednh x\u00e1c v\u00e0 \u0111\u1ed9 b\u1ec1n cao, l\u0103ng k\u00ednh n\u00e0y l\u00fd t\u01b0\u1edfng cho nhi\u1ec1u \u1ee9ng d\u1ee5ng \u0111o l\u01b0\u1eddng v\u00e0 c\u0103n ch\u1ec9nh, bao g\u1ed3m qu\u00e9t laser, kh\u1ea3o s\u00e1t v\u00e0 ki\u1ec3m tra quang h\u1ecdc.<\/p>\n<p><img fetchpriority=\"high\" decoding=\"async\" class=\"aligncenter wp-image-2785\" src=\"https:\/\/mountlaser.com\/wp-content\/uploads\/2025\/10\/G640T-7.webp\" alt=\"G640T Corner Cube Prism\" width=\"500\" height=\"500\" srcset=\"https:\/\/mountlaser.com\/wp-content\/uploads\/2025\/10\/G640T-7.webp 1000w, https:\/\/mountlaser.com\/wp-content\/uploads\/2025\/10\/G640T-7-300x300.webp 300w, https:\/\/mountlaser.com\/wp-content\/uploads\/2025\/10\/G640T-7-400x400.webp 400w, https:\/\/mountlaser.com\/wp-content\/uploads\/2025\/10\/G640T-7-800x800.webp 800w, https:\/\/mountlaser.com\/wp-content\/uploads\/2025\/10\/G640T-7-600x600.webp 600w, https:\/\/mountlaser.com\/wp-content\/uploads\/2025\/10\/G640T-7-150x150.webp 150w, https:\/\/mountlaser.com\/wp-content\/uploads\/2025\/10\/G640T-7-768x768.webp 768w, https:\/\/mountlaser.com\/wp-content\/uploads\/2025\/10\/G640T-7-12x12.webp 12w\" sizes=\"(max-width: 500px) 100vw, 500px\" \/><br \/>\nC\u00e1i<a href=\"https:\/\/mountlaser.com\/vi\/products\/\"> <strong>Kh\u1ed1i l\u1eadp ph\u01b0\u01a1ng g\u00f3c G640T<\/strong><\/a> M\u00e1y ph\u1ea3n x\u1ea1 n\u00e0y ph\u1ea3n chi\u1ebfu c\u00e1c ch\u00f9m tia s\u00e1ng tr\u1edf l\u1ea1i ngu\u1ed3n v\u1edbi \u0111\u1ed9 l\u1ec7ch g\u00f3c t\u1ed1i thi\u1ec3u, l\u00fd t\u01b0\u1edfng cho c\u00e1c t\u00e1c v\u1ee5 \u0111\u00f2i h\u1ecfi \u0111\u1ed9 ch\u00ednh x\u00e1c cao. D\u00f9 b\u1ea1n \u0111ang \u1edf trong ph\u00f2ng th\u00ed nghi\u1ec7m hay ngo\u00e0i hi\u1ec7n tr\u01b0\u1eddng, G640T lu\u00f4n \u0111\u1ea3m b\u1ea3o k\u1ebft qu\u1ea3 \u0111\u00e1ng tin c\u1eady.<\/p>\n<p>&nbsp;<\/p>","protected":false},"excerpt":{"rendered":"<ul>\n<li>C\u1ea7n thi\u1ebft cho vi\u1ec7c \u0111o g\u00f3c v\u00e0 kho\u1ea3ng c\u00e1ch ch\u00ednh x\u00e1c.<\/li>\n<li>T\u01b0\u01a1ng th\u00edch cao v\u1edbi nhi\u1ec1u lo\u1ea1i d\u1ee5ng c\u1ee5 kh\u1ea3o s\u00e1t v\u00e0 \u0111o l\u01b0\u1eddng kh\u00e1c nhau.<\/li>\n<li>\u0110\u01b0\u1ee3c ch\u1ebf t\u1ea1o \u0111\u1ec3 ch\u1ecbu \u0111\u01b0\u1ee3c c\u00e1c \u0111i\u1ec1u ki\u1ec7n m\u00f4i tr\u01b0\u1eddng kh\u1eafc nghi\u1ec7t trong th\u1eddi gian d\u00e0i s\u1eed d\u1ee5ng.<\/li>\n<\/ul>","protected":false},"featured_media":2783,"comment_status":"open","ping_status":"closed","template":"","meta":[],"product_brand":[],"product_cat":[72,105],"product_tag":[],"class_list":{"0":"post-2780","1":"product","2":"type-product","3":"status-publish","4":"has-post-thumbnail","6":"product_cat-reflective-target-prism","7":"product_cat-corner-cube-prisms","9":"first","10":"instock","11":"shipping-taxable","12":"product-type-simple"},"_links":{"self":[{"href":"https:\/\/mountlaser.com\/vi\/wp-json\/wp\/v2\/product\/2780","targetHints":{"allow":["GET"]}}],"collection":[{"href":"https:\/\/mountlaser.com\/vi\/wp-json\/wp\/v2\/product"}],"about":[{"href":"https:\/\/mountlaser.com\/vi\/wp-json\/wp\/v2\/types\/product"}],"replies":[{"embeddable":true,"href":"https:\/\/mountlaser.com\/vi\/wp-json\/wp\/v2\/comments?post=2780"}],"wp:featuredmedia":[{"embeddable":true,"href":"https:\/\/mountlaser.com\/vi\/wp-json\/wp\/v2\/media\/2783"}],"wp:attachment":[{"href":"https:\/\/mountlaser.com\/vi\/wp-json\/wp\/v2\/media?parent=2780"}],"wp:term":[{"taxonomy":"product_brand","embeddable":true,"href":"https:\/\/mountlaser.com\/vi\/wp-json\/wp\/v2\/product_brand?post=2780"},{"taxonomy":"product_cat","embeddable":true,"href":"https:\/\/mountlaser.com\/vi\/wp-json\/wp\/v2\/product_cat?post=2780"},{"taxonomy":"product_tag","embeddable":true,"href":"https:\/\/mountlaser.com\/vi\/wp-json\/wp\/v2\/product_tag?post=2780"}],"curies":[{"name":"trang web","href":"https:\/\/api.w.org\/{rel}","templated":true}]}}