{"id":2773,"date":"2025-10-20T08:17:02","date_gmt":"2025-10-20T08:17:02","guid":{"rendered":"https:\/\/mountlaser.com\/?post_type=product&#038;p=2773"},"modified":"2025-11-28T06:04:23","modified_gmt":"2025-11-28T06:04:23","slug":"g640l-corner-cube-prism","status":"publish","type":"product","link":"https:\/\/mountlaser.com\/vi\/san-pham\/g640l-corner-cube-prism\/","title":{"rendered":"Kh\u1ed1i l\u1eadp ph\u01b0\u01a1ng g\u00f3c G640L"},"content":{"rendered":"<p>C\u00e1i <a href=\"https:\/\/mountlaser.com\/vi\/\"><strong>Kh\u1ed1i l\u1eadp ph\u01b0\u01a1ng g\u00f3c G640L<\/strong><\/a> \u0110\u00e2y l\u00e0 m\u1ed9t linh ki\u1ec7n quang h\u1ecdc c\u00f3 \u0111\u1ed9 ch\u00ednh x\u00e1c cao, \u0111\u01b0\u1ee3c thi\u1ebft k\u1ebf cho c\u00e1c nhi\u1ec7m v\u1ee5 \u0111o l\u01b0\u1eddng v\u00e0 c\u0103n ch\u1ec9nh ch\u00ednh x\u00e1c.<br \/>\n\u0110\u01b0\u1ee3c ch\u1ebf t\u1ea1o t\u1eeb k\u00ednh l\u0103ng k\u00ednh cao c\u1ea5p \u012d64mm, l\u0103ng k\u00ednh h\u00ecnh l\u1eadp ph\u01b0\u01a1ng g\u00f3c G640L \u0111\u1ea3m b\u1ea3o \u0111\u1ed9 ph\u1ea3n x\u1ea1 v\u00e0 \u0111\u1ed9 ch\u00ednh x\u00e1c g\u00f3c v\u01b0\u1ee3t tr\u1ed9i, l\u00fd t\u01b0\u1edfng cho vi\u1ec7c kh\u1ea3o s\u00e1t, c\u0103n ch\u1ec9nh laser v\u00e0 c\u00e1c \u1ee9ng d\u1ee5ng ch\u00ednh x\u00e1c kh\u00e1c.<\/p>\n<p>&nbsp;<\/p>\n<p><img fetchpriority=\"high\" decoding=\"async\" class=\"aligncenter wp-image-2775\" src=\"https:\/\/mountlaser.com\/wp-content\/uploads\/2025\/10\/G640L-2.webp\" alt=\"G640L Corner Cube Prism \" width=\"500\" height=\"500\" srcset=\"https:\/\/mountlaser.com\/wp-content\/uploads\/2025\/10\/G640L-2.webp 1000w, https:\/\/mountlaser.com\/wp-content\/uploads\/2025\/10\/G640L-2-300x300.webp 300w, https:\/\/mountlaser.com\/wp-content\/uploads\/2025\/10\/G640L-2-400x400.webp 400w, https:\/\/mountlaser.com\/wp-content\/uploads\/2025\/10\/G640L-2-800x800.webp 800w, https:\/\/mountlaser.com\/wp-content\/uploads\/2025\/10\/G640L-2-600x600.webp 600w, https:\/\/mountlaser.com\/wp-content\/uploads\/2025\/10\/G640L-2-150x150.webp 150w, https:\/\/mountlaser.com\/wp-content\/uploads\/2025\/10\/G640L-2-768x768.webp 768w, https:\/\/mountlaser.com\/wp-content\/uploads\/2025\/10\/G640L-2-12x12.webp 12w\" sizes=\"(max-width: 500px) 100vw, 500px\" \/><\/p>\n<p>V\u1edbi c\u1ea5u tr\u00fac ch\u1eafc ch\u1eafn v\u00e0 hi\u1ec7u su\u1ea5t quang h\u1ecdc v\u01b0\u1ee3t tr\u1ed9i, <a href=\"https:\/\/mountlaser.com\/vi\/products\/\"><strong>Kh\u1ed1i l\u1eadp ph\u01b0\u01a1ng g\u00f3c G640L<\/strong><\/a> Cung c\u1ea5p k\u1ebft qu\u1ea3 \u0111\u00e1ng tin c\u1eady trong c\u1ea3 m\u00f4i tr\u01b0\u1eddng ph\u00f2ng th\u00ed nghi\u1ec7m v\u00e0 th\u1ef1c \u0111\u1ecba.<\/p>","protected":false},"excerpt":{"rendered":"<ul>\n<li>H\u1ed7 tr\u1ee3 \u0111o kho\u1ea3ng c\u00e1ch v\u00e0 g\u00f3c ch\u00ednh x\u00e1c.<\/li>\n<li>T\u01b0\u01a1ng th\u00edch v\u1edbi nhi\u1ec1u lo\u1ea1i d\u1ee5ng c\u1ee5 kh\u1ea3o s\u00e1t v\u00e0 \u0111o l\u01b0\u1eddng.<\/li>\n<li>Thi\u1ebft k\u1ebf b\u1ec1n b\u1ec9 cho th\u1eddi gian s\u1eed d\u1ee5ng l\u00e2u d\u00e0i trong m\u00f4i tr\u01b0\u1eddng kh\u1eafc nghi\u1ec7t.<\/li>\n<\/ul>","protected":false},"featured_media":2778,"comment_status":"open","ping_status":"closed","template":"","meta":[],"product_brand":[],"product_cat":[72,105],"product_tag":[],"class_list":{"0":"post-2773","1":"product","2":"type-product","3":"status-publish","4":"has-post-thumbnail","6":"product_cat-reflective-target-prism","7":"product_cat-corner-cube-prisms","9":"first","10":"instock","11":"shipping-taxable","12":"product-type-simple"},"_links":{"self":[{"href":"https:\/\/mountlaser.com\/vi\/wp-json\/wp\/v2\/product\/2773","targetHints":{"allow":["GET"]}}],"collection":[{"href":"https:\/\/mountlaser.com\/vi\/wp-json\/wp\/v2\/product"}],"about":[{"href":"https:\/\/mountlaser.com\/vi\/wp-json\/wp\/v2\/types\/product"}],"replies":[{"embeddable":true,"href":"https:\/\/mountlaser.com\/vi\/wp-json\/wp\/v2\/comments?post=2773"}],"wp:featuredmedia":[{"embeddable":true,"href":"https:\/\/mountlaser.com\/vi\/wp-json\/wp\/v2\/media\/2778"}],"wp:attachment":[{"href":"https:\/\/mountlaser.com\/vi\/wp-json\/wp\/v2\/media?parent=2773"}],"wp:term":[{"taxonomy":"product_brand","embeddable":true,"href":"https:\/\/mountlaser.com\/vi\/wp-json\/wp\/v2\/product_brand?post=2773"},{"taxonomy":"product_cat","embeddable":true,"href":"https:\/\/mountlaser.com\/vi\/wp-json\/wp\/v2\/product_cat?post=2773"},{"taxonomy":"product_tag","embeddable":true,"href":"https:\/\/mountlaser.com\/vi\/wp-json\/wp\/v2\/product_tag?post=2773"}],"curies":[{"name":"trang web","href":"https:\/\/api.w.org\/{rel}","templated":true}]}}