{"id":2766,"date":"2025-10-20T08:05:36","date_gmt":"2025-10-20T08:05:36","guid":{"rendered":"https:\/\/mountlaser.com\/?post_type=product&#038;p=2766"},"modified":"2025-12-01T09:01:49","modified_gmt":"2025-12-01T09:01:49","slug":"g254-corner-cube-prism","status":"publish","type":"product","link":"https:\/\/mountlaser.com\/vi\/san-pham\/g254-corner-cube-prism\/","title":{"rendered":"L\u0103ng tr\u1ee5 g\u00f3c G254"},"content":{"rendered":"<p>C\u00e1i<a href=\"https:\/\/mountlaser.com\/vi\/\"><strong> L\u0103ng tr\u1ee5 g\u00f3c G254<\/strong><\/a> T\u1eeb Mountlaser, \u0111\u00e2y l\u00e0 m\u1ed9t linh ki\u1ec7n quang h\u1ecdc nh\u1ecf g\u1ecdn, \u0111\u1ed9 ch\u00ednh x\u00e1c cao, thi\u1ebft y\u1ebfu cho nhi\u1ec1u \u1ee9ng d\u1ee5ng kh\u1ea3o s\u00e1t v\u00e0 c\u0103n ch\u1ec9nh. L\u0103ng k\u00ednh ch\u1eafc ch\u1eafn n\u00e0y \u0111\u01b0\u1ee3c thi\u1ebft k\u1ebf v\u1edbi ba b\u1ec1 m\u1eb7t ph\u1ea3n x\u1ea1 vu\u00f4ng g\u00f3c v\u1edbi nhau, \u0111\u1ea3m b\u1ea3o ph\u1ea3n x\u1ea1 ng\u01b0\u1ee3c ho\u00e0n h\u1ea3o b\u1eb1ng c\u00e1ch g\u1eedi b\u1ea5t k\u1ef3 ch\u00f9m tia s\u00e1ng n\u00e0o tr\u1ef1c ti\u1ebfp tr\u1edf l\u1ea1i ngu\u1ed3n ph\u00e1t.<\/p>\n<p><img fetchpriority=\"high\" decoding=\"async\" class=\"aligncenter wp-image-2772\" src=\"https:\/\/mountlaser.com\/wp-content\/uploads\/2025\/10\/G254-9.webp\" alt=\"G254 Corner Cube Prism\" width=\"500\" height=\"500\" srcset=\"https:\/\/mountlaser.com\/wp-content\/uploads\/2025\/10\/G254-9.webp 1000w, https:\/\/mountlaser.com\/wp-content\/uploads\/2025\/10\/G254-9-300x300.webp 300w, https:\/\/mountlaser.com\/wp-content\/uploads\/2025\/10\/G254-9-400x400.webp 400w, https:\/\/mountlaser.com\/wp-content\/uploads\/2025\/10\/G254-9-800x800.webp 800w, https:\/\/mountlaser.com\/wp-content\/uploads\/2025\/10\/G254-9-600x600.webp 600w, https:\/\/mountlaser.com\/wp-content\/uploads\/2025\/10\/G254-9-150x150.webp 150w, https:\/\/mountlaser.com\/wp-content\/uploads\/2025\/10\/G254-9-768x768.webp 768w, https:\/\/mountlaser.com\/wp-content\/uploads\/2025\/10\/G254-9-12x12.webp 12w\" sizes=\"(max-width: 500px) 100vw, 500px\" \/><\/p>\n<p>\u0110\u01b0\u1ee3c s\u1ea3n xu\u1ea5t t\u1eeb k\u00ednh l\u0103ng tr\u1ee5 ch\u1ea5t l\u01b0\u1ee3ng cao v\u1edbi \u0111\u01b0\u1eddng k\u00ednh 25,4mm, G254 <a href=\"https:\/\/mountlaser.com\/vi\/danh-muc-san-pham\/reflective-target-prism\/\"><strong>L\u0103ng tr\u1ee5 kh\u1ed1i l\u1eadp ph\u01b0\u01a1ng g\u00f3c<\/strong><\/a> S\u1ea3n ph\u1ea9m n\u00e0y mang l\u1ea1i hi\u1ec7u su\u1ea5t v\u01b0\u1ee3t tr\u1ed9i cho c\u00e1c m\u00e1y to\u00e0n \u0111\u1ea1c v\u00e0 h\u1ec7 th\u1ed1ng \u0111o laser. K\u00edch th\u01b0\u1edbc nh\u1ecf g\u1ecdn c\u1ee7a n\u00f3 l\u00e0m cho n\u00f3 tr\u1edf th\u00e0nh l\u1ef1a ch\u1ecdn l\u00fd t\u01b0\u1edfng cho c\u00e1c d\u1ef1 \u00e1n y\u00eau c\u1ea7u t\u00ednh di \u0111\u1ed9ng v\u00e0 \u0111\u1ed9 ch\u00ednh x\u00e1c trong kh\u00f4ng gian h\u1ea1n h\u1eb9p, \u0111\u1ea3m b\u1ea3o thu th\u1eadp d\u1eef li\u1ec7u \u0111\u00e1ng tin c\u1eady trong t\u1ea5t c\u1ea3 c\u00e1c c\u00f4ng vi\u1ec7c chuy\u00ean nghi\u1ec7p c\u1ee7a b\u1ea1n.<\/p>","protected":false},"excerpt":{"rendered":"<ul>\n<li>Nh\u1ecf g\u1ecdn v\u00e0 d\u1ec5 mang theo: V\u1edbi \u0111\u01b0\u1eddng k\u00ednh th\u1ea5u k\u00ednh l\u0103ng k\u00ednh 25,4mm, l\u0103ng k\u00ednh n\u00e0y nh\u1eb9 v\u00e0 d\u1ec5 c\u1ea7m n\u1eafm, l\u00fd t\u01b0\u1edfng cho c\u00e1c ho\u1ea1t \u0111\u1ed9ng di \u0111\u1ed9ng v\u00e0 thi\u1ebft l\u1eadp trong kh\u00f4ng gian ch\u1eadt h\u1eb9p.<\/li>\n<li>Ch\u1ea5t l\u01b0\u1ee3ng ch\u1ebf t\u1ea1o b\u1ec1n b\u1ec9: \u0110\u01b0\u1ee3c ch\u1ebf t\u1ea1o t\u1eeb k\u00ednh quang h\u1ecdc cao c\u1ea5p, l\u0103ng k\u00ednh h\u00ecnh l\u1eadp ph\u01b0\u01a1ng g\u00f3c G254 \u0111\u01b0\u1ee3c thi\u1ebft k\u1ebf \u0111\u1ec3 ch\u1ecbu \u0111\u01b0\u1ee3c nh\u1eefng \u0111i\u1ec1u ki\u1ec7n kh\u1eafc nghi\u1ec7t khi s\u1eed d\u1ee5ng ngo\u00e0i tr\u1eddi.<\/li>\n<\/ul>","protected":false},"featured_media":2767,"comment_status":"open","ping_status":"closed","template":"","meta":[],"product_brand":[],"product_cat":[72,105],"product_tag":[],"class_list":{"0":"post-2766","1":"product","2":"type-product","3":"status-publish","4":"has-post-thumbnail","6":"product_cat-reflective-target-prism","7":"product_cat-corner-cube-prisms","9":"first","10":"instock","11":"shipping-taxable","12":"product-type-simple"},"_links":{"self":[{"href":"https:\/\/mountlaser.com\/vi\/wp-json\/wp\/v2\/product\/2766","targetHints":{"allow":["GET"]}}],"collection":[{"href":"https:\/\/mountlaser.com\/vi\/wp-json\/wp\/v2\/product"}],"about":[{"href":"https:\/\/mountlaser.com\/vi\/wp-json\/wp\/v2\/types\/product"}],"replies":[{"embeddable":true,"href":"https:\/\/mountlaser.com\/vi\/wp-json\/wp\/v2\/comments?post=2766"}],"wp:featuredmedia":[{"embeddable":true,"href":"https:\/\/mountlaser.com\/vi\/wp-json\/wp\/v2\/media\/2767"}],"wp:attachment":[{"href":"https:\/\/mountlaser.com\/vi\/wp-json\/wp\/v2\/media?parent=2766"}],"wp:term":[{"taxonomy":"product_brand","embeddable":true,"href":"https:\/\/mountlaser.com\/vi\/wp-json\/wp\/v2\/product_brand?post=2766"},{"taxonomy":"product_cat","embeddable":true,"href":"https:\/\/mountlaser.com\/vi\/wp-json\/wp\/v2\/product_cat?post=2766"},{"taxonomy":"product_tag","embeddable":true,"href":"https:\/\/mountlaser.com\/vi\/wp-json\/wp\/v2\/product_tag?post=2766"}],"curies":[{"name":"trang web","href":"https:\/\/api.w.org\/{rel}","templated":true}]}}